{"id":34,"date":"2022-02-20T22:56:06","date_gmt":"2022-02-20T08:56:06","guid":{"rendered":"https:\/\/0-zz.com\/01\/?page_id=34"},"modified":"2022-04-29T04:08:39","modified_gmt":"2022-04-28T14:08:39","slug":"6-2","status":"publish","type":"page","link":"https:\/\/0-zz.com\/01\/6-2\/","title":{"rendered":"6"},"content":{"rendered":"\n<h2 class=\"wp-block-heading\" id=\"6-01-6-016\">6 &#8211; 01\/6 &#8211; 016<\/h2>\n\n\n\n<figure class=\"wp-block-embed is-type-video is-provider-youtube wp-block-embed-youtube wp-embed-aspect-16-9 wp-has-aspect-ratio\"><div class=\"wp-block-embed__wrapper\">\n<iframe loading=\"lazy\" title=\"sanah - No sory\" width=\"580\" height=\"326\" src=\"https:\/\/www.youtube.com\/embed\/43Gs5Jvfx4w?feature=oembed\" frameborder=\"0\" allow=\"accelerometer; autoplay; clipboard-write; encrypted-media; gyroscope; picture-in-picture; web-share\" referrerpolicy=\"strict-origin-when-cross-origin\" allowfullscreen><\/iframe>\n<\/div><\/figure>\n\n\n\n<h2 class=\"wp-block-heading\" id=\"sanah-no-sory\">sanah &#8211; No sory<\/h2>\n\n\n\n<p>40M views&nbsp;\u00b7&nbsp;1 year ago<\/p>\n\n\n\n<h2 class=\"wp-block-heading\" id=\"sanah\">sanah<\/h2>\n\n\n\n<p>SUBSCRIBED 1.06M subscribers<\/p>\n\n\n\n<p><a href=\"https:\/\/m.youtube.com\/channel\/UCqTRe9EIv0apJgPqkng-Gtw\">https:\/\/m.youtube.com\/channel\/UCqTRe9EIv0apJgPqkng-Gtw<\/a><\/p>\n\n\n\n<p>By\u0142 taki czas, \u017ce zabola\u0142o raz<br>Ty znikn\u0105\u0142e\u015b, gdy si\u0119 sta\u0142o jasno<br>S\u0142ucha\u0142am \u0142ez, nie obesz\u0142o si\u0119 bez<br>Czu\u0142am jak dooko\u0142a gwiazdy gasn\u0105<br>M\u00f3wi\u0142e\u015b mi do ko\u0144ca moich dni<br>B\u0119d\u0105 wci\u0105\u017c unosi\u0107 si\u0119 amory<br>Pi\u0119\u015bci\u0105 o st\u00f3\u0142 nie mog\u0142am d\u0142u\u017cej ju\u017c<br>Musia\u0142am sobie p\u00f3j\u015b\u0107, no sory<\/p>\n\n\n\n<p>Niby ok<br>Powinno by\u0107 mi l\u017cej<br>Gdy tu wsz\u0119dzie tylko przyjaciele<br>By z\u0142apa\u0107 tlen uciekam sobie hen<br>Gdzie w szampanie ci\u0105gle s\u0105 k\u0105piele<br>Troch\u0119 mi wstyd na ka\u017cd\u0105 ma\u0142\u0105 my\u015bl<br>Gdy wspominam smutne te wieczory<br>Nie mam gdzie i\u015b\u0107, nie dzia\u0142a na mnie nic<br>Tak ju\u017c musi by\u0107<br>No sory<\/p>\n\n\n\n<p>I wo\u0142aj\u0105 mnie<br>I wo\u0142aj\u0105 mnie<br>Te wspomnienia w moje g\u0142owie nie przestaj\u0105 ta\u0144czy\u0107<br>I wo\u0142aj\u0105 mnie<br>I wo\u0142aj\u0105 mnie<br>M\u00f3wi\u0105, \u017ce ja nigdy nigdy nic nie b\u0119d\u0119 znaczy\u0107<br>nigdy nic nie b\u0119d\u0119 znaczy\u0107<\/p>\n\n\n\n<p>I wo\u0142aj\u0105 mnie<br>I wo\u0142aj\u0105 mnie<br>Te wspomnienia w moje g\u0142owie nie przestaj\u0105 ta\u0144czy\u0107<br>I wo\u0142aj\u0105 mnie<br>I wo\u0142aj\u0105 mnie<br>M\u00f3wi\u0105, \u017ce ja nigdy nigdy nic nie b\u0119d\u0119 znaczy\u0107<\/p>\n\n\n\n<p>I wo\u0142aj\u0105 mnie<br>I wo\u0142aj\u0105 mnie<br>Te wspomnienia w moje g\u0142owie nie przestaj\u0105 ta\u0144czy\u0107<br>I wo\u0142aj\u0105 mnie<br>I wo\u0142aj\u0105 mnie<br>M\u00f3wi\u0105, \u017ce ja nigdy nigdy nic nie b\u0119d\u0119 znaczy\u0107<\/p>\n\n\n\n<p>czuje &#8230; ja czuje &#8230; czuje<br>nigdy nic nie b\u0119d\u0119 znaczy\u0107<br>czuje &#8230; czuje &#8230; czuje<br>nigdy nic nie b\u0119d\u0119 znaczy\u0107<br>ja czuje&#8230; czuje &#8230; czuje &#8230; czuje &#8230;<br>ja czuje&#8230; czuje &#8230; czuje &#8230; czuje &#8230;<br>nigdy nic nie b\u0119d\u0119 znaczy\u0107<br>ja czuje .. czuje &#8230; czuje..<\/p>\n\n\n\n<figure class=\"wp-block-table\"><table><tbody><tr><th>Autor tekstu:<\/th><td>sanah, Jakub Gali\u0144ski<\/td><\/tr><tr><th>Kompozytor:<\/th><td>sanah, Jakub Gali\u0144ski<\/td><\/tr><\/tbody><\/table><\/figure>\n\n\n\n<p><a href=\"https:\/\/www.tekstowo.pl\/piosenka,sanah,no_sory.html\">https:\/\/www.tekstowo.pl\/piosenka,sanah,no_sory.html<\/a><\/p>\n\n\n\n<hr class=\"wp-block-separator\"\/>\n\n\n\n<h4 class=\"wp-block-heading\">0-zz.com\/0 &#8211; 0-zz.com\/z :<\/h4>\n\n\n\n<p><small><strong><a href=\"http:\/\/0-zz.com\/0\">1\ufe0f\u20e31\ufe0f\u20e3-0<\/a> |<a href=\"http:\/\/0-zz.com\/1\">1\ufe0f\u20e32\ufe0f\u20e3-1<\/a> |<a href=\"http:\/\/0-zz.com\/2\">1\ufe0f\u20e33\ufe0f\u20e3-2<\/a> |<a href=\"http:\/\/0-zz.com\/3\">1\ufe0f\u20e34\ufe0f\u20e3-3<\/a> |<a href=\"http:\/\/0-zz.com\/4\">1\ufe0f\u20e35\ufe0f\u20e3-4<\/a> |<a href=\"http:\/\/0-zz.com\/5\">1\ufe0f\u20e36\ufe0f\u20e3-5<\/a> <\/strong><\/small><br><small> <strong><a href=\"http:\/\/0-zz.com\/6\">2\ufe0f\u20e31\ufe0f\u20e3-6<\/a> |<a href=\"http:\/\/0-zz.com\/7\">2\ufe0f\u20e32\ufe0f\u20e3-7<\/a> |<a href=\"http:\/\/0-zz.com\/8\">2\ufe0f\u20e33\ufe0f\u20e3-8<\/a> |<a href=\"http:\/\/0-zz.com\/9\">2\ufe0f\u20e34\ufe0f\u20e3-9<\/a> |<a href=\"http:\/\/0-zz.com\/a\">2\ufe0f\u20e35\ufe0f\u20e3-A<\/a> |<a href=\"http:\/\/0-zz.com\/b\">2\ufe0f\u20e36\ufe0f\u20e3-B<\/a><\/strong><\/small><br><small> <strong><a href=\"http:\/\/0-zz.com\/c\">3\ufe0f\u20e31\ufe0f\u20e3-C<\/a> |<a href=\"http:\/\/0-zz.com\/d\">3\ufe0f\u20e32\ufe0f\u20e3-D<\/a> |<a href=\"http:\/\/0-zz.com\/e\">3\ufe0f\u20e33\ufe0f\u20e3-E<\/a> |<a href=\"http:\/\/0-zz.com\/f\">3\ufe0f\u20e34\ufe0f\u20e3-F<\/a> |<a href=\"http:\/\/0-zz.com\/g\">3\ufe0f\u20e35\ufe0f\u20e3-G<\/a> |<a href=\"http:\/\/0-zz.com\/h\">3\ufe0f\u20e36\ufe0f\u20e3-H<\/a><\/strong><\/small><br><small> <strong><a href=\"http:\/\/0-zz.com\/i\">4\ufe0f\u20e31\ufe0f\u20e3-I<\/a> |<a href=\"http:\/\/0-zz.com\/j\">4\ufe0f\u20e32\ufe0f\u20e3-J<\/a> |<a href=\"http:\/\/0-zz.com\/k\">4\ufe0f\u20e33\ufe0f\u20e3-K<\/a> |<a href=\"http:\/\/0-zz.com\/l\">4\ufe0f\u20e34\ufe0f\u20e3-L<\/a> |<a href=\"http:\/\/0-zz.com\/m\">4\ufe0f\u20e35\ufe0f\u20e3-M<\/a> |<a href=\"http:\/\/0-zz.com\/n\">4\ufe0f\u20e36\ufe0f\u20e3-N<\/a><\/strong><\/small><br><small> <strong><a href=\"http:\/\/0-zz.com\/o\">5\ufe0f\u20e31\ufe0f\u20e3-O<\/a> |<a href=\"http:\/\/0-zz.com\/p\">5\ufe0f\u20e32\ufe0f\u20e3-P<\/a> |<a href=\"http:\/\/0-zz.com\/q\">5\ufe0f\u20e33\ufe0f\u20e3-Q<\/a> |<a href=\"http:\/\/0-zz.com\/r\">5\ufe0f\u20e34\ufe0f\u20e3-R<\/a> |<a href=\"http:\/\/0-zz.com\/s\">5\ufe0f\u20e35\ufe0f\u20e3-S<\/a> |<a href=\"http:\/\/0-zz.com\/t\">5\ufe0f\u20e36\ufe0f\u20e3-T<\/a><\/strong><\/small><br><small> <strong><a href=\"http:\/\/0-zz.com\/u\">6\ufe0f\u20e31\ufe0f\u20e3-U<\/a> |<a href=\"http:\/\/0-zz.com\/v\">6\ufe0f\u20e32\ufe0f\u20e3-V<\/a> |<a href=\"http:\/\/0-zz.com\/w\">6\ufe0f\u20e33\ufe0f\u20e3-W<\/a> |<a href=\"http:\/\/0-zz.com\/x\">6\ufe0f\u20e34\ufe0f\u20e3-X<\/a> |<a href=\"http:\/\/0-zz.com\/y\">6\ufe0f\u20e35\ufe0f\u20e3-Y<\/a> |<a href=\"http:\/\/0-zz.com\/z\">6\ufe0f\u20e36\ufe0f\u20e3-Z<\/a><\/strong><\/small><\/p>\n\n\n\n<p>Roll 2 dice ?? 1\ufe0f\u20e32\ufe0f\u20e33\ufe0f\u20e34\ufe0f\u20e35\ufe0f\u20e36\ufe0f\u20e3<\/p>\n\n\n\n<p><a href=\"https:\/\/www.random.org\/dice\/\">https:\/\/www.random.org\/dice\/<\/a><\/p>\n\n\n\n<p><a href=\"https:\/\/www.google.com\/search?q=dice+roller\">https:\/\/www.google.com\/search?q=dice+roller<\/a><\/p>\n\n\n\n<hr class=\"wp-block-separator\"\/>\n\n\n\n<p><a href=\"https:\/\/12r.pl\/ea\/\">12r.pl\/ea<\/a>&nbsp;-&gt;&nbsp;<a href=\"https:\/\/12r.uk\/ea\/\">12r.uk\/ea<\/a>&nbsp;-&gt;&nbsp;<a href=\"https:\/\/7hi7.com\/ea\/\">7hi7.com\/ea<\/a><\/p>\n\n\n\n<p>Wikipedia.org &#8211; Play game &#8211; portals, categories, states, cities, capital cities<\/p>\n","protected":false},"excerpt":{"rendered":"<p>6 &#8211; 01\/6 &#8211; 016 sanah &#8211; No sory 40M views&nbsp;\u00b7&nbsp;1 year ago sanah SUBSCRIBED 1.06M subscribers https:\/\/m.youtube.com\/channel\/UCqTRe9EIv0apJgPqkng-Gtw By\u0142 taki czas, \u017ce zabola\u0142o razTy znikn\u0105\u0142e\u015b, gdy si\u0119 sta\u0142o jasnoS\u0142ucha\u0142am \u0142ez, nie obesz\u0142o si\u0119 bezCzu\u0142am jak dooko\u0142a gwiazdy gasn\u0105M\u00f3wi\u0142e\u015b mi do ko\u0144ca moich dniB\u0119d\u0105 wci\u0105\u017c unosi\u0107 si\u0119 amoryPi\u0119\u015bci\u0105 o st\u00f3\u0142 nie mog\u0142am d\u0142u\u017cej ju\u017cMusia\u0142am sobie p\u00f3j\u015b\u0107, [&hellip;]<\/p>\n","protected":false},"author":1,"featured_media":0,"parent":0,"menu_order":0,"comment_status":"closed","ping_status":"closed","template":"","meta":{"footnotes":""},"class_list":["post-34","page","type-page","status-publish","hentry"],"_links":{"self":[{"href":"https:\/\/0-zz.com\/01\/wp-json\/wp\/v2\/pages\/34","targetHints":{"allow":["GET"]}}],"collection":[{"href":"https:\/\/0-zz.com\/01\/wp-json\/wp\/v2\/pages"}],"about":[{"href":"https:\/\/0-zz.com\/01\/wp-json\/wp\/v2\/types\/page"}],"author":[{"embeddable":true,"href":"https:\/\/0-zz.com\/01\/wp-json\/wp\/v2\/users\/1"}],"replies":[{"embeddable":true,"href":"https:\/\/0-zz.com\/01\/wp-json\/wp\/v2\/comments?post=34"}],"version-history":[{"count":3,"href":"https:\/\/0-zz.com\/01\/wp-json\/wp\/v2\/pages\/34\/revisions"}],"predecessor-version":[{"id":196,"href":"https:\/\/0-zz.com\/01\/wp-json\/wp\/v2\/pages\/34\/revisions\/196"}],"wp:attachment":[{"href":"https:\/\/0-zz.com\/01\/wp-json\/wp\/v2\/media?parent=34"}],"curies":[{"name":"wp","href":"https:\/\/api.w.org\/{rel}","templated":true}]}}