{"id":28,"date":"2022-02-20T22:43:05","date_gmt":"2022-02-20T08:43:05","guid":{"rendered":"https:\/\/0-zz.com\/01\/?page_id=28"},"modified":"2022-04-29T04:05:36","modified_gmt":"2022-04-28T14:05:36","slug":"3-2","status":"publish","type":"page","link":"https:\/\/0-zz.com\/01\/3-2\/","title":{"rendered":"3"},"content":{"rendered":"\n<h2 class=\"wp-block-heading\" id=\"3-01-3-013\">3 &#8211; 01\/3 &#8211; 013<\/h2>\n\n\n\n<figure class=\"wp-block-embed is-type-video is-provider-youtube wp-block-embed-youtube wp-embed-aspect-16-9 wp-has-aspect-ratio\"><div class=\"wp-block-embed__wrapper\">\n<iframe loading=\"lazy\" title=\"Dawid Podsiadlo - Ma\u0142omiasteczkowy\" width=\"580\" height=\"326\" src=\"https:\/\/www.youtube.com\/embed\/X2XWBcd5jn0?feature=oembed\" frameborder=\"0\" allow=\"accelerometer; autoplay; clipboard-write; encrypted-media; gyroscope; picture-in-picture; web-share\" referrerpolicy=\"strict-origin-when-cross-origin\" allowfullscreen><\/iframe>\n<\/div><\/figure>\n\n\n\n<h2 class=\"wp-block-heading\" id=\"dawid-podsiadlo-malomiasteczkowy\">Dawid Podsiadlo &#8211; Ma\u0142omiasteczkowy<\/h2>\n\n\n\n<p>44M views&nbsp;\u00b7&nbsp;3 years ago<\/p>\n\n\n\n<h2 class=\"wp-block-heading\" id=\"dawid-podsiadlo\">Dawid Podsiad\u0142o<\/h2>\n\n\n\n<p>SUBSCRIBED 652K subscribers<\/p>\n\n\n\n<p><a href=\"https:\/\/m.youtube.com\/channel\/UCPGjLde9JT7jPF0OizNESRQ\">https:\/\/m.youtube.com\/channel\/UCPGjLde9JT7jPF0OizNESRQ<\/a><\/p>\n\n\n\n<p>Ma\u0142omiasteczkowa twarz<br>Ma\u0142omiasteczkowa g\u0142owa<br>Ma\u0142omiasteczkowy styl<br>Ma\u0142omiasteczkowo kocham<\/p>\n\n\n\n<p>Z ma\u0142ego miasta wielkie sny<br>Atakuj\u0105 twoje ulice<br>Wy\u015bni\u0142em sobie ciebie, gdy<br>\u015apiewa\u0142em g\u0142o\u015bno pod prysznicem<\/p>\n\n\n\n<p>Ten m\u00f3j ma\u0142omiasteczkowy hit<br>I ma\u0142omiasteczkowe s\u0142owa<br>Ten ma\u0142omiasteczkowy rytm<br>Melodia ma\u0142omiasteczkowa<\/p>\n\n\n\n<p>Z ma\u0142ego miasta wielkie sny<br>Gromadz\u0105 si\u0119 na twoich ulicach<br>Pami\u0119tam, bardzo chcia\u0142em tu by\u0107<br>Na pewno du\u017co bardziej ni\u017c dzisiaj<\/p>\n\n\n\n<p>Znowu jad\u0119 do ciebie sam<br>Znowu jad\u0119 do ciebie<br>Znowu jad\u0119 do ciebie sam<br>Znowu jad\u0119 do ciebie<\/p>\n\n\n\n<p>Znowu jad\u0119 do ciebie sam<br>Znowu jad\u0119 do ciebie<br>Znowu jad\u0119 do ciebie sam<br>Znowu jad\u0119 do ciebie<\/p>\n\n\n\n<p>Przez chwil\u0119 czu\u0142em si\u0119 jak B\u00f3g<br>Przez chwil\u0119 by\u0142em kr\u00f3lem w mie\u015bcie<br>Wybra\u0142em na si\u0142owni\u0119 str\u00f3j<br>I wtedy zrozumia\u0142em wreszcie<\/p>\n\n\n\n<p>\u017be z mojego miasta moje sny<br>Buduj\u0105 twoje ulice<br>\u017be ciebie nie zachwyca tu nic<br>Ale smuci mnie, \u017ce nadal nie krzycz\u0119<\/p>\n\n\n\n<p>Gdy wielkomiejski pi\u0119kny \u015bwiat<br>Na ka\u017cdym kroku sypie kreski<br>U\u015bciski i klepni\u0119cia w bark<br>P\u0142yn\u0105ce ze wzruszenia \u0142ezki<\/p>\n\n\n\n<p>Dlaczego wszystko sztuczne a\u017c tak<br>\u017be napromieniowane mi \u015bwieci<br>Trzeba st\u0105d wyjecha\u0107, bo strach<br>\u017be wszystko przejdzie na moje dzieci<\/p>\n\n\n\n<p>Znowu jad\u0119 do ciebie sam<br>Znowu jad\u0119 do ciebie<\/p>\n\n\n\n<p>Znowu jad\u0119 do ciebie sam<br>Znowu jad\u0119 do ciebie<br>Znowu jad\u0119 do ciebie sam<br>Znowu jad\u0119 do ciebie&#8230;<br>Sam<\/p>\n\n\n\n<figure class=\"wp-block-table\"><table><tbody><tr><th>Autor tekstu:<\/th><td>Dawid Podsiad\u0142o<\/td><\/tr><tr><th>Kompozytor:<\/th><td>Bartosz Dziedzic, Dawid Podsiad\u0142o<\/td><\/tr><\/tbody><\/table><\/figure>\n\n\n\n<p><a href=\"https:\/\/www.tekstowo.pl\/piosenka,dawid_podsiadlo,malomiasteczkowy.html\">https:\/\/www.tekstowo.pl\/piosenka,dawid_podsiadlo,malomiasteczkowy.html<\/a><\/p>\n\n\n\n<hr class=\"wp-block-separator\"\/>\n\n\n\n<h4 class=\"wp-block-heading\">0-zz.com\/0 &#8211; 0-zz.com\/z :<\/h4>\n\n\n\n<p><small><strong><a href=\"http:\/\/0-zz.com\/0\">1\ufe0f\u20e31\ufe0f\u20e3-0<\/a> |<a href=\"http:\/\/0-zz.com\/1\">1\ufe0f\u20e32\ufe0f\u20e3-1<\/a> |<a href=\"http:\/\/0-zz.com\/2\">1\ufe0f\u20e33\ufe0f\u20e3-2<\/a> |<a href=\"http:\/\/0-zz.com\/3\">1\ufe0f\u20e34\ufe0f\u20e3-3<\/a> |<a href=\"http:\/\/0-zz.com\/4\">1\ufe0f\u20e35\ufe0f\u20e3-4<\/a> |<a href=\"http:\/\/0-zz.com\/5\">1\ufe0f\u20e36\ufe0f\u20e3-5<\/a> <\/strong><\/small><br><small> <strong><a href=\"http:\/\/0-zz.com\/6\">2\ufe0f\u20e31\ufe0f\u20e3-6<\/a> |<a href=\"http:\/\/0-zz.com\/7\">2\ufe0f\u20e32\ufe0f\u20e3-7<\/a> |<a href=\"http:\/\/0-zz.com\/8\">2\ufe0f\u20e33\ufe0f\u20e3-8<\/a> |<a href=\"http:\/\/0-zz.com\/9\">2\ufe0f\u20e34\ufe0f\u20e3-9<\/a> |<a href=\"http:\/\/0-zz.com\/a\">2\ufe0f\u20e35\ufe0f\u20e3-A<\/a> |<a href=\"http:\/\/0-zz.com\/b\">2\ufe0f\u20e36\ufe0f\u20e3-B<\/a><\/strong><\/small><br><small> <strong><a href=\"http:\/\/0-zz.com\/c\">3\ufe0f\u20e31\ufe0f\u20e3-C<\/a> |<a href=\"http:\/\/0-zz.com\/d\">3\ufe0f\u20e32\ufe0f\u20e3-D<\/a> |<a href=\"http:\/\/0-zz.com\/e\">3\ufe0f\u20e33\ufe0f\u20e3-E<\/a> |<a href=\"http:\/\/0-zz.com\/f\">3\ufe0f\u20e34\ufe0f\u20e3-F<\/a> |<a href=\"http:\/\/0-zz.com\/g\">3\ufe0f\u20e35\ufe0f\u20e3-G<\/a> |<a href=\"http:\/\/0-zz.com\/h\">3\ufe0f\u20e36\ufe0f\u20e3-H<\/a><\/strong><\/small><br><small> <strong><a href=\"http:\/\/0-zz.com\/i\">4\ufe0f\u20e31\ufe0f\u20e3-I<\/a> |<a href=\"http:\/\/0-zz.com\/j\">4\ufe0f\u20e32\ufe0f\u20e3-J<\/a> |<a href=\"http:\/\/0-zz.com\/k\">4\ufe0f\u20e33\ufe0f\u20e3-K<\/a> |<a href=\"http:\/\/0-zz.com\/l\">4\ufe0f\u20e34\ufe0f\u20e3-L<\/a> |<a href=\"http:\/\/0-zz.com\/m\">4\ufe0f\u20e35\ufe0f\u20e3-M<\/a> |<a href=\"http:\/\/0-zz.com\/n\">4\ufe0f\u20e36\ufe0f\u20e3-N<\/a><\/strong><\/small><br><small> <strong><a href=\"http:\/\/0-zz.com\/o\">5\ufe0f\u20e31\ufe0f\u20e3-O<\/a> |<a href=\"http:\/\/0-zz.com\/p\">5\ufe0f\u20e32\ufe0f\u20e3-P<\/a> |<a href=\"http:\/\/0-zz.com\/q\">5\ufe0f\u20e33\ufe0f\u20e3-Q<\/a> |<a href=\"http:\/\/0-zz.com\/r\">5\ufe0f\u20e34\ufe0f\u20e3-R<\/a> |<a href=\"http:\/\/0-zz.com\/s\">5\ufe0f\u20e35\ufe0f\u20e3-S<\/a> |<a href=\"http:\/\/0-zz.com\/t\">5\ufe0f\u20e36\ufe0f\u20e3-T<\/a><\/strong><\/small><br><small> <strong><a href=\"http:\/\/0-zz.com\/u\">6\ufe0f\u20e31\ufe0f\u20e3-U<\/a> |<a href=\"http:\/\/0-zz.com\/v\">6\ufe0f\u20e32\ufe0f\u20e3-V<\/a> |<a href=\"http:\/\/0-zz.com\/w\">6\ufe0f\u20e33\ufe0f\u20e3-W<\/a> |<a href=\"http:\/\/0-zz.com\/x\">6\ufe0f\u20e34\ufe0f\u20e3-X<\/a> |<a href=\"http:\/\/0-zz.com\/y\">6\ufe0f\u20e35\ufe0f\u20e3-Y<\/a> |<a href=\"http:\/\/0-zz.com\/z\">6\ufe0f\u20e36\ufe0f\u20e3-Z<\/a><\/strong><\/small><\/p>\n\n\n\n<p>Roll 2 dice ?? 1\ufe0f\u20e32\ufe0f\u20e33\ufe0f\u20e34\ufe0f\u20e35\ufe0f\u20e36\ufe0f\u20e3<\/p>\n\n\n\n<p><a href=\"https:\/\/www.random.org\/dice\/\">https:\/\/www.random.org\/dice\/<\/a><\/p>\n\n\n\n<p><a href=\"https:\/\/www.google.com\/search?q=dice+roller\">https:\/\/www.google.com\/search?q=dice+roller<\/a><\/p>\n\n\n\n<hr class=\"wp-block-separator\"\/>\n\n\n\n<p><a href=\"https:\/\/12r.pl\/ea\/\">12r.pl\/ea<\/a>&nbsp;-&gt;&nbsp;<a href=\"https:\/\/12r.uk\/ea\/\">12r.uk\/ea<\/a>&nbsp;-&gt;&nbsp;<a href=\"https:\/\/7hi7.com\/ea\/\">7hi7.com\/ea<\/a><\/p>\n\n\n\n<p>Wikipedia.org &#8211; Play game &#8211; portals, categories, states, cities, capital cities<\/p>\n","protected":false},"excerpt":{"rendered":"<p>3 &#8211; 01\/3 &#8211; 013 Dawid Podsiadlo &#8211; Ma\u0142omiasteczkowy 44M views&nbsp;\u00b7&nbsp;3 years ago Dawid Podsiad\u0142o SUBSCRIBED 652K subscribers https:\/\/m.youtube.com\/channel\/UCPGjLde9JT7jPF0OizNESRQ Ma\u0142omiasteczkowa twarzMa\u0142omiasteczkowa g\u0142owaMa\u0142omiasteczkowy stylMa\u0142omiasteczkowo kocham Z ma\u0142ego miasta wielkie snyAtakuj\u0105 twoje uliceWy\u015bni\u0142em sobie ciebie, gdy\u015apiewa\u0142em g\u0142o\u015bno pod prysznicem Ten m\u00f3j ma\u0142omiasteczkowy hitI ma\u0142omiasteczkowe s\u0142owaTen ma\u0142omiasteczkowy rytmMelodia ma\u0142omiasteczkowa Z ma\u0142ego miasta wielkie snyGromadz\u0105 si\u0119 na twoich ulicachPami\u0119tam, [&hellip;]<\/p>\n","protected":false},"author":1,"featured_media":0,"parent":0,"menu_order":0,"comment_status":"closed","ping_status":"closed","template":"","meta":{"footnotes":""},"class_list":["post-28","page","type-page","status-publish","hentry"],"_links":{"self":[{"href":"https:\/\/0-zz.com\/01\/wp-json\/wp\/v2\/pages\/28","targetHints":{"allow":["GET"]}}],"collection":[{"href":"https:\/\/0-zz.com\/01\/wp-json\/wp\/v2\/pages"}],"about":[{"href":"https:\/\/0-zz.com\/01\/wp-json\/wp\/v2\/types\/page"}],"author":[{"embeddable":true,"href":"https:\/\/0-zz.com\/01\/wp-json\/wp\/v2\/users\/1"}],"replies":[{"embeddable":true,"href":"https:\/\/0-zz.com\/01\/wp-json\/wp\/v2\/comments?post=28"}],"version-history":[{"count":3,"href":"https:\/\/0-zz.com\/01\/wp-json\/wp\/v2\/pages\/28\/revisions"}],"predecessor-version":[{"id":193,"href":"https:\/\/0-zz.com\/01\/wp-json\/wp\/v2\/pages\/28\/revisions\/193"}],"wp:attachment":[{"href":"https:\/\/0-zz.com\/01\/wp-json\/wp\/v2\/media?parent=28"}],"curies":[{"name":"wp","href":"https:\/\/api.w.org\/{rel}","templated":true}]}}