{"id":26,"date":"2022-02-20T22:37:53","date_gmt":"2022-02-20T08:37:53","guid":{"rendered":"https:\/\/0-zz.com\/01\/?page_id=26"},"modified":"2022-04-29T04:04:36","modified_gmt":"2022-04-28T14:04:36","slug":"2-2","status":"publish","type":"page","link":"https:\/\/0-zz.com\/01\/2-2\/","title":{"rendered":"2"},"content":{"rendered":"\n<h2 class=\"wp-block-heading\" id=\"2-01-2-012\">2 &#8211; 01\/2 &#8211; 012<\/h2>\n\n\n\n<figure class=\"wp-block-embed is-type-video is-provider-youtube wp-block-embed-youtube wp-embed-aspect-4-3 wp-has-aspect-ratio\"><div class=\"wp-block-embed__wrapper\">\n<iframe loading=\"lazy\" title=\"sanah \u2013 ten Stan (Official audio)\" width=\"580\" height=\"435\" src=\"https:\/\/www.youtube.com\/embed\/lthffObMcw0?feature=oembed\" frameborder=\"0\" allow=\"accelerometer; autoplay; clipboard-write; encrypted-media; gyroscope; picture-in-picture; web-share\" referrerpolicy=\"strict-origin-when-cross-origin\" allowfullscreen><\/iframe>\n<\/div><\/figure>\n\n\n\n<h2 class=\"wp-block-heading\" id=\"sanah-ten-stan-official-audio\">sanah \u2013 ten Stan (Official audio)<\/h2>\n\n\n\n<p>46M views&nbsp;\u00b7&nbsp;9 months ago<\/p>\n\n\n\n<h2 class=\"wp-block-heading\" id=\"sanah\">sanah<\/h2>\n\n\n\n<p>SUBSCRIBED 1.06M subscribers<\/p>\n\n\n\n<p><a href=\"https:\/\/m.youtube.com\/channel\/UCqTRe9EIv0apJgPqkng-Gtw\">https:\/\/m.youtube.com\/channel\/UCqTRe9EIv0apJgPqkng-Gtw<\/a><\/p>\n\n\n\n<p>A ja Ci\u0119 lubi\u0119<\/p>\n\n\n\n<p>Mi\u0142y, tak dla mnie Tw\u00f3j cygara dym<br>W ciemnym szkle co\u015b na dnie<br>I stary film<br>Miejski szyk<br>I na \u017cel w\u0142osy w ty\u0142<br>Taki styl, taki styl<\/p>\n\n\n\n<p>Pami\u0119tasz po imprezie Starbucks by\u0142<br>By\u0142<br>Zabra\u0142e\u015b mnie na kaw\u0119<br>Niez\u0142y deal, deal<br>Gdzie\u015b tam pisa\u0142am o tym<br>Znowu Ty, Ty<br>Tak patrzysz na mnie,<br>\u017be rumie\u0144ce kradniesz<\/p>\n\n\n\n<p>A ja Ci\u0119 lubi\u0119<br>A\u017c za bardzo<br>Przez co my\u015bl\u0119 ju\u017c o \u015blubie<br>O \u015blubie ju\u017c<br>I mam nadziej\u0119, \u017ce Ty te\u017c<br>Mnie chcesz<br>Pachniesz jak wiosenny bez<\/p>\n\n\n\n<p>Tak lubi\u0119 Ci\u0119, lubi\u0119 Ci\u0119<br>Jak na zab\u00f3j tak<\/p>\n\n\n\n<p>Ja Ci\u0119 lubi\u0119<br>A\u017c za bardzo<br>Przez to my\u015bl\u0119 ju\u017c o \u015blubie<br>O \u015blubie ju\u017c<br>I mam nadziej\u0119, \u017ce Ty te\u017c<br>Mnie chcesz<br>Pachniesz jak wiosenny bez<\/p>\n\n\n\n<p>Tak lubi\u0119 Ci\u0119, lubi\u0119 Ci\u0119<br>Jak na zab\u00f3j lubi\u0119<\/p>\n\n\n\n<p>Ca\u0142e dnie zapisuj\u0119 Tw\u00f3j obraz<br>By\u015b w ka\u017cdej chwili m\u00f3g\u0142<br>W moim iPhonie by\u0107<br>Lubi\u0119 gdy na gitarze podgrywasz mi<br>Taki styl, taki styl<\/p>\n\n\n\n<p>Pami\u0119tasz po imprezie Starbucks by\u0142<br>By\u0142<br>Zabra\u0142e\u015b mnie na kaw\u0119<br>Niez\u0142y deal, deal<br>Gdzie\u015b tam pisa\u0142am o tym<br>Znowu Ty, Ty<br>Tak patrzysz na mnie,<br>\u017be rumie\u0144ce kradniesz<\/p>\n\n\n\n<p>A ja Ci\u0119 lubi\u0119<br>A\u017c za bardzo<br>Przez to my\u015bl\u0119 ju\u017c o \u015blubie<br>O \u015blubie ju\u017c<br>I mam nadziej\u0119, \u017ce Ty te\u017c<br>Mnie chcesz<br>Pachniesz jak wiosenny bez<\/p>\n\n\n\n<p>Tak lubi\u0119 Ci\u0119, lubi\u0119 Ci\u0119<br>Jak na zab\u00f3j tak<\/p>\n\n\n\n<p>Ja Ci\u0119 lubi\u0119<br>A\u017c za bardzo<br>Przez co my\u015bl\u0119 ju\u017c o \u015blubie<br>O \u015blubie ju\u017c<br>I mam nadziej\u0119, \u017ce Ty te\u017c<br>Mnie chcesz<br>Pachniesz jak wiosenny bez<\/p>\n\n\n\n<p>Tak lubi\u0119 Ci\u0119, lubi\u0119 Ci\u0119<br>Jak na zab\u00f3j lubi\u0119<\/p>\n\n\n\n<p>Czy odbi\u0142o mi,<br>Czy mi odbi\u0142o?<br>Tak mi\u0142o mi<br>Si\u0119 porobi\u0142o<\/p>\n\n\n\n<p>A ja Ci\u0119 lubi\u0119<br>A\u017c za bardzo<br>Przez to my\u015bl\u0119 ju\u017c o \u015blubie<br>O \u015blubie ju\u017c<br>I mam nadziej\u0119, \u017ce Ty te\u017c<br>Mnie chcesz<br>Pachniesz jak wiosenny bez<\/p>\n\n\n\n<p>Tak lubi\u0119 Ci\u0119, lubi\u0119 Ci\u0119<br>Jak na zab\u00f3j tak<\/p>\n\n\n\n<p>Ja Ci\u0119 lubi\u0119<br>A\u017c za bardzo<br>Przez co my\u015bl\u0119 ju\u017c o \u015blubie<br>O \u015blubie ju\u017c<br>I mam nadziej\u0119, \u017ce Ty te\u017c<br>Mnie chcesz<br>Pachniesz jak wiosenny bez<\/p>\n\n\n\n<p>Tak lubi\u0119 Ci\u0119, lubi\u0119 Ci\u0119<br>Jak na zab\u00f3j lubi\u0119<\/p>\n\n\n\n<figure class=\"wp-block-table\"><table><tbody><tr><th>Autor tekstu:<\/th><td>sanah, Magdalena W\u00f3jcik<\/td><\/tr><tr><th>Kompozytor:<\/th><td>sanah, Tom Martin, Edward Leithead Docherty<\/td><\/tr><\/tbody><\/table><\/figure>\n\n\n\n<p><a href=\"https:\/\/www.tekstowo.pl\/piosenka,sanah,ten_stan.html\">https:\/\/www.tekstowo.pl\/piosenka,sanah,ten_stan.html<\/a><\/p>\n\n\n\n<hr class=\"wp-block-separator\"\/>\n\n\n\n<h4 class=\"wp-block-heading\">0-zz.com\/0 &#8211; 0-zz.com\/z :<\/h4>\n\n\n\n<p><small><strong><a href=\"http:\/\/0-zz.com\/0\">1\ufe0f\u20e31\ufe0f\u20e3-0<\/a> |<a href=\"http:\/\/0-zz.com\/1\">1\ufe0f\u20e32\ufe0f\u20e3-1<\/a> |<a href=\"http:\/\/0-zz.com\/2\">1\ufe0f\u20e33\ufe0f\u20e3-2<\/a> |<a href=\"http:\/\/0-zz.com\/3\">1\ufe0f\u20e34\ufe0f\u20e3-3<\/a> |<a href=\"http:\/\/0-zz.com\/4\">1\ufe0f\u20e35\ufe0f\u20e3-4<\/a> |<a href=\"http:\/\/0-zz.com\/5\">1\ufe0f\u20e36\ufe0f\u20e3-5<\/a> <\/strong><\/small><br><small> <strong><a href=\"http:\/\/0-zz.com\/6\">2\ufe0f\u20e31\ufe0f\u20e3-6<\/a> |<a href=\"http:\/\/0-zz.com\/7\">2\ufe0f\u20e32\ufe0f\u20e3-7<\/a> |<a href=\"http:\/\/0-zz.com\/8\">2\ufe0f\u20e33\ufe0f\u20e3-8<\/a> |<a href=\"http:\/\/0-zz.com\/9\">2\ufe0f\u20e34\ufe0f\u20e3-9<\/a> |<a href=\"http:\/\/0-zz.com\/a\">2\ufe0f\u20e35\ufe0f\u20e3-A<\/a> |<a href=\"http:\/\/0-zz.com\/b\">2\ufe0f\u20e36\ufe0f\u20e3-B<\/a><\/strong><\/small><br><small> <strong><a href=\"http:\/\/0-zz.com\/c\">3\ufe0f\u20e31\ufe0f\u20e3-C<\/a> |<a href=\"http:\/\/0-zz.com\/d\">3\ufe0f\u20e32\ufe0f\u20e3-D<\/a> |<a href=\"http:\/\/0-zz.com\/e\">3\ufe0f\u20e33\ufe0f\u20e3-E<\/a> |<a href=\"http:\/\/0-zz.com\/f\">3\ufe0f\u20e34\ufe0f\u20e3-F<\/a> |<a href=\"http:\/\/0-zz.com\/g\">3\ufe0f\u20e35\ufe0f\u20e3-G<\/a> |<a href=\"http:\/\/0-zz.com\/h\">3\ufe0f\u20e36\ufe0f\u20e3-H<\/a><\/strong><\/small><br><small> <strong><a href=\"http:\/\/0-zz.com\/i\">4\ufe0f\u20e31\ufe0f\u20e3-I<\/a> |<a href=\"http:\/\/0-zz.com\/j\">4\ufe0f\u20e32\ufe0f\u20e3-J<\/a> |<a href=\"http:\/\/0-zz.com\/k\">4\ufe0f\u20e33\ufe0f\u20e3-K<\/a> |<a href=\"http:\/\/0-zz.com\/l\">4\ufe0f\u20e34\ufe0f\u20e3-L<\/a> |<a href=\"http:\/\/0-zz.com\/m\">4\ufe0f\u20e35\ufe0f\u20e3-M<\/a> |<a href=\"http:\/\/0-zz.com\/n\">4\ufe0f\u20e36\ufe0f\u20e3-N<\/a><\/strong><\/small><br><small> <strong><a href=\"http:\/\/0-zz.com\/o\">5\ufe0f\u20e31\ufe0f\u20e3-O<\/a> |<a href=\"http:\/\/0-zz.com\/p\">5\ufe0f\u20e32\ufe0f\u20e3-P<\/a> |<a href=\"http:\/\/0-zz.com\/q\">5\ufe0f\u20e33\ufe0f\u20e3-Q<\/a> |<a href=\"http:\/\/0-zz.com\/r\">5\ufe0f\u20e34\ufe0f\u20e3-R<\/a> |<a href=\"http:\/\/0-zz.com\/s\">5\ufe0f\u20e35\ufe0f\u20e3-S<\/a> |<a href=\"http:\/\/0-zz.com\/t\">5\ufe0f\u20e36\ufe0f\u20e3-T<\/a><\/strong><\/small><br><small> <strong><a href=\"http:\/\/0-zz.com\/u\">6\ufe0f\u20e31\ufe0f\u20e3-U<\/a> |<a href=\"http:\/\/0-zz.com\/v\">6\ufe0f\u20e32\ufe0f\u20e3-V<\/a> |<a href=\"http:\/\/0-zz.com\/w\">6\ufe0f\u20e33\ufe0f\u20e3-W<\/a> |<a href=\"http:\/\/0-zz.com\/x\">6\ufe0f\u20e34\ufe0f\u20e3-X<\/a> |<a href=\"http:\/\/0-zz.com\/y\">6\ufe0f\u20e35\ufe0f\u20e3-Y<\/a> |<a href=\"http:\/\/0-zz.com\/z\">6\ufe0f\u20e36\ufe0f\u20e3-Z<\/a><\/strong><\/small><\/p>\n\n\n\n<p>Roll 2 dice ?? 1\ufe0f\u20e32\ufe0f\u20e33\ufe0f\u20e34\ufe0f\u20e35\ufe0f\u20e36\ufe0f\u20e3<\/p>\n\n\n\n<p><a href=\"https:\/\/www.random.org\/dice\/\">https:\/\/www.random.org\/dice\/<\/a><\/p>\n\n\n\n<p><a href=\"https:\/\/www.google.com\/search?q=dice+roller\">https:\/\/www.google.com\/search?q=dice+roller<\/a><\/p>\n\n\n\n<hr class=\"wp-block-separator\"\/>\n\n\n\n<p><a href=\"https:\/\/12r.pl\/ea\/\">12r.pl\/ea<\/a>&nbsp;-&gt;&nbsp;<a href=\"https:\/\/12r.uk\/ea\/\">12r.uk\/ea<\/a>&nbsp;-&gt;&nbsp;<a href=\"https:\/\/7hi7.com\/ea\/\">7hi7.com\/ea<\/a><\/p>\n\n\n\n<p>Wikipedia.org &#8211; Play game &#8211; portals, categories, states, cities, capital cities<\/p>\n","protected":false},"excerpt":{"rendered":"<p>2 &#8211; 01\/2 &#8211; 012 sanah \u2013 ten Stan (Official audio) 46M views&nbsp;\u00b7&nbsp;9 months ago sanah SUBSCRIBED 1.06M subscribers https:\/\/m.youtube.com\/channel\/UCqTRe9EIv0apJgPqkng-Gtw A ja Ci\u0119 lubi\u0119 Mi\u0142y, tak dla mnie Tw\u00f3j cygara dymW ciemnym szkle co\u015b na dnieI stary filmMiejski szykI na \u017cel w\u0142osy w ty\u0142Taki styl, taki styl Pami\u0119tasz po imprezie Starbucks by\u0142By\u0142Zabra\u0142e\u015b mnie na kaw\u0119Niez\u0142y [&hellip;]<\/p>\n","protected":false},"author":1,"featured_media":0,"parent":0,"menu_order":0,"comment_status":"closed","ping_status":"closed","template":"","meta":{"footnotes":""},"class_list":["post-26","page","type-page","status-publish","hentry"],"_links":{"self":[{"href":"https:\/\/0-zz.com\/01\/wp-json\/wp\/v2\/pages\/26","targetHints":{"allow":["GET"]}}],"collection":[{"href":"https:\/\/0-zz.com\/01\/wp-json\/wp\/v2\/pages"}],"about":[{"href":"https:\/\/0-zz.com\/01\/wp-json\/wp\/v2\/types\/page"}],"author":[{"embeddable":true,"href":"https:\/\/0-zz.com\/01\/wp-json\/wp\/v2\/users\/1"}],"replies":[{"embeddable":true,"href":"https:\/\/0-zz.com\/01\/wp-json\/wp\/v2\/comments?post=26"}],"version-history":[{"count":3,"href":"https:\/\/0-zz.com\/01\/wp-json\/wp\/v2\/pages\/26\/revisions"}],"predecessor-version":[{"id":192,"href":"https:\/\/0-zz.com\/01\/wp-json\/wp\/v2\/pages\/26\/revisions\/192"}],"wp:attachment":[{"href":"https:\/\/0-zz.com\/01\/wp-json\/wp\/v2\/media?parent=26"}],"curies":[{"name":"wp","href":"https:\/\/api.w.org\/{rel}","templated":true}]}}