{"id":23,"date":"2022-02-20T22:31:07","date_gmt":"2022-02-20T08:31:07","guid":{"rendered":"https:\/\/0-zz.com\/01\/?page_id=23"},"modified":"2022-04-29T04:03:30","modified_gmt":"2022-04-28T14:03:30","slug":"1-2","status":"publish","type":"page","link":"https:\/\/0-zz.com\/01\/1-2\/","title":{"rendered":"1"},"content":{"rendered":"\n<h2 class=\"wp-block-heading\" id=\"1-01-1-011\">1 &#8211; 01\/1 &#8211; 011<\/h2>\n\n\n\n<figure class=\"wp-block-embed is-type-video is-provider-youtube wp-block-embed-youtube wp-embed-aspect-16-9 wp-has-aspect-ratio\"><div class=\"wp-block-embed__wrapper\">\n<iframe loading=\"lazy\" title=\"Viki Gabor, Kayah - Rami\u0119 W Rami\u0119\" width=\"580\" height=\"326\" src=\"https:\/\/www.youtube.com\/embed\/h2DtbkBr65A?feature=oembed\" frameborder=\"0\" allow=\"accelerometer; autoplay; clipboard-write; encrypted-media; gyroscope; picture-in-picture; web-share\" referrerpolicy=\"strict-origin-when-cross-origin\" allowfullscreen><\/iframe>\n<\/div><\/figure>\n\n\n\n<h2 class=\"wp-block-heading\" id=\"viki-gabor-kayah-ramie-w-ramie\">Viki Gabor, Kayah &#8211; Rami\u0119 W Rami\u0119<\/h2>\n\n\n\n<p>51M views&nbsp;\u00b7&nbsp;2 years ago<\/p>\n\n\n\n<h2 class=\"wp-block-heading\" id=\"viki-gabor\">Viki Gabor<\/h2>\n\n\n\n<p>SUBSCRIBED 296K subscribers<\/p>\n\n\n\n<p><a href=\"https:\/\/m.youtube.com\/channel\/UCp237S12iGG9ThTMi_2p_iw\">https:\/\/m.youtube.com\/channel\/UCp237S12iGG9ThTMi_2p_iw<\/a><\/p>\n\n\n\n<p>[Zwrotka 1 &#8211; Kayah]<br>Ruszamy w dal, zakl\u0119ciem otwieram drzwi<br>Bogini w nas buzuje ze wszystkich si\u0142<br>Ty siostr\u0119 masz we mnie, dobrze wiesz<br>W ciemno\u015bci za d\u0142o\u0144 pochwyc\u0119 ci\u0119<br>B\u0105d\u017a pewna, \u017ce nie zgubisz si\u0119 (Nie, nie)<\/p>\n\n\n\n<p>[Przedrefren &#8211; Kayah]<br>Moja mi\u0142a ta\u0144cz<br>I nie \u017ca\u0142uj \u017cadnej z chwil<\/p>\n\n\n\n<p>[Refren &#8211; Viki Gabor &amp; Kayah]<br>Rami\u0119 w rami\u0119 pop\u0142yniemy razem<br>Zmieniamy ten \u015bwiat, wspieraj\u0105c si\u0119 tak<br>Bo \u017cadna dama nie b\u0119dzie ta\u0144czy\u0107 sama<br>Gdy si\u00f3str tyle ma, gdy jest po\u015br\u00f3d nas<br>Wi\u0119c moja mi\u0142a ta\u0144cz<\/p>\n\n\n\n<p>(Opa!)<\/p>\n\n\n\n<p>[Zwrotka 2 &#8211; Viki Gabor]<br>Jak r\u00f3\u017cy cier\u0144, ich s\u0142owa rani\u0105 nie raz<br>Nie b\u0119dzie \u0142ez, bo wreszcie sprzyja mi czas (Eh, eh)<br>Ty siostr\u0119 masz we mnie a\u017c po kres<br>W\u015br\u00f3d kr\u0119tych dr\u00f3g nie zgubimy si\u0119<br>B\u0105d\u017a pewna, \u017ce nie zawiod\u0119 ci\u0119, nie, nie<\/p>\n\n\n\n<p>[Refren &#8211; Viki Gabor &amp; Kayah]<br>Rami\u0119 w rami\u0119 pop\u0142yniemy razem<br>Zmieniamy ten \u015bwiat, wspieraj\u0105c si\u0119 tak<br>Bo \u017cadna dama nie b\u0119dzie ta\u0144czy\u0107 sama<br>Gdy si\u00f3str tyle ma, gdy jest po\u015br\u00f3d nas<br>Wi\u0119c moja mi\u0142a ta\u0144cz<\/p>\n\n\n\n<p>(La la la la la)<\/p>\n\n\n\n<p>Moja mi\u0142a ta\u0144cz<\/p>\n\n\n\n<p>Nie \u017ca\u0142uj\u0119 \u017cadnej z chwil<\/p>\n\n\n\n<p>[Bridge &#8211; Kayah, Viki Gabor]<br>Nie por\u00f3wnuj nigdy si\u0119<br>Ka\u017cda wyj\u0105tkowa jest<br>Wi\u0119c doceniaj swoje ja<br>Bo ka\u017cda z nas to najcenniejszy skarb<\/p>\n\n\n\n<p>[Refren &#8211; Viki Gabor &amp; Kayah]<br>Rami\u0119 w rami\u0119 pop\u0142yniemy razem<br>Zmieniamy ten \u015bwiat, wspieraj\u0105c si\u0119 tak<br>Bo \u017cadna dama nie b\u0119dzie ta\u0144czy\u0107 sama<br>Gdy si\u00f3str tyle ma, gdy jest po\u015br\u00f3d nas<\/p>\n\n\n\n<p>Rami\u0119 w rami\u0119 pop\u0142yniemy razem<br>Zmieniamy ten \u015bwiat, wspieraj\u0105c si\u0119 tak<br>Bo \u017cadna dama nie b\u0119dzie ta\u0144czy\u0107 sama<br>Gdy si\u00f3str tyle ma, gdy jest po\u015br\u00f3d nas<br>Wi\u0119c moja mi\u0142a ta\u0144cz (Ta\u0144cz)<\/p>\n\n\n\n<p>(La la la la la)<br>Moja mi\u0142a ta\u0144cz (Ahhh)<br>Gdy jeste\u015b po\u015br\u00f3d nas!<br>Moja mi\u0142a ta\u0144cz!<\/p>\n\n\n\n<figure class=\"wp-block-table\"><table><tbody><tr><th>Autor tekstu:<\/th><td>Dominic Buczkowski-Wojtaszek, Patryk Kum\u00f3r, Ma\u0142gorzata U\u015bci\u0142owska, Katarzyna Rooyens<\/td><\/tr><tr><th>Kompozytor:<\/th><td>Dominic Buczkowski-Wojtaszek, Patryk Kum\u00f3r, Ma\u0142gorzata U\u015bci\u0142owska, Katarzyna Rooyens<\/td><\/tr><\/tbody><\/table><\/figure>\n\n\n\n<p><a href=\"https:\/\/www.tekstowo.pl\/piosenka,viki_gabor__kayah,ramie_w_ramie.html\">https:\/\/www.tekstowo.pl\/piosenka,viki_gabor__kayah,ramie_w_ramie.html<\/a><\/p>\n\n\n\n<hr class=\"wp-block-separator\"\/>\n\n\n\n<h4 class=\"wp-block-heading\">0-zz.com\/0 &#8211; 0-zz.com\/z :<\/h4>\n\n\n\n<p><small><strong><a href=\"http:\/\/0-zz.com\/0\">1\ufe0f\u20e31\ufe0f\u20e3-0<\/a> |<a href=\"http:\/\/0-zz.com\/1\">1\ufe0f\u20e32\ufe0f\u20e3-1<\/a> |<a href=\"http:\/\/0-zz.com\/2\">1\ufe0f\u20e33\ufe0f\u20e3-2<\/a> |<a href=\"http:\/\/0-zz.com\/3\">1\ufe0f\u20e34\ufe0f\u20e3-3<\/a> |<a href=\"http:\/\/0-zz.com\/4\">1\ufe0f\u20e35\ufe0f\u20e3-4<\/a> |<a href=\"http:\/\/0-zz.com\/5\">1\ufe0f\u20e36\ufe0f\u20e3-5<\/a> <\/strong><\/small><br><small> <strong><a href=\"http:\/\/0-zz.com\/6\">2\ufe0f\u20e31\ufe0f\u20e3-6<\/a> |<a href=\"http:\/\/0-zz.com\/7\">2\ufe0f\u20e32\ufe0f\u20e3-7<\/a> |<a href=\"http:\/\/0-zz.com\/8\">2\ufe0f\u20e33\ufe0f\u20e3-8<\/a> |<a href=\"http:\/\/0-zz.com\/9\">2\ufe0f\u20e34\ufe0f\u20e3-9<\/a> |<a href=\"http:\/\/0-zz.com\/a\">2\ufe0f\u20e35\ufe0f\u20e3-A<\/a> |<a href=\"http:\/\/0-zz.com\/b\">2\ufe0f\u20e36\ufe0f\u20e3-B<\/a><\/strong><\/small><br><small> <strong><a href=\"http:\/\/0-zz.com\/c\">3\ufe0f\u20e31\ufe0f\u20e3-C<\/a> |<a href=\"http:\/\/0-zz.com\/d\">3\ufe0f\u20e32\ufe0f\u20e3-D<\/a> |<a href=\"http:\/\/0-zz.com\/e\">3\ufe0f\u20e33\ufe0f\u20e3-E<\/a> |<a href=\"http:\/\/0-zz.com\/f\">3\ufe0f\u20e34\ufe0f\u20e3-F<\/a> |<a href=\"http:\/\/0-zz.com\/g\">3\ufe0f\u20e35\ufe0f\u20e3-G<\/a> |<a href=\"http:\/\/0-zz.com\/h\">3\ufe0f\u20e36\ufe0f\u20e3-H<\/a><\/strong><\/small><br><small> <strong><a href=\"http:\/\/0-zz.com\/i\">4\ufe0f\u20e31\ufe0f\u20e3-I<\/a> |<a href=\"http:\/\/0-zz.com\/j\">4\ufe0f\u20e32\ufe0f\u20e3-J<\/a> |<a href=\"http:\/\/0-zz.com\/k\">4\ufe0f\u20e33\ufe0f\u20e3-K<\/a> |<a href=\"http:\/\/0-zz.com\/l\">4\ufe0f\u20e34\ufe0f\u20e3-L<\/a> |<a href=\"http:\/\/0-zz.com\/m\">4\ufe0f\u20e35\ufe0f\u20e3-M<\/a> |<a href=\"http:\/\/0-zz.com\/n\">4\ufe0f\u20e36\ufe0f\u20e3-N<\/a><\/strong><\/small><br><small> <strong><a href=\"http:\/\/0-zz.com\/o\">5\ufe0f\u20e31\ufe0f\u20e3-O<\/a> |<a href=\"http:\/\/0-zz.com\/p\">5\ufe0f\u20e32\ufe0f\u20e3-P<\/a> |<a href=\"http:\/\/0-zz.com\/q\">5\ufe0f\u20e33\ufe0f\u20e3-Q<\/a> |<a href=\"http:\/\/0-zz.com\/r\">5\ufe0f\u20e34\ufe0f\u20e3-R<\/a> |<a href=\"http:\/\/0-zz.com\/s\">5\ufe0f\u20e35\ufe0f\u20e3-S<\/a> |<a href=\"http:\/\/0-zz.com\/t\">5\ufe0f\u20e36\ufe0f\u20e3-T<\/a><\/strong><\/small><br><small> <strong><a href=\"http:\/\/0-zz.com\/u\">6\ufe0f\u20e31\ufe0f\u20e3-U<\/a> |<a href=\"http:\/\/0-zz.com\/v\">6\ufe0f\u20e32\ufe0f\u20e3-V<\/a> |<a href=\"http:\/\/0-zz.com\/w\">6\ufe0f\u20e33\ufe0f\u20e3-W<\/a> |<a href=\"http:\/\/0-zz.com\/x\">6\ufe0f\u20e34\ufe0f\u20e3-X<\/a> |<a href=\"http:\/\/0-zz.com\/y\">6\ufe0f\u20e35\ufe0f\u20e3-Y<\/a> |<a href=\"http:\/\/0-zz.com\/z\">6\ufe0f\u20e36\ufe0f\u20e3-Z<\/a><\/strong><\/small><\/p>\n\n\n\n<p>Roll 2 dice ?? 1\ufe0f\u20e32\ufe0f\u20e33\ufe0f\u20e34\ufe0f\u20e35\ufe0f\u20e36\ufe0f\u20e3<\/p>\n\n\n\n<p><a href=\"https:\/\/www.random.org\/dice\/\">https:\/\/www.random.org\/dice\/<\/a><\/p>\n\n\n\n<p><a href=\"https:\/\/www.google.com\/search?q=dice+roller\">https:\/\/www.google.com\/search?q=dice+roller<\/a><\/p>\n\n\n\n<hr class=\"wp-block-separator\"\/>\n\n\n\n<p><a href=\"https:\/\/12r.pl\/ea\/\">12r.pl\/ea<\/a>&nbsp;-&gt;&nbsp;<a href=\"https:\/\/12r.uk\/ea\/\">12r.uk\/ea<\/a>&nbsp;-&gt;&nbsp;<a href=\"https:\/\/7hi7.com\/ea\/\">7hi7.com\/ea<\/a><\/p>\n\n\n\n<p>Wikipedia.org &#8211; Play game &#8211; portals, categories, states, cities, capital cities<\/p>\n","protected":false},"excerpt":{"rendered":"<p>1 &#8211; 01\/1 &#8211; 011 Viki Gabor, Kayah &#8211; Rami\u0119 W Rami\u0119 51M views&nbsp;\u00b7&nbsp;2 years ago Viki Gabor SUBSCRIBED 296K subscribers https:\/\/m.youtube.com\/channel\/UCp237S12iGG9ThTMi_2p_iw [Zwrotka 1 &#8211; Kayah]Ruszamy w dal, zakl\u0119ciem otwieram drzwiBogini w nas buzuje ze wszystkich si\u0142Ty siostr\u0119 masz we mnie, dobrze wieszW ciemno\u015bci za d\u0142o\u0144 pochwyc\u0119 ci\u0119B\u0105d\u017a pewna, \u017ce nie zgubisz si\u0119 (Nie, nie) [&hellip;]<\/p>\n","protected":false},"author":1,"featured_media":0,"parent":0,"menu_order":0,"comment_status":"closed","ping_status":"closed","template":"","meta":{"footnotes":""},"class_list":["post-23","page","type-page","status-publish","hentry"],"_links":{"self":[{"href":"https:\/\/0-zz.com\/01\/wp-json\/wp\/v2\/pages\/23","targetHints":{"allow":["GET"]}}],"collection":[{"href":"https:\/\/0-zz.com\/01\/wp-json\/wp\/v2\/pages"}],"about":[{"href":"https:\/\/0-zz.com\/01\/wp-json\/wp\/v2\/types\/page"}],"author":[{"embeddable":true,"href":"https:\/\/0-zz.com\/01\/wp-json\/wp\/v2\/users\/1"}],"replies":[{"embeddable":true,"href":"https:\/\/0-zz.com\/01\/wp-json\/wp\/v2\/comments?post=23"}],"version-history":[{"count":4,"href":"https:\/\/0-zz.com\/01\/wp-json\/wp\/v2\/pages\/23\/revisions"}],"predecessor-version":[{"id":191,"href":"https:\/\/0-zz.com\/01\/wp-json\/wp\/v2\/pages\/23\/revisions\/191"}],"wp:attachment":[{"href":"https:\/\/0-zz.com\/01\/wp-json\/wp\/v2\/media?parent=23"}],"curies":[{"name":"wp","href":"https:\/\/api.w.org\/{rel}","templated":true}]}}