{"id":21,"date":"2022-02-20T22:24:58","date_gmt":"2022-02-20T08:24:58","guid":{"rendered":"https:\/\/0-zz.com\/01\/?page_id=21"},"modified":"2022-04-29T04:02:28","modified_gmt":"2022-04-28T14:02:28","slug":"0-2","status":"publish","type":"page","link":"https:\/\/0-zz.com\/01\/0-2\/","title":{"rendered":"0"},"content":{"rendered":"\n<h2 class=\"wp-block-heading\" id=\"0-01-0-010\">0 &#8211; 01\/0 &#8211; 010<\/h2>\n\n\n\n<figure class=\"wp-block-embed is-type-video is-provider-youtube wp-block-embed-youtube wp-embed-aspect-16-9 wp-has-aspect-ratio\"><div class=\"wp-block-embed__wrapper\">\n<iframe loading=\"lazy\" title=\"Igor Herbut &quot;Wkr\u0119ceni -- nie ufaj mi&quot; [OFICJALNY TELEDYSK]\" width=\"580\" height=\"326\" src=\"https:\/\/www.youtube.com\/embed\/z6jG8LxoeVI?feature=oembed\" frameborder=\"0\" allow=\"accelerometer; autoplay; clipboard-write; encrypted-media; gyroscope; picture-in-picture; web-share\" referrerpolicy=\"strict-origin-when-cross-origin\" allowfullscreen><\/iframe>\n<\/div><\/figure>\n\n\n\n<h2 class=\"wp-block-heading\" id=\"igor-herbut-wkreceni-nie-ufaj-mi-oficjalny-teledysk\">Igor Herbut &#8222;Wkr\u0119ceni &#8212; nie ufaj mi&#8221; [OFICJALNY TELEDYSK]<\/h2>\n\n\n\n<p>56M views&nbsp;\u00b7&nbsp;8 years ago<\/p>\n\n\n\n<h2 class=\"wp-block-heading\" id=\"wkreceni-film\">Wkr\u0119ceni film<\/h2>\n\n\n\n<p>SUBSCRIBED 47.7K subscribers<\/p>\n\n\n\n<p><a href=\"https:\/\/m.youtube.com\/channel\/UCOlNzcvCRuslGLG5y6d7Dsg\">https:\/\/m.youtube.com\/channel\/UCOlNzcvCRuslGLG5y6d7Dsg<\/a><\/p>\n\n\n\n<p>Rozszyfruj mnie, zdemaskuj blef<br>nie dowierzaj\u0105c unie\u015b sw\u0105 brew.<br>Podejd\u017a i sprawd\u017a, co w r\u0119kach mam.<br>Zburz jednym ruchem jak domek z kart.<br>Starasz si\u0119 zasn\u0105\u0107,<br>zanim zrobi si\u0119 zn\u00f3w jasno.<br>Wci\u0105\u017c wierzysz, \u017ce przejrza\u0142a\u015b mnie,<br>a patrz\u0105c z bliska widzisz najmniej.<\/p>\n\n\n\n<p>\u017bycie jest ma\u0142\u0105 \u015bciemniar\u0105,<br>wr\u00f3blic\u0105, wyg\u0105, cwaniar\u0105.<br>Pl\u0105cze nam nogi i m\u00f3wi id\u017a!<br>Nie wierz, nie ufaj mi!<br>\u017bycie jest ma\u0142\u0105 \u015bciemniar\u0105,<br>franc\u0105, wr\u00f3blic\u0105, cwaniar\u0105.<br>Pl\u0105cze nam nogi i m\u00f3wi id\u017a!<br>Wkr\u0119ceni w zgubn\u0105 ni\u0107.<\/p>\n\n\n\n<p>Pada\u0142 deszcz, tak jak dzi\u015b.<br>Mia\u0142a\u015b uchylone drzwi,<br>sta\u0142em w nich, niczym pies,<br>w z\u0119bach nios\u0105c bukiet \u015bciem.<br>Zatrzasn\u0119\u0142a\u015b je na klucz,<br>wystawi\u0142a\u015b mnie na bruk,<br>cho\u0107 racj\u0119 masz, \u017ce nie znasz mnie.<br>Jak mog\u0142a\u015b tak da\u0107 wkr\u0119ci\u0107 si\u0119?<\/p>\n\n\n\n<p>\u017bycie jest ma\u0142\u0105 \u015bciemniar\u0105,<br>wr\u00f3blic\u0105, wyg\u0105, cwaniar\u0105.<br>Pl\u0105cze nam nogi i m\u00f3wi id\u017a!<br>Nie wierz, nie ufaj mi!<br>\u017bycie jest ma\u0142\u0105 \u015bciemniar\u0105,<br>franc\u0105, wr\u00f3blic\u0105, cwaniar\u0105.<br>Pl\u0105cze nam nogi i m\u00f3wi id\u017a!<br>Wkr\u0119ceni w zgubn\u0105 ni\u0107!<\/p>\n\n\n\n<p>Wkr\u0119ceeeeni (x3)<\/p>\n\n\n\n<p>\u017bycie jest ma\u0142\u0105 \u015bciemniar\u0105,<br>wr\u00f3blic\u0105, wyg\u0105, cwaniar\u0105.<br>Pl\u0105cze nam nogi i m\u00f3wi id\u017a!<br>Nie wierz, nie ufaj mi!<br>\u017bycie jest ma\u0142\u0105 \u015bciemniar\u0105,<br>franc\u0105, wr\u00f3blic\u0105, cwaniar\u0105.<br>Pl\u0105cze nam nogi i m\u00f3wi id\u017a!<br>Wkr\u0119ceni w zgubn\u0105 ni\u0107!<\/p>\n\n\n\n<figure class=\"wp-block-table\"><table><tbody><tr><th>Autor tekstu:<\/th><td>Igor Herbut, Ma\u0142gorzata Dacko<\/td><\/tr><tr><th>Kompozytor:<\/th><td>Ania D\u0105browska, Kuba Gali\u0144ski, Igor Herbut, Olek \u015awierkot<\/td><\/tr><\/tbody><\/table><\/figure>\n\n\n\n<p><a href=\"https:\/\/www.tekstowo.pl\/piosenka,igor_herbut,wkreceni__nie_ufaj_mi_.html\">https:\/\/www.tekstowo.pl\/piosenka,igor_herbut,wkreceni__nie_ufaj_mi_.html<\/a><\/p>\n\n\n\n<hr class=\"wp-block-separator\"\/>\n\n\n\n<h4 class=\"wp-block-heading\">0-zz.com\/0 &#8211; 0-zz.com\/z :<\/h4>\n\n\n\n<p><small><strong><a href=\"http:\/\/0-zz.com\/0\">1\ufe0f\u20e31\ufe0f\u20e3-0<\/a> |<a href=\"http:\/\/0-zz.com\/1\">1\ufe0f\u20e32\ufe0f\u20e3-1<\/a> |<a href=\"http:\/\/0-zz.com\/2\">1\ufe0f\u20e33\ufe0f\u20e3-2<\/a> |<a href=\"http:\/\/0-zz.com\/3\">1\ufe0f\u20e34\ufe0f\u20e3-3<\/a> |<a href=\"http:\/\/0-zz.com\/4\">1\ufe0f\u20e35\ufe0f\u20e3-4<\/a> |<a href=\"http:\/\/0-zz.com\/5\">1\ufe0f\u20e36\ufe0f\u20e3-5<\/a> <\/strong><\/small><br><small> <strong><a href=\"http:\/\/0-zz.com\/6\">2\ufe0f\u20e31\ufe0f\u20e3-6<\/a> |<a href=\"http:\/\/0-zz.com\/7\">2\ufe0f\u20e32\ufe0f\u20e3-7<\/a> |<a href=\"http:\/\/0-zz.com\/8\">2\ufe0f\u20e33\ufe0f\u20e3-8<\/a> |<a href=\"http:\/\/0-zz.com\/9\">2\ufe0f\u20e34\ufe0f\u20e3-9<\/a> |<a href=\"http:\/\/0-zz.com\/a\">2\ufe0f\u20e35\ufe0f\u20e3-A<\/a> |<a href=\"http:\/\/0-zz.com\/b\">2\ufe0f\u20e36\ufe0f\u20e3-B<\/a><\/strong><\/small><br><small> <strong><a href=\"http:\/\/0-zz.com\/c\">3\ufe0f\u20e31\ufe0f\u20e3-C<\/a> |<a href=\"http:\/\/0-zz.com\/d\">3\ufe0f\u20e32\ufe0f\u20e3-D<\/a> |<a href=\"http:\/\/0-zz.com\/e\">3\ufe0f\u20e33\ufe0f\u20e3-E<\/a> |<a href=\"http:\/\/0-zz.com\/f\">3\ufe0f\u20e34\ufe0f\u20e3-F<\/a> |<a href=\"http:\/\/0-zz.com\/g\">3\ufe0f\u20e35\ufe0f\u20e3-G<\/a> |<a href=\"http:\/\/0-zz.com\/h\">3\ufe0f\u20e36\ufe0f\u20e3-H<\/a><\/strong><\/small><br><small> <strong><a href=\"http:\/\/0-zz.com\/i\">4\ufe0f\u20e31\ufe0f\u20e3-I<\/a> |<a href=\"http:\/\/0-zz.com\/j\">4\ufe0f\u20e32\ufe0f\u20e3-J<\/a> |<a href=\"http:\/\/0-zz.com\/k\">4\ufe0f\u20e33\ufe0f\u20e3-K<\/a> |<a href=\"http:\/\/0-zz.com\/l\">4\ufe0f\u20e34\ufe0f\u20e3-L<\/a> |<a href=\"http:\/\/0-zz.com\/m\">4\ufe0f\u20e35\ufe0f\u20e3-M<\/a> |<a href=\"http:\/\/0-zz.com\/n\">4\ufe0f\u20e36\ufe0f\u20e3-N<\/a><\/strong><\/small><br><small> <strong><a href=\"http:\/\/0-zz.com\/o\">5\ufe0f\u20e31\ufe0f\u20e3-O<\/a> |<a href=\"http:\/\/0-zz.com\/p\">5\ufe0f\u20e32\ufe0f\u20e3-P<\/a> |<a href=\"http:\/\/0-zz.com\/q\">5\ufe0f\u20e33\ufe0f\u20e3-Q<\/a> |<a href=\"http:\/\/0-zz.com\/r\">5\ufe0f\u20e34\ufe0f\u20e3-R<\/a> |<a href=\"http:\/\/0-zz.com\/s\">5\ufe0f\u20e35\ufe0f\u20e3-S<\/a> |<a href=\"http:\/\/0-zz.com\/t\">5\ufe0f\u20e36\ufe0f\u20e3-T<\/a><\/strong><\/small><br><small> <strong><a href=\"http:\/\/0-zz.com\/u\">6\ufe0f\u20e31\ufe0f\u20e3-U<\/a> |<a href=\"http:\/\/0-zz.com\/v\">6\ufe0f\u20e32\ufe0f\u20e3-V<\/a> |<a href=\"http:\/\/0-zz.com\/w\">6\ufe0f\u20e33\ufe0f\u20e3-W<\/a> |<a href=\"http:\/\/0-zz.com\/x\">6\ufe0f\u20e34\ufe0f\u20e3-X<\/a> |<a href=\"http:\/\/0-zz.com\/y\">6\ufe0f\u20e35\ufe0f\u20e3-Y<\/a> |<a href=\"http:\/\/0-zz.com\/z\">6\ufe0f\u20e36\ufe0f\u20e3-Z<\/a><\/strong><\/small><\/p>\n\n\n\n<p>Roll 2 dice ?? 1\ufe0f\u20e32\ufe0f\u20e33\ufe0f\u20e34\ufe0f\u20e35\ufe0f\u20e36\ufe0f\u20e3<\/p>\n\n\n\n<p><a href=\"https:\/\/www.random.org\/dice\/\">https:\/\/www.random.org\/dice\/<\/a><\/p>\n\n\n\n<p><a href=\"https:\/\/www.google.com\/search?q=dice+roller\">https:\/\/www.google.com\/search?q=dice+roller<\/a><\/p>\n\n\n\n<hr class=\"wp-block-separator\"\/>\n\n\n\n<p><a href=\"https:\/\/12r.pl\/ea\/\">12r.pl\/ea<\/a>&nbsp;-&gt;&nbsp;<a href=\"https:\/\/12r.uk\/ea\/\">12r.uk\/ea<\/a>&nbsp;-&gt;&nbsp;<a href=\"https:\/\/7hi7.com\/ea\/\">7hi7.com\/ea<\/a><\/p>\n\n\n\n<p>Wikipedia.org &#8211; Play game &#8211; portals, categories, states, cities, capital cities<\/p>\n","protected":false},"excerpt":{"rendered":"<p>0 &#8211; 01\/0 &#8211; 010 Igor Herbut &#8222;Wkr\u0119ceni &#8212; nie ufaj mi&#8221; [OFICJALNY TELEDYSK] 56M views&nbsp;\u00b7&nbsp;8 years ago Wkr\u0119ceni film SUBSCRIBED 47.7K subscribers https:\/\/m.youtube.com\/channel\/UCOlNzcvCRuslGLG5y6d7Dsg Rozszyfruj mnie, zdemaskuj blefnie dowierzaj\u0105c unie\u015b sw\u0105 brew.Podejd\u017a i sprawd\u017a, co w r\u0119kach mam.Zburz jednym ruchem jak domek z kart.Starasz si\u0119 zasn\u0105\u0107,zanim zrobi si\u0119 zn\u00f3w jasno.Wci\u0105\u017c wierzysz, \u017ce przejrza\u0142a\u015b mnie,a patrz\u0105c [&hellip;]<\/p>\n","protected":false},"author":1,"featured_media":0,"parent":0,"menu_order":0,"comment_status":"closed","ping_status":"closed","template":"","meta":{"footnotes":""},"class_list":["post-21","page","type-page","status-publish","hentry"],"_links":{"self":[{"href":"https:\/\/0-zz.com\/01\/wp-json\/wp\/v2\/pages\/21","targetHints":{"allow":["GET"]}}],"collection":[{"href":"https:\/\/0-zz.com\/01\/wp-json\/wp\/v2\/pages"}],"about":[{"href":"https:\/\/0-zz.com\/01\/wp-json\/wp\/v2\/types\/page"}],"author":[{"embeddable":true,"href":"https:\/\/0-zz.com\/01\/wp-json\/wp\/v2\/users\/1"}],"replies":[{"embeddable":true,"href":"https:\/\/0-zz.com\/01\/wp-json\/wp\/v2\/comments?post=21"}],"version-history":[{"count":3,"href":"https:\/\/0-zz.com\/01\/wp-json\/wp\/v2\/pages\/21\/revisions"}],"predecessor-version":[{"id":190,"href":"https:\/\/0-zz.com\/01\/wp-json\/wp\/v2\/pages\/21\/revisions\/190"}],"wp:attachment":[{"href":"https:\/\/0-zz.com\/01\/wp-json\/wp\/v2\/media?parent=21"}],"curies":[{"name":"wp","href":"https:\/\/api.w.org\/{rel}","templated":true}]}}