{"id":90,"date":"2020-04-07T20:21:17","date_gmt":"2020-04-08T08:21:17","guid":{"rendered":"http:\/\/0-zz.com\/00\/?page_id=90"},"modified":"2022-04-28T02:01:12","modified_gmt":"2022-04-28T14:01:12","slug":"z","status":"publish","type":"page","link":"https:\/\/0-zz.com\/00\/z\/","title":{"rendered":"Z"},"content":{"rendered":"\n<h2 class=\"wp-block-heading\" id=\"z-00-z-00z\">z &#8211; 00\/z &#8211; 00Z<\/h2>\n\n\n\n<figure class=\"wp-block-embed is-type-video is-provider-youtube wp-block-embed-youtube wp-embed-aspect-16-9 wp-has-aspect-ratio\"><div class=\"wp-block-embed__wrapper\">\n<iframe loading=\"lazy\" title=\"Antek Smykiewicz - Pomimo Burz (Official Music Video)\" width=\"580\" height=\"326\" src=\"https:\/\/www.youtube.com\/embed\/BtfGG8dhMNc?feature=oembed\" frameborder=\"0\" allow=\"accelerometer; autoplay; clipboard-write; encrypted-media; gyroscope; picture-in-picture; web-share\" referrerpolicy=\"strict-origin-when-cross-origin\" allowfullscreen><\/iframe>\n<\/div><\/figure>\n\n\n\n<h2 class=\"wp-block-heading\" id=\"antek-smykiewicz-pomimo-burz-official-music-video\">Antek Smykiewicz &#8211; Pomimo Burz (Official Music Video)<\/h2>\n\n\n\n<p>57M views&nbsp;\u00b7&nbsp;6 years ago<\/p>\n\n\n\n<h2 class=\"wp-block-heading\" id=\"antek-smykiewicz\">Antek Smykiewicz<\/h2>\n\n\n\n<p>SUBSCRIBED 93.8K subscribers<\/p>\n\n\n\n<p><a href=\"https:\/\/m.youtube.com\/channel\/UCKZscjbKsRW8KPbOJUl45_w\">https:\/\/m.youtube.com\/channel\/UCKZscjbKsRW8KPbOJUl45_w<\/a><\/p>\n\n\n\n<p>Pomimo raf pomimo ska\u0142<br>Pomimo stumetrowych fal<br>Pomimo burz, b\u0142yskawic w &#8221;z&#8221;<br>Ja ci\u0105gle ciebie chc\u0119<\/p>\n\n\n\n<p>Pomimo ci\u0119\u0107, spalonych drzew<br>I zimy, kt\u00f3ra mrozi krew<br>Powodzi co zabiera nas<br>Ja mam dla ciebie czas<\/p>\n\n\n\n<p>I jeszcze miejsca troch\u0119 mam<br>Na wybuchy, s\u0142owa skruchy<br>Na ten niepokoju stan<br>I jeszcze znajd\u0119 wi\u0119cej si\u0142<br>B\u0119d\u0119 walczy\u0142, b\u0119d\u0119 kocha\u0142<br>B\u0119d\u0119 si\u0119 o ciebie bi\u0142<\/p>\n\n\n\n<p>Pomimo ci\u0119\u0107 pomimo ran<br>Do przodu wszystko jako\u015b pcham<br>I staram si\u0119 nie zmieni\u0107 nic<br>Dla ciebie mog\u0119 \u017cy\u0107<\/p>\n\n\n\n<p>I mimo \u017ce szaleje wiatr<br>Dam sobie rad\u0119, bo wiem jak<br>Na wszystko gdzie\u015b formu\u0142a jest<br>Nic nie zaskoczy mnie<\/p>\n\n\n\n<p>I jeszcze miejsca troch\u0119 mam<br>Na wybuchy, s\u0142owa skruchy<br>Na ten niepokoju stan<br>I jeszcze znajd\u0119 wi\u0119cej si\u0142<br>B\u0119d\u0119 walczy\u0142, b\u0119d\u0119 kocha\u0142<br>B\u0119d\u0119 si\u0119 o ciebie bi\u0142 x2<\/p>\n\n\n\n<p>B\u0119d\u0119 walczy\u0142, b\u0119d\u0119 kocha\u0142<br>B\u0119d\u0119 si\u0119 o ciebie bi\u0142<\/p>\n\n\n\n<p>Znajd\u0119 wi\u0119cej si\u0142<br>Znajd\u0119 wi\u0119cej si\u0142<\/p>\n\n\n\n<figure class=\"wp-block-table\"><table><tbody><tr><th>Autor tekstu:<\/th><td>Marek Ko\u015bcikiewicz<\/td><\/tr><tr><th>Kompozytor:<\/th><td>Marek Ko\u015bcikiewicz<\/td><\/tr><\/tbody><\/table><\/figure>\n\n\n\n<p><a href=\"https:\/\/www.tekstowo.pl\/piosenka,antek_smykiewicz,pomimo_burz.html\">https:\/\/www.tekstowo.pl\/piosenka,antek_smykiewicz,pomimo_burz.html<\/a><\/p>\n\n\n\n<hr class=\"wp-block-separator\"\/>\n\n\n\n<h4 class=\"wp-block-heading\">0-zz.com\/0 &#8211; 0-zz.com\/z :<\/h4>\n\n\n\n<p><small><strong><a href=\"http:\/\/0-zz.com\/0\">1\ufe0f\u20e31\ufe0f\u20e3-0<\/a> |<a href=\"http:\/\/0-zz.com\/1\">1\ufe0f\u20e32\ufe0f\u20e3-1<\/a> |<a href=\"http:\/\/0-zz.com\/2\">1\ufe0f\u20e33\ufe0f\u20e3-2<\/a> |<a href=\"http:\/\/0-zz.com\/3\">1\ufe0f\u20e34\ufe0f\u20e3-3<\/a> |<a href=\"http:\/\/0-zz.com\/4\">1\ufe0f\u20e35\ufe0f\u20e3-4<\/a> |<a href=\"http:\/\/0-zz.com\/5\">1\ufe0f\u20e36\ufe0f\u20e3-5<\/a> <\/strong><\/small><br><small> <strong><a href=\"http:\/\/0-zz.com\/6\">2\ufe0f\u20e31\ufe0f\u20e3-6<\/a> |<a href=\"http:\/\/0-zz.com\/7\">2\ufe0f\u20e32\ufe0f\u20e3-7<\/a> |<a href=\"http:\/\/0-zz.com\/8\">2\ufe0f\u20e33\ufe0f\u20e3-8<\/a> |<a href=\"http:\/\/0-zz.com\/9\">2\ufe0f\u20e34\ufe0f\u20e3-9<\/a> |<a href=\"http:\/\/0-zz.com\/a\">2\ufe0f\u20e35\ufe0f\u20e3-A<\/a> |<a href=\"http:\/\/0-zz.com\/b\">2\ufe0f\u20e36\ufe0f\u20e3-B<\/a><\/strong><\/small><br><small> <strong><a href=\"http:\/\/0-zz.com\/c\">3\ufe0f\u20e31\ufe0f\u20e3-C<\/a> |<a href=\"http:\/\/0-zz.com\/d\">3\ufe0f\u20e32\ufe0f\u20e3-D<\/a> |<a href=\"http:\/\/0-zz.com\/e\">3\ufe0f\u20e33\ufe0f\u20e3-E<\/a> |<a href=\"http:\/\/0-zz.com\/f\">3\ufe0f\u20e34\ufe0f\u20e3-F<\/a> |<a href=\"http:\/\/0-zz.com\/g\">3\ufe0f\u20e35\ufe0f\u20e3-G<\/a> |<a href=\"http:\/\/0-zz.com\/h\">3\ufe0f\u20e36\ufe0f\u20e3-H<\/a><\/strong><\/small><br><small> <strong><a href=\"http:\/\/0-zz.com\/i\">4\ufe0f\u20e31\ufe0f\u20e3-I<\/a> |<a href=\"http:\/\/0-zz.com\/j\">4\ufe0f\u20e32\ufe0f\u20e3-J<\/a> |<a href=\"http:\/\/0-zz.com\/k\">4\ufe0f\u20e33\ufe0f\u20e3-K<\/a> |<a href=\"http:\/\/0-zz.com\/l\">4\ufe0f\u20e34\ufe0f\u20e3-L<\/a> |<a href=\"http:\/\/0-zz.com\/m\">4\ufe0f\u20e35\ufe0f\u20e3-M<\/a> |<a href=\"http:\/\/0-zz.com\/n\">4\ufe0f\u20e36\ufe0f\u20e3-N<\/a><\/strong><\/small><br><small> <strong><a href=\"http:\/\/0-zz.com\/o\">5\ufe0f\u20e31\ufe0f\u20e3-O<\/a> |<a href=\"http:\/\/0-zz.com\/p\">5\ufe0f\u20e32\ufe0f\u20e3-P<\/a> |<a href=\"http:\/\/0-zz.com\/q\">5\ufe0f\u20e33\ufe0f\u20e3-Q<\/a> |<a href=\"http:\/\/0-zz.com\/r\">5\ufe0f\u20e34\ufe0f\u20e3-R<\/a> |<a href=\"http:\/\/0-zz.com\/s\">5\ufe0f\u20e35\ufe0f\u20e3-S<\/a> |<a href=\"http:\/\/0-zz.com\/t\">5\ufe0f\u20e36\ufe0f\u20e3-T<\/a><\/strong><\/small><br><small> <strong><a href=\"http:\/\/0-zz.com\/u\">6\ufe0f\u20e31\ufe0f\u20e3-U<\/a> |<a href=\"http:\/\/0-zz.com\/v\">6\ufe0f\u20e32\ufe0f\u20e3-V<\/a> |<a href=\"http:\/\/0-zz.com\/w\">6\ufe0f\u20e33\ufe0f\u20e3-W<\/a> |<a href=\"http:\/\/0-zz.com\/x\">6\ufe0f\u20e34\ufe0f\u20e3-X<\/a> |<a href=\"http:\/\/0-zz.com\/y\">6\ufe0f\u20e35\ufe0f\u20e3-Y<\/a> |<a href=\"http:\/\/0-zz.com\/z\">6\ufe0f\u20e36\ufe0f\u20e3-Z<\/a><\/strong><\/small><\/p>\n\n\n\n<p>Roll 2 dice ?? 1\ufe0f\u20e32\ufe0f\u20e33\ufe0f\u20e34\ufe0f\u20e35\ufe0f\u20e36\ufe0f\u20e3<\/p>\n\n\n\n<p><a href=\"https:\/\/www.random.org\/dice\/\">https:\/\/www.random.org\/dice\/<\/a><\/p>\n\n\n\n<p><a href=\"https:\/\/www.google.com\/search?q=dice+roller\">https:\/\/www.google.com\/search?q=dice+roller<\/a><\/p>\n\n\n\n<hr class=\"wp-block-separator\"\/>\n\n\n\n<p><a href=\"https:\/\/12r.pl\/ea\/\">12r.pl\/ea<\/a>&nbsp;-&gt;&nbsp;<a href=\"https:\/\/12r.uk\/ea\/\">12r.uk\/ea<\/a>&nbsp;-&gt;&nbsp;<a href=\"https:\/\/7hi7.com\/ea\/\">7hi7.com\/ea<\/a><\/p>\n\n\n\n<p>Wikipedia.org &#8211; Play game &#8211; portals, categories, states, cities, capital cities<\/p>\n","protected":false},"excerpt":{"rendered":"<p>z &#8211; 00\/z &#8211; 00Z Antek Smykiewicz &#8211; Pomimo Burz (Official Music Video) 57M views&nbsp;\u00b7&nbsp;6 years ago Antek Smykiewicz SUBSCRIBED 93.8K subscribers https:\/\/m.youtube.com\/channel\/UCKZscjbKsRW8KPbOJUl45_w Pomimo raf pomimo ska\u0142Pomimo stumetrowych falPomimo burz, b\u0142yskawic w &#8221;z&#8221;Ja ci\u0105gle ciebie chc\u0119 Pomimo ci\u0119\u0107, spalonych drzewI zimy, kt\u00f3ra mrozi krewPowodzi co zabiera nasJa mam dla ciebie czas I jeszcze miejsca troch\u0119 [&hellip;]<\/p>\n","protected":false},"author":1,"featured_media":0,"parent":0,"menu_order":0,"comment_status":"closed","ping_status":"closed","template":"","meta":{"footnotes":""},"class_list":["post-90","page","type-page","status-publish","hentry"],"_links":{"self":[{"href":"https:\/\/0-zz.com\/00\/wp-json\/wp\/v2\/pages\/90","targetHints":{"allow":["GET"]}}],"collection":[{"href":"https:\/\/0-zz.com\/00\/wp-json\/wp\/v2\/pages"}],"about":[{"href":"https:\/\/0-zz.com\/00\/wp-json\/wp\/v2\/types\/page"}],"author":[{"embeddable":true,"href":"https:\/\/0-zz.com\/00\/wp-json\/wp\/v2\/users\/1"}],"replies":[{"embeddable":true,"href":"https:\/\/0-zz.com\/00\/wp-json\/wp\/v2\/comments?post=90"}],"version-history":[{"count":5,"href":"https:\/\/0-zz.com\/00\/wp-json\/wp\/v2\/pages\/90\/revisions"}],"predecessor-version":[{"id":308,"href":"https:\/\/0-zz.com\/00\/wp-json\/wp\/v2\/pages\/90\/revisions\/308"}],"wp:attachment":[{"href":"https:\/\/0-zz.com\/00\/wp-json\/wp\/v2\/media?parent=90"}],"curies":[{"name":"wp","href":"https:\/\/api.w.org\/{rel}","templated":true}]}}