{"id":86,"date":"2020-04-07T20:20:57","date_gmt":"2020-04-08T08:20:57","guid":{"rendered":"http:\/\/0-zz.com\/00\/?page_id=86"},"modified":"2022-04-28T01:59:15","modified_gmt":"2022-04-28T13:59:15","slug":"x","status":"publish","type":"page","link":"https:\/\/0-zz.com\/00\/x\/","title":{"rendered":"X"},"content":{"rendered":"\n<h2 class=\"wp-block-heading\" id=\"x-00-x-00x\">x &#8211; 00\/x &#8211; 00X<\/h2>\n\n\n\n<figure class=\"wp-block-embed is-type-video is-provider-youtube wp-block-embed-youtube wp-embed-aspect-16-9 wp-has-aspect-ratio\"><div class=\"wp-block-embed__wrapper\">\n<iframe loading=\"lazy\" title=\"Agnieszka Chyli\u0144ska - Kr\u00f3lowa \u0141ez [Official Music Video]\" width=\"580\" height=\"326\" src=\"https:\/\/www.youtube.com\/embed\/IrH_7r53EKY?feature=oembed\" frameborder=\"0\" allow=\"accelerometer; autoplay; clipboard-write; encrypted-media; gyroscope; picture-in-picture; web-share\" referrerpolicy=\"strict-origin-when-cross-origin\" allowfullscreen><\/iframe>\n<\/div><\/figure>\n\n\n\n<h2 class=\"wp-block-heading\" id=\"agnieszka-chylinska-krolowa-lez-official-music-video\">Agnieszka Chyli\u0144ska &#8211; Kr\u00f3lowa \u0141ez [Official Music Video]<\/h2>\n\n\n\n<p>72M views&nbsp;\u00b7&nbsp;5 years ago<\/p>\n\n\n\n<h2 class=\"wp-block-heading\" id=\"agnieszka-chylinska\">Agnieszka Chyli\u0144ska<\/h2>\n\n\n\n<p>SUBSCRIBED 211K subscribers<\/p>\n\n\n\n<p><a href=\"https:\/\/m.youtube.com\/channel\/UCRUgR-xZIFVMu8i5oyPXsLQ\">https:\/\/m.youtube.com\/channel\/UCRUgR-xZIFVMu8i5oyPXsLQ<\/a><\/p>\n\n\n\n<p>Straci\u0142am m\u00f3j w\u0142asny g\u0142os wobec prostych prawd<br>Przybita niech\u0119ci\u0105 do ludzkich trosk i spraw<br>Zegary cofaj\u0105 si\u0119 wci\u0105\u017c do starych lat<br>Bole\u015bnie przemijam&#8230; od tak&#8230;<\/p>\n\n\n\n<p>To ca\u0142a ja<br>To w\u0142a\u015bnie ja<br>Kr\u00f3lowa \u0142ez<br>Kr\u00f3lowa strat<\/p>\n\n\n\n<p>Chcia\u0142am pokocha\u0107 Ci\u0119, ale nie wiem jak<br>Umiera si\u0119 ten pierwszy raz<br>By zacz\u0105\u0107 liczy\u0107 lepszy czas<br>Jak mam otworzy\u0107 si\u0119 na ten b\u00f3l i strach<br>Rozpadnie si\u0119 m\u00f3j ca\u0142y \u015bwiat<br>Nie umiem, nie chc\u0119, wol\u0119 tak&#8230;<br>Ju\u017c wol\u0119 nie czu\u0107 nic<\/p>\n\n\n\n<p>Przywieram do obcych ust<br>My\u015bl\u0119: szkoda nas<br>W rozpaczy odcinam co\u015b<br>Nie czu\u0107 uciec trwa\u0107<br>Zm\u0119czenie zniewala mnie<br>Nuda pcha do bzdur<br>Ciemno\u015b\u0107 ciemno\u015b\u0107&#8230;<\/p>\n\n\n\n<p>To ca\u0142a ja<br>To w\u0142a\u015bnie ja<br>Kr\u00f3lowa \u0142ez<br>Kr\u00f3lowa strat&#8230;<\/p>\n\n\n\n<p>Chcia\u0142am pokocha\u0107 Ci\u0119 ale nie wiem jak<br>Umiera si\u0119 ten pierwszy raz<br>BY zacz\u0105\u0107 liczy\u0107 lepszy czas<br>Jak mam otworzy\u0107 si\u0119 na ten b\u00f3l i strach<br>Rozpadnie si\u0119 m\u00f3j ca\u0142y \u015bwiat<br>Nie umiem nie chc\u0119 wol\u0119 tak<\/p>\n\n\n\n<p>Ca\u0142a ja<br>Ca\u0142a ja<br>W\u0142a\u015bnie ja<br>Ja, ja<\/p>\n\n\n\n<p>Jak mam pokocha\u0107 Ci\u0119<br>Daj mi jaki\u015b znak<br>Umieram dzisiaj pierwszy raz<br>By zacz\u0105\u0107 liczy\u0107 lepszy czas<br>Chcia\u0142am pokocha\u0107 Ci\u0119 ale nie wiem jak<br>Pokocha\u0107 w sobie b\u00f3l i strach<br>Ocali\u0107 \u017cycie mimo strat<\/p>\n\n\n\n<p>Ocali\u0107 je<br>Ocali\u0107 nas<br>Ocali\u0107 nas&#8230;<\/p>\n\n\n\n<figure class=\"wp-block-table\"><table><tbody><tr><th>Autor tekstu:<\/th><td>Agnieszka Chyli\u0144ska<\/td><\/tr><tr><th>Kompozytor:<\/th><td>Bartek Kr\u00f3lik, Marek Piotrowski<\/td><\/tr><\/tbody><\/table><\/figure>\n\n\n\n<p><a href=\"https:\/\/www.tekstowo.pl\/piosenka,agnieszka_chyli_ska,krolowa_lez.html\">https:\/\/www.tekstowo.pl\/piosenka,agnieszka_chyli_ska,krolowa_lez.html<\/a><\/p>\n\n\n\n<hr class=\"wp-block-separator\"\/>\n\n\n\n<h4 class=\"wp-block-heading\">0-zz.com\/0 &#8211; 0-zz.com\/z :<\/h4>\n\n\n\n<p><small><strong><a href=\"http:\/\/0-zz.com\/0\">1\ufe0f\u20e31\ufe0f\u20e3-0<\/a> |<a href=\"http:\/\/0-zz.com\/1\">1\ufe0f\u20e32\ufe0f\u20e3-1<\/a> |<a href=\"http:\/\/0-zz.com\/2\">1\ufe0f\u20e33\ufe0f\u20e3-2<\/a> |<a href=\"http:\/\/0-zz.com\/3\">1\ufe0f\u20e34\ufe0f\u20e3-3<\/a> |<a href=\"http:\/\/0-zz.com\/4\">1\ufe0f\u20e35\ufe0f\u20e3-4<\/a> |<a href=\"http:\/\/0-zz.com\/5\">1\ufe0f\u20e36\ufe0f\u20e3-5<\/a> <\/strong><\/small><br><small> <strong><a href=\"http:\/\/0-zz.com\/6\">2\ufe0f\u20e31\ufe0f\u20e3-6<\/a> |<a href=\"http:\/\/0-zz.com\/7\">2\ufe0f\u20e32\ufe0f\u20e3-7<\/a> |<a href=\"http:\/\/0-zz.com\/8\">2\ufe0f\u20e33\ufe0f\u20e3-8<\/a> |<a href=\"http:\/\/0-zz.com\/9\">2\ufe0f\u20e34\ufe0f\u20e3-9<\/a> |<a href=\"http:\/\/0-zz.com\/a\">2\ufe0f\u20e35\ufe0f\u20e3-A<\/a> |<a href=\"http:\/\/0-zz.com\/b\">2\ufe0f\u20e36\ufe0f\u20e3-B<\/a><\/strong><\/small><br><small> <strong><a href=\"http:\/\/0-zz.com\/c\">3\ufe0f\u20e31\ufe0f\u20e3-C<\/a> |<a href=\"http:\/\/0-zz.com\/d\">3\ufe0f\u20e32\ufe0f\u20e3-D<\/a> |<a href=\"http:\/\/0-zz.com\/e\">3\ufe0f\u20e33\ufe0f\u20e3-E<\/a> |<a href=\"http:\/\/0-zz.com\/f\">3\ufe0f\u20e34\ufe0f\u20e3-F<\/a> |<a href=\"http:\/\/0-zz.com\/g\">3\ufe0f\u20e35\ufe0f\u20e3-G<\/a> |<a href=\"http:\/\/0-zz.com\/h\">3\ufe0f\u20e36\ufe0f\u20e3-H<\/a><\/strong><\/small><br><small> <strong><a href=\"http:\/\/0-zz.com\/i\">4\ufe0f\u20e31\ufe0f\u20e3-I<\/a> |<a href=\"http:\/\/0-zz.com\/j\">4\ufe0f\u20e32\ufe0f\u20e3-J<\/a> |<a href=\"http:\/\/0-zz.com\/k\">4\ufe0f\u20e33\ufe0f\u20e3-K<\/a> |<a href=\"http:\/\/0-zz.com\/l\">4\ufe0f\u20e34\ufe0f\u20e3-L<\/a> |<a href=\"http:\/\/0-zz.com\/m\">4\ufe0f\u20e35\ufe0f\u20e3-M<\/a> |<a href=\"http:\/\/0-zz.com\/n\">4\ufe0f\u20e36\ufe0f\u20e3-N<\/a><\/strong><\/small><br><small> <strong><a href=\"http:\/\/0-zz.com\/o\">5\ufe0f\u20e31\ufe0f\u20e3-O<\/a> |<a href=\"http:\/\/0-zz.com\/p\">5\ufe0f\u20e32\ufe0f\u20e3-P<\/a> |<a href=\"http:\/\/0-zz.com\/q\">5\ufe0f\u20e33\ufe0f\u20e3-Q<\/a> |<a href=\"http:\/\/0-zz.com\/r\">5\ufe0f\u20e34\ufe0f\u20e3-R<\/a> |<a href=\"http:\/\/0-zz.com\/s\">5\ufe0f\u20e35\ufe0f\u20e3-S<\/a> |<a href=\"http:\/\/0-zz.com\/t\">5\ufe0f\u20e36\ufe0f\u20e3-T<\/a><\/strong><\/small><br><small> <strong><a href=\"http:\/\/0-zz.com\/u\">6\ufe0f\u20e31\ufe0f\u20e3-U<\/a> |<a href=\"http:\/\/0-zz.com\/v\">6\ufe0f\u20e32\ufe0f\u20e3-V<\/a> |<a href=\"http:\/\/0-zz.com\/w\">6\ufe0f\u20e33\ufe0f\u20e3-W<\/a> |<a href=\"http:\/\/0-zz.com\/x\">6\ufe0f\u20e34\ufe0f\u20e3-X<\/a> |<a href=\"http:\/\/0-zz.com\/y\">6\ufe0f\u20e35\ufe0f\u20e3-Y<\/a> |<a href=\"http:\/\/0-zz.com\/z\">6\ufe0f\u20e36\ufe0f\u20e3-Z<\/a><\/strong><\/small><\/p>\n\n\n\n<p>Roll 2 dice ?? 1\ufe0f\u20e32\ufe0f\u20e33\ufe0f\u20e34\ufe0f\u20e35\ufe0f\u20e36\ufe0f\u20e3<\/p>\n\n\n\n<p><a href=\"https:\/\/www.random.org\/dice\/\">https:\/\/www.random.org\/dice\/<\/a><\/p>\n\n\n\n<p><a href=\"https:\/\/www.google.com\/search?q=dice+roller\">https:\/\/www.google.com\/search?q=dice+roller<\/a><\/p>\n\n\n\n<hr class=\"wp-block-separator\"\/>\n\n\n\n<p><a href=\"https:\/\/12r.pl\/ea\/\">12r.pl\/ea<\/a>&nbsp;-&gt;&nbsp;<a href=\"https:\/\/12r.uk\/ea\/\">12r.uk\/ea<\/a>&nbsp;-&gt;&nbsp;<a href=\"https:\/\/7hi7.com\/ea\/\">7hi7.com\/ea<\/a><\/p>\n\n\n\n<p>Wikipedia.org &#8211; Play game &#8211; portals, categories, states, cities, capital cities<\/p>\n","protected":false},"excerpt":{"rendered":"<p>x &#8211; 00\/x &#8211; 00X Agnieszka Chyli\u0144ska &#8211; Kr\u00f3lowa \u0141ez [Official Music Video] 72M views&nbsp;\u00b7&nbsp;5 years ago Agnieszka Chyli\u0144ska SUBSCRIBED 211K subscribers https:\/\/m.youtube.com\/channel\/UCRUgR-xZIFVMu8i5oyPXsLQ Straci\u0142am m\u00f3j w\u0142asny g\u0142os wobec prostych prawdPrzybita niech\u0119ci\u0105 do ludzkich trosk i sprawZegary cofaj\u0105 si\u0119 wci\u0105\u017c do starych latBole\u015bnie przemijam&#8230; od tak&#8230; To ca\u0142a jaTo w\u0142a\u015bnie jaKr\u00f3lowa \u0142ezKr\u00f3lowa strat Chcia\u0142am pokocha\u0107 Ci\u0119, [&hellip;]<\/p>\n","protected":false},"author":1,"featured_media":0,"parent":0,"menu_order":0,"comment_status":"closed","ping_status":"closed","template":"","meta":{"footnotes":""},"class_list":["post-86","page","type-page","status-publish","hentry"],"_links":{"self":[{"href":"https:\/\/0-zz.com\/00\/wp-json\/wp\/v2\/pages\/86","targetHints":{"allow":["GET"]}}],"collection":[{"href":"https:\/\/0-zz.com\/00\/wp-json\/wp\/v2\/pages"}],"about":[{"href":"https:\/\/0-zz.com\/00\/wp-json\/wp\/v2\/types\/page"}],"author":[{"embeddable":true,"href":"https:\/\/0-zz.com\/00\/wp-json\/wp\/v2\/users\/1"}],"replies":[{"embeddable":true,"href":"https:\/\/0-zz.com\/00\/wp-json\/wp\/v2\/comments?post=86"}],"version-history":[{"count":5,"href":"https:\/\/0-zz.com\/00\/wp-json\/wp\/v2\/pages\/86\/revisions"}],"predecessor-version":[{"id":306,"href":"https:\/\/0-zz.com\/00\/wp-json\/wp\/v2\/pages\/86\/revisions\/306"}],"wp:attachment":[{"href":"https:\/\/0-zz.com\/00\/wp-json\/wp\/v2\/media?parent=86"}],"curies":[{"name":"wp","href":"https:\/\/api.w.org\/{rel}","templated":true}]}}