{"id":84,"date":"2020-04-07T20:20:47","date_gmt":"2020-04-08T08:20:47","guid":{"rendered":"http:\/\/0-zz.com\/00\/?page_id=84"},"modified":"2022-04-28T01:58:19","modified_gmt":"2022-04-28T13:58:19","slug":"w","status":"publish","type":"page","link":"https:\/\/0-zz.com\/00\/w\/","title":{"rendered":"W"},"content":{"rendered":"\n<h2 class=\"wp-block-heading\" id=\"w-00-w-00w\">w &#8211; 00\/w &#8211; 00W<\/h2>\n\n\n\n<figure class=\"wp-block-embed is-type-video is-provider-youtube wp-block-embed-youtube wp-embed-aspect-16-9 wp-has-aspect-ratio\"><div class=\"wp-block-embed__wrapper\">\n<iframe loading=\"lazy\" title=\"sanah, Vito Bambino - Ale jazz!\" width=\"580\" height=\"326\" src=\"https:\/\/www.youtube.com\/embed\/hHb3owr6PQg?feature=oembed\" frameborder=\"0\" allow=\"accelerometer; autoplay; clipboard-write; encrypted-media; gyroscope; picture-in-picture; web-share\" referrerpolicy=\"strict-origin-when-cross-origin\" allowfullscreen><\/iframe>\n<\/div><\/figure>\n\n\n\n<h2 class=\"wp-block-heading\" id=\"sanah-vito-bambino-ale-jazz\">sanah, Vito Bambino &#8211; Ale jazz!<\/h2>\n\n\n\n<p>76M views&nbsp;\u00b7&nbsp;1 year ago<\/p>\n\n\n\n<h2 class=\"wp-block-heading\" id=\"sanah\">sanah<\/h2>\n\n\n\n<p>SUBSCRIBED 1.06M subscribers<\/p>\n\n\n\n<p><a href=\"https:\/\/m.youtube.com\/channel\/UCqTRe9EIv0apJgPqkng-Gtw\">https:\/\/m.youtube.com\/channel\/UCqTRe9EIv0apJgPqkng-Gtw<\/a><\/p>\n\n\n\n<p>[sanah]<br>Kawka na wynos dzisiaj towarzyszy mi<br>To cappuccino nies\u0142odzone, b\u0119d\u0119 fit<br>Szekspirowski sznyt ca\u0142e noce mi si\u0119 \u015bni\u0142<br>Gdzie Romeo by\u0142?<\/p>\n\n\n\n<p>Codziennie narzeka\u0142am &#8211; gdzie ten happy end?<br>Me vibrato chcia\u0142o dalej si\u0119 wznie\u015b\u0107<br>Ja nie pytam ju\u017c i wiem, o co chodzi mu<br>A w mej g\u0142owie luz<\/p>\n\n\n\n<p>[sanah]<br>Oo, ale jazz!<br>Hardkorowo pada deszcz<br>Tak na maksa wieje te\u017c<br>Ja \u0142agodnie u\u015bmiechni\u0119ta<br>B\u0142yska gdzie\u015b<br>Na mej d\u0142oni czuj\u0119 dreszcz<br>Moje oczy b\u0142yszcz\u0105 te\u017c<br>Ja \u0142agodnie u\u015bmiechni\u0119ta<br>Oh-oh-oh-oh-oh-oh<br>Hardkorowo pada deszcz<br>Ja \u0142agodnie u\u015bmiechni\u0119ta<\/p>\n\n\n\n<p>[Vito Bambino]<br>Jeszcze nie przysz\u0142a, a o \u00f3smej mia\u0142a by\u0107<br>Widz\u0119 na Insta &#8211; kawk\u0119 woli sama pi\u0107<br>Ale ze mnie dzban, teraz szans\u0119 ma inny kolo<br>(Inny kolo)<\/p>\n\n\n\n<p>[sanah]<br>Oo, ale jazz!<br>Hardkorowo pada deszcz<br>Tak na maksa wieje te\u017c<br>Ja \u0142agodnie u\u015bmiechni\u0119ta<br>B\u0142yska gdzie\u015b<br>Na mej d\u0142oni czuj\u0119 dreszcz<br>Moje oczy b\u0142yszcz\u0105 te\u017c<br>Ja \u0142agodnie u\u015bmiechni\u0119ta<br>Oh-oh-oh-oh-oh-oh<br>Hardkorowo pada deszcz<br>Ja \u0142agodnie u\u015bmiechni\u0119ta<\/p>\n\n\n\n<p>[Vito Bambino]<br>Oo, ale blues!<br>Nie mam si\u0142y si\u0119 tak czu\u0107<br>Dzi\u015b pozna\u0142em co to ch\u0142\u00f3d<br>A ty chodzisz u\u015bmiechni\u0119ta<\/p>\n\n\n\n<p>[sanah]<br>B\u0142yska gdzie\u015b<br>Na mej d\u0142oni czuj\u0119 dreszcz<br>Moje oczy b\u0142yszcz\u0105 te\u017c<br>Ja \u0142agodnie u\u015bmiechni\u0119ta<\/p>\n\n\n\n<p>[Vito Bambino]<br>Czy ty, ty, ty, ty nie lubisz mnie ju\u017c?<\/p>\n\n\n\n<p>[sanah]<br>Hardkorowo pada deszcz<br>Ja \u0142agodnie u\u015bmiechni\u0119ta<\/p>\n\n\n\n<figure class=\"wp-block-table\"><table><tbody><tr><th>Autor tekstu:<\/th><td>sanah, Jakub Gali\u0144ski, Magdalena W\u00f3jcik, Mateusz Dopieralski<\/td><\/tr><tr><th>Kompozytor:<\/th><td>sanah, Jakub Gali\u0144ski, Magdalena W\u00f3jcik, Mateusz Dopieralski<\/td><\/tr><\/tbody><\/table><\/figure>\n\n\n\n<p><a href=\"https:\/\/www.tekstowo.pl\/piosenka,sanah,ale_jazz_feat__vito_bambino.html\">https:\/\/www.tekstowo.pl\/piosenka,sanah,ale_jazz_feat__vito_bambino.html<\/a><\/p>\n\n\n\n<hr class=\"wp-block-separator\"\/>\n\n\n\n<h4 class=\"wp-block-heading\">0-zz.com\/0 &#8211; 0-zz.com\/z :<\/h4>\n\n\n\n<p><small><strong><a href=\"http:\/\/0-zz.com\/0\">1\ufe0f\u20e31\ufe0f\u20e3-0<\/a> |<a href=\"http:\/\/0-zz.com\/1\">1\ufe0f\u20e32\ufe0f\u20e3-1<\/a> |<a href=\"http:\/\/0-zz.com\/2\">1\ufe0f\u20e33\ufe0f\u20e3-2<\/a> |<a href=\"http:\/\/0-zz.com\/3\">1\ufe0f\u20e34\ufe0f\u20e3-3<\/a> |<a href=\"http:\/\/0-zz.com\/4\">1\ufe0f\u20e35\ufe0f\u20e3-4<\/a> |<a href=\"http:\/\/0-zz.com\/5\">1\ufe0f\u20e36\ufe0f\u20e3-5<\/a> <\/strong><\/small><br><small> <strong><a href=\"http:\/\/0-zz.com\/6\">2\ufe0f\u20e31\ufe0f\u20e3-6<\/a> |<a href=\"http:\/\/0-zz.com\/7\">2\ufe0f\u20e32\ufe0f\u20e3-7<\/a> |<a href=\"http:\/\/0-zz.com\/8\">2\ufe0f\u20e33\ufe0f\u20e3-8<\/a> |<a href=\"http:\/\/0-zz.com\/9\">2\ufe0f\u20e34\ufe0f\u20e3-9<\/a> |<a href=\"http:\/\/0-zz.com\/a\">2\ufe0f\u20e35\ufe0f\u20e3-A<\/a> |<a href=\"http:\/\/0-zz.com\/b\">2\ufe0f\u20e36\ufe0f\u20e3-B<\/a><\/strong><\/small><br><small> <strong><a href=\"http:\/\/0-zz.com\/c\">3\ufe0f\u20e31\ufe0f\u20e3-C<\/a> |<a href=\"http:\/\/0-zz.com\/d\">3\ufe0f\u20e32\ufe0f\u20e3-D<\/a> |<a href=\"http:\/\/0-zz.com\/e\">3\ufe0f\u20e33\ufe0f\u20e3-E<\/a> |<a href=\"http:\/\/0-zz.com\/f\">3\ufe0f\u20e34\ufe0f\u20e3-F<\/a> |<a href=\"http:\/\/0-zz.com\/g\">3\ufe0f\u20e35\ufe0f\u20e3-G<\/a> |<a href=\"http:\/\/0-zz.com\/h\">3\ufe0f\u20e36\ufe0f\u20e3-H<\/a><\/strong><\/small><br><small> <strong><a href=\"http:\/\/0-zz.com\/i\">4\ufe0f\u20e31\ufe0f\u20e3-I<\/a> |<a href=\"http:\/\/0-zz.com\/j\">4\ufe0f\u20e32\ufe0f\u20e3-J<\/a> |<a href=\"http:\/\/0-zz.com\/k\">4\ufe0f\u20e33\ufe0f\u20e3-K<\/a> |<a href=\"http:\/\/0-zz.com\/l\">4\ufe0f\u20e34\ufe0f\u20e3-L<\/a> |<a href=\"http:\/\/0-zz.com\/m\">4\ufe0f\u20e35\ufe0f\u20e3-M<\/a> |<a href=\"http:\/\/0-zz.com\/n\">4\ufe0f\u20e36\ufe0f\u20e3-N<\/a><\/strong><\/small><br><small> <strong><a href=\"http:\/\/0-zz.com\/o\">5\ufe0f\u20e31\ufe0f\u20e3-O<\/a> |<a href=\"http:\/\/0-zz.com\/p\">5\ufe0f\u20e32\ufe0f\u20e3-P<\/a> |<a href=\"http:\/\/0-zz.com\/q\">5\ufe0f\u20e33\ufe0f\u20e3-Q<\/a> |<a href=\"http:\/\/0-zz.com\/r\">5\ufe0f\u20e34\ufe0f\u20e3-R<\/a> |<a href=\"http:\/\/0-zz.com\/s\">5\ufe0f\u20e35\ufe0f\u20e3-S<\/a> |<a href=\"http:\/\/0-zz.com\/t\">5\ufe0f\u20e36\ufe0f\u20e3-T<\/a><\/strong><\/small><br><small> <strong><a href=\"http:\/\/0-zz.com\/u\">6\ufe0f\u20e31\ufe0f\u20e3-U<\/a> |<a href=\"http:\/\/0-zz.com\/v\">6\ufe0f\u20e32\ufe0f\u20e3-V<\/a> |<a href=\"http:\/\/0-zz.com\/w\">6\ufe0f\u20e33\ufe0f\u20e3-W<\/a> |<a href=\"http:\/\/0-zz.com\/x\">6\ufe0f\u20e34\ufe0f\u20e3-X<\/a> |<a href=\"http:\/\/0-zz.com\/y\">6\ufe0f\u20e35\ufe0f\u20e3-Y<\/a> |<a href=\"http:\/\/0-zz.com\/z\">6\ufe0f\u20e36\ufe0f\u20e3-Z<\/a><\/strong><\/small><\/p>\n\n\n\n<p>Roll 2 dice ?? 1\ufe0f\u20e32\ufe0f\u20e33\ufe0f\u20e34\ufe0f\u20e35\ufe0f\u20e36\ufe0f\u20e3<\/p>\n\n\n\n<p><a href=\"https:\/\/www.random.org\/dice\/\">https:\/\/www.random.org\/dice\/<\/a><\/p>\n\n\n\n<p><a href=\"https:\/\/www.google.com\/search?q=dice+roller\">https:\/\/www.google.com\/search?q=dice+roller<\/a><\/p>\n\n\n\n<hr class=\"wp-block-separator\"\/>\n\n\n\n<p><a href=\"https:\/\/12r.pl\/ea\/\">12r.pl\/ea<\/a>&nbsp;-&gt;&nbsp;<a href=\"https:\/\/12r.uk\/ea\/\">12r.uk\/ea<\/a>&nbsp;-&gt;&nbsp;<a href=\"https:\/\/7hi7.com\/ea\/\">7hi7.com\/ea<\/a><\/p>\n\n\n\n<p>Wikipedia.org &#8211; Play game &#8211; portals, categories, states, cities, capital cities<\/p>\n","protected":false},"excerpt":{"rendered":"<p>w &#8211; 00\/w &#8211; 00W sanah, Vito Bambino &#8211; Ale jazz! 76M views&nbsp;\u00b7&nbsp;1 year ago sanah SUBSCRIBED 1.06M subscribers https:\/\/m.youtube.com\/channel\/UCqTRe9EIv0apJgPqkng-Gtw [sanah]Kawka na wynos dzisiaj towarzyszy miTo cappuccino nies\u0142odzone, b\u0119d\u0119 fitSzekspirowski sznyt ca\u0142e noce mi si\u0119 \u015bni\u0142Gdzie Romeo by\u0142? Codziennie narzeka\u0142am &#8211; gdzie ten happy end?Me vibrato chcia\u0142o dalej si\u0119 wznie\u015b\u0107Ja nie pytam ju\u017c i wiem, [&hellip;]<\/p>\n","protected":false},"author":1,"featured_media":0,"parent":0,"menu_order":0,"comment_status":"closed","ping_status":"closed","template":"","meta":{"footnotes":""},"class_list":["post-84","page","type-page","status-publish","hentry"],"_links":{"self":[{"href":"https:\/\/0-zz.com\/00\/wp-json\/wp\/v2\/pages\/84","targetHints":{"allow":["GET"]}}],"collection":[{"href":"https:\/\/0-zz.com\/00\/wp-json\/wp\/v2\/pages"}],"about":[{"href":"https:\/\/0-zz.com\/00\/wp-json\/wp\/v2\/types\/page"}],"author":[{"embeddable":true,"href":"https:\/\/0-zz.com\/00\/wp-json\/wp\/v2\/users\/1"}],"replies":[{"embeddable":true,"href":"https:\/\/0-zz.com\/00\/wp-json\/wp\/v2\/comments?post=84"}],"version-history":[{"count":5,"href":"https:\/\/0-zz.com\/00\/wp-json\/wp\/v2\/pages\/84\/revisions"}],"predecessor-version":[{"id":305,"href":"https:\/\/0-zz.com\/00\/wp-json\/wp\/v2\/pages\/84\/revisions\/305"}],"wp:attachment":[{"href":"https:\/\/0-zz.com\/00\/wp-json\/wp\/v2\/media?parent=84"}],"curies":[{"name":"wp","href":"https:\/\/api.w.org\/{rel}","templated":true}]}}