{"id":82,"date":"2020-04-07T20:20:37","date_gmt":"2020-04-08T08:20:37","guid":{"rendered":"http:\/\/0-zz.com\/00\/?page_id=82"},"modified":"2022-04-28T01:57:13","modified_gmt":"2022-04-28T13:57:13","slug":"v","status":"publish","type":"page","link":"https:\/\/0-zz.com\/00\/v\/","title":{"rendered":"V"},"content":{"rendered":"\n<h2 class=\"wp-block-heading\" id=\"v-00-v-00v\">v &#8211; 00\/v &#8211; 00V<\/h2>\n\n\n\n<figure class=\"wp-block-embed is-type-video is-provider-youtube wp-block-embed-youtube wp-embed-aspect-16-9 wp-has-aspect-ratio\"><div class=\"wp-block-embed__wrapper\">\n<iframe loading=\"lazy\" title=\"EKIPA - 3KIPA\" width=\"580\" height=\"326\" src=\"https:\/\/www.youtube.com\/embed\/RjRnxs0edZs?feature=oembed\" frameborder=\"0\" allow=\"accelerometer; autoplay; clipboard-write; encrypted-media; gyroscope; picture-in-picture; web-share\" referrerpolicy=\"strict-origin-when-cross-origin\" allowfullscreen><\/iframe>\n<\/div><\/figure>\n\n\n\n<h2 class=\"wp-block-heading\" id=\"ekipa-3kipa\">EKIPA &#8211; 3KIPA<\/h2>\n\n\n\n<p>94M views&nbsp;\u00b7&nbsp;11 months ago<\/p>\n\n\n\n<h2 class=\"wp-block-heading\" id=\"ekipa\">EKIPA<\/h2>\n\n\n\n<p>SUBSCRIBED 1.96M subscribers<\/p>\n\n\n\n<p><a href=\"https:\/\/m.youtube.com\/channel\/UCoA9rnQmxPQWPVoDv9pPFoA\">https:\/\/m.youtube.com\/channel\/UCoA9rnQmxPQWPVoDv9pPFoA<\/a><\/p>\n\n\n\n<p>[Refren: Tromba]<br>Ca\u0142\u0105 noc ta\u0144czy ze mn\u0105 ca\u0142y sk\u0142ad<br>To nasz lot, tak to robi Ekipa<br>Ca\u0142\u0105 noc ta\u0144czy\u2005ze\u2005mn\u0105 ca\u0142y sk\u0142ad<br>To\u2005nasz lot, tak to robi Ekipa<br>Ca\u0142\u0105\u2005noc nie musisz o nic si\u0119 ba\u0107<br>To nasz lot, trzeci sezon Ekipa (ej)<\/p>\n\n\n\n<p>[Bridge: Tromba]<br>Ekipa (Ooo), Ekipa (Ooo)<br>(Ekipa Ooo, Ekipa, Ekipa)<br>Ekipa (Ooo), Ekipa (Ooo)<br>(Ekipa Ooo, Ekipa, Ekipa)<\/p>\n\n\n\n<p>[Zwrotka 1: Friz]<br>Gramy pod tym samym logiem<br>Za Ekip\u0119 skoczy\u0142bym w ogie\u0144<br>Razem dwa cztery na dob\u0119<br>Ludzie ci sami, cho\u0107 miejsca s\u0105 nowe<br>Niewa\u017cne, chata czy hotel<br>Zwiedzimy sobie razem ca\u0142y \u015bwiat<br>Pytasz, co stanie si\u0119 z domem?<br>Dom b\u0119dzie tam gdzie b\u0119dzie ca\u0142y sk\u0142ad!<\/p>\n\n\n\n<p>[Zwrotka 2: Tromba]<br>Wielu nam \u017cyczy upadku i czeka ju\u017c tylko na dram\u0119<br>A u nas twarze te same, fa\u0142szywi szybko wylec\u0105 za bram\u0119<br>Szami\u0119 ich sobie jak ramen, u boku mam swoj\u0105 dam\u0119<br>Z ca\u0142\u0105 Ekip\u0105 siedzimy nad ranem<br>Czuj\u0119, \u017ce wszystko idzie zgodnie z planem (ej)<\/p>\n\n\n\n<p>[Zwrotka 3: Poczciwy Krzychu]<br>Znowu jad\u0119 ze sk\u0142adem, wiem, to jest dobry patent<br>Lecimy wsz\u0119dzie razem, razem robimy papier<br>Ka\u017cdy tutaj jest asem, same znajome twarze<br>Pytasz czym jest Ekipa, to fabryka spe\u0142niania marze\u0144<\/p>\n\n\n\n<p>[Zwrotka 4: Marcysia Ryskala]<br>Wiesz, \u017ce kocham moich ludzi, nasze kroki nasze ruchy<br>Nasze domy, nasze fury, nasze ciuchy, nasze bluzy (ej)<br>EKIPATONOSI, ekipa to siano kosi<br>Ekipa wydaje p\u0142yt\u0119, wi\u0119c wrzucaj j\u0105 typie tu dzisiaj u siebie na g\u0142o\u015bnik<\/p>\n\n\n\n<p>[Refren: Tromba]<br>Ca\u0142\u0105 noc ta\u0144czy ze mn\u0105 ca\u0142y sk\u0142ad<br>To nasz lot, tak to robi Ekipa<br>Ca\u0142\u0105 noc ta\u0144czy ze mn\u0105 ca\u0142y sk\u0142ad<br>To nasz lot, tak to robi Ekipa<br>Ca\u0142\u0105 noc nie musisz o nic si\u0119 ba\u0107<br>To nasz lot, trzeci sezon Ekipa<\/p>\n\n\n\n<p>[Bridge: Tromba]<br>Ekipa (Ooo), Ekipa (Ooo)<br>(Ekipa Ooo, Ekipa, Ekipa)<br>Ekipa (Ooo), Ekipa (Ooo)<br>(Ekipa Ooo, Ekipa, Ekipa)<\/p>\n\n\n\n<p>[Zwrotka 5: Wersow]<br>Niewa\u017cne jaki kraj, Polska czy Stany czy ten Zanzibar<br>Robimy swoje taki mamy vibe, mamy plan<br>To nie jest fina\u0142, Ekipa jest jak rodzina<br>Wi\u0119c nic ju\u017c nie zatrzyma nas<\/p>\n\n\n\n<p>[Zwrotka 6: Patec]<br>Hakuna Matata (tata), zobacz jak u nas to lata<br>To ci\u0105g\u0142a podro\u017c dooko\u0142a \u015bwiata<br>A obok mam brata i brata i brata<br>I kilka tych si\u00f3str, czujemy luz<br>Robimy t\u0142um, gdy robimy ruch<br>W necie jest szum, w nas m\u0142ody duch<br>W Ekipie rozumiemy si\u0119 bez s\u0142\u00f3w<\/p>\n\n\n\n<p>[Zwrotka 7: Nowciax]<br>To prosta nauka, nikt tu nie puka<br>Do marze\u0144 drzwi, bo wchodzimy z buta<br>Spe\u0142niamy sny i to teraz i tutaj<br>Ty si\u0119 nie rzucaj, tylko tego s\u0142uchaj<br>To nasza grupa, inna od reszty<br>Nikt nie jest gorszy, nikt lepszy<br>W realnym \u015bwiecie my robimy questy<br>Idziemy tam, gdzie nas nios\u0105 podeszwy, wierz mi<\/p>\n\n\n\n<p>[Zwrotka 8: Fusialka]<br>Dawni ludzie, nowe miejsca, z nimi si\u0119 najlepiej czuj\u0119<br>W moim \u017cyciu ci\u0105gle fiesta, lecz nie chodzi mi o fur\u0119<br>Lubi\u0119, gdy jest ca\u0142a reszta, bo razem idziemy w g\u00f3r\u0119<br>Camaro to czasu kwestia, teraz go nie potrzebuje, bo&#8230;<\/p>\n\n\n\n<p>[Refren: Tromba]<br>Ca\u0142\u0105 noc ta\u0144czy ze mn\u0105 ca\u0142y sk\u0142ad<br>To nasz lot, tak to robi Ekipa<br>Ca\u0142\u0105 noc ta\u0144czy ze mn\u0105 ca\u0142y sk\u0142ad<br>To nasz lot, tak to robi Ekipa<br>Ca\u0142\u0105 noc nie musisz o nic si\u0119 ba\u0107<br>To nasz lot, trzeci sezon Ekipa<\/p>\n\n\n\n<p>[Bridge: Tromba]<br>Ekipa (Ooo), Ekipa (Ooo)<br>(Ekipa Ooo, Ekipa, Ekipa)<br>Ekipa (Ooo), Ekipa (Ooo)<br>(Ekipa Ooo, Ekipa, Ekipa)<\/p>\n\n\n\n<p>[Zwrotka 9: Mini Majk]<br>Nie musz\u0119 by\u0107 wielki, by si\u0119 tak czu\u0107<br>Z ekip\u0105 zawsz\u0119 zagram jak z nut<br>Niewa\u017cne dom, pla\u017ca czy klub<br>Nie patrz\u0119 w ty\u0142, idziemy w prz\u00f3d<br>Nie idziemy w d\u00f3\u0142, idziemy do g\u00f3ry<br>Z nami jest Chmura, nad nami chmury<br>Robimy ruchy, przebijamy mury, wrzucaj te tracki ju\u017c teraz do fury<\/p>\n\n\n\n<p>[Zwrotka 10: Murcix]<br>Zobacz jak wje\u017cd\u017ca Murcix, w\u0142osy mam niczym Vulpix<br>Cho\u0107 tak wiele nas r\u00f3\u017cni, tworzymy tu sp\u00f3\u0142k\u0119 do sp\u00f3\u0142ki (yeah)<br>\u0141apiemy sny (najwy\u017csza pora), otwieram drzwi (alohomora)<br>Taki mam styl (to \u017cadna rola), je\u015bli mam drink (to w\u00f3dka i cola)<\/p>\n\n\n\n<p>[Outro: Wujek \u0141uki]<br>Zaczynali\u015bmy od podstaw, zobacz jak teraz to lata<br>Nasza dru\u017cyna jest naprawd\u0119 mocna<br>A ja to przecie\u017c tej dru\u017cyny tata<br>Od losu nikt nic nie dosta\u0142, to wszystko to ci\u0119\u017cka praca<br>To nasza banda, pozdrawiam NASA<br>Zwiedzimy kosmos jak zabraknie \u015bwiata<\/p>\n\n\n\n<figure class=\"wp-block-table\"><table><tbody><tr><th>Autor tekstu:<\/th><td>Jakub B.R.O. Birecki, EKIPA<\/td><\/tr><tr><th>Kompozytor:<\/th><td>clearmind, DDayzy, Jaros\u0142aw JARO Baran<\/td><\/tr><\/tbody><\/table><\/figure>\n\n\n\n<p><a href=\"https:\/\/www.tekstowo.pl\/piosenka,ekipa,3kipa.html\">https:\/\/www.tekstowo.pl\/piosenka,ekipa,3kipa.html<\/a><\/p>\n\n\n\n<hr class=\"wp-block-separator\"\/>\n\n\n\n<h4 class=\"wp-block-heading\">0-zz.com\/0 &#8211; 0-zz.com\/z :<\/h4>\n\n\n\n<p><small><strong><a href=\"http:\/\/0-zz.com\/0\">1\ufe0f\u20e31\ufe0f\u20e3-0<\/a> |<a href=\"http:\/\/0-zz.com\/1\">1\ufe0f\u20e32\ufe0f\u20e3-1<\/a> |<a href=\"http:\/\/0-zz.com\/2\">1\ufe0f\u20e33\ufe0f\u20e3-2<\/a> |<a href=\"http:\/\/0-zz.com\/3\">1\ufe0f\u20e34\ufe0f\u20e3-3<\/a> |<a href=\"http:\/\/0-zz.com\/4\">1\ufe0f\u20e35\ufe0f\u20e3-4<\/a> |<a href=\"http:\/\/0-zz.com\/5\">1\ufe0f\u20e36\ufe0f\u20e3-5<\/a> <\/strong><\/small><br><small> <strong><a href=\"http:\/\/0-zz.com\/6\">2\ufe0f\u20e31\ufe0f\u20e3-6<\/a> |<a href=\"http:\/\/0-zz.com\/7\">2\ufe0f\u20e32\ufe0f\u20e3-7<\/a> |<a href=\"http:\/\/0-zz.com\/8\">2\ufe0f\u20e33\ufe0f\u20e3-8<\/a> |<a href=\"http:\/\/0-zz.com\/9\">2\ufe0f\u20e34\ufe0f\u20e3-9<\/a> |<a href=\"http:\/\/0-zz.com\/a\">2\ufe0f\u20e35\ufe0f\u20e3-A<\/a> |<a href=\"http:\/\/0-zz.com\/b\">2\ufe0f\u20e36\ufe0f\u20e3-B<\/a><\/strong><\/small><br><small> <strong><a href=\"http:\/\/0-zz.com\/c\">3\ufe0f\u20e31\ufe0f\u20e3-C<\/a> |<a href=\"http:\/\/0-zz.com\/d\">3\ufe0f\u20e32\ufe0f\u20e3-D<\/a> |<a href=\"http:\/\/0-zz.com\/e\">3\ufe0f\u20e33\ufe0f\u20e3-E<\/a> |<a href=\"http:\/\/0-zz.com\/f\">3\ufe0f\u20e34\ufe0f\u20e3-F<\/a> |<a href=\"http:\/\/0-zz.com\/g\">3\ufe0f\u20e35\ufe0f\u20e3-G<\/a> |<a href=\"http:\/\/0-zz.com\/h\">3\ufe0f\u20e36\ufe0f\u20e3-H<\/a><\/strong><\/small><br><small> <strong><a href=\"http:\/\/0-zz.com\/i\">4\ufe0f\u20e31\ufe0f\u20e3-I<\/a> |<a href=\"http:\/\/0-zz.com\/j\">4\ufe0f\u20e32\ufe0f\u20e3-J<\/a> |<a href=\"http:\/\/0-zz.com\/k\">4\ufe0f\u20e33\ufe0f\u20e3-K<\/a> |<a href=\"http:\/\/0-zz.com\/l\">4\ufe0f\u20e34\ufe0f\u20e3-L<\/a> |<a href=\"http:\/\/0-zz.com\/m\">4\ufe0f\u20e35\ufe0f\u20e3-M<\/a> |<a href=\"http:\/\/0-zz.com\/n\">4\ufe0f\u20e36\ufe0f\u20e3-N<\/a><\/strong><\/small><br><small> <strong><a href=\"http:\/\/0-zz.com\/o\">5\ufe0f\u20e31\ufe0f\u20e3-O<\/a> |<a href=\"http:\/\/0-zz.com\/p\">5\ufe0f\u20e32\ufe0f\u20e3-P<\/a> |<a href=\"http:\/\/0-zz.com\/q\">5\ufe0f\u20e33\ufe0f\u20e3-Q<\/a> |<a href=\"http:\/\/0-zz.com\/r\">5\ufe0f\u20e34\ufe0f\u20e3-R<\/a> |<a href=\"http:\/\/0-zz.com\/s\">5\ufe0f\u20e35\ufe0f\u20e3-S<\/a> |<a href=\"http:\/\/0-zz.com\/t\">5\ufe0f\u20e36\ufe0f\u20e3-T<\/a><\/strong><\/small><br><small> <strong><a href=\"http:\/\/0-zz.com\/u\">6\ufe0f\u20e31\ufe0f\u20e3-U<\/a> |<a href=\"http:\/\/0-zz.com\/v\">6\ufe0f\u20e32\ufe0f\u20e3-V<\/a> |<a href=\"http:\/\/0-zz.com\/w\">6\ufe0f\u20e33\ufe0f\u20e3-W<\/a> |<a href=\"http:\/\/0-zz.com\/x\">6\ufe0f\u20e34\ufe0f\u20e3-X<\/a> |<a href=\"http:\/\/0-zz.com\/y\">6\ufe0f\u20e35\ufe0f\u20e3-Y<\/a> |<a href=\"http:\/\/0-zz.com\/z\">6\ufe0f\u20e36\ufe0f\u20e3-Z<\/a><\/strong><\/small><\/p>\n\n\n\n<p>Roll 2 dice ?? 1\ufe0f\u20e32\ufe0f\u20e33\ufe0f\u20e34\ufe0f\u20e35\ufe0f\u20e36\ufe0f\u20e3<\/p>\n\n\n\n<p><a href=\"https:\/\/www.random.org\/dice\/\">https:\/\/www.random.org\/dice\/<\/a><\/p>\n\n\n\n<p><a href=\"https:\/\/www.google.com\/search?q=dice+roller\">https:\/\/www.google.com\/search?q=dice+roller<\/a><\/p>\n\n\n\n<hr class=\"wp-block-separator\"\/>\n\n\n\n<p><a href=\"https:\/\/12r.pl\/ea\/\">12r.pl\/ea<\/a>&nbsp;-&gt;&nbsp;<a href=\"https:\/\/12r.uk\/ea\/\">12r.uk\/ea<\/a>&nbsp;-&gt;&nbsp;<a href=\"https:\/\/7hi7.com\/ea\/\">7hi7.com\/ea<\/a><\/p>\n\n\n\n<p>Wikipedia.org &#8211; Play game &#8211; portals, categories, states, cities, capital cities<\/p>\n","protected":false},"excerpt":{"rendered":"<p>v &#8211; 00\/v &#8211; 00V EKIPA &#8211; 3KIPA 94M views&nbsp;\u00b7&nbsp;11 months ago EKIPA SUBSCRIBED 1.96M subscribers https:\/\/m.youtube.com\/channel\/UCoA9rnQmxPQWPVoDv9pPFoA [Refren: Tromba]Ca\u0142\u0105 noc ta\u0144czy ze mn\u0105 ca\u0142y sk\u0142adTo nasz lot, tak to robi EkipaCa\u0142\u0105 noc ta\u0144czy\u2005ze\u2005mn\u0105 ca\u0142y sk\u0142adTo\u2005nasz lot, tak to robi EkipaCa\u0142\u0105\u2005noc nie musisz o nic si\u0119 ba\u0107To nasz lot, trzeci sezon Ekipa (ej) [Bridge: Tromba]Ekipa (Ooo), [&hellip;]<\/p>\n","protected":false},"author":1,"featured_media":0,"parent":0,"menu_order":0,"comment_status":"closed","ping_status":"closed","template":"","meta":{"footnotes":""},"class_list":["post-82","page","type-page","status-publish","hentry"],"_links":{"self":[{"href":"https:\/\/0-zz.com\/00\/wp-json\/wp\/v2\/pages\/82","targetHints":{"allow":["GET"]}}],"collection":[{"href":"https:\/\/0-zz.com\/00\/wp-json\/wp\/v2\/pages"}],"about":[{"href":"https:\/\/0-zz.com\/00\/wp-json\/wp\/v2\/types\/page"}],"author":[{"embeddable":true,"href":"https:\/\/0-zz.com\/00\/wp-json\/wp\/v2\/users\/1"}],"replies":[{"embeddable":true,"href":"https:\/\/0-zz.com\/00\/wp-json\/wp\/v2\/comments?post=82"}],"version-history":[{"count":6,"href":"https:\/\/0-zz.com\/00\/wp-json\/wp\/v2\/pages\/82\/revisions"}],"predecessor-version":[{"id":304,"href":"https:\/\/0-zz.com\/00\/wp-json\/wp\/v2\/pages\/82\/revisions\/304"}],"wp:attachment":[{"href":"https:\/\/0-zz.com\/00\/wp-json\/wp\/v2\/media?parent=82"}],"curies":[{"name":"wp","href":"https:\/\/api.w.org\/{rel}","templated":true}]}}