{"id":80,"date":"2020-04-07T20:20:27","date_gmt":"2020-04-08T08:20:27","guid":{"rendered":"http:\/\/0-zz.com\/00\/?page_id=80"},"modified":"2022-04-28T01:55:53","modified_gmt":"2022-04-28T13:55:53","slug":"u","status":"publish","type":"page","link":"https:\/\/0-zz.com\/00\/u\/","title":{"rendered":"U"},"content":{"rendered":"\n<h2 class=\"wp-block-heading\" id=\"u-00-u-00u\">u &#8211; 00\/u &#8211; 00U<\/h2>\n\n\n\n<figure class=\"wp-block-embed is-type-video is-provider-youtube wp-block-embed-youtube wp-embed-aspect-16-9 wp-has-aspect-ratio\"><div class=\"wp-block-embed__wrapper\">\n<iframe loading=\"lazy\" title=\"Sylwia Grzeszczak - Tamta dziewczyna [Official Music Video]\" width=\"580\" height=\"326\" src=\"https:\/\/www.youtube.com\/embed\/M5UqFj-uk78?feature=oembed\" frameborder=\"0\" allow=\"accelerometer; autoplay; clipboard-write; encrypted-media; gyroscope; picture-in-picture; web-share\" referrerpolicy=\"strict-origin-when-cross-origin\" allowfullscreen><\/iframe>\n<\/div><\/figure>\n\n\n\n<h2 class=\"wp-block-heading\" id=\"sylwia-grzeszczak-tamta-dziewczyna-official-music-video\">Sylwia Grzeszczak &#8211; Tamta dziewczyna [Official Music Video]<\/h2>\n\n\n\n<p>138M views&nbsp;\u00b7&nbsp;5 years ago<\/p>\n\n\n\n<h2 class=\"wp-block-heading\" id=\"sylwiagrzeszczak\">SylwiaGrzeszczak<\/h2>\n\n\n\n<p>SUBSCRIBED 577K subscribers<\/p>\n\n\n\n<p><a href=\"https:\/\/m.youtube.com\/channel\/UC_eOccJn9VU-KaQWRmiuz5Q\">https:\/\/m.youtube.com\/channel\/UC_eOccJn9VU-KaQWRmiuz5Q<\/a><\/p>\n\n\n\n<p>Tamta dziewczyna mieszka par\u0119 my\u015bli st\u0105d<br>W tej samej g\u0142owie czasem przypomina mnie<br>Ale ma si\u0142\u0119, jak\u0105 miewa ma\u0142o kto<br>A kiedy trzeba umie g\u0142o\u015bno m\u00f3wi\u0107 &#8222;nie&#8221;.<br>Czy na pewno?<br>Czy ju\u017c znasz j\u0105?<\/p>\n\n\n\n<p>Ref.: Ona nie chce by\u0107, taka sama jak ja<br>Nie zna granic i nie zamierza si\u0119 ba\u0107.<br>Nie zatrzyma si\u0119, kiedy Ty b\u0119dziesz chcia\u0142<br>Ona nie chce by\u0107, taka sama jak ja.<br>(Ooooooo) Kt\u00f3r\u0105 z nas chcesz kocha\u0107, kt\u00f3r\u0105 z nas?<\/p>\n\n\n\n<p>Tamta dziewczyna, tak ma\u0142o o niej wiesz<br>Ma si\u0142\u0119 by marzy\u0107 i tak zazdroszcz\u0119 jej.<\/p>\n\n\n\n<p>Bo w\u0142a\u015bnie tak\u0105 by\u0142am nim przyszed\u0142e\u015b tu<br>I w g\u0142owie wci\u0105\u017c jeszcze mam tyle sn\u00f3w.<br>A razem dawno ju\u017c nie dotykamy gwiazd<br>Tamt\u0105 dziewczyn\u0105 mog\u0119 sta\u0107 si\u0119 jeszcze raz.<\/p>\n\n\n\n<p>Ref.: Ona nie chce by\u0107, taka sama jak ja<br>Nie zna granic i nie zamierza si\u0119 ba\u0107.<br>Nie zatrzyma si\u0119, kiedy Ty b\u0119dziesz chcia\u0142<br>Ona nie chce by\u0107 taka sama jak ja.<br>(Ooooooo) Kt\u00f3r\u0105 z nas chcesz kocha\u0107, kt\u00f3r\u0105 z nas?<\/p>\n\n\n\n<p>Tamta dziewczyna, tak ma\u0142o o niej wiesz<br>Ma si\u0142\u0119 by marzy\u0107 i tak zazdroszcz\u0119 jej.<\/p>\n\n\n\n<p>Ref.: Ona nie chce by\u0107, taka sama jak ja<br>Nie zna granic i nie zamierza si\u0119 ba\u0107<br>Nie zatrzyma si\u0119, kiedy Ty b\u0119dziesz chcia\u0142<br>Ona nie chce by\u0107, taka sama jak ja<br>Ona nie chce by\u0107, taka sama jak ja<br>Nie zna granic i nie zamierza si\u0119 ba\u0107<br>Nie zatrzyma si\u0119, kiedy Ty b\u0119dziesz chcia\u0142<br>Ona nie chce by\u0107, taka sama jak ja<br>(Ooooooo) Kt\u00f3r\u0105 z nas chcesz kocha\u0107, kt\u00f3r\u0105 z nas?<\/p>\n\n\n\n<p>Tamta dziewczyna, tak ma\u0142o o niej wiesz<br>Ma si\u0142\u0119 by marzy\u0107 i tak zazdroszcz\u0119 jej.<\/p>\n\n\n\n<figure class=\"wp-block-table\"><table><tbody><tr><th>Autor tekstu:<\/th><td>Marcin Piotrowski<\/td><\/tr><tr><th>Kompozytor:<\/th><td>Sylwia Grzeszczak<\/td><\/tr><\/tbody><\/table><\/figure>\n\n\n\n<p><a href=\"https:\/\/www.tekstowo.pl\/piosenka,sylwia_grzeszczak,tamta_dziewczyna.html\">https:\/\/www.tekstowo.pl\/piosenka,sylwia_grzeszczak,tamta_dziewczyna.html<\/a><\/p>\n\n\n\n<hr class=\"wp-block-separator\"\/>\n\n\n\n<h4 class=\"wp-block-heading\">0-zz.com\/0 &#8211; 0-zz.com\/z :<\/h4>\n\n\n\n<p><small><strong><a href=\"http:\/\/0-zz.com\/0\">1\ufe0f\u20e31\ufe0f\u20e3-0<\/a> |<a href=\"http:\/\/0-zz.com\/1\">1\ufe0f\u20e32\ufe0f\u20e3-1<\/a> |<a href=\"http:\/\/0-zz.com\/2\">1\ufe0f\u20e33\ufe0f\u20e3-2<\/a> |<a href=\"http:\/\/0-zz.com\/3\">1\ufe0f\u20e34\ufe0f\u20e3-3<\/a> |<a href=\"http:\/\/0-zz.com\/4\">1\ufe0f\u20e35\ufe0f\u20e3-4<\/a> |<a href=\"http:\/\/0-zz.com\/5\">1\ufe0f\u20e36\ufe0f\u20e3-5<\/a> <\/strong><\/small><br><small> <strong><a href=\"http:\/\/0-zz.com\/6\">2\ufe0f\u20e31\ufe0f\u20e3-6<\/a> |<a href=\"http:\/\/0-zz.com\/7\">2\ufe0f\u20e32\ufe0f\u20e3-7<\/a> |<a href=\"http:\/\/0-zz.com\/8\">2\ufe0f\u20e33\ufe0f\u20e3-8<\/a> |<a href=\"http:\/\/0-zz.com\/9\">2\ufe0f\u20e34\ufe0f\u20e3-9<\/a> |<a href=\"http:\/\/0-zz.com\/a\">2\ufe0f\u20e35\ufe0f\u20e3-A<\/a> |<a href=\"http:\/\/0-zz.com\/b\">2\ufe0f\u20e36\ufe0f\u20e3-B<\/a><\/strong><\/small><br><small> <strong><a href=\"http:\/\/0-zz.com\/c\">3\ufe0f\u20e31\ufe0f\u20e3-C<\/a> |<a href=\"http:\/\/0-zz.com\/d\">3\ufe0f\u20e32\ufe0f\u20e3-D<\/a> |<a href=\"http:\/\/0-zz.com\/e\">3\ufe0f\u20e33\ufe0f\u20e3-E<\/a> |<a href=\"http:\/\/0-zz.com\/f\">3\ufe0f\u20e34\ufe0f\u20e3-F<\/a> |<a href=\"http:\/\/0-zz.com\/g\">3\ufe0f\u20e35\ufe0f\u20e3-G<\/a> |<a href=\"http:\/\/0-zz.com\/h\">3\ufe0f\u20e36\ufe0f\u20e3-H<\/a><\/strong><\/small><br><small> <strong><a href=\"http:\/\/0-zz.com\/i\">4\ufe0f\u20e31\ufe0f\u20e3-I<\/a> |<a href=\"http:\/\/0-zz.com\/j\">4\ufe0f\u20e32\ufe0f\u20e3-J<\/a> |<a href=\"http:\/\/0-zz.com\/k\">4\ufe0f\u20e33\ufe0f\u20e3-K<\/a> |<a href=\"http:\/\/0-zz.com\/l\">4\ufe0f\u20e34\ufe0f\u20e3-L<\/a> |<a href=\"http:\/\/0-zz.com\/m\">4\ufe0f\u20e35\ufe0f\u20e3-M<\/a> |<a href=\"http:\/\/0-zz.com\/n\">4\ufe0f\u20e36\ufe0f\u20e3-N<\/a><\/strong><\/small><br><small> <strong><a href=\"http:\/\/0-zz.com\/o\">5\ufe0f\u20e31\ufe0f\u20e3-O<\/a> |<a href=\"http:\/\/0-zz.com\/p\">5\ufe0f\u20e32\ufe0f\u20e3-P<\/a> |<a href=\"http:\/\/0-zz.com\/q\">5\ufe0f\u20e33\ufe0f\u20e3-Q<\/a> |<a href=\"http:\/\/0-zz.com\/r\">5\ufe0f\u20e34\ufe0f\u20e3-R<\/a> |<a href=\"http:\/\/0-zz.com\/s\">5\ufe0f\u20e35\ufe0f\u20e3-S<\/a> |<a href=\"http:\/\/0-zz.com\/t\">5\ufe0f\u20e36\ufe0f\u20e3-T<\/a><\/strong><\/small><br><small> <strong><a href=\"http:\/\/0-zz.com\/u\">6\ufe0f\u20e31\ufe0f\u20e3-U<\/a> |<a href=\"http:\/\/0-zz.com\/v\">6\ufe0f\u20e32\ufe0f\u20e3-V<\/a> |<a href=\"http:\/\/0-zz.com\/w\">6\ufe0f\u20e33\ufe0f\u20e3-W<\/a> |<a href=\"http:\/\/0-zz.com\/x\">6\ufe0f\u20e34\ufe0f\u20e3-X<\/a> |<a href=\"http:\/\/0-zz.com\/y\">6\ufe0f\u20e35\ufe0f\u20e3-Y<\/a> |<a href=\"http:\/\/0-zz.com\/z\">6\ufe0f\u20e36\ufe0f\u20e3-Z<\/a><\/strong><\/small><\/p>\n\n\n\n<p>Roll 2 dice ?? 1\ufe0f\u20e32\ufe0f\u20e33\ufe0f\u20e34\ufe0f\u20e35\ufe0f\u20e36\ufe0f\u20e3<\/p>\n\n\n\n<p><a href=\"https:\/\/www.random.org\/dice\/\">https:\/\/www.random.org\/dice\/<\/a><\/p>\n\n\n\n<p><a href=\"https:\/\/www.google.com\/search?q=dice+roller\">https:\/\/www.google.com\/search?q=dice+roller<\/a><\/p>\n\n\n\n<hr class=\"wp-block-separator\"\/>\n\n\n\n<p><a href=\"https:\/\/12r.pl\/ea\/\">12r.pl\/ea<\/a>&nbsp;-&gt;&nbsp;<a href=\"https:\/\/12r.uk\/ea\/\">12r.uk\/ea<\/a>&nbsp;-&gt;&nbsp;<a href=\"https:\/\/7hi7.com\/ea\/\">7hi7.com\/ea<\/a><\/p>\n\n\n\n<p>Wikipedia.org &#8211; Play game &#8211; portals, categories, states, cities, capital cities<\/p>\n","protected":false},"excerpt":{"rendered":"<p>u &#8211; 00\/u &#8211; 00U Sylwia Grzeszczak &#8211; Tamta dziewczyna [Official Music Video] 138M views&nbsp;\u00b7&nbsp;5 years ago SylwiaGrzeszczak SUBSCRIBED 577K subscribers https:\/\/m.youtube.com\/channel\/UC_eOccJn9VU-KaQWRmiuz5Q Tamta dziewczyna mieszka par\u0119 my\u015bli st\u0105dW tej samej g\u0142owie czasem przypomina mnieAle ma si\u0142\u0119, jak\u0105 miewa ma\u0142o ktoA kiedy trzeba umie g\u0142o\u015bno m\u00f3wi\u0107 &#8222;nie&#8221;.Czy na pewno?Czy ju\u017c znasz j\u0105? Ref.: Ona nie chce [&hellip;]<\/p>\n","protected":false},"author":1,"featured_media":0,"parent":0,"menu_order":0,"comment_status":"closed","ping_status":"closed","template":"","meta":{"footnotes":""},"class_list":["post-80","page","type-page","status-publish","hentry"],"_links":{"self":[{"href":"https:\/\/0-zz.com\/00\/wp-json\/wp\/v2\/pages\/80","targetHints":{"allow":["GET"]}}],"collection":[{"href":"https:\/\/0-zz.com\/00\/wp-json\/wp\/v2\/pages"}],"about":[{"href":"https:\/\/0-zz.com\/00\/wp-json\/wp\/v2\/types\/page"}],"author":[{"embeddable":true,"href":"https:\/\/0-zz.com\/00\/wp-json\/wp\/v2\/users\/1"}],"replies":[{"embeddable":true,"href":"https:\/\/0-zz.com\/00\/wp-json\/wp\/v2\/comments?post=80"}],"version-history":[{"count":5,"href":"https:\/\/0-zz.com\/00\/wp-json\/wp\/v2\/pages\/80\/revisions"}],"predecessor-version":[{"id":303,"href":"https:\/\/0-zz.com\/00\/wp-json\/wp\/v2\/pages\/80\/revisions\/303"}],"wp:attachment":[{"href":"https:\/\/0-zz.com\/00\/wp-json\/wp\/v2\/media?parent=80"}],"curies":[{"name":"wp","href":"https:\/\/api.w.org\/{rel}","templated":true}]}}