{"id":78,"date":"2020-04-07T20:20:17","date_gmt":"2020-04-08T08:20:17","guid":{"rendered":"http:\/\/0-zz.com\/00\/?page_id=78"},"modified":"2022-04-28T01:54:56","modified_gmt":"2022-04-28T13:54:56","slug":"t","status":"publish","type":"page","link":"https:\/\/0-zz.com\/00\/t\/","title":{"rendered":"T"},"content":{"rendered":"\n<h2 class=\"wp-block-heading\" id=\"t-00-t-00t\">t &#8211; 00\/t &#8211; 00T<\/h2>\n\n\n\n<figure class=\"wp-block-embed is-type-video is-provider-youtube wp-block-embed-youtube wp-embed-aspect-16-9 wp-has-aspect-ratio\"><div class=\"wp-block-embed__wrapper\">\n<iframe loading=\"lazy\" title=\"Brodka - Miales byc (Video)\" width=\"580\" height=\"326\" src=\"https:\/\/www.youtube.com\/embed\/QbxFDqadFJU?feature=oembed\" frameborder=\"0\" allow=\"accelerometer; autoplay; clipboard-write; encrypted-media; gyroscope; picture-in-picture; web-share\" referrerpolicy=\"strict-origin-when-cross-origin\" allowfullscreen><\/iframe>\n<\/div><\/figure>\n\n\n\n<h2 class=\"wp-block-heading\" id=\"brodka-miales-byc-video\">Brodka &#8211; Miales byc (Video)<\/h2>\n\n\n\n<p>14M views&nbsp;\u00b7&nbsp;12 years ago<\/p>\n\n\n\n<h2 class=\"wp-block-heading\" id=\"brodka\">Brodka<\/h2>\n\n\n\n<p>SUBSCRIBED 74.3K subscribers<\/p>\n\n\n\n<p><a href=\"https:\/\/m.youtube.com\/channel\/UCbBb_GF5abnvZnHBxoMKejw\">https:\/\/m.youtube.com\/channel\/UCbBb_GF5abnvZnHBxoMKejw<\/a><\/p>\n\n\n\n<p>Mia\u0142e\u015b by\u0107 przy niej<br>mia\u0142e\u015b by\u0107 na ka\u017cdy znak<br>takiej dziewczynie<br>do n\u00f3g si\u0119 rzuca ca\u0142y \u015bwiat<br>na ka\u017cd\u0105 chwil\u0119 mia\u0142e\u015b jej przynie\u015b\u0107<br>powietrza przejrzystego smak<br>ka\u017cdym oddechem wo\u0142a o Ciebie<br>i tylko Ty nie widzisz jak&#8230;<\/p>\n\n\n\n<p>ref.<br>G\u0142\u0119boko w \u015brodku gdzie\u015b<br>i cho\u0107by \u015bladu \u0142ez<br>jej oczy nie pozna\u0142y nigdy, nie!<br>g\u0142\u0119boko w \u015brodku tam<br>otwiera Ci sw\u00f3j \u015bwiat<br>otwiera wszystko to, co w sercu ma<\/p>\n\n\n\n<p>Mia\u0142e\u015b by\u0107 przy niej<br>pilnowa\u0107 czy nie gubi si\u0119<br>silnym ramieniem, si\u0142\u0105 mia\u0142e\u015b by\u0107<br>\u017ceby mog\u0142a czerpa\u0107 z niej<br>na ka\u017cd\u0105 chwil\u0119 jeste\u015b jej winien<br>Niebo z dostaw\u0105 pod jej dach<br>ka\u017cdym oddechem wo\u0142a o Ciebie<br>i tylko Ty nie widzisz jak<\/p>\n\n\n\n<p>ref.<br>G\u0142\u0119boko w \u015brodku gdzie\u015b<br>i cho\u0107by \u015bladu \u0142ez<br>jej oczy nie pozna\u0142y nigdy, nie!<br>g\u0142\u0119boko w \u015brodku tam<br>otwiera Ci sw\u00f3j \u015bwiat<br>otwiera wszystko to, co w sercu ma \/x3<\/p>\n\n\n\n<figure class=\"wp-block-table\"><table><tbody><tr><th>Autor tekstu:<\/th><td>Andrzej Piaseczny<\/td><\/tr><tr><th>Kompozytor:<\/th><td>Anna Karwan\/Micha\u0142 Marecki\/Andrzej Rajski<\/td><\/tr><\/tbody><\/table><\/figure>\n\n\n\n<p><a href=\"https:\/\/www.tekstowo.pl\/piosenka,monika_brodka,miales_byc.html\">https:\/\/www.tekstowo.pl\/piosenka,monika_brodka,miales_byc.html<\/a><\/p>\n\n\n\n<hr class=\"wp-block-separator\"\/>\n\n\n\n<h4 class=\"wp-block-heading\">0-zz.com\/0 &#8211; 0-zz.com\/z :<\/h4>\n\n\n\n<p><small><strong><a href=\"http:\/\/0-zz.com\/0\">1\ufe0f\u20e31\ufe0f\u20e3-0<\/a> |<a href=\"http:\/\/0-zz.com\/1\">1\ufe0f\u20e32\ufe0f\u20e3-1<\/a> |<a href=\"http:\/\/0-zz.com\/2\">1\ufe0f\u20e33\ufe0f\u20e3-2<\/a> |<a href=\"http:\/\/0-zz.com\/3\">1\ufe0f\u20e34\ufe0f\u20e3-3<\/a> |<a href=\"http:\/\/0-zz.com\/4\">1\ufe0f\u20e35\ufe0f\u20e3-4<\/a> |<a href=\"http:\/\/0-zz.com\/5\">1\ufe0f\u20e36\ufe0f\u20e3-5<\/a> <\/strong><\/small><br><small> <strong><a href=\"http:\/\/0-zz.com\/6\">2\ufe0f\u20e31\ufe0f\u20e3-6<\/a> |<a href=\"http:\/\/0-zz.com\/7\">2\ufe0f\u20e32\ufe0f\u20e3-7<\/a> |<a href=\"http:\/\/0-zz.com\/8\">2\ufe0f\u20e33\ufe0f\u20e3-8<\/a> |<a href=\"http:\/\/0-zz.com\/9\">2\ufe0f\u20e34\ufe0f\u20e3-9<\/a> |<a href=\"http:\/\/0-zz.com\/a\">2\ufe0f\u20e35\ufe0f\u20e3-A<\/a> |<a href=\"http:\/\/0-zz.com\/b\">2\ufe0f\u20e36\ufe0f\u20e3-B<\/a><\/strong><\/small><br><small> <strong><a href=\"http:\/\/0-zz.com\/c\">3\ufe0f\u20e31\ufe0f\u20e3-C<\/a> |<a href=\"http:\/\/0-zz.com\/d\">3\ufe0f\u20e32\ufe0f\u20e3-D<\/a> |<a href=\"http:\/\/0-zz.com\/e\">3\ufe0f\u20e33\ufe0f\u20e3-E<\/a> |<a href=\"http:\/\/0-zz.com\/f\">3\ufe0f\u20e34\ufe0f\u20e3-F<\/a> |<a href=\"http:\/\/0-zz.com\/g\">3\ufe0f\u20e35\ufe0f\u20e3-G<\/a> |<a href=\"http:\/\/0-zz.com\/h\">3\ufe0f\u20e36\ufe0f\u20e3-H<\/a><\/strong><\/small><br><small> <strong><a href=\"http:\/\/0-zz.com\/i\">4\ufe0f\u20e31\ufe0f\u20e3-I<\/a> |<a href=\"http:\/\/0-zz.com\/j\">4\ufe0f\u20e32\ufe0f\u20e3-J<\/a> |<a href=\"http:\/\/0-zz.com\/k\">4\ufe0f\u20e33\ufe0f\u20e3-K<\/a> |<a href=\"http:\/\/0-zz.com\/l\">4\ufe0f\u20e34\ufe0f\u20e3-L<\/a> |<a href=\"http:\/\/0-zz.com\/m\">4\ufe0f\u20e35\ufe0f\u20e3-M<\/a> |<a href=\"http:\/\/0-zz.com\/n\">4\ufe0f\u20e36\ufe0f\u20e3-N<\/a><\/strong><\/small><br><small> <strong><a href=\"http:\/\/0-zz.com\/o\">5\ufe0f\u20e31\ufe0f\u20e3-O<\/a> |<a href=\"http:\/\/0-zz.com\/p\">5\ufe0f\u20e32\ufe0f\u20e3-P<\/a> |<a href=\"http:\/\/0-zz.com\/q\">5\ufe0f\u20e33\ufe0f\u20e3-Q<\/a> |<a href=\"http:\/\/0-zz.com\/r\">5\ufe0f\u20e34\ufe0f\u20e3-R<\/a> |<a href=\"http:\/\/0-zz.com\/s\">5\ufe0f\u20e35\ufe0f\u20e3-S<\/a> |<a href=\"http:\/\/0-zz.com\/t\">5\ufe0f\u20e36\ufe0f\u20e3-T<\/a><\/strong><\/small><br><small> <strong><a href=\"http:\/\/0-zz.com\/u\">6\ufe0f\u20e31\ufe0f\u20e3-U<\/a> |<a href=\"http:\/\/0-zz.com\/v\">6\ufe0f\u20e32\ufe0f\u20e3-V<\/a> |<a href=\"http:\/\/0-zz.com\/w\">6\ufe0f\u20e33\ufe0f\u20e3-W<\/a> |<a href=\"http:\/\/0-zz.com\/x\">6\ufe0f\u20e34\ufe0f\u20e3-X<\/a> |<a href=\"http:\/\/0-zz.com\/y\">6\ufe0f\u20e35\ufe0f\u20e3-Y<\/a> |<a href=\"http:\/\/0-zz.com\/z\">6\ufe0f\u20e36\ufe0f\u20e3-Z<\/a><\/strong><\/small><\/p>\n\n\n\n<p>Roll 2 dice ?? 1\ufe0f\u20e32\ufe0f\u20e33\ufe0f\u20e34\ufe0f\u20e35\ufe0f\u20e36\ufe0f\u20e3<\/p>\n\n\n\n<p><a href=\"https:\/\/www.random.org\/dice\/\">https:\/\/www.random.org\/dice\/<\/a><\/p>\n\n\n\n<p><a href=\"https:\/\/www.google.com\/search?q=dice+roller\">https:\/\/www.google.com\/search?q=dice+roller<\/a><\/p>\n\n\n\n<hr class=\"wp-block-separator\"\/>\n\n\n\n<p><a href=\"https:\/\/12r.pl\/ea\/\">12r.pl\/ea<\/a>&nbsp;-&gt;&nbsp;<a href=\"https:\/\/12r.uk\/ea\/\">12r.uk\/ea<\/a>&nbsp;-&gt;&nbsp;<a href=\"https:\/\/7hi7.com\/ea\/\">7hi7.com\/ea<\/a><\/p>\n\n\n\n<p>Wikipedia.org &#8211; Play game &#8211; portals, categories, states, cities, capital cities<\/p>\n","protected":false},"excerpt":{"rendered":"<p>t &#8211; 00\/t &#8211; 00T Brodka &#8211; Miales byc (Video) 14M views&nbsp;\u00b7&nbsp;12 years ago Brodka SUBSCRIBED 74.3K subscribers https:\/\/m.youtube.com\/channel\/UCbBb_GF5abnvZnHBxoMKejw Mia\u0142e\u015b by\u0107 przy niejmia\u0142e\u015b by\u0107 na ka\u017cdy znaktakiej dziewczyniedo n\u00f3g si\u0119 rzuca ca\u0142y \u015bwiatna ka\u017cd\u0105 chwil\u0119 mia\u0142e\u015b jej przynie\u015b\u0107powietrza przejrzystego smakka\u017cdym oddechem wo\u0142a o Ciebiei tylko Ty nie widzisz jak&#8230; ref.G\u0142\u0119boko w \u015brodku gdzie\u015bi cho\u0107by \u015bladu [&hellip;]<\/p>\n","protected":false},"author":1,"featured_media":0,"parent":0,"menu_order":0,"comment_status":"closed","ping_status":"closed","template":"","meta":{"footnotes":""},"class_list":["post-78","page","type-page","status-publish","hentry"],"_links":{"self":[{"href":"https:\/\/0-zz.com\/00\/wp-json\/wp\/v2\/pages\/78","targetHints":{"allow":["GET"]}}],"collection":[{"href":"https:\/\/0-zz.com\/00\/wp-json\/wp\/v2\/pages"}],"about":[{"href":"https:\/\/0-zz.com\/00\/wp-json\/wp\/v2\/types\/page"}],"author":[{"embeddable":true,"href":"https:\/\/0-zz.com\/00\/wp-json\/wp\/v2\/users\/1"}],"replies":[{"embeddable":true,"href":"https:\/\/0-zz.com\/00\/wp-json\/wp\/v2\/comments?post=78"}],"version-history":[{"count":5,"href":"https:\/\/0-zz.com\/00\/wp-json\/wp\/v2\/pages\/78\/revisions"}],"predecessor-version":[{"id":302,"href":"https:\/\/0-zz.com\/00\/wp-json\/wp\/v2\/pages\/78\/revisions\/302"}],"wp:attachment":[{"href":"https:\/\/0-zz.com\/00\/wp-json\/wp\/v2\/media?parent=78"}],"curies":[{"name":"wp","href":"https:\/\/api.w.org\/{rel}","templated":true}]}}