{"id":76,"date":"2020-04-07T20:20:08","date_gmt":"2020-04-08T08:20:08","guid":{"rendered":"http:\/\/0-zz.com\/00\/?page_id=76"},"modified":"2022-03-16T03:34:36","modified_gmt":"2022-03-16T15:34:36","slug":"s","status":"publish","type":"page","link":"https:\/\/0-zz.com\/00\/s\/","title":{"rendered":"S"},"content":{"rendered":"\n<h2 class=\"wp-block-heading\" id=\"s-00-s-00s\">s &#8211; 00\/s &#8211; 00S<\/h2>\n\n\n\n<figure class=\"wp-block-embed is-type-video is-provider-youtube wp-block-embed-youtube wp-embed-aspect-4-3 wp-has-aspect-ratio\"><div class=\"wp-block-embed__wrapper\">\n<iframe loading=\"lazy\" title=\"Szymon Wydra &amp; Carpe Diem - \u017bycie Jak Poemat\" width=\"580\" height=\"435\" src=\"https:\/\/www.youtube.com\/embed\/4uYFY7jdQGs?feature=oembed\" frameborder=\"0\" allow=\"accelerometer; autoplay; clipboard-write; encrypted-media; gyroscope; picture-in-picture; web-share\" referrerpolicy=\"strict-origin-when-cross-origin\" allowfullscreen><\/iframe>\n<\/div><\/figure>\n\n\n\n<h2 class=\"wp-block-heading\" id=\"szymon-wydra-carpe-diem-zycie-jak-poemat\">Szymon Wydra &amp; Carpe Diem &#8211; \u017bycie Jak Poemat<\/h2>\n\n\n\n<p>7.8M views&nbsp;\u00b7&nbsp;13 years ago<\/p>\n\n\n\n<h2 class=\"wp-block-heading\" id=\"universal-music-polska\">Universal Music Polska<\/h2>\n\n\n\n<p>SUBSCRIBED 75.5K subscribers<\/p>\n\n\n\n<p><a href=\"https:\/\/m.youtube.com\/channel\/UCXM6YtmtRbwRlyubNCx5t2w\">https:\/\/m.youtube.com\/channel\/UCXM6YtmtRbwRlyubNCx5t2w<\/a><\/p>\n\n\n\n<p>Dobrze jest<br>Je\u017celi w \u017cyciu widzisz g\u0142\u0119bszy sens<br>Je\u017celi robisz co\u015b ze wszystkich si\u0142<br>By\u015b dobrze \u017cy\u0142<br>Dlatego poddaj si\u0119<br>Pragnieniu kt\u00f3re w twoim sercu jest<br>Pokusie odkrywanej raz po raz<br>Na jaki\u015b czas<\/p>\n\n\n\n<p>Refren:<br>Nasze \u017cycie b\u0119dzie jak poemat<br>Trzeba tylko znale\u017a\u0107 dobry temat<br>Trzeba si\u0119 odnale\u017a\u0107 w ka\u017cdej chwili<br>Trzeba by\u0107<br>Tyle jeszcze drogi jest przed nami<br>Z tym \u017ce tras\u0119 wyznaczymy sami<br>Po co dalej w miejscu tkwi\u0107<br>Trzeba \u017cy\u0107<\/p>\n\n\n\n<p>O ile \u0142atwiej jest<br>Je\u017celi wiesz co dalej robi\u0107 chcesz<br>Je\u017celi w swoim sercu serce masz<br>To jest tw\u00f3j czas<br>I wtedy b\u0119dzie tak<br>Jakby si\u0119 nigdy mia\u0142 nie sko\u0144czy\u0107 \u015bwiat<br>Jakby si\u0119 nigdy mia\u0142 nie sko\u0144czy\u0107 dzie\u0144<br>Bo masz sw\u00f3j cel<\/p>\n\n\n\n<p>Refren:<br>Nasze \u017cycie b\u0119dzie jak poemat<br>Trzeba tylko znale\u017a\u0107 dobry temat<br>Trzeba si\u0119 odnale\u017a\u0107 w ka\u017cdej chwili<br>Trzeba by\u0107<br>Tyle jeszcze drogi jest przed nami<br>Z tym \u017ce tras\u0119 wyznaczymy sami<br>Po co dalej w miejscu tkwi\u0107<br>Trzeba \u017cy\u0107<\/p>\n\n\n\n<p>Nasze \u017cycie b\u0119dzie jak poemat<br>Trzeba tylko znale\u017a\u0107 dobry temat<br>Trzeba si\u0119 odnale\u017a\u0107 w ka\u017cdej chwili<br>Trzeba by\u0107<br>Tyle jeszcze drogi jest przed nami<br>Z tym \u017ce tras\u0119 wyznaczymy sami<br>Po co dalej w miejscu tkwi\u0107<br>Kiedy trzeba \u017cy\u0107<\/p>\n\n\n\n<p>Nie rezygnujmy ze swych marze\u0144<br>Kto to wie co jeszcze czas poka\u017ce<br>Kto to mo\u017ce widzie\u0107 co si\u0119 stanie<br>Cho\u0107by dzi\u015b<br>Nasze \u017cycie b\u0119dzie jak poemat<br>Trzeba tylko znale\u017a\u0107 dobry temat<br>Trzeba si\u0119 odnale\u017a\u0107 w nim<br>Aby by\u0107<\/p>\n\n\n\n<p><a href=\"https:\/\/www.tekstowo.pl\/piosenka,szymon_wydra,zycie_jak_poemat.html\">https:\/\/www.tekstowo.pl\/piosenka,szymon_wydra,zycie_jak_poemat.html<\/a><\/p>\n\n\n\n<hr class=\"wp-block-separator\"\/>\n\n\n\n<h4 class=\"wp-block-heading\">0-zz.com\/0 &#8211; 0-zz.com\/z :<\/h4>\n\n\n\n<p><small><strong><a href=\"http:\/\/0-zz.com\/0\">1\ufe0f\u20e31\ufe0f\u20e3-0<\/a> |<a href=\"http:\/\/0-zz.com\/1\">1\ufe0f\u20e32\ufe0f\u20e3-1<\/a> |<a href=\"http:\/\/0-zz.com\/2\">1\ufe0f\u20e33\ufe0f\u20e3-2<\/a> |<a href=\"http:\/\/0-zz.com\/3\">1\ufe0f\u20e34\ufe0f\u20e3-3<\/a> |<a href=\"http:\/\/0-zz.com\/4\">1\ufe0f\u20e35\ufe0f\u20e3-4<\/a> |<a href=\"http:\/\/0-zz.com\/5\">1\ufe0f\u20e36\ufe0f\u20e3-5<\/a> <\/strong><\/small><br><small> <strong><a href=\"http:\/\/0-zz.com\/6\">2\ufe0f\u20e31\ufe0f\u20e3-6<\/a> |<a href=\"http:\/\/0-zz.com\/7\">2\ufe0f\u20e32\ufe0f\u20e3-7<\/a> |<a href=\"http:\/\/0-zz.com\/8\">2\ufe0f\u20e33\ufe0f\u20e3-8<\/a> |<a href=\"http:\/\/0-zz.com\/9\">2\ufe0f\u20e34\ufe0f\u20e3-9<\/a> |<a href=\"http:\/\/0-zz.com\/a\">2\ufe0f\u20e35\ufe0f\u20e3-A<\/a> |<a href=\"http:\/\/0-zz.com\/b\">2\ufe0f\u20e36\ufe0f\u20e3-B<\/a><\/strong><\/small><br><small> <strong><a href=\"http:\/\/0-zz.com\/c\">3\ufe0f\u20e31\ufe0f\u20e3-C<\/a> |<a href=\"http:\/\/0-zz.com\/d\">3\ufe0f\u20e32\ufe0f\u20e3-D<\/a> |<a href=\"http:\/\/0-zz.com\/e\">3\ufe0f\u20e33\ufe0f\u20e3-E<\/a> |<a href=\"http:\/\/0-zz.com\/f\">3\ufe0f\u20e34\ufe0f\u20e3-F<\/a> |<a href=\"http:\/\/0-zz.com\/g\">3\ufe0f\u20e35\ufe0f\u20e3-G<\/a> |<a href=\"http:\/\/0-zz.com\/h\">3\ufe0f\u20e36\ufe0f\u20e3-H<\/a><\/strong><\/small><br><small> <strong><a href=\"http:\/\/0-zz.com\/i\">4\ufe0f\u20e31\ufe0f\u20e3-I<\/a> |<a href=\"http:\/\/0-zz.com\/j\">4\ufe0f\u20e32\ufe0f\u20e3-J<\/a> |<a href=\"http:\/\/0-zz.com\/k\">4\ufe0f\u20e33\ufe0f\u20e3-K<\/a> |<a href=\"http:\/\/0-zz.com\/l\">4\ufe0f\u20e34\ufe0f\u20e3-L<\/a> |<a href=\"http:\/\/0-zz.com\/m\">4\ufe0f\u20e35\ufe0f\u20e3-M<\/a> |<a href=\"http:\/\/0-zz.com\/n\">4\ufe0f\u20e36\ufe0f\u20e3-N<\/a><\/strong><\/small><br><small> <strong><a href=\"http:\/\/0-zz.com\/o\">5\ufe0f\u20e31\ufe0f\u20e3-O<\/a> |<a href=\"http:\/\/0-zz.com\/p\">5\ufe0f\u20e32\ufe0f\u20e3-P<\/a> |<a href=\"http:\/\/0-zz.com\/q\">5\ufe0f\u20e33\ufe0f\u20e3-Q<\/a> |<a href=\"http:\/\/0-zz.com\/r\">5\ufe0f\u20e34\ufe0f\u20e3-R<\/a> |<a href=\"http:\/\/0-zz.com\/s\">5\ufe0f\u20e35\ufe0f\u20e3-S<\/a> |<a href=\"http:\/\/0-zz.com\/t\">5\ufe0f\u20e36\ufe0f\u20e3-T<\/a><\/strong><\/small><br><small> <strong><a href=\"http:\/\/0-zz.com\/u\">6\ufe0f\u20e31\ufe0f\u20e3-U<\/a> |<a href=\"http:\/\/0-zz.com\/v\">6\ufe0f\u20e32\ufe0f\u20e3-V<\/a> |<a href=\"http:\/\/0-zz.com\/w\">6\ufe0f\u20e33\ufe0f\u20e3-W<\/a> |<a href=\"http:\/\/0-zz.com\/x\">6\ufe0f\u20e34\ufe0f\u20e3-X<\/a> |<a href=\"http:\/\/0-zz.com\/y\">6\ufe0f\u20e35\ufe0f\u20e3-Y<\/a> |<a href=\"http:\/\/0-zz.com\/z\">6\ufe0f\u20e36\ufe0f\u20e3-Z<\/a><\/strong><\/small><\/p>\n\n\n\n<p>Roll 2 dice ?? 1\ufe0f\u20e32\ufe0f\u20e33\ufe0f\u20e34\ufe0f\u20e35\ufe0f\u20e36\ufe0f\u20e3<\/p>\n\n\n\n<p><a href=\"https:\/\/www.random.org\/dice\/\">https:\/\/www.random.org\/dice\/<\/a><\/p>\n\n\n\n<p><a href=\"https:\/\/www.google.com\/search?q=dice+roller\">https:\/\/www.google.com\/search?q=dice+roller<\/a><\/p>\n\n\n\n<hr class=\"wp-block-separator\"\/>\n\n\n\n<p><a href=\"https:\/\/12r.pl\/ea\/\">12r.pl\/ea<\/a>&nbsp;-&gt;&nbsp;<a href=\"https:\/\/12r.uk\/ea\/\">12r.uk\/ea<\/a>&nbsp;-&gt;&nbsp;<a href=\"https:\/\/7hi7.com\/ea\/\">7hi7.com\/ea<\/a><\/p>\n\n\n\n<p>Wikipedia.org &#8211; Play game &#8211; portals, categories, states, cities, capital cities<\/p>\n","protected":false},"excerpt":{"rendered":"<p>s &#8211; 00\/s &#8211; 00S Szymon Wydra &amp; Carpe Diem &#8211; \u017bycie Jak Poemat 7.8M views&nbsp;\u00b7&nbsp;13 years ago Universal Music Polska SUBSCRIBED 75.5K subscribers https:\/\/m.youtube.com\/channel\/UCXM6YtmtRbwRlyubNCx5t2w Dobrze jestJe\u017celi w \u017cyciu widzisz g\u0142\u0119bszy sensJe\u017celi robisz co\u015b ze wszystkich si\u0142By\u015b dobrze \u017cy\u0142Dlatego poddaj si\u0119Pragnieniu kt\u00f3re w twoim sercu jestPokusie odkrywanej raz po razNa jaki\u015b czas Refren:Nasze \u017cycie b\u0119dzie [&hellip;]<\/p>\n","protected":false},"author":1,"featured_media":0,"parent":0,"menu_order":0,"comment_status":"closed","ping_status":"closed","template":"","meta":{"footnotes":""},"class_list":["post-76","page","type-page","status-publish","hentry"],"_links":{"self":[{"href":"https:\/\/0-zz.com\/00\/wp-json\/wp\/v2\/pages\/76","targetHints":{"allow":["GET"]}}],"collection":[{"href":"https:\/\/0-zz.com\/00\/wp-json\/wp\/v2\/pages"}],"about":[{"href":"https:\/\/0-zz.com\/00\/wp-json\/wp\/v2\/types\/page"}],"author":[{"embeddable":true,"href":"https:\/\/0-zz.com\/00\/wp-json\/wp\/v2\/users\/1"}],"replies":[{"embeddable":true,"href":"https:\/\/0-zz.com\/00\/wp-json\/wp\/v2\/comments?post=76"}],"version-history":[{"count":4,"href":"https:\/\/0-zz.com\/00\/wp-json\/wp\/v2\/pages\/76\/revisions"}],"predecessor-version":[{"id":265,"href":"https:\/\/0-zz.com\/00\/wp-json\/wp\/v2\/pages\/76\/revisions\/265"}],"wp:attachment":[{"href":"https:\/\/0-zz.com\/00\/wp-json\/wp\/v2\/media?parent=76"}],"curies":[{"name":"wp","href":"https:\/\/api.w.org\/{rel}","templated":true}]}}