{"id":74,"date":"2020-04-07T20:19:57","date_gmt":"2020-04-08T08:19:57","guid":{"rendered":"http:\/\/0-zz.com\/00\/?page_id=74"},"modified":"2022-04-28T01:53:21","modified_gmt":"2022-04-28T13:53:21","slug":"r","status":"publish","type":"page","link":"https:\/\/0-zz.com\/00\/r\/","title":{"rendered":"R"},"content":{"rendered":"\n<h2 class=\"wp-block-heading\" id=\"r-00-r-00r\">r &#8211; 00\/r &#8211; 00R<\/h2>\n\n\n\n<figure class=\"wp-block-embed is-type-video is-provider-youtube wp-block-embed-youtube wp-embed-aspect-16-9 wp-has-aspect-ratio\"><div class=\"wp-block-embed__wrapper\">\n<iframe loading=\"lazy\" title=\"Jula - Za ka\u017cdym razem (Official Video)\" width=\"580\" height=\"326\" src=\"https:\/\/www.youtube.com\/embed\/uxo4D3K4988?feature=oembed\" frameborder=\"0\" allow=\"accelerometer; autoplay; clipboard-write; encrypted-media; gyroscope; picture-in-picture; web-share\" referrerpolicy=\"strict-origin-when-cross-origin\" allowfullscreen><\/iframe>\n<\/div><\/figure>\n\n\n\n<h2 class=\"wp-block-heading\" id=\"jula-za-kazdym-razem-official-video\">Jula &#8211; Za ka\u017cdym razem (Official Video)<\/h2>\n\n\n\n<p>36M views&nbsp;\u00b7&nbsp;10 years ago<\/p>\n\n\n\n<h2 class=\"wp-block-heading\" id=\"jula\">Jula<\/h2>\n\n\n\n<p>SUBSCRIBED 166K subscribers<\/p>\n\n\n\n<p><a href=\"https:\/\/m.youtube.com\/channel\/UCZDQLnPhhoZ_u2gagxPdMMg\">https:\/\/m.youtube.com\/channel\/UCZDQLnPhhoZ_u2gagxPdMMg<\/a><\/p>\n\n\n\n<p>Bo za nami jest ta mi\u0142o\u015b\u0107 jedna, kt\u00f3ra nie istnieje bez nas.<\/p>\n\n\n\n<p>Za ka\u017cdym razem wi\u0119cej tych s\u0142\u00f3w, przez kt\u00f3re cierpi\u0119,<br>Za ka\u017cdym razem g\u0142\u0119biej, ja wci\u0105\u017c wracam po wi\u0119cej.<br>Za ka\u017cdym razem wi\u0119cej tych s\u0142\u00f3w, przez kt\u00f3re cierpi\u0119,<br>Za ka\u017cdym razem g\u0142\u0119biej, ja wci\u0105\u017c wracam po wi\u0119cej.<\/p>\n\n\n\n<p>Bo za nami jest ta mi\u0142o\u015b\u0107 jedna, kt\u00f3ra nie istnieje bez nas<br>Ona nigdy nie chce nas rozdziela\u0107, bez niej nie mo\u017cemy przetrwa\u0107<br>Cho\u0107 przed nami jeszcze d\u0142uga droga, pomo\u017ce nam j\u0105 pokona\u0107<br>Wiem, \u017ce mamy w sobie tyle si\u0142y, \u017ce si\u0119 nie poddamy nigdy.<\/p>\n\n\n\n<p>Za ka\u017cdym razem wi\u0119cej tych s\u0142\u00f3w, przez kt\u00f3re cierpi\u0119,<br>Za ka\u017cdym razem g\u0142\u0119biej, ja wci\u0105\u017c wracam po wi\u0119cej.<br>Za ka\u017cdym razem wi\u0119cej tych s\u0142\u00f3w, przez kt\u00f3re cierpi\u0119,<br>Za ka\u017cdym razem g\u0142\u0119biej, ja wci\u0105\u017c wracam po wi\u0119cej.<\/p>\n\n\n\n<p>Chcia\u0142abym by\u0107 oboj\u0119tna,<br>Na b\u0142\u0119dy, kt\u00f3re pope\u0142niasz.<br>Chcia\u0142abym by\u0107 oboj\u0119tna,<br>Na b\u0142\u0119dy, kt\u00f3re pope\u0142niasz.<\/p>\n\n\n\n<p>Ci\u0105gle my\u015bl\u0119 co jeszcze nadejdzie,<br>Chcia\u0142abym wiecznie \u017cy\u0107 we \u015bnie,<br>W kt\u00f3rym zawsze b\u0119dziesz moim ksi\u0119ciem,<br>Prowadz\u0105cym mnie za r\u0119k\u0119.<br>B\u0119dziesz zawsze chroni\u0142 moje serce,<br>Aby czu\u0142o si\u0119 bezpieczne.<br>Mo\u017ce poczujemy wtedy szcz\u0119\u015bcie,<br>Kiedy los przed nami kl\u0119knie.<\/p>\n\n\n\n<p>Za ka\u017cdym razem wi\u0119cej tych s\u0142\u00f3w, przez kt\u00f3re cierpi\u0119,<br>Za ka\u017cdym razem g\u0142\u0119biej, ja wci\u0105\u017c wracam po wi\u0119cej.<br>Za ka\u017cdym razem wi\u0119cej tych s\u0142\u00f3w, przez kt\u00f3re cierpi\u0119,<br>Za ka\u017cdym razem g\u0142\u0119biej, ja wci\u0105\u017c wracam po wi\u0119cej.<\/p>\n\n\n\n<p>Chcia\u0142abym by\u0107 oboj\u0119tna,<br>Na b\u0142\u0119dy, kt\u00f3re pope\u0142niasz.<br>Chcia\u0142abym by\u0107 oboj\u0119tna,<br>Na b\u0142\u0119dy, kt\u00f3re pope\u0142niasz.<\/p>\n\n\n\n<p>Za ka\u017cdym razem wi\u0119cej tych s\u0142\u00f3w, przez kt\u00f3re cierpi\u0119,<br>Za ka\u017cdym razem g\u0142\u0119biej, ja wci\u0105\u017c wracam po wi\u0119cej.<br>Za ka\u017cdym razem wi\u0119cej tych s\u0142\u00f3w, przez kt\u00f3re cierpi\u0119,<br>Za ka\u017cdym razem g\u0142\u0119biej, ja wci\u0105\u017c wracam po wi\u0119cej.<\/p>\n\n\n\n<p>Za ka\u017cdym razem .. (haaa)<br>Za ka\u017cdym razem .. (haaa)<br>Za ka\u017cdym razem .. (haaa)<br>Za ka\u017cdym razem ..<\/p>\n\n\n\n<figure class=\"wp-block-table\"><table><tbody><tr><th>Autor tekstu:<\/th><td>Jula &amp; Marcin Fabiszewski<\/td><\/tr><tr><th>Kompozytor:<\/th><td>Adrian Owsianik<\/td><\/tr><\/tbody><\/table><\/figure>\n\n\n\n<p><a href=\"https:\/\/www.tekstowo.pl\/piosenka,jula,za_kazdym_razem.html\">https:\/\/www.tekstowo.pl\/piosenka,jula,za_kazdym_razem.html<\/a><\/p>\n\n\n\n<hr class=\"wp-block-separator\"\/>\n\n\n\n<h4 class=\"wp-block-heading\">0-zz.com\/0 &#8211; 0-zz.com\/z :<\/h4>\n\n\n\n<p><small><strong><a href=\"http:\/\/0-zz.com\/0\">1\ufe0f\u20e31\ufe0f\u20e3-0<\/a> |<a href=\"http:\/\/0-zz.com\/1\">1\ufe0f\u20e32\ufe0f\u20e3-1<\/a> |<a href=\"http:\/\/0-zz.com\/2\">1\ufe0f\u20e33\ufe0f\u20e3-2<\/a> |<a href=\"http:\/\/0-zz.com\/3\">1\ufe0f\u20e34\ufe0f\u20e3-3<\/a> |<a href=\"http:\/\/0-zz.com\/4\">1\ufe0f\u20e35\ufe0f\u20e3-4<\/a> |<a href=\"http:\/\/0-zz.com\/5\">1\ufe0f\u20e36\ufe0f\u20e3-5<\/a> <\/strong><\/small><br><small> <strong><a href=\"http:\/\/0-zz.com\/6\">2\ufe0f\u20e31\ufe0f\u20e3-6<\/a> |<a href=\"http:\/\/0-zz.com\/7\">2\ufe0f\u20e32\ufe0f\u20e3-7<\/a> |<a href=\"http:\/\/0-zz.com\/8\">2\ufe0f\u20e33\ufe0f\u20e3-8<\/a> |<a href=\"http:\/\/0-zz.com\/9\">2\ufe0f\u20e34\ufe0f\u20e3-9<\/a> |<a href=\"http:\/\/0-zz.com\/a\">2\ufe0f\u20e35\ufe0f\u20e3-A<\/a> |<a href=\"http:\/\/0-zz.com\/b\">2\ufe0f\u20e36\ufe0f\u20e3-B<\/a><\/strong><\/small><br><small> <strong><a href=\"http:\/\/0-zz.com\/c\">3\ufe0f\u20e31\ufe0f\u20e3-C<\/a> |<a href=\"http:\/\/0-zz.com\/d\">3\ufe0f\u20e32\ufe0f\u20e3-D<\/a> |<a href=\"http:\/\/0-zz.com\/e\">3\ufe0f\u20e33\ufe0f\u20e3-E<\/a> |<a href=\"http:\/\/0-zz.com\/f\">3\ufe0f\u20e34\ufe0f\u20e3-F<\/a> |<a href=\"http:\/\/0-zz.com\/g\">3\ufe0f\u20e35\ufe0f\u20e3-G<\/a> |<a href=\"http:\/\/0-zz.com\/h\">3\ufe0f\u20e36\ufe0f\u20e3-H<\/a><\/strong><\/small><br><small> <strong><a href=\"http:\/\/0-zz.com\/i\">4\ufe0f\u20e31\ufe0f\u20e3-I<\/a> |<a href=\"http:\/\/0-zz.com\/j\">4\ufe0f\u20e32\ufe0f\u20e3-J<\/a> |<a href=\"http:\/\/0-zz.com\/k\">4\ufe0f\u20e33\ufe0f\u20e3-K<\/a> |<a href=\"http:\/\/0-zz.com\/l\">4\ufe0f\u20e34\ufe0f\u20e3-L<\/a> |<a href=\"http:\/\/0-zz.com\/m\">4\ufe0f\u20e35\ufe0f\u20e3-M<\/a> |<a href=\"http:\/\/0-zz.com\/n\">4\ufe0f\u20e36\ufe0f\u20e3-N<\/a><\/strong><\/small><br><small> <strong><a href=\"http:\/\/0-zz.com\/o\">5\ufe0f\u20e31\ufe0f\u20e3-O<\/a> |<a href=\"http:\/\/0-zz.com\/p\">5\ufe0f\u20e32\ufe0f\u20e3-P<\/a> |<a href=\"http:\/\/0-zz.com\/q\">5\ufe0f\u20e33\ufe0f\u20e3-Q<\/a> |<a href=\"http:\/\/0-zz.com\/r\">5\ufe0f\u20e34\ufe0f\u20e3-R<\/a> |<a href=\"http:\/\/0-zz.com\/s\">5\ufe0f\u20e35\ufe0f\u20e3-S<\/a> |<a href=\"http:\/\/0-zz.com\/t\">5\ufe0f\u20e36\ufe0f\u20e3-T<\/a><\/strong><\/small><br><small> <strong><a href=\"http:\/\/0-zz.com\/u\">6\ufe0f\u20e31\ufe0f\u20e3-U<\/a> |<a href=\"http:\/\/0-zz.com\/v\">6\ufe0f\u20e32\ufe0f\u20e3-V<\/a> |<a href=\"http:\/\/0-zz.com\/w\">6\ufe0f\u20e33\ufe0f\u20e3-W<\/a> |<a href=\"http:\/\/0-zz.com\/x\">6\ufe0f\u20e34\ufe0f\u20e3-X<\/a> |<a href=\"http:\/\/0-zz.com\/y\">6\ufe0f\u20e35\ufe0f\u20e3-Y<\/a> |<a href=\"http:\/\/0-zz.com\/z\">6\ufe0f\u20e36\ufe0f\u20e3-Z<\/a><\/strong><\/small><\/p>\n\n\n\n<p>Roll 2 dice ?? 1\ufe0f\u20e32\ufe0f\u20e33\ufe0f\u20e34\ufe0f\u20e35\ufe0f\u20e36\ufe0f\u20e3<\/p>\n\n\n\n<p><a href=\"https:\/\/www.random.org\/dice\/\">https:\/\/www.random.org\/dice\/<\/a><\/p>\n\n\n\n<p><a href=\"https:\/\/www.google.com\/search?q=dice+roller\">https:\/\/www.google.com\/search?q=dice+roller<\/a><\/p>\n\n\n\n<hr class=\"wp-block-separator\"\/>\n\n\n\n<p><a href=\"https:\/\/12r.pl\/ea\/\">12r.pl\/ea<\/a>&nbsp;-&gt;&nbsp;<a href=\"https:\/\/12r.uk\/ea\/\">12r.uk\/ea<\/a>&nbsp;-&gt;&nbsp;<a href=\"https:\/\/7hi7.com\/ea\/\">7hi7.com\/ea<\/a><\/p>\n\n\n\n<p>Wikipedia.org &#8211; Play game &#8211; portals, categories, states, cities, capital cities<\/p>\n","protected":false},"excerpt":{"rendered":"<p>r &#8211; 00\/r &#8211; 00R Jula &#8211; Za ka\u017cdym razem (Official Video) 36M views&nbsp;\u00b7&nbsp;10 years ago Jula SUBSCRIBED 166K subscribers https:\/\/m.youtube.com\/channel\/UCZDQLnPhhoZ_u2gagxPdMMg Bo za nami jest ta mi\u0142o\u015b\u0107 jedna, kt\u00f3ra nie istnieje bez nas. Za ka\u017cdym razem wi\u0119cej tych s\u0142\u00f3w, przez kt\u00f3re cierpi\u0119,Za ka\u017cdym razem g\u0142\u0119biej, ja wci\u0105\u017c wracam po wi\u0119cej.Za ka\u017cdym razem wi\u0119cej tych s\u0142\u00f3w, [&hellip;]<\/p>\n","protected":false},"author":1,"featured_media":0,"parent":0,"menu_order":0,"comment_status":"closed","ping_status":"closed","template":"","meta":{"footnotes":""},"class_list":["post-74","page","type-page","status-publish","hentry"],"_links":{"self":[{"href":"https:\/\/0-zz.com\/00\/wp-json\/wp\/v2\/pages\/74","targetHints":{"allow":["GET"]}}],"collection":[{"href":"https:\/\/0-zz.com\/00\/wp-json\/wp\/v2\/pages"}],"about":[{"href":"https:\/\/0-zz.com\/00\/wp-json\/wp\/v2\/types\/page"}],"author":[{"embeddable":true,"href":"https:\/\/0-zz.com\/00\/wp-json\/wp\/v2\/users\/1"}],"replies":[{"embeddable":true,"href":"https:\/\/0-zz.com\/00\/wp-json\/wp\/v2\/comments?post=74"}],"version-history":[{"count":5,"href":"https:\/\/0-zz.com\/00\/wp-json\/wp\/v2\/pages\/74\/revisions"}],"predecessor-version":[{"id":301,"href":"https:\/\/0-zz.com\/00\/wp-json\/wp\/v2\/pages\/74\/revisions\/301"}],"wp:attachment":[{"href":"https:\/\/0-zz.com\/00\/wp-json\/wp\/v2\/media?parent=74"}],"curies":[{"name":"wp","href":"https:\/\/api.w.org\/{rel}","templated":true}]}}