{"id":72,"date":"2020-04-07T20:19:47","date_gmt":"2020-04-08T08:19:47","guid":{"rendered":"http:\/\/0-zz.com\/00\/?page_id=72"},"modified":"2022-04-28T01:51:58","modified_gmt":"2022-04-28T13:51:58","slug":"q","status":"publish","type":"page","link":"https:\/\/0-zz.com\/00\/q\/","title":{"rendered":"Q"},"content":{"rendered":"\n<h2 class=\"wp-block-heading\" id=\"q-00-q-00q\">q &#8211; 00\/q &#8211; 00Q<\/h2>\n\n\n\n<figure class=\"wp-block-embed is-type-video is-provider-youtube wp-block-embed-youtube wp-embed-aspect-16-9 wp-has-aspect-ratio\"><div class=\"wp-block-embed__wrapper\">\n<iframe loading=\"lazy\" title=\"Enej Skrzydlate R\u0119ce (Oficjalny Teledysk)\" width=\"580\" height=\"326\" src=\"https:\/\/www.youtube.com\/embed\/n3Hv-1MWz2Y?feature=oembed\" frameborder=\"0\" allow=\"accelerometer; autoplay; clipboard-write; encrypted-media; gyroscope; picture-in-picture; web-share\" referrerpolicy=\"strict-origin-when-cross-origin\" allowfullscreen><\/iframe>\n<\/div><\/figure>\n\n\n\n<h2 class=\"wp-block-heading\" id=\"enej-skrzydlate-rece-oficjalny-teledysk\">Enej Skrzydlate R\u0119ce (Oficjalny Teledysk)<\/h2>\n\n\n\n<p>20M views&nbsp;\u00b7&nbsp;9 years ago<\/p>\n\n\n\n<h2 class=\"wp-block-heading\" id=\"enejoficjalny\">EnejOficjalny<\/h2>\n\n\n\n<p>SUBSCRIBED 315K subscribers<\/p>\n\n\n\n<p><a href=\"https:\/\/m.youtube.com\/channel\/UC7XXjpzrcBvxmnybEX3zJAA\">https:\/\/m.youtube.com\/channel\/UC7XXjpzrcBvxmnybEX3zJAA<\/a><\/p>\n\n\n\n<p>Hej!<\/p>\n\n\n\n<p>1.<br>Urodzi\u0142 si\u0119, sam dzisiaj nie wie gdzie<br>Nie widzia\u0142 s\u0142o\u0144ca ni nieba te\u017c<br>Ojciec mu wrogi, mamy nie zna\u0142 wi\u0119c<br>Samotnie ci\u0105gle wita\u0142 nowy dzie\u0144<br>Dlaczego ja? Tak Boga pyta\u0142 si\u0119<br>Naprawd\u0119 skrzyde\u0142 tych nie mog\u0119 mie\u0107?<br>Roz\u0142o\u017cy\u0142 r\u0119ce, chyba tego chce<br>I jego oczy m\u00f3wi\u0105 &#8222;le\u0107&#8221;<\/p>\n\n\n\n<p>Ref.:<br>Raj kt\u00f3rego noc\u0105 pragniesz<br>Tak, jak ja<br>To niebo, to raj<br>Dalej, dalej prosz\u0119 le\u0107, prosz\u0119 gnaj! (x2)<\/p>\n\n\n\n<p>2.<br>Kolejny dzie\u0144, kolejna taka noc<br>Kiedy pokocha\u0107 go nie mia\u0142 kto<br>A ile mo\u017cna modli\u0107 si\u0119 o lont<br>Kt\u00f3ry zap\u0142onie kiedy chcia\u0142by on<br>Zalany \u0142zami, \u015bni\u0142o mu si\u0119, \u017ce<br>\u017be jego dusza ju\u017c umie lata\u0107<br>Roz\u0142o\u017cy\u0142 r\u0119ce, chyba tego chce<br>I jego oczy m\u00f3wi\u0105 &#8222;le\u0107&#8221;<\/p>\n\n\n\n<p>Ref.:<br>Raj kt\u00f3rego noc\u0105 pragniesz<br>Tak, jak ja<br>To niebo, to raj<br>Dalej, dalej prosz\u0119 le\u0107, prosz\u0119 gnaj! (x2)<\/p>\n\n\n\n<p>3.<br>Zobacz ch\u0142opaku za sen<br>Odda\u0142e\u015b \u017cycie, a wi\u0119c<br>B\u0142agam ci\u0119 le\u0107, pora ju\u017c na ciebie, te\u017c<br>Skrzydlate r\u0119ce bo B\u00f3g<br>Odda\u0142 je Tobie za b\u00f3l<br>K\u0142aniaj\u0105 si\u0119, aby\u015b je za\u0142o\u017cy\u0142 ju\u017c<br>I polecia\u0142 gdzie ten wymarzony<\/p>\n\n\n\n<p>Ref.:<br>Raj kt\u00f3rego noc\u0105 pragniesz<br>Tak, jak ja<br>To niebo, to raj<br>Dalej, dalej prosz\u0119 le\u0107, prosz\u0119 gnaj (x2)<\/p>\n\n\n\n<figure class=\"wp-block-table\"><table><tbody><tr><th>Autor tekstu:<\/th><td>Miros\u0142aw Orty\u0144ski<\/td><\/tr><tr><th>Kompozytor:<\/th><td>Miros\u0142aw Orty\u0144ski, Piotr So\u0142oducha<\/td><\/tr><\/tbody><\/table><\/figure>\n\n\n\n<p><a href=\"https:\/\/www.tekstowo.pl\/piosenka,enej,skrzydlate_rece.html\">https:\/\/www.tekstowo.pl\/piosenka,enej,skrzydlate_rece.html<\/a><\/p>\n\n\n\n<hr class=\"wp-block-separator\"\/>\n\n\n\n<h4 class=\"wp-block-heading\">0-zz.com\/0 &#8211; 0-zz.com\/z :<\/h4>\n\n\n\n<p><small><strong><a href=\"http:\/\/0-zz.com\/0\">1\ufe0f\u20e31\ufe0f\u20e3-0<\/a> |<a href=\"http:\/\/0-zz.com\/1\">1\ufe0f\u20e32\ufe0f\u20e3-1<\/a> |<a href=\"http:\/\/0-zz.com\/2\">1\ufe0f\u20e33\ufe0f\u20e3-2<\/a> |<a href=\"http:\/\/0-zz.com\/3\">1\ufe0f\u20e34\ufe0f\u20e3-3<\/a> |<a href=\"http:\/\/0-zz.com\/4\">1\ufe0f\u20e35\ufe0f\u20e3-4<\/a> |<a href=\"http:\/\/0-zz.com\/5\">1\ufe0f\u20e36\ufe0f\u20e3-5<\/a> <\/strong><\/small><br><small> <strong><a href=\"http:\/\/0-zz.com\/6\">2\ufe0f\u20e31\ufe0f\u20e3-6<\/a> |<a href=\"http:\/\/0-zz.com\/7\">2\ufe0f\u20e32\ufe0f\u20e3-7<\/a> |<a href=\"http:\/\/0-zz.com\/8\">2\ufe0f\u20e33\ufe0f\u20e3-8<\/a> |<a href=\"http:\/\/0-zz.com\/9\">2\ufe0f\u20e34\ufe0f\u20e3-9<\/a> |<a href=\"http:\/\/0-zz.com\/a\">2\ufe0f\u20e35\ufe0f\u20e3-A<\/a> |<a href=\"http:\/\/0-zz.com\/b\">2\ufe0f\u20e36\ufe0f\u20e3-B<\/a><\/strong><\/small><br><small> <strong><a href=\"http:\/\/0-zz.com\/c\">3\ufe0f\u20e31\ufe0f\u20e3-C<\/a> |<a href=\"http:\/\/0-zz.com\/d\">3\ufe0f\u20e32\ufe0f\u20e3-D<\/a> |<a href=\"http:\/\/0-zz.com\/e\">3\ufe0f\u20e33\ufe0f\u20e3-E<\/a> |<a href=\"http:\/\/0-zz.com\/f\">3\ufe0f\u20e34\ufe0f\u20e3-F<\/a> |<a href=\"http:\/\/0-zz.com\/g\">3\ufe0f\u20e35\ufe0f\u20e3-G<\/a> |<a href=\"http:\/\/0-zz.com\/h\">3\ufe0f\u20e36\ufe0f\u20e3-H<\/a><\/strong><\/small><br><small> <strong><a href=\"http:\/\/0-zz.com\/i\">4\ufe0f\u20e31\ufe0f\u20e3-I<\/a> |<a href=\"http:\/\/0-zz.com\/j\">4\ufe0f\u20e32\ufe0f\u20e3-J<\/a> |<a href=\"http:\/\/0-zz.com\/k\">4\ufe0f\u20e33\ufe0f\u20e3-K<\/a> |<a href=\"http:\/\/0-zz.com\/l\">4\ufe0f\u20e34\ufe0f\u20e3-L<\/a> |<a href=\"http:\/\/0-zz.com\/m\">4\ufe0f\u20e35\ufe0f\u20e3-M<\/a> |<a href=\"http:\/\/0-zz.com\/n\">4\ufe0f\u20e36\ufe0f\u20e3-N<\/a><\/strong><\/small><br><small> <strong><a href=\"http:\/\/0-zz.com\/o\">5\ufe0f\u20e31\ufe0f\u20e3-O<\/a> |<a href=\"http:\/\/0-zz.com\/p\">5\ufe0f\u20e32\ufe0f\u20e3-P<\/a> |<a href=\"http:\/\/0-zz.com\/q\">5\ufe0f\u20e33\ufe0f\u20e3-Q<\/a> |<a href=\"http:\/\/0-zz.com\/r\">5\ufe0f\u20e34\ufe0f\u20e3-R<\/a> |<a href=\"http:\/\/0-zz.com\/s\">5\ufe0f\u20e35\ufe0f\u20e3-S<\/a> |<a href=\"http:\/\/0-zz.com\/t\">5\ufe0f\u20e36\ufe0f\u20e3-T<\/a><\/strong><\/small><br><small> <strong><a href=\"http:\/\/0-zz.com\/u\">6\ufe0f\u20e31\ufe0f\u20e3-U<\/a> |<a href=\"http:\/\/0-zz.com\/v\">6\ufe0f\u20e32\ufe0f\u20e3-V<\/a> |<a href=\"http:\/\/0-zz.com\/w\">6\ufe0f\u20e33\ufe0f\u20e3-W<\/a> |<a href=\"http:\/\/0-zz.com\/x\">6\ufe0f\u20e34\ufe0f\u20e3-X<\/a> |<a href=\"http:\/\/0-zz.com\/y\">6\ufe0f\u20e35\ufe0f\u20e3-Y<\/a> |<a href=\"http:\/\/0-zz.com\/z\">6\ufe0f\u20e36\ufe0f\u20e3-Z<\/a><\/strong><\/small><\/p>\n\n\n\n<p>Roll 2 dice ?? 1\ufe0f\u20e32\ufe0f\u20e33\ufe0f\u20e34\ufe0f\u20e35\ufe0f\u20e36\ufe0f\u20e3<\/p>\n\n\n\n<p><a href=\"https:\/\/www.random.org\/dice\/\">https:\/\/www.random.org\/dice\/<\/a><\/p>\n\n\n\n<p><a href=\"https:\/\/www.google.com\/search?q=dice+roller\">https:\/\/www.google.com\/search?q=dice+roller<\/a><\/p>\n\n\n\n<hr class=\"wp-block-separator\"\/>\n\n\n\n<p><a href=\"https:\/\/12r.pl\/ea\/\">12r.pl\/ea<\/a>&nbsp;-&gt;&nbsp;<a href=\"https:\/\/12r.uk\/ea\/\">12r.uk\/ea<\/a>&nbsp;-&gt;&nbsp;<a href=\"https:\/\/7hi7.com\/ea\/\">7hi7.com\/ea<\/a><\/p>\n\n\n\n<p>Wikipedia.org &#8211; Play game &#8211; portals, categories, states, cities, capital cities<\/p>\n","protected":false},"excerpt":{"rendered":"<p>q &#8211; 00\/q &#8211; 00Q Enej Skrzydlate R\u0119ce (Oficjalny Teledysk) 20M views&nbsp;\u00b7&nbsp;9 years ago EnejOficjalny SUBSCRIBED 315K subscribers https:\/\/m.youtube.com\/channel\/UC7XXjpzrcBvxmnybEX3zJAA Hej! 1.Urodzi\u0142 si\u0119, sam dzisiaj nie wie gdzieNie widzia\u0142 s\u0142o\u0144ca ni nieba te\u017cOjciec mu wrogi, mamy nie zna\u0142 wi\u0119cSamotnie ci\u0105gle wita\u0142 nowy dzie\u0144Dlaczego ja? Tak Boga pyta\u0142 si\u0119Naprawd\u0119 skrzyde\u0142 tych nie mog\u0119 mie\u0107?Roz\u0142o\u017cy\u0142 r\u0119ce, chyba tego [&hellip;]<\/p>\n","protected":false},"author":1,"featured_media":0,"parent":0,"menu_order":0,"comment_status":"closed","ping_status":"closed","template":"","meta":{"footnotes":""},"class_list":["post-72","page","type-page","status-publish","hentry"],"_links":{"self":[{"href":"https:\/\/0-zz.com\/00\/wp-json\/wp\/v2\/pages\/72","targetHints":{"allow":["GET"]}}],"collection":[{"href":"https:\/\/0-zz.com\/00\/wp-json\/wp\/v2\/pages"}],"about":[{"href":"https:\/\/0-zz.com\/00\/wp-json\/wp\/v2\/types\/page"}],"author":[{"embeddable":true,"href":"https:\/\/0-zz.com\/00\/wp-json\/wp\/v2\/users\/1"}],"replies":[{"embeddable":true,"href":"https:\/\/0-zz.com\/00\/wp-json\/wp\/v2\/comments?post=72"}],"version-history":[{"count":5,"href":"https:\/\/0-zz.com\/00\/wp-json\/wp\/v2\/pages\/72\/revisions"}],"predecessor-version":[{"id":300,"href":"https:\/\/0-zz.com\/00\/wp-json\/wp\/v2\/pages\/72\/revisions\/300"}],"wp:attachment":[{"href":"https:\/\/0-zz.com\/00\/wp-json\/wp\/v2\/media?parent=72"}],"curies":[{"name":"wp","href":"https:\/\/api.w.org\/{rel}","templated":true}]}}