{"id":68,"date":"2020-04-07T20:19:26","date_gmt":"2020-04-08T08:19:26","guid":{"rendered":"http:\/\/0-zz.com\/00\/?page_id=68"},"modified":"2022-04-28T01:49:45","modified_gmt":"2022-04-28T13:49:45","slug":"o","status":"publish","type":"page","link":"https:\/\/0-zz.com\/00\/o\/","title":{"rendered":"O"},"content":{"rendered":"\n<h2 class=\"wp-block-heading\" id=\"o-00-o-00o\">o &#8211; 00\/o &#8211; 00O<\/h2>\n\n\n\n<figure class=\"wp-block-embed is-type-video is-provider-youtube wp-block-embed-youtube wp-embed-aspect-16-9 wp-has-aspect-ratio\"><div class=\"wp-block-embed__wrapper\">\n<iframe loading=\"lazy\" title=\"Patty - (Zabiles Te Milosc) Nie Ma Nas [Official Music Video]\" width=\"580\" height=\"326\" src=\"https:\/\/www.youtube.com\/embed\/hjUtDjcej2s?feature=oembed\" frameborder=\"0\" allow=\"accelerometer; autoplay; clipboard-write; encrypted-media; gyroscope; picture-in-picture; web-share\" referrerpolicy=\"strict-origin-when-cross-origin\" allowfullscreen><\/iframe>\n<\/div><\/figure>\n\n\n\n<h2 class=\"wp-block-heading\" id=\"patty-zabiles-te-milosc-nie-ma-nas-official-music-video\">Patty &#8211; (Zabiles Te Milosc) Nie Ma Nas [Official Music Video]<\/h2>\n\n\n\n<p>51M views&nbsp;\u00b7&nbsp;9 years ago<\/p>\n\n\n\n<h2 class=\"wp-block-heading\" id=\"pattytv\">PattyTV<\/h2>\n\n\n\n<p>SUBSCRIBED 166K subscribers<\/p>\n\n\n\n<p><a href=\"https:\/\/m.youtube.com\/channel\/UCuBdv66Svl2XFqjxz3R8wHA\">https:\/\/m.youtube.com\/channel\/UCuBdv66Svl2XFqjxz3R8wHA<\/a><\/p>\n\n\n\n<p>Na na na na na na na na na<br>Na na na na na na na na na<\/p>\n\n\n\n<p>Mija wiele lat,<br>To nie by\u0142 nasz czas<br>Du\u017co si\u0119 zmieni\u0142o<br>wszystko si\u0119 sko\u0144czy\u0142o .<br>Walcz\u0119 by zapomnie\u0107,<br>by ju\u017c nie mie\u0107 wspomnie\u0144 .<br>Wybra\u0142e\u015b t\u0119 drog\u0119,<br>ju\u017c Ci nie pomog\u0119 .<\/p>\n\n\n\n<p>Nie m\u00f3w nic,<br>Daj mi \u017cy\u0107<br>Nie chc\u0119 si\u0119 m\u0119czy\u0107 zn\u00f3w,<br>Szkoda s\u0142\u00f3w<br>Odejd\u017a ju\u017c,<br>Nie ma i nie b\u0119dzie mnie tu<br>oddali\u0142am si\u0119 od Ciebie,<br>Strata czasu<br>Nie chc\u0119 wi\u0119cej cierpie\u0107 i patrze\u0107 jak<br>Jeste\u015b z ni\u0105 i dotykasz j\u0105 wci\u0105\u017c<\/p>\n\n\n\n<p>Nie chc\u0119 wi\u0119cej s\u0142ucha\u0107 Twoich k\u0142amstw,<br>Zabi\u0142e\u015b t\u0119 mi\u0142o\u015b\u0107, zabi\u0142e\u015b nas<br>Odejd\u017a prosz\u0119 odejd\u017a, gdzie si\u0119 da<br>Nie ma dla nas szans, ju\u017c nie ma nas<\/p>\n\n\n\n<p>Jeste\u015b gdzie\u015b daleko,<br>Ju\u017c nie cofniesz tego.<br>Upada\u0142e\u015b nisko i straci\u0142e\u015b wszystko<br>Po\u017cegna\u0142am si\u0119, ju\u017c nie odzyskasz mnie<br>Zamkn\u0119\u0142am ten dzia\u0142, nie chc\u0119 wi\u0119cej ran<\/p>\n\n\n\n<p>Nie m\u00f3w nic,<br>Daj mi \u017cy\u0107<br>Nie chc\u0119 si\u0119 m\u0119czy\u0107 zn\u00f3w,<br>Szkoda s\u0142\u00f3w<br>Odejd\u017a ju\u017c,<br>Nie ma i nie b\u0119dzie mnie tu<br>oddali\u0142am si\u0119 od Ciebie,<br>Strata czasu<br>Nie chc\u0119 wi\u0119cej cierpie\u0107 i patrze\u0107 jak<br>Jeste\u015b z ni\u0105, dotykasz j\u0105 wci\u0105\u017c.<\/p>\n\n\n\n<p>Nie chc\u0119 wi\u0119cej s\u0142ucha\u0107 Twoich k\u0142amstw,<br>Zabi\u0142e\u015b t\u0119 mi\u0142o\u015b\u0107, zabi\u0142e\u015b nas<br>Odejd\u017a prosz\u0119, odejd\u017a gdzie si\u0119 da<br>Nie ma dla nas szans, ju\u017c nie ma nas<\/p>\n\n\n\n<p>Nie chc\u0119 wi\u0119cej s\u0142ucha\u0107 Twoich k\u0142amstw,<br>Zabi\u0142e\u015b t\u0119 mi\u0142o\u015b\u0107, zabi\u0142e\u015b naaas !<br>Odejd\u017a prosz\u0119 odejd\u017a, gdzie si\u0119 da<br>Nie ma dla nas szans, ju\u017c nie ma nas x2<\/p>\n\n\n\n<figure class=\"wp-block-table\"><table><tbody><tr><th>Autor tekstu:<\/th><td>Patrycja D\u0142utkiewicz (Patty)<\/td><\/tr><tr><th>Wykonanie oryginalne:<\/th><td>Patty<\/td><\/tr><\/tbody><\/table><\/figure>\n\n\n\n<p><a href=\"https:\/\/www.tekstowo.pl\/piosenka,patty,nie_ma_nas___zabiles_te_milosc__.html\">https:\/\/www.tekstowo.pl\/piosenka,patty,nie_ma_nas___zabiles_te_milosc__.html<\/a><\/p>\n\n\n\n<hr class=\"wp-block-separator\"\/>\n\n\n\n<h4 class=\"wp-block-heading\">0-zz.com\/0 &#8211; 0-zz.com\/z :<\/h4>\n\n\n\n<p><small><strong><a href=\"http:\/\/0-zz.com\/0\">1\ufe0f\u20e31\ufe0f\u20e3-0<\/a> |<a href=\"http:\/\/0-zz.com\/1\">1\ufe0f\u20e32\ufe0f\u20e3-1<\/a> |<a href=\"http:\/\/0-zz.com\/2\">1\ufe0f\u20e33\ufe0f\u20e3-2<\/a> |<a href=\"http:\/\/0-zz.com\/3\">1\ufe0f\u20e34\ufe0f\u20e3-3<\/a> |<a href=\"http:\/\/0-zz.com\/4\">1\ufe0f\u20e35\ufe0f\u20e3-4<\/a> |<a href=\"http:\/\/0-zz.com\/5\">1\ufe0f\u20e36\ufe0f\u20e3-5<\/a> <\/strong><\/small><br><small> <strong><a href=\"http:\/\/0-zz.com\/6\">2\ufe0f\u20e31\ufe0f\u20e3-6<\/a> |<a href=\"http:\/\/0-zz.com\/7\">2\ufe0f\u20e32\ufe0f\u20e3-7<\/a> |<a href=\"http:\/\/0-zz.com\/8\">2\ufe0f\u20e33\ufe0f\u20e3-8<\/a> |<a href=\"http:\/\/0-zz.com\/9\">2\ufe0f\u20e34\ufe0f\u20e3-9<\/a> |<a href=\"http:\/\/0-zz.com\/a\">2\ufe0f\u20e35\ufe0f\u20e3-A<\/a> |<a href=\"http:\/\/0-zz.com\/b\">2\ufe0f\u20e36\ufe0f\u20e3-B<\/a><\/strong><\/small><br><small> <strong><a href=\"http:\/\/0-zz.com\/c\">3\ufe0f\u20e31\ufe0f\u20e3-C<\/a> |<a href=\"http:\/\/0-zz.com\/d\">3\ufe0f\u20e32\ufe0f\u20e3-D<\/a> |<a href=\"http:\/\/0-zz.com\/e\">3\ufe0f\u20e33\ufe0f\u20e3-E<\/a> |<a href=\"http:\/\/0-zz.com\/f\">3\ufe0f\u20e34\ufe0f\u20e3-F<\/a> |<a href=\"http:\/\/0-zz.com\/g\">3\ufe0f\u20e35\ufe0f\u20e3-G<\/a> |<a href=\"http:\/\/0-zz.com\/h\">3\ufe0f\u20e36\ufe0f\u20e3-H<\/a><\/strong><\/small><br><small> <strong><a href=\"http:\/\/0-zz.com\/i\">4\ufe0f\u20e31\ufe0f\u20e3-I<\/a> |<a href=\"http:\/\/0-zz.com\/j\">4\ufe0f\u20e32\ufe0f\u20e3-J<\/a> |<a href=\"http:\/\/0-zz.com\/k\">4\ufe0f\u20e33\ufe0f\u20e3-K<\/a> |<a href=\"http:\/\/0-zz.com\/l\">4\ufe0f\u20e34\ufe0f\u20e3-L<\/a> |<a href=\"http:\/\/0-zz.com\/m\">4\ufe0f\u20e35\ufe0f\u20e3-M<\/a> |<a href=\"http:\/\/0-zz.com\/n\">4\ufe0f\u20e36\ufe0f\u20e3-N<\/a><\/strong><\/small><br><small> <strong><a href=\"http:\/\/0-zz.com\/o\">5\ufe0f\u20e31\ufe0f\u20e3-O<\/a> |<a href=\"http:\/\/0-zz.com\/p\">5\ufe0f\u20e32\ufe0f\u20e3-P<\/a> |<a href=\"http:\/\/0-zz.com\/q\">5\ufe0f\u20e33\ufe0f\u20e3-Q<\/a> |<a href=\"http:\/\/0-zz.com\/r\">5\ufe0f\u20e34\ufe0f\u20e3-R<\/a> |<a href=\"http:\/\/0-zz.com\/s\">5\ufe0f\u20e35\ufe0f\u20e3-S<\/a> |<a href=\"http:\/\/0-zz.com\/t\">5\ufe0f\u20e36\ufe0f\u20e3-T<\/a><\/strong><\/small><br><small> <strong><a href=\"http:\/\/0-zz.com\/u\">6\ufe0f\u20e31\ufe0f\u20e3-U<\/a> |<a href=\"http:\/\/0-zz.com\/v\">6\ufe0f\u20e32\ufe0f\u20e3-V<\/a> |<a href=\"http:\/\/0-zz.com\/w\">6\ufe0f\u20e33\ufe0f\u20e3-W<\/a> |<a href=\"http:\/\/0-zz.com\/x\">6\ufe0f\u20e34\ufe0f\u20e3-X<\/a> |<a href=\"http:\/\/0-zz.com\/y\">6\ufe0f\u20e35\ufe0f\u20e3-Y<\/a> |<a href=\"http:\/\/0-zz.com\/z\">6\ufe0f\u20e36\ufe0f\u20e3-Z<\/a><\/strong><\/small><\/p>\n\n\n\n<p>Roll 2 dice ?? 1\ufe0f\u20e32\ufe0f\u20e33\ufe0f\u20e34\ufe0f\u20e35\ufe0f\u20e36\ufe0f\u20e3<\/p>\n\n\n\n<p><a href=\"https:\/\/www.random.org\/dice\/\">https:\/\/www.random.org\/dice\/<\/a><\/p>\n\n\n\n<p><a href=\"https:\/\/www.google.com\/search?q=dice+roller\">https:\/\/www.google.com\/search?q=dice+roller<\/a><\/p>\n\n\n\n<hr class=\"wp-block-separator\"\/>\n\n\n\n<p><a href=\"https:\/\/12r.pl\/ea\/\">12r.pl\/ea<\/a>&nbsp;-&gt;&nbsp;<a href=\"https:\/\/12r.uk\/ea\/\">12r.uk\/ea<\/a>&nbsp;-&gt;&nbsp;<a href=\"https:\/\/7hi7.com\/ea\/\">7hi7.com\/ea<\/a><\/p>\n\n\n\n<p>Wikipedia.org &#8211; Play game &#8211; portals, categories, states, cities, capital cities<\/p>\n","protected":false},"excerpt":{"rendered":"<p>o &#8211; 00\/o &#8211; 00O Patty &#8211; (Zabiles Te Milosc) Nie Ma Nas [Official Music Video] 51M views&nbsp;\u00b7&nbsp;9 years ago PattyTV SUBSCRIBED 166K subscribers https:\/\/m.youtube.com\/channel\/UCuBdv66Svl2XFqjxz3R8wHA Na na na na na na na na naNa na na na na na na na na Mija wiele lat,To nie by\u0142 nasz czasDu\u017co si\u0119 zmieni\u0142owszystko si\u0119 sko\u0144czy\u0142o .Walcz\u0119 by [&hellip;]<\/p>\n","protected":false},"author":1,"featured_media":0,"parent":0,"menu_order":0,"comment_status":"closed","ping_status":"closed","template":"","meta":{"footnotes":""},"class_list":["post-68","page","type-page","status-publish","hentry"],"_links":{"self":[{"href":"https:\/\/0-zz.com\/00\/wp-json\/wp\/v2\/pages\/68","targetHints":{"allow":["GET"]}}],"collection":[{"href":"https:\/\/0-zz.com\/00\/wp-json\/wp\/v2\/pages"}],"about":[{"href":"https:\/\/0-zz.com\/00\/wp-json\/wp\/v2\/types\/page"}],"author":[{"embeddable":true,"href":"https:\/\/0-zz.com\/00\/wp-json\/wp\/v2\/users\/1"}],"replies":[{"embeddable":true,"href":"https:\/\/0-zz.com\/00\/wp-json\/wp\/v2\/comments?post=68"}],"version-history":[{"count":5,"href":"https:\/\/0-zz.com\/00\/wp-json\/wp\/v2\/pages\/68\/revisions"}],"predecessor-version":[{"id":298,"href":"https:\/\/0-zz.com\/00\/wp-json\/wp\/v2\/pages\/68\/revisions\/298"}],"wp:attachment":[{"href":"https:\/\/0-zz.com\/00\/wp-json\/wp\/v2\/media?parent=68"}],"curies":[{"name":"wp","href":"https:\/\/api.w.org\/{rel}","templated":true}]}}