{"id":66,"date":"2020-04-07T20:19:16","date_gmt":"2020-04-08T08:19:16","guid":{"rendered":"http:\/\/0-zz.com\/00\/?page_id=66"},"modified":"2022-04-28T01:48:30","modified_gmt":"2022-04-28T13:48:30","slug":"n","status":"publish","type":"page","link":"https:\/\/0-zz.com\/00\/n\/","title":{"rendered":"N"},"content":{"rendered":"\n<h2 class=\"wp-block-heading\" id=\"n-00-n-00n\">n &#8211; 00\/n &#8211; 00N<\/h2>\n\n\n\n<figure class=\"wp-block-embed is-type-video is-provider-youtube wp-block-embed-youtube wp-embed-aspect-4-3 wp-has-aspect-ratio\"><div class=\"wp-block-embed__wrapper\">\n<iframe loading=\"lazy\" title=\"Budka Suflera - Bal wszystkich \u015bwi\u0119tych (official video) #BudkaSuflera\" width=\"580\" height=\"435\" src=\"https:\/\/www.youtube.com\/embed\/kE87oI5rdew?feature=oembed\" frameborder=\"0\" allow=\"accelerometer; autoplay; clipboard-write; encrypted-media; gyroscope; picture-in-picture; web-share\" referrerpolicy=\"strict-origin-when-cross-origin\" allowfullscreen><\/iframe>\n<\/div><\/figure>\n\n\n\n<h2 class=\"wp-block-heading\" id=\"budka-suflera-bal-wszystkich-swietych-official-video\">Budka Suflera &#8211; Bal wszystkich \u015bwi\u0119tych (official video)<\/h2>\n\n\n\n<p>9.6M views&nbsp;\u00b7&nbsp;10 years ago<\/p>\n\n\n\n<h2 class=\"wp-block-heading\" id=\"budka-suflera\">Budka Suflera<\/h2>\n\n\n\n<p>SUBSCRIBED 80.2K subscribers<\/p>\n\n\n\n<p><a href=\"https:\/\/m.youtube.com\/channel\/UC7KDkAwOIn-40EAF5_wCLhg\">https:\/\/m.youtube.com\/channel\/UC7KDkAwOIn-40EAF5_wCLhg<\/a><\/p>\n\n\n\n<p>Ta niedziela jest jak film, tani klasy &#8222;B&#8221;,<br>Facet si\u0119 pa\u0142\u0119ta w nim w nieciekawym tle,<br>Scenarzysta fors\u0119 wzi\u0105\u0142, potem zacz\u0105\u0142 pi\u0107<br>I z dialog\u00f3w wysz\u0142o dno, zero, czyli nic.<\/p>\n\n\n\n<p>Wszyscy \u015bwi\u0119ci baluj\u0105 w niebie,<br>Z\u0142oty sypie si\u0119 kurz,<br>A ja w\u0142\u00f3cz\u0119 si\u0119 zn\u00f3w bez Ciebie<br>I do piek\u0142a mam tu\u017c.<\/p>\n\n\n\n<p>Tak bym chcia\u0142 Ci\u0119 spotka\u0107 raz, w ten jedyny dzie\u0144<br>Lub o tydzie\u0144 cofn\u0105\u0107 czas, ale nie da si\u0119,<br>Chocia\u017c samotno\u015bci smak a\u017c do b\u00f3lu znam,<br>Kiedy innych niedziel brak, trudno, co mi tam&#8230;<\/p>\n\n\n\n<p>Wszyscy \u015bwi\u0119ci baluj\u0105 w niebie,<br>Z\u0142oty sypie si\u0119 kurz,<br>A ja w\u0142\u00f3cz\u0119 si\u0119 zn\u00f3w bez Ciebie<br>I do piek\u0142a mam tu\u017c.<\/p>\n\n\n\n<p>\u015awiat si\u0119 tylko ju\u017c ze mn\u0105 kr\u0119ci,<br>Gwiazdy p\u0142on\u0105 jak stal,<br>Skasowa\u0142a\u015b mnie w swej pami\u0119ci,<br>A\u017c mi siebie jest \u017cal.<\/p>\n\n\n\n<p>W niebie dzisiaj wszyscy, wszyscy \u015bwieci maj\u0105 bal<br>W niebie dzisiaj wszyscy, wszyscy \u015bwieci maj\u0105 bal<\/p>\n\n\n\n<p>Wszyscy \u015bwi\u0119ci baluj\u0105 w niebie,<br>Z\u0142oty sypie si\u0119 kurz,<br>A ja w\u0142\u00f3cz\u0119 si\u0119 zn\u00f3w bez Ciebie<br>I do piek\u0142a mam tu\u017c.<\/p>\n\n\n\n<p>\u015awiat si\u0119 tylko ju\u017c ze mn\u0105 kr\u0119ci,<br>Gwiazdy p\u0142on\u0105 jak stal,<br>Skasowa\u0142a\u015b mnie w swej pami\u0119ci,<br>A\u017c mi siebie jest \u017cal.<\/p>\n\n\n\n<p>W niebie dzisiaj wszyscy, wszyscy \u015bwieci maj\u0105 bal.<br>W niebie dzisiaj wszyscy, wszyscy \u015bwieci maj\u0105 bal.<br>W niebie dzisiaj wszyscy, wszyscy \u015bwieci maj\u0105 bal.<br>W niebie dzisiaj wszyscy, wszyscy \u015bwieci maj\u0105 bal.<\/p>\n\n\n\n<figure class=\"wp-block-table\"><table><tbody><tr><th>Autor tekstu:<\/th><td>Andrzej Mogielnicki<\/td><\/tr><tr><th>Kompozytor:<\/th><td>Romuald Lipko<\/td><\/tr><\/tbody><\/table><\/figure>\n\n\n\n<p><a href=\"https:\/\/www.tekstowo.pl\/piosenka,budka_suflera,bal_wszystkich_swietych.html\">https:\/\/www.tekstowo.pl\/piosenka,budka_suflera,bal_wszystkich_swietych.html<\/a><\/p>\n\n\n\n<hr class=\"wp-block-separator\"\/>\n\n\n\n<h4 class=\"wp-block-heading\">0-zz.com\/0 &#8211; 0-zz.com\/z :<\/h4>\n\n\n\n<p><small><strong><a href=\"http:\/\/0-zz.com\/0\">1\ufe0f\u20e31\ufe0f\u20e3-0<\/a> |<a href=\"http:\/\/0-zz.com\/1\">1\ufe0f\u20e32\ufe0f\u20e3-1<\/a> |<a href=\"http:\/\/0-zz.com\/2\">1\ufe0f\u20e33\ufe0f\u20e3-2<\/a> |<a href=\"http:\/\/0-zz.com\/3\">1\ufe0f\u20e34\ufe0f\u20e3-3<\/a> |<a href=\"http:\/\/0-zz.com\/4\">1\ufe0f\u20e35\ufe0f\u20e3-4<\/a> |<a href=\"http:\/\/0-zz.com\/5\">1\ufe0f\u20e36\ufe0f\u20e3-5<\/a> <\/strong><\/small><br><small> <strong><a href=\"http:\/\/0-zz.com\/6\">2\ufe0f\u20e31\ufe0f\u20e3-6<\/a> |<a href=\"http:\/\/0-zz.com\/7\">2\ufe0f\u20e32\ufe0f\u20e3-7<\/a> |<a href=\"http:\/\/0-zz.com\/8\">2\ufe0f\u20e33\ufe0f\u20e3-8<\/a> |<a href=\"http:\/\/0-zz.com\/9\">2\ufe0f\u20e34\ufe0f\u20e3-9<\/a> |<a href=\"http:\/\/0-zz.com\/a\">2\ufe0f\u20e35\ufe0f\u20e3-A<\/a> |<a href=\"http:\/\/0-zz.com\/b\">2\ufe0f\u20e36\ufe0f\u20e3-B<\/a><\/strong><\/small><br><small> <strong><a href=\"http:\/\/0-zz.com\/c\">3\ufe0f\u20e31\ufe0f\u20e3-C<\/a> |<a href=\"http:\/\/0-zz.com\/d\">3\ufe0f\u20e32\ufe0f\u20e3-D<\/a> |<a href=\"http:\/\/0-zz.com\/e\">3\ufe0f\u20e33\ufe0f\u20e3-E<\/a> |<a href=\"http:\/\/0-zz.com\/f\">3\ufe0f\u20e34\ufe0f\u20e3-F<\/a> |<a href=\"http:\/\/0-zz.com\/g\">3\ufe0f\u20e35\ufe0f\u20e3-G<\/a> |<a href=\"http:\/\/0-zz.com\/h\">3\ufe0f\u20e36\ufe0f\u20e3-H<\/a><\/strong><\/small><br><small> <strong><a href=\"http:\/\/0-zz.com\/i\">4\ufe0f\u20e31\ufe0f\u20e3-I<\/a> |<a href=\"http:\/\/0-zz.com\/j\">4\ufe0f\u20e32\ufe0f\u20e3-J<\/a> |<a href=\"http:\/\/0-zz.com\/k\">4\ufe0f\u20e33\ufe0f\u20e3-K<\/a> |<a href=\"http:\/\/0-zz.com\/l\">4\ufe0f\u20e34\ufe0f\u20e3-L<\/a> |<a href=\"http:\/\/0-zz.com\/m\">4\ufe0f\u20e35\ufe0f\u20e3-M<\/a> |<a href=\"http:\/\/0-zz.com\/n\">4\ufe0f\u20e36\ufe0f\u20e3-N<\/a><\/strong><\/small><br><small> <strong><a href=\"http:\/\/0-zz.com\/o\">5\ufe0f\u20e31\ufe0f\u20e3-O<\/a> |<a href=\"http:\/\/0-zz.com\/p\">5\ufe0f\u20e32\ufe0f\u20e3-P<\/a> |<a href=\"http:\/\/0-zz.com\/q\">5\ufe0f\u20e33\ufe0f\u20e3-Q<\/a> |<a href=\"http:\/\/0-zz.com\/r\">5\ufe0f\u20e34\ufe0f\u20e3-R<\/a> |<a href=\"http:\/\/0-zz.com\/s\">5\ufe0f\u20e35\ufe0f\u20e3-S<\/a> |<a href=\"http:\/\/0-zz.com\/t\">5\ufe0f\u20e36\ufe0f\u20e3-T<\/a><\/strong><\/small><br><small> <strong><a href=\"http:\/\/0-zz.com\/u\">6\ufe0f\u20e31\ufe0f\u20e3-U<\/a> |<a href=\"http:\/\/0-zz.com\/v\">6\ufe0f\u20e32\ufe0f\u20e3-V<\/a> |<a href=\"http:\/\/0-zz.com\/w\">6\ufe0f\u20e33\ufe0f\u20e3-W<\/a> |<a href=\"http:\/\/0-zz.com\/x\">6\ufe0f\u20e34\ufe0f\u20e3-X<\/a> |<a href=\"http:\/\/0-zz.com\/y\">6\ufe0f\u20e35\ufe0f\u20e3-Y<\/a> |<a href=\"http:\/\/0-zz.com\/z\">6\ufe0f\u20e36\ufe0f\u20e3-Z<\/a><\/strong><\/small><\/p>\n\n\n\n<p>Roll 2 dice ?? 1\ufe0f\u20e32\ufe0f\u20e33\ufe0f\u20e34\ufe0f\u20e35\ufe0f\u20e36\ufe0f\u20e3<\/p>\n\n\n\n<p><a href=\"https:\/\/www.random.org\/dice\/\">https:\/\/www.random.org\/dice\/<\/a><\/p>\n\n\n\n<p><a href=\"https:\/\/www.google.com\/search?q=dice+roller\">https:\/\/www.google.com\/search?q=dice+roller<\/a><\/p>\n\n\n\n<hr class=\"wp-block-separator\"\/>\n\n\n\n<p><a href=\"https:\/\/12r.pl\/ea\/\">12r.pl\/ea<\/a>&nbsp;-&gt;&nbsp;<a href=\"https:\/\/12r.uk\/ea\/\">12r.uk\/ea<\/a>&nbsp;-&gt;&nbsp;<a href=\"https:\/\/7hi7.com\/ea\/\">7hi7.com\/ea<\/a><\/p>\n\n\n\n<p>Wikipedia.org &#8211; Play game &#8211; portals, categories, states, cities, capital cities<\/p>\n","protected":false},"excerpt":{"rendered":"<p>n &#8211; 00\/n &#8211; 00N Budka Suflera &#8211; Bal wszystkich \u015bwi\u0119tych (official video) 9.6M views&nbsp;\u00b7&nbsp;10 years ago Budka Suflera SUBSCRIBED 80.2K subscribers https:\/\/m.youtube.com\/channel\/UC7KDkAwOIn-40EAF5_wCLhg Ta niedziela jest jak film, tani klasy &#8222;B&#8221;,Facet si\u0119 pa\u0142\u0119ta w nim w nieciekawym tle,Scenarzysta fors\u0119 wzi\u0105\u0142, potem zacz\u0105\u0142 pi\u0107I z dialog\u00f3w wysz\u0142o dno, zero, czyli nic. Wszyscy \u015bwi\u0119ci baluj\u0105 w niebie,Z\u0142oty [&hellip;]<\/p>\n","protected":false},"author":1,"featured_media":0,"parent":0,"menu_order":0,"comment_status":"closed","ping_status":"closed","template":"","meta":{"footnotes":""},"class_list":["post-66","page","type-page","status-publish","hentry"],"_links":{"self":[{"href":"https:\/\/0-zz.com\/00\/wp-json\/wp\/v2\/pages\/66","targetHints":{"allow":["GET"]}}],"collection":[{"href":"https:\/\/0-zz.com\/00\/wp-json\/wp\/v2\/pages"}],"about":[{"href":"https:\/\/0-zz.com\/00\/wp-json\/wp\/v2\/types\/page"}],"author":[{"embeddable":true,"href":"https:\/\/0-zz.com\/00\/wp-json\/wp\/v2\/users\/1"}],"replies":[{"embeddable":true,"href":"https:\/\/0-zz.com\/00\/wp-json\/wp\/v2\/comments?post=66"}],"version-history":[{"count":6,"href":"https:\/\/0-zz.com\/00\/wp-json\/wp\/v2\/pages\/66\/revisions"}],"predecessor-version":[{"id":297,"href":"https:\/\/0-zz.com\/00\/wp-json\/wp\/v2\/pages\/66\/revisions\/297"}],"wp:attachment":[{"href":"https:\/\/0-zz.com\/00\/wp-json\/wp\/v2\/media?parent=66"}],"curies":[{"name":"wp","href":"https:\/\/api.w.org\/{rel}","templated":true}]}}