{"id":60,"date":"2020-04-07T20:18:42","date_gmt":"2020-04-08T08:18:42","guid":{"rendered":"http:\/\/0-zz.com\/00\/?page_id=60"},"modified":"2022-04-28T01:45:18","modified_gmt":"2022-04-28T13:45:18","slug":"k","status":"publish","type":"page","link":"https:\/\/0-zz.com\/00\/k\/","title":{"rendered":"K"},"content":{"rendered":"\n<h2 class=\"wp-block-heading\" id=\"k-00-k-00k\">k &#8211; 00\/k &#8211; 00K<\/h2>\n\n\n\n<figure class=\"wp-block-embed is-type-video is-provider-youtube wp-block-embed-youtube wp-embed-aspect-16-9 wp-has-aspect-ratio\"><div class=\"wp-block-embed__wrapper\">\n<iframe loading=\"lazy\" title=\"Ewelina Lisowska - Nieodporny Rozum (Official Music Video)\" width=\"580\" height=\"326\" src=\"https:\/\/www.youtube.com\/embed\/MEdxTgvVZFk?feature=oembed\" frameborder=\"0\" allow=\"accelerometer; autoplay; clipboard-write; encrypted-media; gyroscope; picture-in-picture; web-share\" referrerpolicy=\"strict-origin-when-cross-origin\" allowfullscreen><\/iframe>\n<\/div><\/figure>\n\n\n\n<h2 class=\"wp-block-heading\" id=\"ewelina-lisowska-nieodporny-rozum-official-music-video\">Ewelina Lisowska &#8211; Nieodporny Rozum (Official Music Video)<\/h2>\n\n\n\n<p>38M views&nbsp;\u00b7&nbsp;9 years ago<\/p>\n\n\n\n<h2 class=\"wp-block-heading\" id=\"ewelina-lisowska\">Ewelina Lisowska<\/h2>\n\n\n\n<p>SUBSCRIBED 106K subscribers<\/p>\n\n\n\n<p><a href=\"https:\/\/m.youtube.com\/channel\/UCwT1Hh2L12Zilj0gvYcEBUQ\">https:\/\/m.youtube.com\/channel\/UCwT1Hh2L12Zilj0gvYcEBUQ<\/a><\/p>\n\n\n\n<p>O, o, o, o, ou&#8230;<br>O, o, o, o, o, ou&#8230;<br>O, o, o, o, ou&#8230; o, o, ou&#8230;<br>O, o, o, o, ou&#8230;<br>O, o, o, o, o, ou&#8230;<br>O, o, o, o, ou&#8230; o, o, ou&#8230;<\/p>\n\n\n\n<p>Wy\u0142oni\u0142e\u015b si\u0119 z t\u0142umu,<br>gdy ulic\u0105 beztrosko sz\u0142am.<br>Twoje \u015bwiat\u0142o ( O ! ) porazi\u0142o mnie w dzie\u0144.<br>Tw\u00f3j oddech to m\u00f3j tlen,<br>kt\u00f3ry we mnie ma swe lokum.<br>A ja wpad\u0142am w niepok\u00f3j !<br>No bo jak mog\u0119 chcie\u0107<br>my\u015ble\u0107 o kim\u015b kto nie zna mnie ?<br>Brak mi Twego widoku&#8230;<br>Nieodporny mam rozum. ( Mam rozum&#8230; )<\/p>\n\n\n\n<p>Zasypiam my\u015bl\u0105c o tym, jak odezwa\u0107 si\u0119 . Ou&#8230;<br>Zasypiam my\u015bl\u0105c o tym, \u017ce&#8230; jeste\u015b niedaleko gdzie\u015b.<\/p>\n\n\n\n<p>Dok\u0105d wi\u0119c biegn\u0119 ?<br>Cho\u0107 wcale nie chc\u0119,<br>me serce bije tak zawzi\u0119cie.<br>Wype\u0142niam przestrze\u0144<br>zwyk\u0142ym powietrzem,<br>szukaj\u0105c tego, co zw\u0105<br>pozornie szcz\u0119\u015bciem.<\/p>\n\n\n\n<p>O nie, nie, nie !<br>Nie chc\u0119 pisa\u0107 tych wszystkich bzdur !<br>Nie mam czasu.<br>Nie b\u0119d\u0119 Ci s\u0142a\u0107 list\u00f3w, kt\u00f3rych ju\u017c masz pe\u0142no w swoim koszu.<br>Mo\u017ce nie jestem tym kim\u015b, z kim zosta\u0142by\u015b przez pare chwil,<br>ale musz\u0119 wyj\u015b\u0107 z mroku, by odzyska\u0107 sw\u00f3j spok\u00f3j. ( Sw\u00f3j spok\u00f3j&#8230; )<\/p>\n\n\n\n<p>Zasypiam my\u015bl\u0105c o tym, jak odezwa\u0107 si\u0119 . Ou&#8230;<br>Zasypiam my\u015bl\u0105c o tym, \u017ce&#8230; jeste\u015b niedaleko gdzie\u015b.<\/p>\n\n\n\n<p>Dok\u0105d wi\u0119c biegn\u0119 ?<br>Cho\u0107 wcale nie chc\u0119,<br>me serce bije tak zawzi\u0119cie.<br>Wype\u0142niam przestrze\u0144<br>zwyk\u0142ym powietrzem,<br>szukaj\u0105c tego, co zw\u0105<br>pozornie szcz\u0119\u015bciem.<\/p>\n\n\n\n<p>O, o, o, o, ou&#8230;<br>O, o, o, o, o, ou&#8230;<br>O, o, o, o, ou&#8230; o, o, ou&#8230;<br>O, o, o, o, ou&#8230;<br>O, o, o, o, o, ou&#8230;<br>O, o, o, o, ou&#8230; o, o, ou&#8230;<\/p>\n\n\n\n<p>Namiesza\u0142e\u015b w mojej g\u0142owie.<br>Jednym gestem, jednym s\u0142owem&#8230;<br>Nie musisz przynosi\u0107 mi fio\u0142k\u00f3w i bz\u00f3w,<br>Wystarczy mi, \u017ce jeste\u015b tu.<br>Namiesza\u0142e\u015b w mojej g\u0142owie.<br>Jednym gestem, jednym s\u0142owem&#8230;<br>Nie musisz przynosi\u0107 mi fio\u0142k\u00f3w i bz\u00f3w,<br>Wystarczy mi, \u017ce jeste\u015b tu.<\/p>\n\n\n\n<figure class=\"wp-block-table\"><table><tbody><tr><th>Autor tekstu:<\/th><td>Ewelina Lisowska<\/td><\/tr><tr><th>Kompozytor:<\/th><td>Ewelina Lisowska<\/td><\/tr><\/tbody><\/table><\/figure>\n\n\n\n<p><a href=\"https:\/\/www.tekstowo.pl\/piosenka,ewelina_lisowska,nieodporny_rozum.html\">https:\/\/www.tekstowo.pl\/piosenka,ewelina_lisowska,nieodporny_rozum.html<\/a><\/p>\n\n\n\n<hr class=\"wp-block-separator\"\/>\n\n\n\n<h4 class=\"wp-block-heading\">0-zz.com\/0 &#8211; 0-zz.com\/z :<\/h4>\n\n\n\n<p><small><strong><a href=\"http:\/\/0-zz.com\/0\">1\ufe0f\u20e31\ufe0f\u20e3-0<\/a> |<a href=\"http:\/\/0-zz.com\/1\">1\ufe0f\u20e32\ufe0f\u20e3-1<\/a> |<a href=\"http:\/\/0-zz.com\/2\">1\ufe0f\u20e33\ufe0f\u20e3-2<\/a> |<a href=\"http:\/\/0-zz.com\/3\">1\ufe0f\u20e34\ufe0f\u20e3-3<\/a> |<a href=\"http:\/\/0-zz.com\/4\">1\ufe0f\u20e35\ufe0f\u20e3-4<\/a> |<a href=\"http:\/\/0-zz.com\/5\">1\ufe0f\u20e36\ufe0f\u20e3-5<\/a> <\/strong><\/small><br><small> <strong><a href=\"http:\/\/0-zz.com\/6\">2\ufe0f\u20e31\ufe0f\u20e3-6<\/a> |<a href=\"http:\/\/0-zz.com\/7\">2\ufe0f\u20e32\ufe0f\u20e3-7<\/a> |<a href=\"http:\/\/0-zz.com\/8\">2\ufe0f\u20e33\ufe0f\u20e3-8<\/a> |<a href=\"http:\/\/0-zz.com\/9\">2\ufe0f\u20e34\ufe0f\u20e3-9<\/a> |<a href=\"http:\/\/0-zz.com\/a\">2\ufe0f\u20e35\ufe0f\u20e3-A<\/a> |<a href=\"http:\/\/0-zz.com\/b\">2\ufe0f\u20e36\ufe0f\u20e3-B<\/a><\/strong><\/small><br><small> <strong><a href=\"http:\/\/0-zz.com\/c\">3\ufe0f\u20e31\ufe0f\u20e3-C<\/a> |<a href=\"http:\/\/0-zz.com\/d\">3\ufe0f\u20e32\ufe0f\u20e3-D<\/a> |<a href=\"http:\/\/0-zz.com\/e\">3\ufe0f\u20e33\ufe0f\u20e3-E<\/a> |<a href=\"http:\/\/0-zz.com\/f\">3\ufe0f\u20e34\ufe0f\u20e3-F<\/a> |<a href=\"http:\/\/0-zz.com\/g\">3\ufe0f\u20e35\ufe0f\u20e3-G<\/a> |<a href=\"http:\/\/0-zz.com\/h\">3\ufe0f\u20e36\ufe0f\u20e3-H<\/a><\/strong><\/small><br><small> <strong><a href=\"http:\/\/0-zz.com\/i\">4\ufe0f\u20e31\ufe0f\u20e3-I<\/a> |<a href=\"http:\/\/0-zz.com\/j\">4\ufe0f\u20e32\ufe0f\u20e3-J<\/a> |<a href=\"http:\/\/0-zz.com\/k\">4\ufe0f\u20e33\ufe0f\u20e3-K<\/a> |<a href=\"http:\/\/0-zz.com\/l\">4\ufe0f\u20e34\ufe0f\u20e3-L<\/a> |<a href=\"http:\/\/0-zz.com\/m\">4\ufe0f\u20e35\ufe0f\u20e3-M<\/a> |<a href=\"http:\/\/0-zz.com\/n\">4\ufe0f\u20e36\ufe0f\u20e3-N<\/a><\/strong><\/small><br><small> <strong><a href=\"http:\/\/0-zz.com\/o\">5\ufe0f\u20e31\ufe0f\u20e3-O<\/a> |<a href=\"http:\/\/0-zz.com\/p\">5\ufe0f\u20e32\ufe0f\u20e3-P<\/a> |<a href=\"http:\/\/0-zz.com\/q\">5\ufe0f\u20e33\ufe0f\u20e3-Q<\/a> |<a href=\"http:\/\/0-zz.com\/r\">5\ufe0f\u20e34\ufe0f\u20e3-R<\/a> |<a href=\"http:\/\/0-zz.com\/s\">5\ufe0f\u20e35\ufe0f\u20e3-S<\/a> |<a href=\"http:\/\/0-zz.com\/t\">5\ufe0f\u20e36\ufe0f\u20e3-T<\/a><\/strong><\/small><br><small> <strong><a href=\"http:\/\/0-zz.com\/u\">6\ufe0f\u20e31\ufe0f\u20e3-U<\/a> |<a href=\"http:\/\/0-zz.com\/v\">6\ufe0f\u20e32\ufe0f\u20e3-V<\/a> |<a href=\"http:\/\/0-zz.com\/w\">6\ufe0f\u20e33\ufe0f\u20e3-W<\/a> |<a href=\"http:\/\/0-zz.com\/x\">6\ufe0f\u20e34\ufe0f\u20e3-X<\/a> |<a href=\"http:\/\/0-zz.com\/y\">6\ufe0f\u20e35\ufe0f\u20e3-Y<\/a> |<a href=\"http:\/\/0-zz.com\/z\">6\ufe0f\u20e36\ufe0f\u20e3-Z<\/a><\/strong><\/small><\/p>\n\n\n\n<p>Roll 2 dice ?? 1\ufe0f\u20e32\ufe0f\u20e33\ufe0f\u20e34\ufe0f\u20e35\ufe0f\u20e36\ufe0f\u20e3<\/p>\n\n\n\n<p><a href=\"https:\/\/www.random.org\/dice\/\">https:\/\/www.random.org\/dice\/<\/a><\/p>\n\n\n\n<p><a href=\"https:\/\/www.google.com\/search?q=dice+roller\">https:\/\/www.google.com\/search?q=dice+roller<\/a><\/p>\n\n\n\n<hr class=\"wp-block-separator\"\/>\n\n\n\n<p><a href=\"https:\/\/12r.pl\/ea\/\">12r.pl\/ea<\/a>&nbsp;-&gt;&nbsp;<a href=\"https:\/\/12r.uk\/ea\/\">12r.uk\/ea<\/a>&nbsp;-&gt;&nbsp;<a href=\"https:\/\/7hi7.com\/ea\/\">7hi7.com\/ea<\/a><\/p>\n\n\n\n<p>Wikipedia.org &#8211; Play game &#8211; portals, categories, states, cities, capital cities<\/p>\n","protected":false},"excerpt":{"rendered":"<p>k &#8211; 00\/k &#8211; 00K Ewelina Lisowska &#8211; Nieodporny Rozum (Official Music Video) 38M views&nbsp;\u00b7&nbsp;9 years ago Ewelina Lisowska SUBSCRIBED 106K subscribers https:\/\/m.youtube.com\/channel\/UCwT1Hh2L12Zilj0gvYcEBUQ O, o, o, o, ou&#8230;O, o, o, o, o, ou&#8230;O, o, o, o, ou&#8230; o, o, ou&#8230;O, o, o, o, ou&#8230;O, o, o, o, o, ou&#8230;O, o, o, o, ou&#8230; o, o, [&hellip;]<\/p>\n","protected":false},"author":1,"featured_media":0,"parent":0,"menu_order":0,"comment_status":"closed","ping_status":"closed","template":"","meta":{"footnotes":""},"class_list":["post-60","page","type-page","status-publish","hentry"],"_links":{"self":[{"href":"https:\/\/0-zz.com\/00\/wp-json\/wp\/v2\/pages\/60","targetHints":{"allow":["GET"]}}],"collection":[{"href":"https:\/\/0-zz.com\/00\/wp-json\/wp\/v2\/pages"}],"about":[{"href":"https:\/\/0-zz.com\/00\/wp-json\/wp\/v2\/types\/page"}],"author":[{"embeddable":true,"href":"https:\/\/0-zz.com\/00\/wp-json\/wp\/v2\/users\/1"}],"replies":[{"embeddable":true,"href":"https:\/\/0-zz.com\/00\/wp-json\/wp\/v2\/comments?post=60"}],"version-history":[{"count":5,"href":"https:\/\/0-zz.com\/00\/wp-json\/wp\/v2\/pages\/60\/revisions"}],"predecessor-version":[{"id":294,"href":"https:\/\/0-zz.com\/00\/wp-json\/wp\/v2\/pages\/60\/revisions\/294"}],"wp:attachment":[{"href":"https:\/\/0-zz.com\/00\/wp-json\/wp\/v2\/media?parent=60"}],"curies":[{"name":"wp","href":"https:\/\/api.w.org\/{rel}","templated":true}]}}