{"id":58,"date":"2020-04-07T20:18:32","date_gmt":"2020-04-08T08:18:32","guid":{"rendered":"http:\/\/0-zz.com\/00\/?page_id=58"},"modified":"2022-04-28T01:44:11","modified_gmt":"2022-04-28T13:44:11","slug":"j","status":"publish","type":"page","link":"https:\/\/0-zz.com\/00\/j\/","title":{"rendered":"J"},"content":{"rendered":"\n<h2 class=\"wp-block-heading\" id=\"j-00-j-00j\">j &#8211; 00\/j &#8211; 00J<\/h2>\n\n\n\n<figure class=\"wp-block-embed is-type-video is-provider-youtube wp-block-embed-youtube wp-embed-aspect-16-9 wp-has-aspect-ratio\"><div class=\"wp-block-embed__wrapper\">\n<iframe loading=\"lazy\" title=\"Viva I Przyjaciele - Muzyki Moc (Videoclip)\" width=\"580\" height=\"326\" src=\"https:\/\/www.youtube.com\/embed\/54ZKCNe-4LE?feature=oembed\" frameborder=\"0\" allow=\"accelerometer; autoplay; clipboard-write; encrypted-media; gyroscope; picture-in-picture; web-share\" referrerpolicy=\"strict-origin-when-cross-origin\" allowfullscreen><\/iframe>\n<\/div><\/figure>\n\n\n\n<h2 class=\"wp-block-heading\" id=\"viva-i-przyjaciele-muzyki-moc-videoclip\">Viva I Przyjaciele &#8211; Muzyki Moc (Videoclip)<\/h2>\n\n\n\n<p>6.3M views&nbsp;\u00b7&nbsp;11 years ago<\/p>\n\n\n\n<h2 class=\"wp-block-heading\" id=\"ewafarnatv\">EwaFarnaTV<\/h2>\n\n\n\n<p>SUBSCRIBED 23.8K subscribers<\/p>\n\n\n\n<p><a href=\"https:\/\/m.youtube.com\/channel\/UCzNPsfPmlaoS9CEOfx4Jd1w\">https:\/\/m.youtube.com\/channel\/UCzNPsfPmlaoS9CEOfx4Jd1w<\/a><\/p>\n\n\n\n<p>1.<br>Sasha Strunin:<br>Jeden z wielu to nie Ty.<\/p>\n\n\n\n<p>Ania Wyszkoni:<br>Ale jeste\u015b jednym z nas i&#8230;<\/p>\n\n\n\n<p>Stachursky:<br>Masz marzenia, swoje sny&#8230;<\/p>\n\n\n\n<p>Ewa Farna:<br>I muzyk\u0119 swoj\u0105 masz na ka\u017cdy dzie\u0144.<\/p>\n\n\n\n<p>Kasia Cerekwicka i Piotr Kupicha:<br>I dlatego si\u0119 postaraj,<br>a najlepsze przyjdzie zaraz.<\/p>\n\n\n\n<p>Kasia Wilk:<br>I odszukaj w sobie ten najlepszy, najw\u0142a\u015bciwszy rytm.<\/p>\n\n\n\n<p>Ewa:<br>Czasem w\u0105tpisz, szukasz dr\u00f3g&#8230;<\/p>\n\n\n\n<p>Kasia C:<br>Chcia\u0142by\u015b w ko\u0144cu mie\u0107 sw\u00f3j cel te\u017c&#8230;<\/p>\n\n\n\n<p>Ania:<br>Za daleko patrzysz zn\u00f3w&#8230;<\/p>\n\n\n\n<p>Sylwia Grzeszczak:<br>To co wa\u017cne &#8211; blisko Ciebie przecie\u017c jest&#8230;<\/p>\n\n\n\n<p>Doniu<br>Hej! Nie jeste\u015b sam, kiedy wali si\u0119 \u015bwiat &#8211; jak z kart,<br>bo mamy ludzi, oni daj\u0105 nam pion.<br>To nie b\u0142\u0105d, gdy upadasz &#8211; nie wszystko trawi ogie\u0144.<br>Jak feniks wsta\u0144 i odnajd\u017a drog\u0119!<\/p>\n\n\n\n<p>Doda:<br>Refren:<br>B\u0119dziesz z nami zawsze, je\u015bli tylko pragniesz.<br>Mo\u017cesz mie\u0107 naprawd\u0119 wszystko, czego chcesz!<br>Zawsze jeste\u015b z nami, chocia\u017c si\u0119 nie znamy&#8230;<br>To d\u017awi\u0119kami \u0142\u0105czy nas muzyki moc!<\/p>\n\n\n\n<p>2.<br>Gosia Andrzejewicz:<br>Mo\u017cesz teraz odkry\u0107 \u015bwiat&#8230;<\/p>\n\n\n\n<p>Piotr:<br>I dla siebie wybra\u0107 drog\u0119.<\/p>\n\n\n\n<p>Kasia W:<br>Mmm.. Ju\u017c nie b\u0119dziesz nigdy sam.<\/p>\n\n\n\n<p>Kasia C:<br>Zawsze blisko siebie kogo\u015b dobrze mie\u0107.<\/p>\n\n\n\n<p>Sasha i Stachursky<br>I dlatego si\u0119 postaraj,<br>a najlepsze przyjdzie zaraz.<\/p>\n\n\n\n<p>Sylwia:<br>I odszukaj w sobie ten najlepszy, najw\u0142a\u015bciwszy rytm.<\/p>\n\n\n\n<p>Piotr:<br>Sob\u0105 jest najlepiej by\u0107&#8230;<\/p>\n\n\n\n<p>Gosia:<br>Nie zna\u0107 niepotrzebnych granic.<\/p>\n\n\n\n<p>Kasia W:<br>I nauczy\u0107 si\u0119 tak \u017cy\u0107&#8230;<\/p>\n\n\n\n<p>Kasia C:<br>\u017beby z g\u0142ow\u0105 podniesion\u0105 zawsze i\u015b\u0107.<\/p>\n\n\n\n<p>Doniu:<br>Kiedy \u015bwiat palet\u0105 barw szarych,<br>na pierwszym planie Ty&#8230;<br>Znam ten b\u00f3l, kiedy toniesz i w \u0142zy.<br>To na p\u00f3\u0142 robi\u0119 sprz\u0119t, beat i bas &#8211; kocham d\u017awi\u0119k.<br>P\u0142ynie nuta, a\u017c po butach &#8211; czuj\u0119 fal\u0119 i wiem, \u017ce wygrywam&#8230;<\/p>\n\n\n\n<p>Refren:<br>Doda i Piotr:<br>B\u0119dziesz z nami zawsze, je\u015bli tylko pragniesz,<br>mo\u017cesz mie\u0107 naprawd\u0119 wszystko, czego chcesz!<br>Zawsze jeste\u015b z nami, chocia\u017c si\u0119 nie znamy.<br>To d\u017awi\u0119kami \u0142\u0105czy nas muzyki moc!<\/p>\n\n\n\n<p>Sylwia:<br>Uuuuuuuuuuuuu&#8230; Oooohoo&#8230;<\/p>\n\n\n\n<p>Liber:<br>I ka\u017cdego dnia, pytam gdzie jest ta rzecz&#8230;<br>Od zawsze znana&#8230; Przed oczami chwil\u0119 najlepsze.<br>Ubiera si\u0119 je w s\u0142owa i d\u017awi\u0119ki&#8230;<br>A Ty dajesz natchnienie, wiesz dobrze, \u017ce jeste\u015b &#8211; dzi\u0119ki.<\/p>\n\n\n\n<p>Sylwia:<br>Ooooo&#8230; Uuuuuuu!<\/p>\n\n\n\n<p>Refren:<br>Wszyscy:<br>B\u0119dziesz z nami zawsze, je\u015bli tylko pragniesz,<br>mo\u017cesz mie\u0107 naprawd\u0119 wszystko, czego chcesz!<br>Zawsze jeste\u015b z nami, chocia\u017c si\u0119 nie znamy&#8230;<br>To d\u017awi\u0119kami \u0142\u0105czy nas muzyki moc!<\/p>\n\n\n\n<p>B\u0119dziesz z nami zawsze, je\u015bli tylko pragniesz,<br>mo\u017cesz mie\u0107 naprawd\u0119 wszystko, czego chcesz!<br>Zawsze jeste\u015b z nami, chocia\u017c si\u0119 nie znamy&#8230;<br>To d\u017awi\u0119kami \u0142\u0105czy nas muzyki moc!<\/p>\n\n\n\n<figure class=\"wp-block-table\"><table><tbody><tr><th>Autor tekstu:<\/th><td>Marek Ko\u015bcikiewicz<\/td><\/tr><tr><th>Kompozytor:<\/th><td>Marek Ko\u015bcikiewicz<\/td><\/tr><\/tbody><\/table><\/figure>\n\n\n\n<p><a href=\"https:\/\/www.tekstowo.pl\/piosenka,ro_ni_wykonawcy__viva_polska_,muzyki_moc.html\">https:\/\/www.tekstowo.pl\/piosenka,ro_ni_wykonawcy__viva_polska_,muzyki_moc.html<\/a><\/p>\n\n\n\n<hr class=\"wp-block-separator\"\/>\n\n\n\n<h4 class=\"wp-block-heading\">0-zz.com\/0 &#8211; 0-zz.com\/z :<\/h4>\n\n\n\n<p><small><strong><a href=\"http:\/\/0-zz.com\/0\">1\ufe0f\u20e31\ufe0f\u20e3-0<\/a> |<a href=\"http:\/\/0-zz.com\/1\">1\ufe0f\u20e32\ufe0f\u20e3-1<\/a> |<a href=\"http:\/\/0-zz.com\/2\">1\ufe0f\u20e33\ufe0f\u20e3-2<\/a> |<a href=\"http:\/\/0-zz.com\/3\">1\ufe0f\u20e34\ufe0f\u20e3-3<\/a> |<a href=\"http:\/\/0-zz.com\/4\">1\ufe0f\u20e35\ufe0f\u20e3-4<\/a> |<a href=\"http:\/\/0-zz.com\/5\">1\ufe0f\u20e36\ufe0f\u20e3-5<\/a> <\/strong><\/small><br><small> <strong><a href=\"http:\/\/0-zz.com\/6\">2\ufe0f\u20e31\ufe0f\u20e3-6<\/a> |<a href=\"http:\/\/0-zz.com\/7\">2\ufe0f\u20e32\ufe0f\u20e3-7<\/a> |<a href=\"http:\/\/0-zz.com\/8\">2\ufe0f\u20e33\ufe0f\u20e3-8<\/a> |<a href=\"http:\/\/0-zz.com\/9\">2\ufe0f\u20e34\ufe0f\u20e3-9<\/a> |<a href=\"http:\/\/0-zz.com\/a\">2\ufe0f\u20e35\ufe0f\u20e3-A<\/a> |<a href=\"http:\/\/0-zz.com\/b\">2\ufe0f\u20e36\ufe0f\u20e3-B<\/a><\/strong><\/small><br><small> <strong><a href=\"http:\/\/0-zz.com\/c\">3\ufe0f\u20e31\ufe0f\u20e3-C<\/a> |<a href=\"http:\/\/0-zz.com\/d\">3\ufe0f\u20e32\ufe0f\u20e3-D<\/a> |<a href=\"http:\/\/0-zz.com\/e\">3\ufe0f\u20e33\ufe0f\u20e3-E<\/a> |<a href=\"http:\/\/0-zz.com\/f\">3\ufe0f\u20e34\ufe0f\u20e3-F<\/a> |<a href=\"http:\/\/0-zz.com\/g\">3\ufe0f\u20e35\ufe0f\u20e3-G<\/a> |<a href=\"http:\/\/0-zz.com\/h\">3\ufe0f\u20e36\ufe0f\u20e3-H<\/a><\/strong><\/small><br><small> <strong><a href=\"http:\/\/0-zz.com\/i\">4\ufe0f\u20e31\ufe0f\u20e3-I<\/a> |<a href=\"http:\/\/0-zz.com\/j\">4\ufe0f\u20e32\ufe0f\u20e3-J<\/a> |<a href=\"http:\/\/0-zz.com\/k\">4\ufe0f\u20e33\ufe0f\u20e3-K<\/a> |<a href=\"http:\/\/0-zz.com\/l\">4\ufe0f\u20e34\ufe0f\u20e3-L<\/a> |<a href=\"http:\/\/0-zz.com\/m\">4\ufe0f\u20e35\ufe0f\u20e3-M<\/a> |<a href=\"http:\/\/0-zz.com\/n\">4\ufe0f\u20e36\ufe0f\u20e3-N<\/a><\/strong><\/small><br><small> <strong><a href=\"http:\/\/0-zz.com\/o\">5\ufe0f\u20e31\ufe0f\u20e3-O<\/a> |<a href=\"http:\/\/0-zz.com\/p\">5\ufe0f\u20e32\ufe0f\u20e3-P<\/a> |<a href=\"http:\/\/0-zz.com\/q\">5\ufe0f\u20e33\ufe0f\u20e3-Q<\/a> |<a href=\"http:\/\/0-zz.com\/r\">5\ufe0f\u20e34\ufe0f\u20e3-R<\/a> |<a href=\"http:\/\/0-zz.com\/s\">5\ufe0f\u20e35\ufe0f\u20e3-S<\/a> |<a href=\"http:\/\/0-zz.com\/t\">5\ufe0f\u20e36\ufe0f\u20e3-T<\/a><\/strong><\/small><br><small> <strong><a href=\"http:\/\/0-zz.com\/u\">6\ufe0f\u20e31\ufe0f\u20e3-U<\/a> |<a href=\"http:\/\/0-zz.com\/v\">6\ufe0f\u20e32\ufe0f\u20e3-V<\/a> |<a href=\"http:\/\/0-zz.com\/w\">6\ufe0f\u20e33\ufe0f\u20e3-W<\/a> |<a href=\"http:\/\/0-zz.com\/x\">6\ufe0f\u20e34\ufe0f\u20e3-X<\/a> |<a href=\"http:\/\/0-zz.com\/y\">6\ufe0f\u20e35\ufe0f\u20e3-Y<\/a> |<a href=\"http:\/\/0-zz.com\/z\">6\ufe0f\u20e36\ufe0f\u20e3-Z<\/a><\/strong><\/small><\/p>\n\n\n\n<p>Roll 2 dice ?? 1\ufe0f\u20e32\ufe0f\u20e33\ufe0f\u20e34\ufe0f\u20e35\ufe0f\u20e36\ufe0f\u20e3<\/p>\n\n\n\n<p><a href=\"https:\/\/www.random.org\/dice\/\">https:\/\/www.random.org\/dice\/<\/a><\/p>\n\n\n\n<p><a href=\"https:\/\/www.google.com\/search?q=dice+roller\">https:\/\/www.google.com\/search?q=dice+roller<\/a><\/p>\n\n\n\n<hr class=\"wp-block-separator\"\/>\n\n\n\n<p><a href=\"https:\/\/12r.pl\/ea\/\">12r.pl\/ea<\/a>&nbsp;-&gt;&nbsp;<a href=\"https:\/\/12r.uk\/ea\/\">12r.uk\/ea<\/a>&nbsp;-&gt;&nbsp;<a href=\"https:\/\/7hi7.com\/ea\/\">7hi7.com\/ea<\/a><\/p>\n\n\n\n<p>Wikipedia.org &#8211; Play game &#8211; portals, categories, states, cities, capital cities<\/p>\n","protected":false},"excerpt":{"rendered":"<p>j &#8211; 00\/j &#8211; 00J Viva I Przyjaciele &#8211; Muzyki Moc (Videoclip) 6.3M views&nbsp;\u00b7&nbsp;11 years ago EwaFarnaTV SUBSCRIBED 23.8K subscribers https:\/\/m.youtube.com\/channel\/UCzNPsfPmlaoS9CEOfx4Jd1w 1.Sasha Strunin:Jeden z wielu to nie Ty. Ania Wyszkoni:Ale jeste\u015b jednym z nas i&#8230; Stachursky:Masz marzenia, swoje sny&#8230; Ewa Farna:I muzyk\u0119 swoj\u0105 masz na ka\u017cdy dzie\u0144. Kasia Cerekwicka i Piotr Kupicha:I dlatego si\u0119 postaraj,a [&hellip;]<\/p>\n","protected":false},"author":1,"featured_media":0,"parent":0,"menu_order":0,"comment_status":"closed","ping_status":"closed","template":"","meta":{"footnotes":""},"class_list":["post-58","page","type-page","status-publish","hentry"],"_links":{"self":[{"href":"https:\/\/0-zz.com\/00\/wp-json\/wp\/v2\/pages\/58","targetHints":{"allow":["GET"]}}],"collection":[{"href":"https:\/\/0-zz.com\/00\/wp-json\/wp\/v2\/pages"}],"about":[{"href":"https:\/\/0-zz.com\/00\/wp-json\/wp\/v2\/types\/page"}],"author":[{"embeddable":true,"href":"https:\/\/0-zz.com\/00\/wp-json\/wp\/v2\/users\/1"}],"replies":[{"embeddable":true,"href":"https:\/\/0-zz.com\/00\/wp-json\/wp\/v2\/comments?post=58"}],"version-history":[{"count":5,"href":"https:\/\/0-zz.com\/00\/wp-json\/wp\/v2\/pages\/58\/revisions"}],"predecessor-version":[{"id":293,"href":"https:\/\/0-zz.com\/00\/wp-json\/wp\/v2\/pages\/58\/revisions\/293"}],"wp:attachment":[{"href":"https:\/\/0-zz.com\/00\/wp-json\/wp\/v2\/media?parent=58"}],"curies":[{"name":"wp","href":"https:\/\/api.w.org\/{rel}","templated":true}]}}