{"id":56,"date":"2020-04-07T20:18:22","date_gmt":"2020-04-08T08:18:22","guid":{"rendered":"http:\/\/0-zz.com\/00\/?page_id=56"},"modified":"2022-04-28T01:42:26","modified_gmt":"2022-04-28T13:42:26","slug":"i","status":"publish","type":"page","link":"https:\/\/0-zz.com\/00\/i\/","title":{"rendered":"I"},"content":{"rendered":"\n<h2 class=\"wp-block-heading\" id=\"i-00-i-00i\">i &#8211; 00\/i &#8211; 00I<\/h2>\n\n\n\n<figure class=\"wp-block-embed is-type-video is-provider-youtube wp-block-embed-youtube wp-embed-aspect-16-9 wp-has-aspect-ratio\"><div class=\"wp-block-embed__wrapper\">\n<iframe loading=\"lazy\" title=\"Virgin - Szansa\" width=\"580\" height=\"326\" src=\"https:\/\/www.youtube.com\/embed\/KBwPhW2sNdM?feature=oembed\" frameborder=\"0\" allow=\"accelerometer; autoplay; clipboard-write; encrypted-media; gyroscope; picture-in-picture; web-share\" referrerpolicy=\"strict-origin-when-cross-origin\" allowfullscreen><\/iframe>\n<\/div><\/figure>\n\n\n\n<h2 class=\"wp-block-heading\" id=\"virgin-szansa\">Virgin &#8211; Szansa<\/h2>\n\n\n\n<p>9M views&nbsp;\u00b7&nbsp;10 years ago<\/p>\n\n\n\n<h2 class=\"wp-block-heading\" id=\"virginvevo\">VirginVEVO<\/h2>\n\n\n\n<p>SUBSCRIBED 52.4K subscribers<\/p>\n\n\n\n<p><a href=\"https:\/\/m.youtube.com\/channel\/UCTeN1EaB0fXGn9mvy9iHkjQ\">https:\/\/m.youtube.com\/channel\/UCTeN1EaB0fXGn9mvy9iHkjQ<\/a><\/p>\n\n\n\n<p>By\u0142am w tym miejscu<br>gdzie cz\u0142owiek na ziemi<br>ju\u017c dosi\u0119ga piek\u0142a bram<br>b\u00f3l i cierpienie, wci\u0105\u017c niezrozumienie:<br>&#8222;Dlaczego w\u0142a\u015bnie ja?&#8221;<br>Gdy si\u0142 mi zabrak\u0142o,<br>spojrza\u0142am przez okno,<br>by zat\u0119skni\u0107 jeszcze raz.<br>Widzia\u0142am cz\u0142owieka,<br>smutny, bo czeka\u0142.<br>Nie docenia\u0142 tego co ma.<\/p>\n\n\n\n<p>Szans\u0119 zn\u00f3w dosta\u0142am,<br>ty j\u0105 ci\u0105gle masz.<\/p>\n\n\n\n<p>Wi\u0119c nie martw si\u0119!<br>U\u015bmiechnij si\u0119!<br>Nie jest tak \u017ale, problemy s\u0105,<br>lecz zdrowie masz, by rozwi\u0105za\u0107 je.<\/p>\n\n\n\n<p>Wi\u0119c nie martw si\u0119!<br>U\u015bmiechnij si\u0119!<br>Nie jest tak \u017ale,<br>nie tylko ty<br>dotykasz dna,<br>by zn\u00f3w odbi\u0107 si\u0119.<\/p>\n\n\n\n<p>Wi\u0119c nie martw si\u0119!<br>U\u015bmiechnij si\u0119!<br>I doce\u0144 to, \u017ce \u017cyjesz jak ja.<br>Sprawny co dzie\u0144 silny jak chcesz.<br>Wi\u0119c nie martw si\u0119!<\/p>\n\n\n\n<p>W pracy problemy,<br>szef nie docenia<br>i nie wierzy w ciebie nikt.<br>Kochana zdradzi\u0142a, \u015bwiat si\u0119 zawali\u0142.<br>Dobra mina do z\u0142ej gry.<br>Nie masz przyjaci\u00f3\u0142, od dziecka wy\u015bmiany.<br>Na krok z domu nie chcesz wyj\u015b\u0107.<br>lub dawno nie zjad\u0142e\u015b ciep\u0142ego obiadu,<br>stara szmata zamiast drzwi!<\/p>\n\n\n\n<p>Szans\u0119 zn\u00f3w dosta\u0142am,<br>ty j\u0105 ci\u0105gle masz.<\/p>\n\n\n\n<p>Wi\u0119c nie martw si\u0119!<br>U\u015bmiechnij si\u0119!<br>Nie jest tak \u017ale, problemy s\u0105,<br>lecz zdrowie masz, by rozwi\u0105za\u0107 je.<\/p>\n\n\n\n<p>Wi\u0119c nie martw si\u0119!<br>U\u015bmiechnij si\u0119!<br>Nie jest tak \u017ale,<br>nie tylko ty<br>dotykasz dna,<br>by zn\u00f3w odbi\u0107 si\u0119.<\/p>\n\n\n\n<p>Wi\u0119c nie martw si\u0119!<br>U\u015bmiechnij si\u0119!<br>I doce\u0144 to, \u017ce \u017cyjesz jak ja.<br>Sprawny co dzie\u0144, silny jak chcesz.<\/p>\n\n\n\n<p>Wi\u0119c nie martw si\u0119!<br>U\u015bmiechnij si\u0119!<br>Nie jest tak \u017ale, problemy s\u0105,<br>lecz zdrowie masz, by rozwi\u0105za\u0107 je.<\/p>\n\n\n\n<p>Wi\u0119c nie martw si\u0119!<br>U\u015bmiechnij si\u0119!<br>Nie jest tak \u017ale,<br>nie tylko ty<br>dotykasz dna,<br>by zn\u00f3w odbi\u0107 si\u0119.<\/p>\n\n\n\n<p>Wi\u0119c nie martw si\u0119!<br>U\u015bmiechnij si\u0119!<br>I doce\u0144 to, \u017ce \u017cyjesz jak ja.<br>Sprawny co dzie\u0144 silny jak chcesz.<\/p>\n\n\n\n<p>Wi\u0119c nie martw si\u0119!<\/p>\n\n\n\n<figure class=\"wp-block-table\"><table><tbody><tr><th>Autor tekstu:<\/th><td>Dorota Rabczewska<\/td><\/tr><tr><th>Kompozytor:<\/th><td>Tomasz Lubert<\/td><\/tr><\/tbody><\/table><\/figure>\n\n\n\n<p><a href=\"https:\/\/www.tekstowo.pl\/piosenka,virgin,szansa.html\">https:\/\/www.tekstowo.pl\/piosenka,virgin,szansa.html<\/a><\/p>\n\n\n\n<hr class=\"wp-block-separator\"\/>\n\n\n\n<h4 class=\"wp-block-heading\">0-zz.com\/0 &#8211; 0-zz.com\/z :<\/h4>\n\n\n\n<p><small><strong><a href=\"http:\/\/0-zz.com\/0\">1\ufe0f\u20e31\ufe0f\u20e3-0<\/a> |<a href=\"http:\/\/0-zz.com\/1\">1\ufe0f\u20e32\ufe0f\u20e3-1<\/a> |<a href=\"http:\/\/0-zz.com\/2\">1\ufe0f\u20e33\ufe0f\u20e3-2<\/a> |<a href=\"http:\/\/0-zz.com\/3\">1\ufe0f\u20e34\ufe0f\u20e3-3<\/a> |<a href=\"http:\/\/0-zz.com\/4\">1\ufe0f\u20e35\ufe0f\u20e3-4<\/a> |<a href=\"http:\/\/0-zz.com\/5\">1\ufe0f\u20e36\ufe0f\u20e3-5<\/a> <\/strong><\/small><br><small> <strong><a href=\"http:\/\/0-zz.com\/6\">2\ufe0f\u20e31\ufe0f\u20e3-6<\/a> |<a href=\"http:\/\/0-zz.com\/7\">2\ufe0f\u20e32\ufe0f\u20e3-7<\/a> |<a href=\"http:\/\/0-zz.com\/8\">2\ufe0f\u20e33\ufe0f\u20e3-8<\/a> |<a href=\"http:\/\/0-zz.com\/9\">2\ufe0f\u20e34\ufe0f\u20e3-9<\/a> |<a href=\"http:\/\/0-zz.com\/a\">2\ufe0f\u20e35\ufe0f\u20e3-A<\/a> |<a href=\"http:\/\/0-zz.com\/b\">2\ufe0f\u20e36\ufe0f\u20e3-B<\/a><\/strong><\/small><br><small> <strong><a href=\"http:\/\/0-zz.com\/c\">3\ufe0f\u20e31\ufe0f\u20e3-C<\/a> |<a href=\"http:\/\/0-zz.com\/d\">3\ufe0f\u20e32\ufe0f\u20e3-D<\/a> |<a href=\"http:\/\/0-zz.com\/e\">3\ufe0f\u20e33\ufe0f\u20e3-E<\/a> |<a href=\"http:\/\/0-zz.com\/f\">3\ufe0f\u20e34\ufe0f\u20e3-F<\/a> |<a href=\"http:\/\/0-zz.com\/g\">3\ufe0f\u20e35\ufe0f\u20e3-G<\/a> |<a href=\"http:\/\/0-zz.com\/h\">3\ufe0f\u20e36\ufe0f\u20e3-H<\/a><\/strong><\/small><br><small> <strong><a href=\"http:\/\/0-zz.com\/i\">4\ufe0f\u20e31\ufe0f\u20e3-I<\/a> |<a href=\"http:\/\/0-zz.com\/j\">4\ufe0f\u20e32\ufe0f\u20e3-J<\/a> |<a href=\"http:\/\/0-zz.com\/k\">4\ufe0f\u20e33\ufe0f\u20e3-K<\/a> |<a href=\"http:\/\/0-zz.com\/l\">4\ufe0f\u20e34\ufe0f\u20e3-L<\/a> |<a href=\"http:\/\/0-zz.com\/m\">4\ufe0f\u20e35\ufe0f\u20e3-M<\/a> |<a href=\"http:\/\/0-zz.com\/n\">4\ufe0f\u20e36\ufe0f\u20e3-N<\/a><\/strong><\/small><br><small> <strong><a href=\"http:\/\/0-zz.com\/o\">5\ufe0f\u20e31\ufe0f\u20e3-O<\/a> |<a href=\"http:\/\/0-zz.com\/p\">5\ufe0f\u20e32\ufe0f\u20e3-P<\/a> |<a href=\"http:\/\/0-zz.com\/q\">5\ufe0f\u20e33\ufe0f\u20e3-Q<\/a> |<a href=\"http:\/\/0-zz.com\/r\">5\ufe0f\u20e34\ufe0f\u20e3-R<\/a> |<a href=\"http:\/\/0-zz.com\/s\">5\ufe0f\u20e35\ufe0f\u20e3-S<\/a> |<a href=\"http:\/\/0-zz.com\/t\">5\ufe0f\u20e36\ufe0f\u20e3-T<\/a><\/strong><\/small><br><small> <strong><a href=\"http:\/\/0-zz.com\/u\">6\ufe0f\u20e31\ufe0f\u20e3-U<\/a> |<a href=\"http:\/\/0-zz.com\/v\">6\ufe0f\u20e32\ufe0f\u20e3-V<\/a> |<a href=\"http:\/\/0-zz.com\/w\">6\ufe0f\u20e33\ufe0f\u20e3-W<\/a> |<a href=\"http:\/\/0-zz.com\/x\">6\ufe0f\u20e34\ufe0f\u20e3-X<\/a> |<a href=\"http:\/\/0-zz.com\/y\">6\ufe0f\u20e35\ufe0f\u20e3-Y<\/a> |<a href=\"http:\/\/0-zz.com\/z\">6\ufe0f\u20e36\ufe0f\u20e3-Z<\/a><\/strong><\/small><\/p>\n\n\n\n<p>Roll 2 dice ?? 1\ufe0f\u20e32\ufe0f\u20e33\ufe0f\u20e34\ufe0f\u20e35\ufe0f\u20e36\ufe0f\u20e3<\/p>\n\n\n\n<p><a href=\"https:\/\/www.random.org\/dice\/\">https:\/\/www.random.org\/dice\/<\/a><\/p>\n\n\n\n<p><a href=\"https:\/\/www.google.com\/search?q=dice+roller\">https:\/\/www.google.com\/search?q=dice+roller<\/a><\/p>\n\n\n\n<hr class=\"wp-block-separator\"\/>\n\n\n\n<p><a href=\"https:\/\/12r.pl\/ea\/\">12r.pl\/ea<\/a>&nbsp;-&gt;&nbsp;<a href=\"https:\/\/12r.uk\/ea\/\">12r.uk\/ea<\/a>&nbsp;-&gt;&nbsp;<a href=\"https:\/\/7hi7.com\/ea\/\">7hi7.com\/ea<\/a><\/p>\n\n\n\n<p>Wikipedia.org &#8211; Play game &#8211; portals, categories, states, cities, capital cities<\/p>\n","protected":false},"excerpt":{"rendered":"<p>i &#8211; 00\/i &#8211; 00I Virgin &#8211; Szansa 9M views&nbsp;\u00b7&nbsp;10 years ago VirginVEVO SUBSCRIBED 52.4K subscribers https:\/\/m.youtube.com\/channel\/UCTeN1EaB0fXGn9mvy9iHkjQ By\u0142am w tym miejscugdzie cz\u0142owiek na ziemiju\u017c dosi\u0119ga piek\u0142a bramb\u00f3l i cierpienie, wci\u0105\u017c niezrozumienie:&#8222;Dlaczego w\u0142a\u015bnie ja?&#8221;Gdy si\u0142 mi zabrak\u0142o,spojrza\u0142am przez okno,by zat\u0119skni\u0107 jeszcze raz.Widzia\u0142am cz\u0142owieka,smutny, bo czeka\u0142.Nie docenia\u0142 tego co ma. Szans\u0119 zn\u00f3w dosta\u0142am,ty j\u0105 ci\u0105gle masz. Wi\u0119c [&hellip;]<\/p>\n","protected":false},"author":1,"featured_media":0,"parent":0,"menu_order":0,"comment_status":"closed","ping_status":"closed","template":"","meta":{"footnotes":""},"class_list":["post-56","page","type-page","status-publish","hentry"],"_links":{"self":[{"href":"https:\/\/0-zz.com\/00\/wp-json\/wp\/v2\/pages\/56","targetHints":{"allow":["GET"]}}],"collection":[{"href":"https:\/\/0-zz.com\/00\/wp-json\/wp\/v2\/pages"}],"about":[{"href":"https:\/\/0-zz.com\/00\/wp-json\/wp\/v2\/types\/page"}],"author":[{"embeddable":true,"href":"https:\/\/0-zz.com\/00\/wp-json\/wp\/v2\/users\/1"}],"replies":[{"embeddable":true,"href":"https:\/\/0-zz.com\/00\/wp-json\/wp\/v2\/comments?post=56"}],"version-history":[{"count":5,"href":"https:\/\/0-zz.com\/00\/wp-json\/wp\/v2\/pages\/56\/revisions"}],"predecessor-version":[{"id":292,"href":"https:\/\/0-zz.com\/00\/wp-json\/wp\/v2\/pages\/56\/revisions\/292"}],"wp:attachment":[{"href":"https:\/\/0-zz.com\/00\/wp-json\/wp\/v2\/media?parent=56"}],"curies":[{"name":"wp","href":"https:\/\/api.w.org\/{rel}","templated":true}]}}