{"id":46,"date":"2020-04-07T20:17:31","date_gmt":"2020-04-08T08:17:31","guid":{"rendered":"http:\/\/0-zz.com\/00\/?page_id=46"},"modified":"2022-04-28T01:37:13","modified_gmt":"2022-04-28T13:37:13","slug":"d","status":"publish","type":"page","link":"https:\/\/0-zz.com\/00\/d\/","title":{"rendered":"D"},"content":{"rendered":"\n<h2 class=\"wp-block-heading\" id=\"d-00-d-00d\">d &#8211; 00\/d &#8211; 00D<\/h2>\n\n\n\n<figure class=\"wp-block-embed is-type-video is-provider-youtube wp-block-embed-youtube wp-embed-aspect-16-9 wp-has-aspect-ratio\"><div class=\"wp-block-embed__wrapper\">\n<iframe loading=\"lazy\" title=\"WEEKEND - Ona Ta\u0144czy Dla Mnie - Official Video (2012)\" width=\"580\" height=\"326\" src=\"https:\/\/www.youtube.com\/embed\/JvxG3zl_WhU?feature=oembed\" frameborder=\"0\" allow=\"accelerometer; autoplay; clipboard-write; encrypted-media; gyroscope; picture-in-picture; web-share\" referrerpolicy=\"strict-origin-when-cross-origin\" allowfullscreen><\/iframe>\n<\/div><\/figure>\n\n\n\n<h2 class=\"wp-block-heading\" id=\"weekend-ona-tanczy-dla-mnie-official-video-2012\">Weekend &#8211; Ona Ta\u0144czy Dla Mnie &#8211; Official Video (2012)<\/h2>\n\n\n\n<p>131M views&nbsp;\u00b7&nbsp;9 years ago<\/p>\n\n\n\n<h2 class=\"wp-block-heading\" id=\"weekend-oficjalny\">WEEKEND &#8211; Oficjalny<\/h2>\n\n\n\n<p>SUBSCRIBED 369K subscribers<\/p>\n\n\n\n<p><a href=\"https:\/\/m.youtube.com\/channel\/UC_6qysqSnJskKBUAdJ6aSWQ\">https:\/\/m.youtube.com\/channel\/UC_6qysqSnJskKBUAdJ6aSWQ<\/a><\/p>\n\n\n\n<p>2x Ja uwielbiam j\u0105. Ona tu jest<br>i ta\u0144czy dla mnie,<br>bo dobrze to wie, \u017ce porw\u0119 j\u0105<br>i w sercu schowam na dnie.<\/p>\n\n\n\n<p>Moja dziewczyna patrzy cz\u0119sto w oczy me<br>i nie ukrywam sprawia to przyjemno\u015b\u0107.<br>Jak j\u0105 kocham tylko moje serce wie,<br>gdy mnie ca\u0142uje, odda\u0142bym nie jedno.<\/p>\n\n\n\n<p>Jej ramiona ukojeniem dla mnie s\u0105,<br>bo przy niej czuj\u0119 jak smakuje mi\u0142o\u015b\u0107<br>i ka\u017cd\u0105 chwil\u0119 pragn\u0119 ofiarowa\u0107 bo,<br>jest tego warta, nic si\u0119 nie zmieni\u0142o,<br>bo ja pragn\u0119 jej jej, bo pragn\u0119 jej jej, booo..<\/p>\n\n\n\n<p>2x Ja uwielbiam j\u0105. Ona tu jest<br>i ta\u0144czy dla mnie,<br>bo dobrze to wie, \u017ce porw\u0119 j\u0105<br>i w sercu schowam na dnie.<\/p>\n\n\n\n<p>Booo, ja pragn\u0119 jej jej, bo pragn\u0119 jej jej, booo&#8230;<\/p>\n\n\n\n<p>2x Ja uwielbiam j\u0105. Ona tu jest<br>i ta\u0144czy dla mnie,<br>bo dobrze to wie, \u017ce porw\u0119 j\u0105<br>i w sercu schowam na dnie.<\/p>\n\n\n\n<figure class=\"wp-block-table\"><table><tbody><tr><th>Autor tekstu:<\/th><td>Rados\u0142aw Liszewski<\/td><\/tr><tr><th>Kompozytor:<\/th><td>Rados\u0142aw Liszewski<\/td><\/tr><\/tbody><\/table><\/figure>\n\n\n\n<p><a href=\"https:\/\/www.tekstowo.pl\/piosenka,weekend,ona_tanczy_dla_mnie.html\">https:\/\/www.tekstowo.pl\/piosenka,weekend,ona_tanczy_dla_mnie.html<\/a><\/p>\n\n\n\n<hr class=\"wp-block-separator\"\/>\n\n\n\n<h4 class=\"wp-block-heading\">0-zz.com\/0 &#8211; 0-zz.com\/z :<\/h4>\n\n\n\n<p><small><strong><a href=\"http:\/\/0-zz.com\/0\">1\ufe0f\u20e31\ufe0f\u20e3-0<\/a> |<a href=\"http:\/\/0-zz.com\/1\">1\ufe0f\u20e32\ufe0f\u20e3-1<\/a> |<a href=\"http:\/\/0-zz.com\/2\">1\ufe0f\u20e33\ufe0f\u20e3-2<\/a> |<a href=\"http:\/\/0-zz.com\/3\">1\ufe0f\u20e34\ufe0f\u20e3-3<\/a> |<a href=\"http:\/\/0-zz.com\/4\">1\ufe0f\u20e35\ufe0f\u20e3-4<\/a> |<a href=\"http:\/\/0-zz.com\/5\">1\ufe0f\u20e36\ufe0f\u20e3-5<\/a> <\/strong><\/small><br><small> <strong><a href=\"http:\/\/0-zz.com\/6\">2\ufe0f\u20e31\ufe0f\u20e3-6<\/a> |<a href=\"http:\/\/0-zz.com\/7\">2\ufe0f\u20e32\ufe0f\u20e3-7<\/a> |<a href=\"http:\/\/0-zz.com\/8\">2\ufe0f\u20e33\ufe0f\u20e3-8<\/a> |<a href=\"http:\/\/0-zz.com\/9\">2\ufe0f\u20e34\ufe0f\u20e3-9<\/a> |<a href=\"http:\/\/0-zz.com\/a\">2\ufe0f\u20e35\ufe0f\u20e3-A<\/a> |<a href=\"http:\/\/0-zz.com\/b\">2\ufe0f\u20e36\ufe0f\u20e3-B<\/a><\/strong><\/small><br><small> <strong><a href=\"http:\/\/0-zz.com\/c\">3\ufe0f\u20e31\ufe0f\u20e3-C<\/a> |<a href=\"http:\/\/0-zz.com\/d\">3\ufe0f\u20e32\ufe0f\u20e3-D<\/a> |<a href=\"http:\/\/0-zz.com\/e\">3\ufe0f\u20e33\ufe0f\u20e3-E<\/a> |<a href=\"http:\/\/0-zz.com\/f\">3\ufe0f\u20e34\ufe0f\u20e3-F<\/a> |<a href=\"http:\/\/0-zz.com\/g\">3\ufe0f\u20e35\ufe0f\u20e3-G<\/a> |<a href=\"http:\/\/0-zz.com\/h\">3\ufe0f\u20e36\ufe0f\u20e3-H<\/a><\/strong><\/small><br><small> <strong><a href=\"http:\/\/0-zz.com\/i\">4\ufe0f\u20e31\ufe0f\u20e3-I<\/a> |<a href=\"http:\/\/0-zz.com\/j\">4\ufe0f\u20e32\ufe0f\u20e3-J<\/a> |<a href=\"http:\/\/0-zz.com\/k\">4\ufe0f\u20e33\ufe0f\u20e3-K<\/a> |<a href=\"http:\/\/0-zz.com\/l\">4\ufe0f\u20e34\ufe0f\u20e3-L<\/a> |<a href=\"http:\/\/0-zz.com\/m\">4\ufe0f\u20e35\ufe0f\u20e3-M<\/a> |<a href=\"http:\/\/0-zz.com\/n\">4\ufe0f\u20e36\ufe0f\u20e3-N<\/a><\/strong><\/small><br><small> <strong><a href=\"http:\/\/0-zz.com\/o\">5\ufe0f\u20e31\ufe0f\u20e3-O<\/a> |<a href=\"http:\/\/0-zz.com\/p\">5\ufe0f\u20e32\ufe0f\u20e3-P<\/a> |<a href=\"http:\/\/0-zz.com\/q\">5\ufe0f\u20e33\ufe0f\u20e3-Q<\/a> |<a href=\"http:\/\/0-zz.com\/r\">5\ufe0f\u20e34\ufe0f\u20e3-R<\/a> |<a href=\"http:\/\/0-zz.com\/s\">5\ufe0f\u20e35\ufe0f\u20e3-S<\/a> |<a href=\"http:\/\/0-zz.com\/t\">5\ufe0f\u20e36\ufe0f\u20e3-T<\/a><\/strong><\/small><br><small> <strong><a href=\"http:\/\/0-zz.com\/u\">6\ufe0f\u20e31\ufe0f\u20e3-U<\/a> |<a href=\"http:\/\/0-zz.com\/v\">6\ufe0f\u20e32\ufe0f\u20e3-V<\/a> |<a href=\"http:\/\/0-zz.com\/w\">6\ufe0f\u20e33\ufe0f\u20e3-W<\/a> |<a href=\"http:\/\/0-zz.com\/x\">6\ufe0f\u20e34\ufe0f\u20e3-X<\/a> |<a href=\"http:\/\/0-zz.com\/y\">6\ufe0f\u20e35\ufe0f\u20e3-Y<\/a> |<a href=\"http:\/\/0-zz.com\/z\">6\ufe0f\u20e36\ufe0f\u20e3-Z<\/a><\/strong><\/small><\/p>\n\n\n\n<p>Roll 2 dice ?? 1\ufe0f\u20e32\ufe0f\u20e33\ufe0f\u20e34\ufe0f\u20e35\ufe0f\u20e36\ufe0f\u20e3<\/p>\n\n\n\n<p><a href=\"https:\/\/www.random.org\/dice\/\">https:\/\/www.random.org\/dice\/<\/a><\/p>\n\n\n\n<p><a href=\"https:\/\/www.google.com\/search?q=dice+roller\">https:\/\/www.google.com\/search?q=dice+roller<\/a><\/p>\n\n\n\n<hr class=\"wp-block-separator\"\/>\n\n\n\n<p><a href=\"https:\/\/12r.pl\/ea\/\">12r.pl\/ea<\/a>&nbsp;-&gt;&nbsp;<a href=\"https:\/\/12r.uk\/ea\/\">12r.uk\/ea<\/a>&nbsp;-&gt;&nbsp;<a href=\"https:\/\/7hi7.com\/ea\/\">7hi7.com\/ea<\/a><\/p>\n\n\n\n<p>Wikipedia.org &#8211; Play game &#8211; portals, categories, states, cities, capital cities<\/p>\n","protected":false},"excerpt":{"rendered":"<p>d &#8211; 00\/d &#8211; 00D Weekend &#8211; Ona Ta\u0144czy Dla Mnie &#8211; Official Video (2012) 131M views&nbsp;\u00b7&nbsp;9 years ago WEEKEND &#8211; Oficjalny SUBSCRIBED 369K subscribers https:\/\/m.youtube.com\/channel\/UC_6qysqSnJskKBUAdJ6aSWQ 2x Ja uwielbiam j\u0105. Ona tu jesti ta\u0144czy dla mnie,bo dobrze to wie, \u017ce porw\u0119 j\u0105i w sercu schowam na dnie. Moja dziewczyna patrzy cz\u0119sto w oczy mei nie [&hellip;]<\/p>\n","protected":false},"author":1,"featured_media":0,"parent":0,"menu_order":0,"comment_status":"closed","ping_status":"closed","template":"","meta":{"footnotes":""},"class_list":["post-46","page","type-page","status-publish","hentry"],"_links":{"self":[{"href":"https:\/\/0-zz.com\/00\/wp-json\/wp\/v2\/pages\/46","targetHints":{"allow":["GET"]}}],"collection":[{"href":"https:\/\/0-zz.com\/00\/wp-json\/wp\/v2\/pages"}],"about":[{"href":"https:\/\/0-zz.com\/00\/wp-json\/wp\/v2\/types\/page"}],"author":[{"embeddable":true,"href":"https:\/\/0-zz.com\/00\/wp-json\/wp\/v2\/users\/1"}],"replies":[{"embeddable":true,"href":"https:\/\/0-zz.com\/00\/wp-json\/wp\/v2\/comments?post=46"}],"version-history":[{"count":5,"href":"https:\/\/0-zz.com\/00\/wp-json\/wp\/v2\/pages\/46\/revisions"}],"predecessor-version":[{"id":287,"href":"https:\/\/0-zz.com\/00\/wp-json\/wp\/v2\/pages\/46\/revisions\/287"}],"wp:attachment":[{"href":"https:\/\/0-zz.com\/00\/wp-json\/wp\/v2\/media?parent=46"}],"curies":[{"name":"wp","href":"https:\/\/api.w.org\/{rel}","templated":true}]}}