{"id":42,"date":"2020-04-07T20:17:09","date_gmt":"2020-04-08T08:17:09","guid":{"rendered":"http:\/\/0-zz.com\/00\/?page_id=42"},"modified":"2022-04-28T01:33:54","modified_gmt":"2022-04-28T13:33:54","slug":"b","status":"publish","type":"page","link":"https:\/\/0-zz.com\/00\/b\/","title":{"rendered":"B"},"content":{"rendered":"\n<h2 class=\"wp-block-heading\" id=\"b-00-b-00b\">b &#8211; 00\/b &#8211; 00B<\/h2>\n\n\n\n<figure class=\"wp-block-embed is-type-video is-provider-youtube wp-block-embed-youtube wp-embed-aspect-16-9 wp-has-aspect-ratio\"><div class=\"wp-block-embed__wrapper\">\n<iframe loading=\"lazy\" title=\"Mela Koteluk - Fastrygi (Official Music Video)\" width=\"580\" height=\"326\" src=\"https:\/\/www.youtube.com\/embed\/bQ1Jo3caCHA?feature=oembed\" frameborder=\"0\" allow=\"accelerometer; autoplay; clipboard-write; encrypted-media; gyroscope; picture-in-picture; web-share\" referrerpolicy=\"strict-origin-when-cross-origin\" allowfullscreen><\/iframe>\n<\/div><\/figure>\n\n\n\n<h2 class=\"wp-block-heading\" id=\"mela-koteluk\">Mela Koteluk<\/h2>\n\n\n\n<p>SUBSCRIBED 58.6K subscribers<\/p>\n\n\n\n<p><a href=\"https:\/\/m.youtube.com\/channel\/UCjhQqjqngm9XnYRRpnlqnkQ\">https:\/\/m.youtube.com\/channel\/UCjhQqjqngm9XnYRRpnlqnkQ<\/a><\/p>\n\n\n\n<p>Dorastamy nielekkim gestem<br>Obijaj\u0105c si\u0119 o nonsens<\/p>\n\n\n\n<p>Niebosk\u0142onu sta\u0142o\u015b\u0107<br>karmi krew<br>Jak tsunami<br>uruchamia sen<br>Jak modlitwa<br>wszystkich dzieci, kt\u00f3re znam<br>Wp\u0142ynie si\u0142a by<br>coraz mniej si\u0119 ba\u0107<\/p>\n\n\n\n<p>I nie zatopi nas<br>pokusa ani strach<br>A je\u015bli zerwie dach<br>huraganowy wiatr<\/p>\n\n\n\n<p>L\u0105d nie utonie<\/p>\n\n\n\n<p>Jak fastryga trwa\u0142y<br>prawdy wz\u00f3r<br>Rdzawe sito<br>niewymowny g\u0142\u00f3d<br>Skacz kochanie,<br>lecz tylko wtedy, kiedy ja<br>B\u0119d\u0119 blisko<br>nie uciekaj sam<\/p>\n\n\n\n<p>I nie zatopi nas<br>pokusa ani strach<br>A je\u015bli zerwie dach<br>huraganowy wiatr<\/p>\n\n\n\n<p>L\u0105du to\u0144<br>ochroni dom<br>L\u0105du to\u0144<br>ochroni dom<\/p>\n\n\n\n<p>I nie zatopi nas<br>pokusa ani strach<br>A je\u015bli zerwie dach<br>huraganowy wiatr<\/p>\n\n\n\n<p>I nie zatopi nas<br>pokusa ani strach x2<\/p>\n\n\n\n<figure class=\"wp-block-table\"><table><tbody><tr><th>Autor tekstu:<\/th><td>Mela Koteluk<\/td><\/tr><tr><th>Kompozytor:<\/th><td>Mela Koteluk<\/td><\/tr><\/tbody><\/table><\/figure>\n\n\n\n<p><a href=\"https:\/\/www.tekstowo.pl\/piosenka,mela_koteluk,fastrygi.html\">https:\/\/www.tekstowo.pl\/piosenka,mela_koteluk,fastrygi.html<\/a><\/p>\n\n\n\n<hr class=\"wp-block-separator\"\/>\n\n\n\n<h4 class=\"wp-block-heading\">0-zz.com\/0 &#8211; 0-zz.com\/z :<\/h4>\n\n\n\n<p><small><strong><a href=\"http:\/\/0-zz.com\/0\">1\ufe0f\u20e31\ufe0f\u20e3-0<\/a> |<a href=\"http:\/\/0-zz.com\/1\">1\ufe0f\u20e32\ufe0f\u20e3-1<\/a> |<a href=\"http:\/\/0-zz.com\/2\">1\ufe0f\u20e33\ufe0f\u20e3-2<\/a> |<a href=\"http:\/\/0-zz.com\/3\">1\ufe0f\u20e34\ufe0f\u20e3-3<\/a> |<a href=\"http:\/\/0-zz.com\/4\">1\ufe0f\u20e35\ufe0f\u20e3-4<\/a> |<a href=\"http:\/\/0-zz.com\/5\">1\ufe0f\u20e36\ufe0f\u20e3-5<\/a> <\/strong><\/small><br><small> <strong><a href=\"http:\/\/0-zz.com\/6\">2\ufe0f\u20e31\ufe0f\u20e3-6<\/a> |<a href=\"http:\/\/0-zz.com\/7\">2\ufe0f\u20e32\ufe0f\u20e3-7<\/a> |<a href=\"http:\/\/0-zz.com\/8\">2\ufe0f\u20e33\ufe0f\u20e3-8<\/a> |<a href=\"http:\/\/0-zz.com\/9\">2\ufe0f\u20e34\ufe0f\u20e3-9<\/a> |<a href=\"http:\/\/0-zz.com\/a\">2\ufe0f\u20e35\ufe0f\u20e3-A<\/a> |<a href=\"http:\/\/0-zz.com\/b\">2\ufe0f\u20e36\ufe0f\u20e3-B<\/a><\/strong><\/small><br><small> <strong><a href=\"http:\/\/0-zz.com\/c\">3\ufe0f\u20e31\ufe0f\u20e3-C<\/a> |<a href=\"http:\/\/0-zz.com\/d\">3\ufe0f\u20e32\ufe0f\u20e3-D<\/a> |<a href=\"http:\/\/0-zz.com\/e\">3\ufe0f\u20e33\ufe0f\u20e3-E<\/a> |<a href=\"http:\/\/0-zz.com\/f\">3\ufe0f\u20e34\ufe0f\u20e3-F<\/a> |<a href=\"http:\/\/0-zz.com\/g\">3\ufe0f\u20e35\ufe0f\u20e3-G<\/a> |<a href=\"http:\/\/0-zz.com\/h\">3\ufe0f\u20e36\ufe0f\u20e3-H<\/a><\/strong><\/small><br><small> <strong><a href=\"http:\/\/0-zz.com\/i\">4\ufe0f\u20e31\ufe0f\u20e3-I<\/a> |<a href=\"http:\/\/0-zz.com\/j\">4\ufe0f\u20e32\ufe0f\u20e3-J<\/a> |<a href=\"http:\/\/0-zz.com\/k\">4\ufe0f\u20e33\ufe0f\u20e3-K<\/a> |<a href=\"http:\/\/0-zz.com\/l\">4\ufe0f\u20e34\ufe0f\u20e3-L<\/a> |<a href=\"http:\/\/0-zz.com\/m\">4\ufe0f\u20e35\ufe0f\u20e3-M<\/a> |<a href=\"http:\/\/0-zz.com\/n\">4\ufe0f\u20e36\ufe0f\u20e3-N<\/a><\/strong><\/small><br><small> <strong><a href=\"http:\/\/0-zz.com\/o\">5\ufe0f\u20e31\ufe0f\u20e3-O<\/a> |<a href=\"http:\/\/0-zz.com\/p\">5\ufe0f\u20e32\ufe0f\u20e3-P<\/a> |<a href=\"http:\/\/0-zz.com\/q\">5\ufe0f\u20e33\ufe0f\u20e3-Q<\/a> |<a href=\"http:\/\/0-zz.com\/r\">5\ufe0f\u20e34\ufe0f\u20e3-R<\/a> |<a href=\"http:\/\/0-zz.com\/s\">5\ufe0f\u20e35\ufe0f\u20e3-S<\/a> |<a href=\"http:\/\/0-zz.com\/t\">5\ufe0f\u20e36\ufe0f\u20e3-T<\/a><\/strong><\/small><br><small> <strong><a href=\"http:\/\/0-zz.com\/u\">6\ufe0f\u20e31\ufe0f\u20e3-U<\/a> |<a href=\"http:\/\/0-zz.com\/v\">6\ufe0f\u20e32\ufe0f\u20e3-V<\/a> |<a href=\"http:\/\/0-zz.com\/w\">6\ufe0f\u20e33\ufe0f\u20e3-W<\/a> |<a href=\"http:\/\/0-zz.com\/x\">6\ufe0f\u20e34\ufe0f\u20e3-X<\/a> |<a href=\"http:\/\/0-zz.com\/y\">6\ufe0f\u20e35\ufe0f\u20e3-Y<\/a> |<a href=\"http:\/\/0-zz.com\/z\">6\ufe0f\u20e36\ufe0f\u20e3-Z<\/a><\/strong><\/small><\/p>\n\n\n\n<p>Roll 2 dice ?? 1\ufe0f\u20e32\ufe0f\u20e33\ufe0f\u20e34\ufe0f\u20e35\ufe0f\u20e36\ufe0f\u20e3<\/p>\n\n\n\n<p><a href=\"https:\/\/www.random.org\/dice\/\">https:\/\/www.random.org\/dice\/<\/a><\/p>\n\n\n\n<p><a href=\"https:\/\/www.google.com\/search?q=dice+roller\">https:\/\/www.google.com\/search?q=dice+roller<\/a><\/p>\n\n\n\n<hr class=\"wp-block-separator\"\/>\n\n\n\n<p><a href=\"https:\/\/12r.pl\/ea\/\">12r.pl\/ea<\/a>&nbsp;-&gt;&nbsp;<a href=\"https:\/\/12r.uk\/ea\/\">12r.uk\/ea<\/a>&nbsp;-&gt;&nbsp;<a href=\"https:\/\/7hi7.com\/ea\/\">7hi7.com\/ea<\/a><\/p>\n\n\n\n<p>Wikipedia.org &#8211; Play game &#8211; portals, categories, states, cities, capital cities<\/p>\n","protected":false},"excerpt":{"rendered":"<p>b &#8211; 00\/b &#8211; 00B Mela Koteluk SUBSCRIBED 58.6K subscribers https:\/\/m.youtube.com\/channel\/UCjhQqjqngm9XnYRRpnlqnkQ Dorastamy nielekkim gestemObijaj\u0105c si\u0119 o nonsens Niebosk\u0142onu sta\u0142o\u015b\u0107karmi krewJak tsunamiuruchamia senJak modlitwawszystkich dzieci, kt\u00f3re znamWp\u0142ynie si\u0142a bycoraz mniej si\u0119 ba\u0107 I nie zatopi naspokusa ani strachA je\u015bli zerwie dachhuraganowy wiatr L\u0105d nie utonie Jak fastryga trwa\u0142yprawdy wz\u00f3rRdzawe sitoniewymowny g\u0142\u00f3dSkacz kochanie,lecz tylko wtedy, kiedy jaB\u0119d\u0119 [&hellip;]<\/p>\n","protected":false},"author":1,"featured_media":0,"parent":0,"menu_order":0,"comment_status":"closed","ping_status":"closed","template":"","meta":{"footnotes":""},"class_list":["post-42","page","type-page","status-publish","hentry"],"_links":{"self":[{"href":"https:\/\/0-zz.com\/00\/wp-json\/wp\/v2\/pages\/42","targetHints":{"allow":["GET"]}}],"collection":[{"href":"https:\/\/0-zz.com\/00\/wp-json\/wp\/v2\/pages"}],"about":[{"href":"https:\/\/0-zz.com\/00\/wp-json\/wp\/v2\/types\/page"}],"author":[{"embeddable":true,"href":"https:\/\/0-zz.com\/00\/wp-json\/wp\/v2\/users\/1"}],"replies":[{"embeddable":true,"href":"https:\/\/0-zz.com\/00\/wp-json\/wp\/v2\/comments?post=42"}],"version-history":[{"count":5,"href":"https:\/\/0-zz.com\/00\/wp-json\/wp\/v2\/pages\/42\/revisions"}],"predecessor-version":[{"id":284,"href":"https:\/\/0-zz.com\/00\/wp-json\/wp\/v2\/pages\/42\/revisions\/284"}],"wp:attachment":[{"href":"https:\/\/0-zz.com\/00\/wp-json\/wp\/v2\/media?parent=42"}],"curies":[{"name":"wp","href":"https:\/\/api.w.org\/{rel}","templated":true}]}}