{"id":38,"date":"2020-04-07T20:16:48","date_gmt":"2020-04-08T08:16:48","guid":{"rendered":"http:\/\/0-zz.com\/00\/?page_id=38"},"modified":"2022-04-28T01:31:31","modified_gmt":"2022-04-28T13:31:31","slug":"9-2","status":"publish","type":"page","link":"https:\/\/0-zz.com\/00\/9-2\/","title":{"rendered":"9"},"content":{"rendered":"\n<h2 class=\"wp-block-heading\" id=\"9-00-9-009\">9 &#8211; 00\/9 &#8211; 009<\/h2>\n\n\n\n<figure class=\"wp-block-embed is-type-video is-provider-youtube wp-block-embed-youtube wp-embed-aspect-4-3 wp-has-aspect-ratio\"><div class=\"wp-block-embed__wrapper\">\n<iframe loading=\"lazy\" title=\"Maanam - Wyj\u0105tkowo Zimny Maj [Official Music Video]\" width=\"580\" height=\"435\" src=\"https:\/\/www.youtube.com\/embed\/3Skn4vxU9cA?feature=oembed\" frameborder=\"0\" allow=\"accelerometer; autoplay; clipboard-write; encrypted-media; gyroscope; picture-in-picture; web-share\" referrerpolicy=\"strict-origin-when-cross-origin\" allowfullscreen><\/iframe>\n<\/div><\/figure>\n\n\n\n<h2 class=\"wp-block-heading\" id=\"maanam-wyjatkowo-zimny-maj-official-music-video\">Maanam &#8211; Wyj\u0105tkowo Zimny Maj [Official Music Video]<\/h2>\n\n\n\n<p>8M views&nbsp;\u00b7&nbsp;11 years ago<\/p>\n\n\n\n<h2 class=\"wp-block-heading\" id=\"maanam\">Maanam<\/h2>\n\n\n\n<p>SUBSCRIBED 36.3K subscribers<\/p>\n\n\n\n<p><a href=\"https:\/\/m.youtube.com\/channel\/UCzo_nld8EJjroXioTVw5UZA\">https:\/\/m.youtube.com\/channel\/UCzo_nld8EJjroXioTVw5UZA<\/a><\/p>\n\n\n\n<p>Dzie\u0144 za dniem pada deszcz<br>S\u0142o\u0144ce \u015bpi, nie ma ci\u0119<br>Jest mi bardzo, bardzo \u017ale<br>Zimny kraj, zimny maj<br>Koty \u015bpi\u0105, miasto \u015bpi<br>Czarodziejskie \u015bni\u0105 si\u0119 sny<\/p>\n\n\n\n<p>Refren:<br>W moim \u015bnie, cudownym \u015bnie<br>Tylko kocham, kocham, kocham<br>Bawi\u0119 si\u0119, la-laj, la-laj<\/p>\n\n\n\n<p>W moim \u015bnie, cudnym \u015bnie<br>Przez zielono\u015b\u0107 wolno p\u0142yniesz<br>I do brzegu zbli\u017casz si\u0119<br>Cudny kraj, cudny maj<br>S\u0142o\u0144ce mru\u017cy twoje oczy<br>Gdy ca\u0142ujesz, pie\u015bcisz mnie<\/p>\n\n\n\n<p>(Refren)<\/p>\n\n\n\n<figure class=\"wp-block-table\"><table><tbody><tr><th>Autor tekstu:<\/th><td>Olga Jackowska (ps. Kora)<\/td><\/tr><tr><th>Kompozytor:<\/th><td>Marek Jackowski<\/td><\/tr><\/tbody><\/table><\/figure>\n\n\n\n<p><a href=\"https:\/\/www.tekstowo.pl\/piosenka,maanam,wyjatkowo_zimny_maj.html\">https:\/\/www.tekstowo.pl\/piosenka,maanam,wyjatkowo_zimny_maj.html<\/a><\/p>\n\n\n\n<hr class=\"wp-block-separator\"\/>\n\n\n\n<h4 class=\"wp-block-heading\">0-zz.com\/0 &#8211; 0-zz.com\/z :<\/h4>\n\n\n\n<p><small><strong><a href=\"http:\/\/0-zz.com\/0\">1\ufe0f\u20e31\ufe0f\u20e3-0<\/a> |<a href=\"http:\/\/0-zz.com\/1\">1\ufe0f\u20e32\ufe0f\u20e3-1<\/a> |<a href=\"http:\/\/0-zz.com\/2\">1\ufe0f\u20e33\ufe0f\u20e3-2<\/a> |<a href=\"http:\/\/0-zz.com\/3\">1\ufe0f\u20e34\ufe0f\u20e3-3<\/a> |<a href=\"http:\/\/0-zz.com\/4\">1\ufe0f\u20e35\ufe0f\u20e3-4<\/a> |<a href=\"http:\/\/0-zz.com\/5\">1\ufe0f\u20e36\ufe0f\u20e3-5<\/a> <\/strong><\/small><br><small> <strong><a href=\"http:\/\/0-zz.com\/6\">2\ufe0f\u20e31\ufe0f\u20e3-6<\/a> |<a href=\"http:\/\/0-zz.com\/7\">2\ufe0f\u20e32\ufe0f\u20e3-7<\/a> |<a href=\"http:\/\/0-zz.com\/8\">2\ufe0f\u20e33\ufe0f\u20e3-8<\/a> |<a href=\"http:\/\/0-zz.com\/9\">2\ufe0f\u20e34\ufe0f\u20e3-9<\/a> |<a href=\"http:\/\/0-zz.com\/a\">2\ufe0f\u20e35\ufe0f\u20e3-A<\/a> |<a href=\"http:\/\/0-zz.com\/b\">2\ufe0f\u20e36\ufe0f\u20e3-B<\/a><\/strong><\/small><br><small> <strong><a href=\"http:\/\/0-zz.com\/c\">3\ufe0f\u20e31\ufe0f\u20e3-C<\/a> |<a href=\"http:\/\/0-zz.com\/d\">3\ufe0f\u20e32\ufe0f\u20e3-D<\/a> |<a href=\"http:\/\/0-zz.com\/e\">3\ufe0f\u20e33\ufe0f\u20e3-E<\/a> |<a href=\"http:\/\/0-zz.com\/f\">3\ufe0f\u20e34\ufe0f\u20e3-F<\/a> |<a href=\"http:\/\/0-zz.com\/g\">3\ufe0f\u20e35\ufe0f\u20e3-G<\/a> |<a href=\"http:\/\/0-zz.com\/h\">3\ufe0f\u20e36\ufe0f\u20e3-H<\/a><\/strong><\/small><br><small> <strong><a href=\"http:\/\/0-zz.com\/i\">4\ufe0f\u20e31\ufe0f\u20e3-I<\/a> |<a href=\"http:\/\/0-zz.com\/j\">4\ufe0f\u20e32\ufe0f\u20e3-J<\/a> |<a href=\"http:\/\/0-zz.com\/k\">4\ufe0f\u20e33\ufe0f\u20e3-K<\/a> |<a href=\"http:\/\/0-zz.com\/l\">4\ufe0f\u20e34\ufe0f\u20e3-L<\/a> |<a href=\"http:\/\/0-zz.com\/m\">4\ufe0f\u20e35\ufe0f\u20e3-M<\/a> |<a href=\"http:\/\/0-zz.com\/n\">4\ufe0f\u20e36\ufe0f\u20e3-N<\/a><\/strong><\/small><br><small> <strong><a href=\"http:\/\/0-zz.com\/o\">5\ufe0f\u20e31\ufe0f\u20e3-O<\/a> |<a href=\"http:\/\/0-zz.com\/p\">5\ufe0f\u20e32\ufe0f\u20e3-P<\/a> |<a href=\"http:\/\/0-zz.com\/q\">5\ufe0f\u20e33\ufe0f\u20e3-Q<\/a> |<a href=\"http:\/\/0-zz.com\/r\">5\ufe0f\u20e34\ufe0f\u20e3-R<\/a> |<a href=\"http:\/\/0-zz.com\/s\">5\ufe0f\u20e35\ufe0f\u20e3-S<\/a> |<a href=\"http:\/\/0-zz.com\/t\">5\ufe0f\u20e36\ufe0f\u20e3-T<\/a><\/strong><\/small><br><small> <strong><a href=\"http:\/\/0-zz.com\/u\">6\ufe0f\u20e31\ufe0f\u20e3-U<\/a> |<a href=\"http:\/\/0-zz.com\/v\">6\ufe0f\u20e32\ufe0f\u20e3-V<\/a> |<a href=\"http:\/\/0-zz.com\/w\">6\ufe0f\u20e33\ufe0f\u20e3-W<\/a> |<a href=\"http:\/\/0-zz.com\/x\">6\ufe0f\u20e34\ufe0f\u20e3-X<\/a> |<a href=\"http:\/\/0-zz.com\/y\">6\ufe0f\u20e35\ufe0f\u20e3-Y<\/a> |<a href=\"http:\/\/0-zz.com\/z\">6\ufe0f\u20e36\ufe0f\u20e3-Z<\/a><\/strong><\/small><\/p>\n\n\n\n<p>Roll 2 dice ?? 1\ufe0f\u20e32\ufe0f\u20e33\ufe0f\u20e34\ufe0f\u20e35\ufe0f\u20e36\ufe0f\u20e3<\/p>\n\n\n\n<p><a href=\"https:\/\/www.random.org\/dice\/\">https:\/\/www.random.org\/dice\/<\/a><\/p>\n\n\n\n<p><a href=\"https:\/\/www.google.com\/search?q=dice+roller\">https:\/\/www.google.com\/search?q=dice+roller<\/a><\/p>\n\n\n\n<hr class=\"wp-block-separator\"\/>\n\n\n\n<p><a href=\"https:\/\/12r.pl\/ea\/\">12r.pl\/ea<\/a>&nbsp;-&gt;&nbsp;<a href=\"https:\/\/12r.uk\/ea\/\">12r.uk\/ea<\/a>&nbsp;-&gt;&nbsp;<a href=\"https:\/\/7hi7.com\/ea\/\">7hi7.com\/ea<\/a><\/p>\n\n\n\n<p>Wikipedia.org &#8211; Play game &#8211; portals, categories, states, cities, capital cities<\/p>\n","protected":false},"excerpt":{"rendered":"<p>9 &#8211; 00\/9 &#8211; 009 Maanam &#8211; Wyj\u0105tkowo Zimny Maj [Official Music Video] 8M views&nbsp;\u00b7&nbsp;11 years ago Maanam SUBSCRIBED 36.3K subscribers https:\/\/m.youtube.com\/channel\/UCzo_nld8EJjroXioTVw5UZA Dzie\u0144 za dniem pada deszczS\u0142o\u0144ce \u015bpi, nie ma ci\u0119Jest mi bardzo, bardzo \u017aleZimny kraj, zimny majKoty \u015bpi\u0105, miasto \u015bpiCzarodziejskie \u015bni\u0105 si\u0119 sny Refren:W moim \u015bnie, cudownym \u015bnieTylko kocham, kocham, kochamBawi\u0119 si\u0119, la-laj, la-laj [&hellip;]<\/p>\n","protected":false},"author":1,"featured_media":0,"parent":0,"menu_order":0,"comment_status":"closed","ping_status":"closed","template":"","meta":{"footnotes":""},"class_list":["post-38","page","type-page","status-publish","hentry"],"_links":{"self":[{"href":"https:\/\/0-zz.com\/00\/wp-json\/wp\/v2\/pages\/38","targetHints":{"allow":["GET"]}}],"collection":[{"href":"https:\/\/0-zz.com\/00\/wp-json\/wp\/v2\/pages"}],"about":[{"href":"https:\/\/0-zz.com\/00\/wp-json\/wp\/v2\/types\/page"}],"author":[{"embeddable":true,"href":"https:\/\/0-zz.com\/00\/wp-json\/wp\/v2\/users\/1"}],"replies":[{"embeddable":true,"href":"https:\/\/0-zz.com\/00\/wp-json\/wp\/v2\/comments?post=38"}],"version-history":[{"count":5,"href":"https:\/\/0-zz.com\/00\/wp-json\/wp\/v2\/pages\/38\/revisions"}],"predecessor-version":[{"id":282,"href":"https:\/\/0-zz.com\/00\/wp-json\/wp\/v2\/pages\/38\/revisions\/282"}],"wp:attachment":[{"href":"https:\/\/0-zz.com\/00\/wp-json\/wp\/v2\/media?parent=38"}],"curies":[{"name":"wp","href":"https:\/\/api.w.org\/{rel}","templated":true}]}}