{"id":36,"date":"2020-04-07T20:16:34","date_gmt":"2020-04-08T08:16:34","guid":{"rendered":"http:\/\/0-zz.com\/00\/?page_id=36"},"modified":"2022-04-28T01:30:20","modified_gmt":"2022-04-28T13:30:20","slug":"8-2","status":"publish","type":"page","link":"https:\/\/0-zz.com\/00\/8-2\/","title":{"rendered":"8"},"content":{"rendered":"\n<h2 class=\"wp-block-heading\" id=\"8-00-8-008\">8 &#8211; 00\/8 &#8211; 008<\/h2>\n\n\n\n<figure class=\"wp-block-embed is-type-video is-provider-youtube wp-block-embed-youtube wp-embed-aspect-16-9 wp-has-aspect-ratio\"><div class=\"wp-block-embed__wrapper\">\n<iframe loading=\"lazy\" title=\"Sylwia Grzeszczak - Pozyczony [Official Music Video]\" width=\"580\" height=\"326\" src=\"https:\/\/www.youtube.com\/embed\/ziXYDCwv6Lg?feature=oembed\" frameborder=\"0\" allow=\"accelerometer; autoplay; clipboard-write; encrypted-media; gyroscope; picture-in-picture; web-share\" referrerpolicy=\"strict-origin-when-cross-origin\" allowfullscreen><\/iframe>\n<\/div><\/figure>\n\n\n\n<h2 class=\"wp-block-heading\" id=\"sylwia-grzeszczak-pozyczony-official-music-video\">Sylwia Grzeszczak &#8211; Po\u017cyczony [Official Music Video]<\/h2>\n\n\n\n<p>36M views&nbsp;\u00b7&nbsp;8 years ago<\/p>\n\n\n\n<h2 class=\"wp-block-heading\" id=\"sylwiagrzeszczak\">SylwiaGrzeszczak<\/h2>\n\n\n\n<p>SUBSCRIBED 577K subscribers<\/p>\n\n\n\n<p><a href=\"https:\/\/m.youtube.com\/channel\/UC_eOccJn9VU-KaQWRmiuz5Q\">https:\/\/m.youtube.com\/channel\/UC_eOccJn9VU-KaQWRmiuz5Q<\/a><\/p>\n\n\n\n<p>To znowu ty rzuci\u0142am spojrzenia dwa<br>Spieszysz si\u0119 gdzie\u015b na pewno, ju\u017c kogo\u015b masz<br>Um\u00f3wi\u0142e\u015b si\u0119 z ni\u0105 na komedi\u0119 w jednym z kin<br>Nie obchodzi mnie to bilet mam ju\u017c obok, kupiony<\/p>\n\n\n\n<p>Na cho\u0107by jeden kr\u00f3tki dzie\u0144 i noc<br>Na par\u0119 chwil po\u017cycz\u0119 Ci\u0119 na rok<br>I obiecuj\u0119, \u017ce w idealnym stanie oddam Ci\u0119<br>Lecz ona dobrze wie, \u017ce to z\u0142y zwyczaj po\u017cycza\u0107<\/p>\n\n\n\n<p>To przecie\u017c nic, takiego zabior\u0119 Ci\u0119 w daleki l\u0105d<br>Skoczymy na chwil\u0119 gdzie\u015b chc\u0119 si\u0119 przejrze\u0107 cho\u0107 raz<br>Tak cudownie w oczach Twych wtedy zaczn\u0119 si\u0119 ba\u0107<br>\u017be Ci\u0119 lepiej poznam i nie oddam<\/p>\n\n\n\n<p>Na cho\u0107by jeden kr\u00f3tki dzie\u0144 i noc<br>Na par\u0119 chwil po\u017cycz\u0119 Ci\u0119 na rok<br>I obiecuj\u0119, \u017ce w idealnym stanie oddam Ci\u0119<br>Lecz ona dobrze wie, \u017ce to z\u0142y zwyczaj po\u017cycza\u0107<\/p>\n\n\n\n<p>Nie po\u017cyczaj go, nie po\u017cyczaj, nie po\u017cyczaj, nie po\u017cyczaj go<br>Nie po\u017cyczaj go, nie po\u017cyczaj, nie po\u017cyczaj, nie po\u017cyczaj go<\/p>\n\n\n\n<p>To si\u0119 staje niebezpieczne<br>Z ka\u017cd\u0105 chwil\u0105 coraz bardziej chc\u0119<br>Go zatrzyma\u0107 w moim sercu<br>A to wszystko sko\u0144czy\u0107 si\u0119 mo\u017ce \u017ale<\/p>\n\n\n\n<p>Na cho\u0107by jeden kr\u00f3tki dzie\u0144 i noc<br>Na par\u0119 chwil po\u017cycz\u0119 Ci\u0119 na rok<br>I obiecuj\u0119, \u017ce w idealnym stanie oddam Ci\u0119<br>Lecz ona dobrze wie, \u017ce to z\u0142y zwyczaj po\u017cycza\u0107<\/p>\n\n\n\n<p>Na cho\u0107by jeden kr\u00f3tki dzie\u0144 i noc\u2026<\/p>\n\n\n\n<figure class=\"wp-block-table\"><table><tbody><tr><th>Autor tekstu:<\/th><td>Marcin Piotrowski (Liber)<\/td><\/tr><tr><th>Kompozytor:<\/th><td>Sylwia Grzeszczak<\/td><\/tr><\/tbody><\/table><\/figure>\n\n\n\n<p><a href=\"https:\/\/www.tekstowo.pl\/piosenka,sylwia_grzeszczak,pozyczony.html\">https:\/\/www.tekstowo.pl\/piosenka,sylwia_grzeszczak,pozyczony.html<\/a><\/p>\n\n\n\n<hr class=\"wp-block-separator\"\/>\n\n\n\n<h4 class=\"wp-block-heading\">0-zz.com\/0 &#8211; 0-zz.com\/z :<\/h4>\n\n\n\n<p><small><strong><a href=\"http:\/\/0-zz.com\/0\">1\ufe0f\u20e31\ufe0f\u20e3-0<\/a> |<a href=\"http:\/\/0-zz.com\/1\">1\ufe0f\u20e32\ufe0f\u20e3-1<\/a> |<a href=\"http:\/\/0-zz.com\/2\">1\ufe0f\u20e33\ufe0f\u20e3-2<\/a> |<a href=\"http:\/\/0-zz.com\/3\">1\ufe0f\u20e34\ufe0f\u20e3-3<\/a> |<a href=\"http:\/\/0-zz.com\/4\">1\ufe0f\u20e35\ufe0f\u20e3-4<\/a> |<a href=\"http:\/\/0-zz.com\/5\">1\ufe0f\u20e36\ufe0f\u20e3-5<\/a> <\/strong><\/small><br><small> <strong><a href=\"http:\/\/0-zz.com\/6\">2\ufe0f\u20e31\ufe0f\u20e3-6<\/a> |<a href=\"http:\/\/0-zz.com\/7\">2\ufe0f\u20e32\ufe0f\u20e3-7<\/a> |<a href=\"http:\/\/0-zz.com\/8\">2\ufe0f\u20e33\ufe0f\u20e3-8<\/a> |<a href=\"http:\/\/0-zz.com\/9\">2\ufe0f\u20e34\ufe0f\u20e3-9<\/a> |<a href=\"http:\/\/0-zz.com\/a\">2\ufe0f\u20e35\ufe0f\u20e3-A<\/a> |<a href=\"http:\/\/0-zz.com\/b\">2\ufe0f\u20e36\ufe0f\u20e3-B<\/a><\/strong><\/small><br><small> <strong><a href=\"http:\/\/0-zz.com\/c\">3\ufe0f\u20e31\ufe0f\u20e3-C<\/a> |<a href=\"http:\/\/0-zz.com\/d\">3\ufe0f\u20e32\ufe0f\u20e3-D<\/a> |<a href=\"http:\/\/0-zz.com\/e\">3\ufe0f\u20e33\ufe0f\u20e3-E<\/a> |<a href=\"http:\/\/0-zz.com\/f\">3\ufe0f\u20e34\ufe0f\u20e3-F<\/a> |<a href=\"http:\/\/0-zz.com\/g\">3\ufe0f\u20e35\ufe0f\u20e3-G<\/a> |<a href=\"http:\/\/0-zz.com\/h\">3\ufe0f\u20e36\ufe0f\u20e3-H<\/a><\/strong><\/small><br><small> <strong><a href=\"http:\/\/0-zz.com\/i\">4\ufe0f\u20e31\ufe0f\u20e3-I<\/a> |<a href=\"http:\/\/0-zz.com\/j\">4\ufe0f\u20e32\ufe0f\u20e3-J<\/a> |<a href=\"http:\/\/0-zz.com\/k\">4\ufe0f\u20e33\ufe0f\u20e3-K<\/a> |<a href=\"http:\/\/0-zz.com\/l\">4\ufe0f\u20e34\ufe0f\u20e3-L<\/a> |<a href=\"http:\/\/0-zz.com\/m\">4\ufe0f\u20e35\ufe0f\u20e3-M<\/a> |<a href=\"http:\/\/0-zz.com\/n\">4\ufe0f\u20e36\ufe0f\u20e3-N<\/a><\/strong><\/small><br><small> <strong><a href=\"http:\/\/0-zz.com\/o\">5\ufe0f\u20e31\ufe0f\u20e3-O<\/a> |<a href=\"http:\/\/0-zz.com\/p\">5\ufe0f\u20e32\ufe0f\u20e3-P<\/a> |<a href=\"http:\/\/0-zz.com\/q\">5\ufe0f\u20e33\ufe0f\u20e3-Q<\/a> |<a href=\"http:\/\/0-zz.com\/r\">5\ufe0f\u20e34\ufe0f\u20e3-R<\/a> |<a href=\"http:\/\/0-zz.com\/s\">5\ufe0f\u20e35\ufe0f\u20e3-S<\/a> |<a href=\"http:\/\/0-zz.com\/t\">5\ufe0f\u20e36\ufe0f\u20e3-T<\/a><\/strong><\/small><br><small> <strong><a href=\"http:\/\/0-zz.com\/u\">6\ufe0f\u20e31\ufe0f\u20e3-U<\/a> |<a href=\"http:\/\/0-zz.com\/v\">6\ufe0f\u20e32\ufe0f\u20e3-V<\/a> |<a href=\"http:\/\/0-zz.com\/w\">6\ufe0f\u20e33\ufe0f\u20e3-W<\/a> |<a href=\"http:\/\/0-zz.com\/x\">6\ufe0f\u20e34\ufe0f\u20e3-X<\/a> |<a href=\"http:\/\/0-zz.com\/y\">6\ufe0f\u20e35\ufe0f\u20e3-Y<\/a> |<a href=\"http:\/\/0-zz.com\/z\">6\ufe0f\u20e36\ufe0f\u20e3-Z<\/a><\/strong><\/small><\/p>\n\n\n\n<p>Roll 2 dice ?? 1\ufe0f\u20e32\ufe0f\u20e33\ufe0f\u20e34\ufe0f\u20e35\ufe0f\u20e36\ufe0f\u20e3<\/p>\n\n\n\n<p><a href=\"https:\/\/www.random.org\/dice\/\">https:\/\/www.random.org\/dice\/<\/a><\/p>\n\n\n\n<p><a href=\"https:\/\/www.google.com\/search?q=dice+roller\">https:\/\/www.google.com\/search?q=dice+roller<\/a><\/p>\n\n\n\n<hr class=\"wp-block-separator\"\/>\n\n\n\n<p><a href=\"https:\/\/12r.pl\/ea\/\">12r.pl\/ea<\/a>&nbsp;-&gt;&nbsp;<a href=\"https:\/\/12r.uk\/ea\/\">12r.uk\/ea<\/a>&nbsp;-&gt;&nbsp;<a href=\"https:\/\/7hi7.com\/ea\/\">7hi7.com\/ea<\/a><\/p>\n\n\n\n<p>Wikipedia.org &#8211; Play game &#8211; portals, categories, states, cities, capital cities<\/p>\n","protected":false},"excerpt":{"rendered":"<p>8 &#8211; 00\/8 &#8211; 008 Sylwia Grzeszczak &#8211; Po\u017cyczony [Official Music Video] 36M views&nbsp;\u00b7&nbsp;8 years ago SylwiaGrzeszczak SUBSCRIBED 577K subscribers https:\/\/m.youtube.com\/channel\/UC_eOccJn9VU-KaQWRmiuz5Q To znowu ty rzuci\u0142am spojrzenia dwaSpieszysz si\u0119 gdzie\u015b na pewno, ju\u017c kogo\u015b maszUm\u00f3wi\u0142e\u015b si\u0119 z ni\u0105 na komedi\u0119 w jednym z kinNie obchodzi mnie to bilet mam ju\u017c obok, kupiony Na cho\u0107by jeden kr\u00f3tki [&hellip;]<\/p>\n","protected":false},"author":1,"featured_media":0,"parent":0,"menu_order":0,"comment_status":"closed","ping_status":"closed","template":"","meta":{"footnotes":""},"class_list":["post-36","page","type-page","status-publish","hentry"],"_links":{"self":[{"href":"https:\/\/0-zz.com\/00\/wp-json\/wp\/v2\/pages\/36","targetHints":{"allow":["GET"]}}],"collection":[{"href":"https:\/\/0-zz.com\/00\/wp-json\/wp\/v2\/pages"}],"about":[{"href":"https:\/\/0-zz.com\/00\/wp-json\/wp\/v2\/types\/page"}],"author":[{"embeddable":true,"href":"https:\/\/0-zz.com\/00\/wp-json\/wp\/v2\/users\/1"}],"replies":[{"embeddable":true,"href":"https:\/\/0-zz.com\/00\/wp-json\/wp\/v2\/comments?post=36"}],"version-history":[{"count":5,"href":"https:\/\/0-zz.com\/00\/wp-json\/wp\/v2\/pages\/36\/revisions"}],"predecessor-version":[{"id":281,"href":"https:\/\/0-zz.com\/00\/wp-json\/wp\/v2\/pages\/36\/revisions\/281"}],"wp:attachment":[{"href":"https:\/\/0-zz.com\/00\/wp-json\/wp\/v2\/media?parent=36"}],"curies":[{"name":"wp","href":"https:\/\/api.w.org\/{rel}","templated":true}]}}