{"id":34,"date":"2020-04-07T20:16:21","date_gmt":"2020-04-08T08:16:21","guid":{"rendered":"http:\/\/0-zz.com\/00\/?page_id=34"},"modified":"2022-04-28T01:29:20","modified_gmt":"2022-04-28T13:29:20","slug":"7-2","status":"publish","type":"page","link":"https:\/\/0-zz.com\/00\/7-2\/","title":{"rendered":"7"},"content":{"rendered":"\n<h2 class=\"wp-block-heading\" id=\"7-00-7-007\">7 &#8211; 00\/7 &#8211; 007<\/h2>\n\n\n\n<figure class=\"wp-block-embed is-type-video is-provider-youtube wp-block-embed-youtube wp-embed-aspect-4-3 wp-has-aspect-ratio\"><div class=\"wp-block-embed__wrapper\">\n<iframe loading=\"lazy\" title=\"Dlugo\u015b\u0107 d\u017awi\u0119ku samotno\u015bci\" width=\"580\" height=\"435\" src=\"https:\/\/www.youtube.com\/embed\/BtOGw8PINLU?feature=oembed\" frameborder=\"0\" allow=\"accelerometer; autoplay; clipboard-write; encrypted-media; gyroscope; picture-in-picture; web-share\" referrerpolicy=\"strict-origin-when-cross-origin\" allowfullscreen><\/iframe>\n<\/div><\/figure>\n\n\n\n<h2 class=\"wp-block-heading\" id=\"myslovitz-dlugosc-dzwieku-samotnosci\">Myslovitz &#8211; D\u0142ugo\u015b\u0107 d\u017awi\u0119ku samotno\u015bci<\/h2>\n\n\n\n<p>1.4M views&nbsp;\u00b7&nbsp;1 year ago<\/p>\n\n\n\n<h2 class=\"wp-block-heading\" id=\"myslovitzofficial\">MyslovitzOfficial<\/h2>\n\n\n\n<p>SUBSCRIBED 23.9K subscribers<\/p>\n\n\n\n<p><a href=\"https:\/\/m.youtube.com\/channel\/UCiwQqfrOD6GwADmfsJytTpQ\">https:\/\/m.youtube.com\/channel\/UCiwQqfrOD6GwADmfsJytTpQ<\/a><\/p>\n\n\n\n<p>I nawet kiedy b\u0119d\u0119 sam,<br>Nie zmieni\u0119 si\u0119, to nie m\u00f3j \u015bwiat.<br>Przede mn\u0105 droga, kt\u00f3r\u0105 znam,<br>Kt\u00f3r\u0105 ja wybra\u0142em sam.<\/p>\n\n\n\n<p>Tak, zawsze genialny,<br>Idealny musz\u0119 by\u0107.<br>I musz\u0119 chcie\u0107, super luz i ju\u017c<br>Setki bzdur i ju\u017c to nie ja.<\/p>\n\n\n\n<p>I nawet kiedy b\u0119d\u0119 sam,<br>Nie zmieni\u0119 si\u0119, to nie m\u00f3j \u015bwiat.<br>Przede mn\u0105 droga, kt\u00f3r\u0105 znam,<br>Kt\u00f3r\u0105 ja wybra\u0142em sam.<\/p>\n\n\n\n<p>Wiesz, lubi\u0119 wieczory,<br>Lubi\u0119 si\u0119 schowa\u0107 na jaki\u015b czas.<br>I jako\u015b tak, nienaturalnie,<br>Troch\u0119 przesadnie, poby\u0107 sam.<\/p>\n\n\n\n<p>Wej\u015b\u0107 na drzewo i patrze\u0107 w niebo,<br>Tak zwyczajnie, tylko \u017ce<br>Tutaj te\u017c, wiem kolejny raz,<br>Nie mam szans by\u0107 kim chc\u0119.<\/p>\n\n\n\n<p>I nawet kiedy b\u0119d\u0119 sam,<br>Nie zmieni\u0119 si\u0119, to nie m\u00f3j \u015bwiat.<br>Przede mn\u0105 droga, kt\u00f3r\u0105 znam,<br>Kt\u00f3r\u0105 ja wybra\u0142em sam.<\/p>\n\n\n\n<p>Noc, a noc\u0105, gdy nie \u015bpi\u0119,<br>Wychodz\u0119, cho\u0107 nie chc\u0119, spojrze\u0107 na<br>Chemiczny \u015bwiat, pachn\u0105cy szaro\u015bci\u0105,<br>Z papieru mi\u0142o\u015bci\u0105, gdzie ty i ja.<\/p>\n\n\n\n<p>I jeszcze kto\u015b, nie wiem kto,<br>Chcia\u0142by tak przez kilka lat<br>Zbyt zach\u0142annie i troch\u0119 przesadnie<br>Poby\u0107 chwil\u0119 sam, chyba go znam.<\/p>\n\n\n\n<p>I nawet kiedy b\u0119d\u0119 sam,<br>Nie zmieni\u0119 si\u0119, to nie m\u00f3j \u015bwiat.<br>Przede mn\u0105 droga, kt\u00f3r\u0105 znam,<br>Kt\u00f3r\u0105 ja wybra\u0142em sam. [x2]<\/p>\n\n\n\n<figure class=\"wp-block-table\"><table><tbody><tr><th>Autor tekstu:<\/th><td>Wojciech Powaga, Przemys\u0142aw Myszor, Artur Rojek<\/td><\/tr><tr><th>Kompozytor:<\/th><td>Artur Rojek\/Wojtek Powaga\/Wojtek Kuderski\/Jacek Kuderski\/Przemek Myszor<\/td><\/tr><\/tbody><\/table><\/figure>\n\n\n\n<p><a href=\"https:\/\/www.tekstowo.pl\/piosenka,myslovitz,dlugosc_d_wieku_samotnosci.html\">https:\/\/www.tekstowo.pl\/piosenka,myslovitz,dlugosc_d_wieku_samotnosci.html<\/a><\/p>\n\n\n\n<hr class=\"wp-block-separator\"\/>\n\n\n\n<h4 class=\"wp-block-heading\">0-zz.com\/0 &#8211; 0-zz.com\/z :<\/h4>\n\n\n\n<p><small><strong><a href=\"http:\/\/0-zz.com\/0\">1\ufe0f\u20e31\ufe0f\u20e3-0<\/a> |<a href=\"http:\/\/0-zz.com\/1\">1\ufe0f\u20e32\ufe0f\u20e3-1<\/a> |<a href=\"http:\/\/0-zz.com\/2\">1\ufe0f\u20e33\ufe0f\u20e3-2<\/a> |<a href=\"http:\/\/0-zz.com\/3\">1\ufe0f\u20e34\ufe0f\u20e3-3<\/a> |<a href=\"http:\/\/0-zz.com\/4\">1\ufe0f\u20e35\ufe0f\u20e3-4<\/a> |<a href=\"http:\/\/0-zz.com\/5\">1\ufe0f\u20e36\ufe0f\u20e3-5<\/a> <\/strong><\/small><br><small> <strong><a href=\"http:\/\/0-zz.com\/6\">2\ufe0f\u20e31\ufe0f\u20e3-6<\/a> |<a href=\"http:\/\/0-zz.com\/7\">2\ufe0f\u20e32\ufe0f\u20e3-7<\/a> |<a href=\"http:\/\/0-zz.com\/8\">2\ufe0f\u20e33\ufe0f\u20e3-8<\/a> |<a href=\"http:\/\/0-zz.com\/9\">2\ufe0f\u20e34\ufe0f\u20e3-9<\/a> |<a href=\"http:\/\/0-zz.com\/a\">2\ufe0f\u20e35\ufe0f\u20e3-A<\/a> |<a href=\"http:\/\/0-zz.com\/b\">2\ufe0f\u20e36\ufe0f\u20e3-B<\/a><\/strong><\/small><br><small> <strong><a href=\"http:\/\/0-zz.com\/c\">3\ufe0f\u20e31\ufe0f\u20e3-C<\/a> |<a href=\"http:\/\/0-zz.com\/d\">3\ufe0f\u20e32\ufe0f\u20e3-D<\/a> |<a href=\"http:\/\/0-zz.com\/e\">3\ufe0f\u20e33\ufe0f\u20e3-E<\/a> |<a href=\"http:\/\/0-zz.com\/f\">3\ufe0f\u20e34\ufe0f\u20e3-F<\/a> |<a href=\"http:\/\/0-zz.com\/g\">3\ufe0f\u20e35\ufe0f\u20e3-G<\/a> |<a href=\"http:\/\/0-zz.com\/h\">3\ufe0f\u20e36\ufe0f\u20e3-H<\/a><\/strong><\/small><br><small> <strong><a href=\"http:\/\/0-zz.com\/i\">4\ufe0f\u20e31\ufe0f\u20e3-I<\/a> |<a href=\"http:\/\/0-zz.com\/j\">4\ufe0f\u20e32\ufe0f\u20e3-J<\/a> |<a href=\"http:\/\/0-zz.com\/k\">4\ufe0f\u20e33\ufe0f\u20e3-K<\/a> |<a href=\"http:\/\/0-zz.com\/l\">4\ufe0f\u20e34\ufe0f\u20e3-L<\/a> |<a href=\"http:\/\/0-zz.com\/m\">4\ufe0f\u20e35\ufe0f\u20e3-M<\/a> |<a href=\"http:\/\/0-zz.com\/n\">4\ufe0f\u20e36\ufe0f\u20e3-N<\/a><\/strong><\/small><br><small> <strong><a href=\"http:\/\/0-zz.com\/o\">5\ufe0f\u20e31\ufe0f\u20e3-O<\/a> |<a href=\"http:\/\/0-zz.com\/p\">5\ufe0f\u20e32\ufe0f\u20e3-P<\/a> |<a href=\"http:\/\/0-zz.com\/q\">5\ufe0f\u20e33\ufe0f\u20e3-Q<\/a> |<a href=\"http:\/\/0-zz.com\/r\">5\ufe0f\u20e34\ufe0f\u20e3-R<\/a> |<a href=\"http:\/\/0-zz.com\/s\">5\ufe0f\u20e35\ufe0f\u20e3-S<\/a> |<a href=\"http:\/\/0-zz.com\/t\">5\ufe0f\u20e36\ufe0f\u20e3-T<\/a><\/strong><\/small><br><small> <strong><a href=\"http:\/\/0-zz.com\/u\">6\ufe0f\u20e31\ufe0f\u20e3-U<\/a> |<a href=\"http:\/\/0-zz.com\/v\">6\ufe0f\u20e32\ufe0f\u20e3-V<\/a> |<a href=\"http:\/\/0-zz.com\/w\">6\ufe0f\u20e33\ufe0f\u20e3-W<\/a> |<a href=\"http:\/\/0-zz.com\/x\">6\ufe0f\u20e34\ufe0f\u20e3-X<\/a> |<a href=\"http:\/\/0-zz.com\/y\">6\ufe0f\u20e35\ufe0f\u20e3-Y<\/a> |<a href=\"http:\/\/0-zz.com\/z\">6\ufe0f\u20e36\ufe0f\u20e3-Z<\/a><\/strong><\/small><\/p>\n\n\n\n<p>Roll 2 dice ?? 1\ufe0f\u20e32\ufe0f\u20e33\ufe0f\u20e34\ufe0f\u20e35\ufe0f\u20e36\ufe0f\u20e3<\/p>\n\n\n\n<p><a href=\"https:\/\/www.random.org\/dice\/\">https:\/\/www.random.org\/dice\/<\/a><\/p>\n\n\n\n<p><a href=\"https:\/\/www.google.com\/search?q=dice+roller\">https:\/\/www.google.com\/search?q=dice+roller<\/a><\/p>\n\n\n\n<hr class=\"wp-block-separator\"\/>\n\n\n\n<p><a href=\"https:\/\/12r.pl\/ea\/\">12r.pl\/ea<\/a>&nbsp;-&gt;&nbsp;<a href=\"https:\/\/12r.uk\/ea\/\">12r.uk\/ea<\/a>&nbsp;-&gt;&nbsp;<a href=\"https:\/\/7hi7.com\/ea\/\">7hi7.com\/ea<\/a><\/p>\n\n\n\n<p>Wikipedia.org &#8211; Play game &#8211; portals, categories, states, cities, capital cities<\/p>\n","protected":false},"excerpt":{"rendered":"<p>7 &#8211; 00\/7 &#8211; 007 Myslovitz &#8211; D\u0142ugo\u015b\u0107 d\u017awi\u0119ku samotno\u015bci 1.4M views&nbsp;\u00b7&nbsp;1 year ago MyslovitzOfficial SUBSCRIBED 23.9K subscribers https:\/\/m.youtube.com\/channel\/UCiwQqfrOD6GwADmfsJytTpQ I nawet kiedy b\u0119d\u0119 sam,Nie zmieni\u0119 si\u0119, to nie m\u00f3j \u015bwiat.Przede mn\u0105 droga, kt\u00f3r\u0105 znam,Kt\u00f3r\u0105 ja wybra\u0142em sam. Tak, zawsze genialny,Idealny musz\u0119 by\u0107.I musz\u0119 chcie\u0107, super luz i ju\u017cSetki bzdur i ju\u017c to nie ja. I [&hellip;]<\/p>\n","protected":false},"author":1,"featured_media":0,"parent":0,"menu_order":0,"comment_status":"closed","ping_status":"closed","template":"","meta":{"footnotes":""},"class_list":["post-34","page","type-page","status-publish","hentry"],"_links":{"self":[{"href":"https:\/\/0-zz.com\/00\/wp-json\/wp\/v2\/pages\/34","targetHints":{"allow":["GET"]}}],"collection":[{"href":"https:\/\/0-zz.com\/00\/wp-json\/wp\/v2\/pages"}],"about":[{"href":"https:\/\/0-zz.com\/00\/wp-json\/wp\/v2\/types\/page"}],"author":[{"embeddable":true,"href":"https:\/\/0-zz.com\/00\/wp-json\/wp\/v2\/users\/1"}],"replies":[{"embeddable":true,"href":"https:\/\/0-zz.com\/00\/wp-json\/wp\/v2\/comments?post=34"}],"version-history":[{"count":6,"href":"https:\/\/0-zz.com\/00\/wp-json\/wp\/v2\/pages\/34\/revisions"}],"predecessor-version":[{"id":280,"href":"https:\/\/0-zz.com\/00\/wp-json\/wp\/v2\/pages\/34\/revisions\/280"}],"wp:attachment":[{"href":"https:\/\/0-zz.com\/00\/wp-json\/wp\/v2\/media?parent=34"}],"curies":[{"name":"wp","href":"https:\/\/api.w.org\/{rel}","templated":true}]}}