{"id":32,"date":"2020-04-07T20:16:09","date_gmt":"2020-04-08T08:16:09","guid":{"rendered":"http:\/\/0-zz.com\/00\/?page_id=32"},"modified":"2022-04-28T01:28:09","modified_gmt":"2022-04-28T13:28:09","slug":"6-2","status":"publish","type":"page","link":"https:\/\/0-zz.com\/00\/6-2\/","title":{"rendered":"6"},"content":{"rendered":"\n<h2 class=\"wp-block-heading\" id=\"6-00-6-006\">6 &#8211; 00\/6 &#8211; 006<\/h2>\n\n\n\n<figure class=\"wp-block-embed is-type-video is-provider-youtube wp-block-embed-youtube wp-embed-aspect-16-9 wp-has-aspect-ratio\"><div class=\"wp-block-embed__wrapper\">\n<iframe loading=\"lazy\" title=\"Mela Koteluk - Melodia Ulotna\" width=\"580\" height=\"326\" src=\"https:\/\/www.youtube.com\/embed\/wO_lA6hV1Ag?feature=oembed\" frameborder=\"0\" allow=\"accelerometer; autoplay; clipboard-write; encrypted-media; gyroscope; picture-in-picture; web-share\" referrerpolicy=\"strict-origin-when-cross-origin\" allowfullscreen><\/iframe>\n<\/div><\/figure>\n\n\n\n<h2 class=\"wp-block-heading\" id=\"mela-koteluk-melodia-ulotna\">Mela Koteluk &#8211; Melodia Ulotna<\/h2>\n\n\n\n<p>22M views&nbsp;\u00b7&nbsp;9 years ago<\/p>\n\n\n\n<h2 class=\"wp-block-heading\" id=\"mela-koteluk\">Mela Koteluk<\/h2>\n\n\n\n<p>SUBSCRIBED 58.6K subscribers<\/p>\n\n\n\n<p><a href=\"https:\/\/m.youtube.com\/channel\/UCjhQqjqngm9XnYRRpnlqnkQ\">https:\/\/m.youtube.com\/channel\/UCjhQqjqngm9XnYRRpnlqnkQ<\/a><\/p>\n\n\n\n<p>Kolejny pi\u0105tek wieczorem<br>ponownie w pobli\u017cu soboty<br>pr\u00f3buj\u0119 stan\u0105\u0107 na nogi<br>Prywatna grawitacja<br>jak sznurkiem przywi\u0105zana<br>przyci\u0105ga i oddala mnie<br>Wyci\u0105gam do niej r\u0119ce<br>chc\u0119 bli\u017cej i wi\u0119cej<br>wci\u0105\u017c za daleko by mie\u0107<\/p>\n\n\n\n<p>On na pewno gdzie\u015b jest<br>on ju\u017c moim \u015bladem idzie<br>kocham go ju\u017c dzi\u015b<\/p>\n\n\n\n<p>Ulatuje my\u015bl<br>melodia<br>li\u015bcie z drzew na ziemi \u015bpi\u0105<br>Uratuj\u0119 dzi\u015b<br>melodi\u0119<br>wezm\u0119 jedn\u0105 z nich ze sob\u0105 spa\u0107<\/p>\n\n\n\n<p>Przygl\u0105dam sama sobie<br>smaruj\u0119 usta miodem<br>w\u0142osy upinam w kok<br>M\u00f3wili w domu o mnie<br>wiatr na pogod\u0119<br>dzi\u015b spok\u00f3j dogania mnie<\/p>\n\n\n\n<p>On na pewno gdzie\u015b jest<br>on ju\u017c moim \u015bladem idzie<br>kocham go ju\u017c dzi\u015b<\/p>\n\n\n\n<p>Ulatuje my\u015bl<br>melodia<br>li\u015bcie z drzew na ziemi \u015bpi\u0105<br>Uratuj\u0119 dzi\u015b<br>melodi\u0119<br>wezm\u0119 jedn\u0105 z nich ze sob\u0105 spa\u0107<\/p>\n\n\n\n<p>Ulatuje my\u015bl<br>melodia<br>Uratuje mnie x4<\/p>\n\n\n\n<p>Ulatuje my\u015bl<br>melodia<br>li\u015bcie z drzew na ziemi \u015bpi\u0105<br>Uratuj\u0119 dzi\u015b<br>melodi\u0119<br>wezm\u0119 jedn\u0105 z nich ze sob\u0105 spa\u0107<\/p>\n\n\n\n<figure class=\"wp-block-table\"><table><tbody><tr><th>Autor tekstu:<\/th><td>Mela Koteluk<\/td><\/tr><tr><th>Covery:<\/th><td>Justyna Kunysz<\/td><\/tr><\/tbody><\/table><\/figure>\n\n\n\n<p><a href=\"https:\/\/www.tekstowo.pl\/piosenka,mela_koteluk,melodia_ulotna.html\">https:\/\/www.tekstowo.pl\/piosenka,mela_koteluk,melodia_ulotna.html<\/a><\/p>\n\n\n\n<hr class=\"wp-block-separator\"\/>\n\n\n\n<h4 class=\"wp-block-heading\">0-zz.com\/0 &#8211; 0-zz.com\/z :<\/h4>\n\n\n\n<p><small><strong><a href=\"http:\/\/0-zz.com\/0\">1\ufe0f\u20e31\ufe0f\u20e3-0<\/a> |<a href=\"http:\/\/0-zz.com\/1\">1\ufe0f\u20e32\ufe0f\u20e3-1<\/a> |<a href=\"http:\/\/0-zz.com\/2\">1\ufe0f\u20e33\ufe0f\u20e3-2<\/a> |<a href=\"http:\/\/0-zz.com\/3\">1\ufe0f\u20e34\ufe0f\u20e3-3<\/a> |<a href=\"http:\/\/0-zz.com\/4\">1\ufe0f\u20e35\ufe0f\u20e3-4<\/a> |<a href=\"http:\/\/0-zz.com\/5\">1\ufe0f\u20e36\ufe0f\u20e3-5<\/a> <\/strong><\/small><br><small> <strong><a href=\"http:\/\/0-zz.com\/6\">2\ufe0f\u20e31\ufe0f\u20e3-6<\/a> |<a href=\"http:\/\/0-zz.com\/7\">2\ufe0f\u20e32\ufe0f\u20e3-7<\/a> |<a href=\"http:\/\/0-zz.com\/8\">2\ufe0f\u20e33\ufe0f\u20e3-8<\/a> |<a href=\"http:\/\/0-zz.com\/9\">2\ufe0f\u20e34\ufe0f\u20e3-9<\/a> |<a href=\"http:\/\/0-zz.com\/a\">2\ufe0f\u20e35\ufe0f\u20e3-A<\/a> |<a href=\"http:\/\/0-zz.com\/b\">2\ufe0f\u20e36\ufe0f\u20e3-B<\/a><\/strong><\/small><br><small> <strong><a href=\"http:\/\/0-zz.com\/c\">3\ufe0f\u20e31\ufe0f\u20e3-C<\/a> |<a href=\"http:\/\/0-zz.com\/d\">3\ufe0f\u20e32\ufe0f\u20e3-D<\/a> |<a href=\"http:\/\/0-zz.com\/e\">3\ufe0f\u20e33\ufe0f\u20e3-E<\/a> |<a href=\"http:\/\/0-zz.com\/f\">3\ufe0f\u20e34\ufe0f\u20e3-F<\/a> |<a href=\"http:\/\/0-zz.com\/g\">3\ufe0f\u20e35\ufe0f\u20e3-G<\/a> |<a href=\"http:\/\/0-zz.com\/h\">3\ufe0f\u20e36\ufe0f\u20e3-H<\/a><\/strong><\/small><br><small> <strong><a href=\"http:\/\/0-zz.com\/i\">4\ufe0f\u20e31\ufe0f\u20e3-I<\/a> |<a href=\"http:\/\/0-zz.com\/j\">4\ufe0f\u20e32\ufe0f\u20e3-J<\/a> |<a href=\"http:\/\/0-zz.com\/k\">4\ufe0f\u20e33\ufe0f\u20e3-K<\/a> |<a href=\"http:\/\/0-zz.com\/l\">4\ufe0f\u20e34\ufe0f\u20e3-L<\/a> |<a href=\"http:\/\/0-zz.com\/m\">4\ufe0f\u20e35\ufe0f\u20e3-M<\/a> |<a href=\"http:\/\/0-zz.com\/n\">4\ufe0f\u20e36\ufe0f\u20e3-N<\/a><\/strong><\/small><br><small> <strong><a href=\"http:\/\/0-zz.com\/o\">5\ufe0f\u20e31\ufe0f\u20e3-O<\/a> |<a href=\"http:\/\/0-zz.com\/p\">5\ufe0f\u20e32\ufe0f\u20e3-P<\/a> |<a href=\"http:\/\/0-zz.com\/q\">5\ufe0f\u20e33\ufe0f\u20e3-Q<\/a> |<a href=\"http:\/\/0-zz.com\/r\">5\ufe0f\u20e34\ufe0f\u20e3-R<\/a> |<a href=\"http:\/\/0-zz.com\/s\">5\ufe0f\u20e35\ufe0f\u20e3-S<\/a> |<a href=\"http:\/\/0-zz.com\/t\">5\ufe0f\u20e36\ufe0f\u20e3-T<\/a><\/strong><\/small><br><small> <strong><a href=\"http:\/\/0-zz.com\/u\">6\ufe0f\u20e31\ufe0f\u20e3-U<\/a> |<a href=\"http:\/\/0-zz.com\/v\">6\ufe0f\u20e32\ufe0f\u20e3-V<\/a> |<a href=\"http:\/\/0-zz.com\/w\">6\ufe0f\u20e33\ufe0f\u20e3-W<\/a> |<a href=\"http:\/\/0-zz.com\/x\">6\ufe0f\u20e34\ufe0f\u20e3-X<\/a> |<a href=\"http:\/\/0-zz.com\/y\">6\ufe0f\u20e35\ufe0f\u20e3-Y<\/a> |<a href=\"http:\/\/0-zz.com\/z\">6\ufe0f\u20e36\ufe0f\u20e3-Z<\/a><\/strong><\/small><\/p>\n\n\n\n<p>Roll 2 dice ?? 1\ufe0f\u20e32\ufe0f\u20e33\ufe0f\u20e34\ufe0f\u20e35\ufe0f\u20e36\ufe0f\u20e3<\/p>\n\n\n\n<p><a href=\"https:\/\/www.random.org\/dice\/\">https:\/\/www.random.org\/dice\/<\/a><\/p>\n\n\n\n<p><a href=\"https:\/\/www.google.com\/search?q=dice+roller\">https:\/\/www.google.com\/search?q=dice+roller<\/a><\/p>\n\n\n\n<hr class=\"wp-block-separator\"\/>\n\n\n\n<p><a href=\"https:\/\/12r.pl\/ea\/\">12r.pl\/ea<\/a>&nbsp;-&gt;&nbsp;<a href=\"https:\/\/12r.uk\/ea\/\">12r.uk\/ea<\/a>&nbsp;-&gt;&nbsp;<a href=\"https:\/\/7hi7.com\/ea\/\">7hi7.com\/ea<\/a><\/p>\n\n\n\n<p>Wikipedia.org &#8211; Play game &#8211; portals, categories, states, cities, capital cities<\/p>\n","protected":false},"excerpt":{"rendered":"<p>6 &#8211; 00\/6 &#8211; 006 Mela Koteluk &#8211; Melodia Ulotna 22M views&nbsp;\u00b7&nbsp;9 years ago Mela Koteluk SUBSCRIBED 58.6K subscribers https:\/\/m.youtube.com\/channel\/UCjhQqjqngm9XnYRRpnlqnkQ Kolejny pi\u0105tek wieczoremponownie w pobli\u017cu sobotypr\u00f3buj\u0119 stan\u0105\u0107 na nogiPrywatna grawitacjajak sznurkiem przywi\u0105zanaprzyci\u0105ga i oddala mnieWyci\u0105gam do niej r\u0119cechc\u0119 bli\u017cej i wi\u0119cejwci\u0105\u017c za daleko by mie\u0107 On na pewno gdzie\u015b jeston ju\u017c moim \u015bladem idziekocham go [&hellip;]<\/p>\n","protected":false},"author":1,"featured_media":0,"parent":0,"menu_order":0,"comment_status":"closed","ping_status":"closed","template":"","meta":{"footnotes":""},"class_list":["post-32","page","type-page","status-publish","hentry"],"_links":{"self":[{"href":"https:\/\/0-zz.com\/00\/wp-json\/wp\/v2\/pages\/32","targetHints":{"allow":["GET"]}}],"collection":[{"href":"https:\/\/0-zz.com\/00\/wp-json\/wp\/v2\/pages"}],"about":[{"href":"https:\/\/0-zz.com\/00\/wp-json\/wp\/v2\/types\/page"}],"author":[{"embeddable":true,"href":"https:\/\/0-zz.com\/00\/wp-json\/wp\/v2\/users\/1"}],"replies":[{"embeddable":true,"href":"https:\/\/0-zz.com\/00\/wp-json\/wp\/v2\/comments?post=32"}],"version-history":[{"count":5,"href":"https:\/\/0-zz.com\/00\/wp-json\/wp\/v2\/pages\/32\/revisions"}],"predecessor-version":[{"id":279,"href":"https:\/\/0-zz.com\/00\/wp-json\/wp\/v2\/pages\/32\/revisions\/279"}],"wp:attachment":[{"href":"https:\/\/0-zz.com\/00\/wp-json\/wp\/v2\/media?parent=32"}],"curies":[{"name":"wp","href":"https:\/\/api.w.org\/{rel}","templated":true}]}}