{"id":28,"date":"2020-04-07T20:15:47","date_gmt":"2020-04-08T08:15:47","guid":{"rendered":"http:\/\/0-zz.com\/00\/?page_id=28"},"modified":"2022-04-28T01:26:01","modified_gmt":"2022-04-28T13:26:01","slug":"4-2","status":"publish","type":"page","link":"https:\/\/0-zz.com\/00\/4-2\/","title":{"rendered":"4"},"content":{"rendered":"\n<h2 class=\"wp-block-heading\" id=\"4-00-4-004\">4 &#8211; 00\/4 &#8211; 004<\/h2>\n\n\n\n<figure class=\"wp-block-embed is-type-video is-provider-youtube wp-block-embed-youtube wp-embed-aspect-4-3 wp-has-aspect-ratio\"><div class=\"wp-block-embed__wrapper\">\n<iframe loading=\"lazy\" title=\"Ryszard Rynkowski - Za Mlodzi, Za Starzy [Official Music Video]\" width=\"580\" height=\"435\" src=\"https:\/\/www.youtube.com\/embed\/HwLk_ewj41w?feature=oembed\" frameborder=\"0\" allow=\"accelerometer; autoplay; clipboard-write; encrypted-media; gyroscope; picture-in-picture; web-share\" referrerpolicy=\"strict-origin-when-cross-origin\" allowfullscreen><\/iframe>\n<\/div><\/figure>\n\n\n\n<h2 class=\"wp-block-heading\" id=\"ryszard-rynkowski-za-mlodzi-za-starzy-official-music-video\">Ryszard Rynkowski &#8211; Za Mlodzi, Za Starzy [Official Music Video]<\/h2>\n\n\n\n<p>6M views&nbsp;\u00b7&nbsp;11 years ago<\/p>\n\n\n\n<h2 class=\"wp-block-heading\" id=\"ryszardrynkowski\">RyszardRynkowski<\/h2>\n\n\n\n<p>SUBSCRIBED 7.75K subscribers<\/p>\n\n\n\n<p><a href=\"https:\/\/m.youtube.com\/channel\/UC6ch8X15TLNUDTrPwGjs6Vw\">https:\/\/m.youtube.com\/channel\/UC6ch8X15TLNUDTrPwGjs6Vw<\/a><\/p>\n\n\n\n<p>Nie pytam pani\u0105 o lata<br>I Pana nie pytam te\u017c<br>Zreszt\u0105 jakie to ma znaczenie<br>Ka\u017cdy b\u0119dzie mia\u0142 nowy wiek<br>Najlepsze dopiero przed nami<br>\u015awiat dobry jak dobry sen<br>Wi\u0119c \u015bpieszmy si\u0119 z toastami<br>Ten toast odm\u0142odzi Ci\u0119<\/p>\n\n\n\n<p>Za m\u0142odzi na sen za starzy na grzech<br>Wypijmy przy stole by tu na dole \u017ale nie dzia\u0142o si\u0119<br>Za m\u0142odzi na sen za starzy na grzech<br>Wypijmy przy stole za b\u0142\u0119dy na dole by ich by\u0142o mniej<\/p>\n\n\n\n<p>Nie pijmy za b\u0142\u0119dy na g\u00f3rze<br>Tam nie zmienia si\u0119 nic mimo lat<br>Znasz prawd\u0119 o g\u0142owie i murze<br>Daj spok\u00f3j za pi\u0119kny \u015bwiat<br>Nie dajmy si\u0119 te\u017c zwariowa\u0107<br>A gdy jest naprawd\u0119 \u017ale<br>Pod dach przyjaci\u00f3\u0142 si\u0119 schowaj<br>I ten toast z nami wznie\u015b<\/p>\n\n\n\n<p>Za m\u0142odzi na sen za starzy na grzech<br>Wypijmy przy stole by tu na dole \u017ale nie dzia\u0142o si\u0119<br>Za m\u0142odzi na sen za starzy na grzech<br>Wypijmy przy stole za b\u0142\u0119dy na dole by ich by\u0142o mniej<\/p>\n\n\n\n<p>Wypijmy za b\u0142\u0119dy na g\u00f3rze<br>Tam nie zmienia si\u0119 nic mimo lat<br>Znasz prawd\u0119 o g\u0142owie i murze<br>Daj spok\u00f3j za pi\u0119kny \u015bwiat<br>Nie dajmy si\u0119 te\u017c zwariowa\u0107<br>A gdy jest naprawd\u0119 \u017ale<br>Pod dach przyjaci\u00f3\u0142 si\u0119 schowaj<br>I ten toast z nami wznie\u015b<\/p>\n\n\n\n<p>Za m\u0142odzi na sen za starzy na grzech<br>Wypijmy przy stole by tu na dole \u017ale nie dzia\u0142o si\u0119<br>Za m\u0142odzi na sen za starzy na grzech<br>Wypijmy przy stole za b\u0142\u0119dy na dole by ich by\u0142o mniej<\/p>\n\n\n\n<p>Za m\u0142odzi na sen za starzy na grzech<\/p>\n\n\n\n<figure class=\"wp-block-table\"><table><tbody><tr><th>Autor tekstu:<\/th><td>Jacek Cygan<\/td><\/tr><tr><th>Kompozytor:<\/th><td>Ryszard Rynkowski<\/td><\/tr><\/tbody><\/table><\/figure>\n\n\n\n<p><a href=\"https:\/\/www.tekstowo.pl\/piosenka,ryszard_rynkowski,za_mlodzi__za_starzy.html\">https:\/\/www.tekstowo.pl\/piosenka,ryszard_rynkowski,za_mlodzi__za_starzy.html<\/a><\/p>\n\n\n\n<hr class=\"wp-block-separator\"\/>\n\n\n\n<h4 class=\"wp-block-heading\">0-zz.com\/0 &#8211; 0-zz.com\/z :<\/h4>\n\n\n\n<p><small><strong><a href=\"http:\/\/0-zz.com\/0\">1\ufe0f\u20e31\ufe0f\u20e3-0<\/a> |<a href=\"http:\/\/0-zz.com\/1\">1\ufe0f\u20e32\ufe0f\u20e3-1<\/a> |<a href=\"http:\/\/0-zz.com\/2\">1\ufe0f\u20e33\ufe0f\u20e3-2<\/a> |<a href=\"http:\/\/0-zz.com\/3\">1\ufe0f\u20e34\ufe0f\u20e3-3<\/a> |<a href=\"http:\/\/0-zz.com\/4\">1\ufe0f\u20e35\ufe0f\u20e3-4<\/a> |<a href=\"http:\/\/0-zz.com\/5\">1\ufe0f\u20e36\ufe0f\u20e3-5<\/a> <\/strong><\/small><br><small> <strong><a href=\"http:\/\/0-zz.com\/6\">2\ufe0f\u20e31\ufe0f\u20e3-6<\/a> |<a href=\"http:\/\/0-zz.com\/7\">2\ufe0f\u20e32\ufe0f\u20e3-7<\/a> |<a href=\"http:\/\/0-zz.com\/8\">2\ufe0f\u20e33\ufe0f\u20e3-8<\/a> |<a href=\"http:\/\/0-zz.com\/9\">2\ufe0f\u20e34\ufe0f\u20e3-9<\/a> |<a href=\"http:\/\/0-zz.com\/a\">2\ufe0f\u20e35\ufe0f\u20e3-A<\/a> |<a href=\"http:\/\/0-zz.com\/b\">2\ufe0f\u20e36\ufe0f\u20e3-B<\/a><\/strong><\/small><br><small> <strong><a href=\"http:\/\/0-zz.com\/c\">3\ufe0f\u20e31\ufe0f\u20e3-C<\/a> |<a href=\"http:\/\/0-zz.com\/d\">3\ufe0f\u20e32\ufe0f\u20e3-D<\/a> |<a href=\"http:\/\/0-zz.com\/e\">3\ufe0f\u20e33\ufe0f\u20e3-E<\/a> |<a href=\"http:\/\/0-zz.com\/f\">3\ufe0f\u20e34\ufe0f\u20e3-F<\/a> |<a href=\"http:\/\/0-zz.com\/g\">3\ufe0f\u20e35\ufe0f\u20e3-G<\/a> |<a href=\"http:\/\/0-zz.com\/h\">3\ufe0f\u20e36\ufe0f\u20e3-H<\/a><\/strong><\/small><br><small> <strong><a href=\"http:\/\/0-zz.com\/i\">4\ufe0f\u20e31\ufe0f\u20e3-I<\/a> |<a href=\"http:\/\/0-zz.com\/j\">4\ufe0f\u20e32\ufe0f\u20e3-J<\/a> |<a href=\"http:\/\/0-zz.com\/k\">4\ufe0f\u20e33\ufe0f\u20e3-K<\/a> |<a href=\"http:\/\/0-zz.com\/l\">4\ufe0f\u20e34\ufe0f\u20e3-L<\/a> |<a href=\"http:\/\/0-zz.com\/m\">4\ufe0f\u20e35\ufe0f\u20e3-M<\/a> |<a href=\"http:\/\/0-zz.com\/n\">4\ufe0f\u20e36\ufe0f\u20e3-N<\/a><\/strong><\/small><br><small> <strong><a href=\"http:\/\/0-zz.com\/o\">5\ufe0f\u20e31\ufe0f\u20e3-O<\/a> |<a href=\"http:\/\/0-zz.com\/p\">5\ufe0f\u20e32\ufe0f\u20e3-P<\/a> |<a href=\"http:\/\/0-zz.com\/q\">5\ufe0f\u20e33\ufe0f\u20e3-Q<\/a> |<a href=\"http:\/\/0-zz.com\/r\">5\ufe0f\u20e34\ufe0f\u20e3-R<\/a> |<a href=\"http:\/\/0-zz.com\/s\">5\ufe0f\u20e35\ufe0f\u20e3-S<\/a> |<a href=\"http:\/\/0-zz.com\/t\">5\ufe0f\u20e36\ufe0f\u20e3-T<\/a><\/strong><\/small><br><small> <strong><a href=\"http:\/\/0-zz.com\/u\">6\ufe0f\u20e31\ufe0f\u20e3-U<\/a> |<a href=\"http:\/\/0-zz.com\/v\">6\ufe0f\u20e32\ufe0f\u20e3-V<\/a> |<a href=\"http:\/\/0-zz.com\/w\">6\ufe0f\u20e33\ufe0f\u20e3-W<\/a> |<a href=\"http:\/\/0-zz.com\/x\">6\ufe0f\u20e34\ufe0f\u20e3-X<\/a> |<a href=\"http:\/\/0-zz.com\/y\">6\ufe0f\u20e35\ufe0f\u20e3-Y<\/a> |<a href=\"http:\/\/0-zz.com\/z\">6\ufe0f\u20e36\ufe0f\u20e3-Z<\/a><\/strong><\/small><\/p>\n\n\n\n<p>Roll 2 dice ?? 1\ufe0f\u20e32\ufe0f\u20e33\ufe0f\u20e34\ufe0f\u20e35\ufe0f\u20e36\ufe0f\u20e3<\/p>\n\n\n\n<p><a href=\"https:\/\/www.random.org\/dice\/\">https:\/\/www.random.org\/dice\/<\/a><\/p>\n\n\n\n<p><a href=\"https:\/\/www.google.com\/search?q=dice+roller\">https:\/\/www.google.com\/search?q=dice+roller<\/a><\/p>\n\n\n\n<hr class=\"wp-block-separator\"\/>\n\n\n\n<p><a href=\"https:\/\/12r.pl\/ea\/\">12r.pl\/ea<\/a>&nbsp;-&gt;&nbsp;<a href=\"https:\/\/12r.uk\/ea\/\">12r.uk\/ea<\/a>&nbsp;-&gt;&nbsp;<a href=\"https:\/\/7hi7.com\/ea\/\">7hi7.com\/ea<\/a><\/p>\n\n\n\n<p>Wikipedia.org &#8211; Play game &#8211; portals, categories, states, cities, capital cities<\/p>\n","protected":false},"excerpt":{"rendered":"<p>4 &#8211; 00\/4 &#8211; 004 Ryszard Rynkowski &#8211; Za Mlodzi, Za Starzy [Official Music Video] 6M views&nbsp;\u00b7&nbsp;11 years ago RyszardRynkowski SUBSCRIBED 7.75K subscribers https:\/\/m.youtube.com\/channel\/UC6ch8X15TLNUDTrPwGjs6Vw Nie pytam pani\u0105 o lataI Pana nie pytam te\u017cZreszt\u0105 jakie to ma znaczenieKa\u017cdy b\u0119dzie mia\u0142 nowy wiekNajlepsze dopiero przed nami\u015awiat dobry jak dobry senWi\u0119c \u015bpieszmy si\u0119 z toastamiTen toast odm\u0142odzi Ci\u0119 [&hellip;]<\/p>\n","protected":false},"author":1,"featured_media":0,"parent":0,"menu_order":0,"comment_status":"closed","ping_status":"closed","template":"","meta":{"footnotes":""},"class_list":["post-28","page","type-page","status-publish","hentry"],"_links":{"self":[{"href":"https:\/\/0-zz.com\/00\/wp-json\/wp\/v2\/pages\/28","targetHints":{"allow":["GET"]}}],"collection":[{"href":"https:\/\/0-zz.com\/00\/wp-json\/wp\/v2\/pages"}],"about":[{"href":"https:\/\/0-zz.com\/00\/wp-json\/wp\/v2\/types\/page"}],"author":[{"embeddable":true,"href":"https:\/\/0-zz.com\/00\/wp-json\/wp\/v2\/users\/1"}],"replies":[{"embeddable":true,"href":"https:\/\/0-zz.com\/00\/wp-json\/wp\/v2\/comments?post=28"}],"version-history":[{"count":5,"href":"https:\/\/0-zz.com\/00\/wp-json\/wp\/v2\/pages\/28\/revisions"}],"predecessor-version":[{"id":277,"href":"https:\/\/0-zz.com\/00\/wp-json\/wp\/v2\/pages\/28\/revisions\/277"}],"wp:attachment":[{"href":"https:\/\/0-zz.com\/00\/wp-json\/wp\/v2\/media?parent=28"}],"curies":[{"name":"wp","href":"https:\/\/api.w.org\/{rel}","templated":true}]}}