{"id":26,"date":"2020-04-07T20:15:35","date_gmt":"2020-04-08T08:15:35","guid":{"rendered":"http:\/\/0-zz.com\/00\/?page_id=26"},"modified":"2022-04-28T01:25:00","modified_gmt":"2022-04-28T13:25:00","slug":"3-2","status":"publish","type":"page","link":"https:\/\/0-zz.com\/00\/3-2\/","title":{"rendered":"3"},"content":{"rendered":"\n<h2 class=\"wp-block-heading\" id=\"3-00-3-003\">3 &#8211; 00\/3 &#8211; 003<\/h2>\n\n\n\n<figure class=\"wp-block-embed is-type-video is-provider-youtube wp-block-embed-youtube wp-embed-aspect-16-9 wp-has-aspect-ratio\"><div class=\"wp-block-embed__wrapper\">\n<iframe loading=\"lazy\" title=\"M\u0119skie Granie Orkiestra 2019 (Nosowska, Igo, Organek, Zalewski) - Sobie i Wam\" width=\"580\" height=\"326\" src=\"https:\/\/www.youtube.com\/embed\/mzAb3m0a2Sk?feature=oembed\" frameborder=\"0\" allow=\"accelerometer; autoplay; clipboard-write; encrypted-media; gyroscope; picture-in-picture; web-share\" referrerpolicy=\"strict-origin-when-cross-origin\" allowfullscreen><\/iframe>\n<\/div><\/figure>\n\n\n\n<h2 class=\"wp-block-heading\" id=\"meskie-granie-orkiestra-2019-nosowska-igo-organek-zalewski-sobie-i-wam\">M\u0119skie Granie Orkiestra 2019 (Nosowska, Igo, Organek, Zalewski) &#8211; Sobie i Wam<\/h2>\n\n\n\n<p>47M views&nbsp;\u00b7&nbsp;2 years ago<\/p>\n\n\n\n<h2 class=\"wp-block-heading\" id=\"meskiegranie\">MeskieGranie<\/h2>\n\n\n\n<p>SUBSCRIBED 409K subscribers<\/p>\n\n\n\n<p><a href=\"https:\/\/m.youtube.com\/channel\/UCkquAjPHABhLxaGWWCpTuSg\">https:\/\/m.youtube.com\/channel\/UCkquAjPHABhLxaGWWCpTuSg<\/a><\/p>\n\n\n\n<p>Za du\u017co roboty, a ko\u0142aczy brak<br>Za nisko ten sufit, \u017ceby d\u0142ugi m\u00f3g\u0142 sta\u0107<br>Zbyt kr\u0119ta ta droga, by lekko j\u0105 przej\u015b\u0107<br>Za suto na stole, \u017ceby da\u0142o si\u0119 zje\u015b\u0107<\/p>\n\n\n\n<p>Za du\u017ce to ego, by dogada\u0107 si\u0119<br>Za ma\u0142a ta chata, by kobiet\u0119 mie\u0107<br>Za jasny ten ksi\u0119\u017cyc, by da\u0142o si\u0119 spa\u0107<br>Za kr\u00f3tki ten \u0142a\u0144cuch, by da\u0107 nogi za pas<\/p>\n\n\n\n<p>\u017byczymy sobie i wam, by nas by\u0142o sta\u0107<br>Na \u015bwi\u0119ty spok\u00f3j<br>Szcz\u0119\u015bcia ile si\u0119 da, mi\u0142o\u015bci w br\u00f3d<br>M\u0105drych ludzi wok\u00f3\u0142<\/p>\n\n\n\n<p>Za kr\u00f3tkie te nogi, by dogoni\u0107 czas<br>(Za kr\u00f3tkie te nogi, by dogoni\u0107 czas)<br>Za ci\u0119\u017cka ta g\u0142owa, by pionowo sta\u0107<br>(Za ci\u0119\u017cka ta g\u0142owa, by pionowo sta\u0107)<br>Zbyt ma\u0142o tu miejsca, \u017ceby rozgo\u015bci\u0107 si\u0119<br>(Zbyt ma\u0142o tu miejsca, \u017ceby rozgo\u015bci\u0107 si\u0119)<br>Za ma\u0142o wszystkiego, co mo\u017cna by mie\u0107<\/p>\n\n\n\n<p>\u017byczymy sobie i wam, by nas by\u0142o sta\u0107<br>Na \u015bwi\u0119ty spok\u00f3j<br>Szcz\u0119\u015bcia ile si\u0119 da, mi\u0142o\u015bci w br\u00f3d<br>M\u0105drych ludzi wok\u00f3\u0142<\/p>\n\n\n\n<p>\u017byczymy sobie i wam, by nas by\u0142o sta\u0107<br>Na \u015bwi\u0119ty spok\u00f3j<br>Szcz\u0119\u015bcia ile si\u0119 da, mi\u0142o\u015bci w br\u00f3d<br>M\u0105drych ludzi wok\u00f3\u0142<\/p>\n\n\n\n<p>\u017byczymy sobie i wam, by nas by\u0142o sta\u0107<br>Na \u015bwi\u0119ty spok\u00f3j<br>Szcz\u0119\u015bcia ile si\u0119 da, mi\u0142o\u015bci w br\u00f3d<br>M\u0105drych ludzi wok\u00f3\u0142<\/p>\n\n\n\n<p>\u017byczymy sobie i wam, by nas by\u0142o sta\u0107<br>Na \u015bwi\u0119ty spok\u00f3j<br>Szcz\u0119\u015bcia ile si\u0119 da, mi\u0142o\u015bci w br\u00f3d<br>M\u0105drych ludzi wok\u00f3\u0142<\/p>\n\n\n\n<p>\u017byczymy sobie i wam, by nas by\u0142o sta\u0107<br>Na \u015bwi\u0119ty spok\u00f3j<br>Szcz\u0119\u015bcia ile si\u0119 da, mi\u0142o\u015bci w br\u00f3d<br>M\u0105drych ludzi wok\u00f3\u0142<\/p>\n\n\n\n<figure class=\"wp-block-table\"><table><tbody><tr><th>Autor tekstu:<\/th><td>Katarzyna Nosowska<\/td><\/tr><tr><th>Kompozytor:<\/th><td>Marcin Macuk, Katarzyna Nosowska<\/td><\/tr><\/tbody><\/table><\/figure>\n\n\n\n<p><a href=\"https:\/\/www.tekstowo.pl\/piosenka,meskie_granie_orkiestra,sobie_i_wam.html\">https:\/\/www.tekstowo.pl\/piosenka,meskie_granie_orkiestra,sobie_i_wam.html<\/a><\/p>\n\n\n\n<hr class=\"wp-block-separator\"\/>\n\n\n\n<h4 class=\"wp-block-heading\">0-zz.com\/0 &#8211; 0-zz.com\/z :<\/h4>\n\n\n\n<p><small><strong><a href=\"http:\/\/0-zz.com\/0\">1\ufe0f\u20e31\ufe0f\u20e3-0<\/a> |<a href=\"http:\/\/0-zz.com\/1\">1\ufe0f\u20e32\ufe0f\u20e3-1<\/a> |<a href=\"http:\/\/0-zz.com\/2\">1\ufe0f\u20e33\ufe0f\u20e3-2<\/a> |<a href=\"http:\/\/0-zz.com\/3\">1\ufe0f\u20e34\ufe0f\u20e3-3<\/a> |<a href=\"http:\/\/0-zz.com\/4\">1\ufe0f\u20e35\ufe0f\u20e3-4<\/a> |<a href=\"http:\/\/0-zz.com\/5\">1\ufe0f\u20e36\ufe0f\u20e3-5<\/a> <\/strong><\/small><br><small> <strong><a href=\"http:\/\/0-zz.com\/6\">2\ufe0f\u20e31\ufe0f\u20e3-6<\/a> |<a href=\"http:\/\/0-zz.com\/7\">2\ufe0f\u20e32\ufe0f\u20e3-7<\/a> |<a href=\"http:\/\/0-zz.com\/8\">2\ufe0f\u20e33\ufe0f\u20e3-8<\/a> |<a href=\"http:\/\/0-zz.com\/9\">2\ufe0f\u20e34\ufe0f\u20e3-9<\/a> |<a href=\"http:\/\/0-zz.com\/a\">2\ufe0f\u20e35\ufe0f\u20e3-A<\/a> |<a href=\"http:\/\/0-zz.com\/b\">2\ufe0f\u20e36\ufe0f\u20e3-B<\/a><\/strong><\/small><br><small> <strong><a href=\"http:\/\/0-zz.com\/c\">3\ufe0f\u20e31\ufe0f\u20e3-C<\/a> |<a href=\"http:\/\/0-zz.com\/d\">3\ufe0f\u20e32\ufe0f\u20e3-D<\/a> |<a href=\"http:\/\/0-zz.com\/e\">3\ufe0f\u20e33\ufe0f\u20e3-E<\/a> |<a href=\"http:\/\/0-zz.com\/f\">3\ufe0f\u20e34\ufe0f\u20e3-F<\/a> |<a href=\"http:\/\/0-zz.com\/g\">3\ufe0f\u20e35\ufe0f\u20e3-G<\/a> |<a href=\"http:\/\/0-zz.com\/h\">3\ufe0f\u20e36\ufe0f\u20e3-H<\/a><\/strong><\/small><br><small> <strong><a href=\"http:\/\/0-zz.com\/i\">4\ufe0f\u20e31\ufe0f\u20e3-I<\/a> |<a href=\"http:\/\/0-zz.com\/j\">4\ufe0f\u20e32\ufe0f\u20e3-J<\/a> |<a href=\"http:\/\/0-zz.com\/k\">4\ufe0f\u20e33\ufe0f\u20e3-K<\/a> |<a href=\"http:\/\/0-zz.com\/l\">4\ufe0f\u20e34\ufe0f\u20e3-L<\/a> |<a href=\"http:\/\/0-zz.com\/m\">4\ufe0f\u20e35\ufe0f\u20e3-M<\/a> |<a href=\"http:\/\/0-zz.com\/n\">4\ufe0f\u20e36\ufe0f\u20e3-N<\/a><\/strong><\/small><br><small> <strong><a href=\"http:\/\/0-zz.com\/o\">5\ufe0f\u20e31\ufe0f\u20e3-O<\/a> |<a href=\"http:\/\/0-zz.com\/p\">5\ufe0f\u20e32\ufe0f\u20e3-P<\/a> |<a href=\"http:\/\/0-zz.com\/q\">5\ufe0f\u20e33\ufe0f\u20e3-Q<\/a> |<a href=\"http:\/\/0-zz.com\/r\">5\ufe0f\u20e34\ufe0f\u20e3-R<\/a> |<a href=\"http:\/\/0-zz.com\/s\">5\ufe0f\u20e35\ufe0f\u20e3-S<\/a> |<a href=\"http:\/\/0-zz.com\/t\">5\ufe0f\u20e36\ufe0f\u20e3-T<\/a><\/strong><\/small><br><small> <strong><a href=\"http:\/\/0-zz.com\/u\">6\ufe0f\u20e31\ufe0f\u20e3-U<\/a> |<a href=\"http:\/\/0-zz.com\/v\">6\ufe0f\u20e32\ufe0f\u20e3-V<\/a> |<a href=\"http:\/\/0-zz.com\/w\">6\ufe0f\u20e33\ufe0f\u20e3-W<\/a> |<a href=\"http:\/\/0-zz.com\/x\">6\ufe0f\u20e34\ufe0f\u20e3-X<\/a> |<a href=\"http:\/\/0-zz.com\/y\">6\ufe0f\u20e35\ufe0f\u20e3-Y<\/a> |<a href=\"http:\/\/0-zz.com\/z\">6\ufe0f\u20e36\ufe0f\u20e3-Z<\/a><\/strong><\/small><\/p>\n\n\n\n<p>Roll 2 dice ?? 1\ufe0f\u20e32\ufe0f\u20e33\ufe0f\u20e34\ufe0f\u20e35\ufe0f\u20e36\ufe0f\u20e3<\/p>\n\n\n\n<p><a href=\"https:\/\/www.random.org\/dice\/\">https:\/\/www.random.org\/dice\/<\/a><\/p>\n\n\n\n<p><a href=\"https:\/\/www.google.com\/search?q=dice+roller\">https:\/\/www.google.com\/search?q=dice+roller<\/a><\/p>\n\n\n\n<hr class=\"wp-block-separator\"\/>\n\n\n\n<p><a href=\"https:\/\/12r.pl\/ea\/\">12r.pl\/ea<\/a>&nbsp;-&gt;&nbsp;<a href=\"https:\/\/12r.uk\/ea\/\">12r.uk\/ea<\/a>&nbsp;-&gt;&nbsp;<a href=\"https:\/\/7hi7.com\/ea\/\">7hi7.com\/ea<\/a><\/p>\n\n\n\n<p>Wikipedia.org &#8211; Play game &#8211; portals, categories, states, cities, capital cities<\/p>\n","protected":false},"excerpt":{"rendered":"<p>3 &#8211; 00\/3 &#8211; 003 M\u0119skie Granie Orkiestra 2019 (Nosowska, Igo, Organek, Zalewski) &#8211; Sobie i Wam 47M views&nbsp;\u00b7&nbsp;2 years ago MeskieGranie SUBSCRIBED 409K subscribers https:\/\/m.youtube.com\/channel\/UCkquAjPHABhLxaGWWCpTuSg Za du\u017co roboty, a ko\u0142aczy brakZa nisko ten sufit, \u017ceby d\u0142ugi m\u00f3g\u0142 sta\u0107Zbyt kr\u0119ta ta droga, by lekko j\u0105 przej\u015b\u0107Za suto na stole, \u017ceby da\u0142o si\u0119 zje\u015b\u0107 Za du\u017ce [&hellip;]<\/p>\n","protected":false},"author":1,"featured_media":0,"parent":0,"menu_order":0,"comment_status":"closed","ping_status":"closed","template":"","meta":{"footnotes":""},"class_list":["post-26","page","type-page","status-publish","hentry"],"_links":{"self":[{"href":"https:\/\/0-zz.com\/00\/wp-json\/wp\/v2\/pages\/26","targetHints":{"allow":["GET"]}}],"collection":[{"href":"https:\/\/0-zz.com\/00\/wp-json\/wp\/v2\/pages"}],"about":[{"href":"https:\/\/0-zz.com\/00\/wp-json\/wp\/v2\/types\/page"}],"author":[{"embeddable":true,"href":"https:\/\/0-zz.com\/00\/wp-json\/wp\/v2\/users\/1"}],"replies":[{"embeddable":true,"href":"https:\/\/0-zz.com\/00\/wp-json\/wp\/v2\/comments?post=26"}],"version-history":[{"count":5,"href":"https:\/\/0-zz.com\/00\/wp-json\/wp\/v2\/pages\/26\/revisions"}],"predecessor-version":[{"id":276,"href":"https:\/\/0-zz.com\/00\/wp-json\/wp\/v2\/pages\/26\/revisions\/276"}],"wp:attachment":[{"href":"https:\/\/0-zz.com\/00\/wp-json\/wp\/v2\/media?parent=26"}],"curies":[{"name":"wp","href":"https:\/\/api.w.org\/{rel}","templated":true}]}}