{"id":24,"date":"2020-04-07T20:15:21","date_gmt":"2020-04-08T08:15:21","guid":{"rendered":"http:\/\/0-zz.com\/00\/?page_id=24"},"modified":"2022-04-28T01:23:53","modified_gmt":"2022-04-28T13:23:53","slug":"2-2","status":"publish","type":"page","link":"https:\/\/0-zz.com\/00\/2-2\/","title":{"rendered":"2"},"content":{"rendered":"\n<h2 class=\"wp-block-heading\" id=\"2-00-2-002\">2 &#8211; 00\/2 &#8211; 002<\/h2>\n\n\n\n<figure class=\"wp-block-embed is-type-video is-provider-youtube wp-block-embed-youtube wp-embed-aspect-16-9 wp-has-aspect-ratio\"><div class=\"wp-block-embed__wrapper\">\n<iframe loading=\"lazy\" title=\"ZAKOPOWER - Boso (Official Video)\" width=\"580\" height=\"326\" src=\"https:\/\/www.youtube.com\/embed\/csSefjNCXn0?feature=oembed\" frameborder=\"0\" allow=\"accelerometer; autoplay; clipboard-write; encrypted-media; gyroscope; picture-in-picture; web-share\" referrerpolicy=\"strict-origin-when-cross-origin\" allowfullscreen><\/iframe>\n<\/div><\/figure>\n\n\n\n<h2 class=\"wp-block-heading\" id=\"zakopower-boso-official-video\">ZAKOPOWER &#8211; Boso (Official Video)<\/h2>\n\n\n\n<p>7.6M views&nbsp;\u00b7&nbsp;10 years ago<\/p>\n\n\n\n<h2 class=\"wp-block-heading\" id=\"kayaxtv\">KayaxTV<\/h2>\n\n\n\n<p>SUBSCRIBED 331K subscribers<\/p>\n\n\n\n<p><a href=\"https:\/\/m.youtube.com\/channel\/UCEKf3LX2AP3RaT_MG6-ApgQ\">https:\/\/m.youtube.com\/channel\/UCEKf3LX2AP3RaT_MG6-ApgQ<\/a><\/p>\n\n\n\n<p>Nieu\u017cyty frak, dziurawy p\u0142aszcz<br>Znoszony but<br>Zapomniany szal zaszy\u0142 si\u0119 w k\u0105t<br>Niemodny ju\u017c<\/p>\n\n\n\n<p>Ka\u017cda rzecz o czym\u015b \u015bni<br>Odstawiona<br>Jeszcze chce modna by\u0107<br>Zanim cicho skona<\/p>\n\n\n\n<p>I dopiero gdy zawo\u0142a B\u00f3g<br>To po\u017cegnam wszystkie te rzeczy i zn\u00f3w<br>P\u00f3jd\u0119 boso, p\u00f3jd\u0119 boso<br>P\u00f3jd\u0119 boso, p\u00f3jd\u0119 boso (x2)<\/p>\n\n\n\n<p>Zagubiony gdzie\u015b parasol, z nim<br>Czekam na deszcz<br>Zegar nie wie jak bez moich r\u0105k<br>Ma \u017cycie wie\u015b\u0107<\/p>\n\n\n\n<p>W wielki stos pi\u0119trz\u0105 si\u0119 od\u0142o\u017cone<br>Ka\u017cda chce, \u017ceby j\u0105<br>Wzi\u0105\u0107 na drug\u0105 stron\u0119<\/p>\n\n\n\n<p>I dopiero gdy zawo\u0142a B\u00f3g<br>To po\u017cegnam wszystkie te rzeczy i zn\u00f3w<br>P\u00f3jd\u0119 boso, p\u00f3jd\u0119 boso<br>P\u00f3jd\u0119 boso, p\u00f3jd\u0119 boso (x2)<\/p>\n\n\n\n<p>Zamkn\u0105 za mn\u0105 drzwi<br>P\u00f3jd\u0119 boso, boso<br>Nie zabior\u0119 nic<br>P\u00f3jd\u0119 boso, boso (x2)<\/p>\n\n\n\n<p>I dopiero gdy zawo\u0142a B\u00f3g<br>To po\u017cegnam wszystkie te rzeczy i zn\u00f3w<br>P\u00f3jd\u0119 boso, p\u00f3jd\u0119 boso<br>P\u00f3jd\u0119 boso, p\u00f3jd\u0119 boso (x2)<\/p>\n\n\n\n<figure class=\"wp-block-table\"><table><tbody><tr><th>Autor tekstu:<\/th><td>Bart\u0142omiej Kudasik, Sebastian Karpiel-Bu\u0142ecka<\/td><\/tr><tr><th>Kompozytor:<\/th><td>Mateusz Pospieszalski<\/td><\/tr><\/tbody><\/table><\/figure>\n\n\n\n<p><a href=\"https:\/\/www.tekstowo.pl\/piosenka,zakopower,boso.html\">https:\/\/www.tekstowo.pl\/piosenka,zakopower,boso.html<\/a><\/p>\n\n\n\n<hr class=\"wp-block-separator\"\/>\n\n\n\n<h4 class=\"wp-block-heading\">0-zz.com\/0 &#8211; 0-zz.com\/z :<\/h4>\n\n\n\n<p><small><strong><a href=\"http:\/\/0-zz.com\/0\">1\ufe0f\u20e31\ufe0f\u20e3-0<\/a> |<a href=\"http:\/\/0-zz.com\/1\">1\ufe0f\u20e32\ufe0f\u20e3-1<\/a> |<a href=\"http:\/\/0-zz.com\/2\">1\ufe0f\u20e33\ufe0f\u20e3-2<\/a> |<a href=\"http:\/\/0-zz.com\/3\">1\ufe0f\u20e34\ufe0f\u20e3-3<\/a> |<a href=\"http:\/\/0-zz.com\/4\">1\ufe0f\u20e35\ufe0f\u20e3-4<\/a> |<a href=\"http:\/\/0-zz.com\/5\">1\ufe0f\u20e36\ufe0f\u20e3-5<\/a> <\/strong><\/small><br><small> <strong><a href=\"http:\/\/0-zz.com\/6\">2\ufe0f\u20e31\ufe0f\u20e3-6<\/a> |<a href=\"http:\/\/0-zz.com\/7\">2\ufe0f\u20e32\ufe0f\u20e3-7<\/a> |<a href=\"http:\/\/0-zz.com\/8\">2\ufe0f\u20e33\ufe0f\u20e3-8<\/a> |<a href=\"http:\/\/0-zz.com\/9\">2\ufe0f\u20e34\ufe0f\u20e3-9<\/a> |<a href=\"http:\/\/0-zz.com\/a\">2\ufe0f\u20e35\ufe0f\u20e3-A<\/a> |<a href=\"http:\/\/0-zz.com\/b\">2\ufe0f\u20e36\ufe0f\u20e3-B<\/a><\/strong><\/small><br><small> <strong><a href=\"http:\/\/0-zz.com\/c\">3\ufe0f\u20e31\ufe0f\u20e3-C<\/a> |<a href=\"http:\/\/0-zz.com\/d\">3\ufe0f\u20e32\ufe0f\u20e3-D<\/a> |<a href=\"http:\/\/0-zz.com\/e\">3\ufe0f\u20e33\ufe0f\u20e3-E<\/a> |<a href=\"http:\/\/0-zz.com\/f\">3\ufe0f\u20e34\ufe0f\u20e3-F<\/a> |<a href=\"http:\/\/0-zz.com\/g\">3\ufe0f\u20e35\ufe0f\u20e3-G<\/a> |<a href=\"http:\/\/0-zz.com\/h\">3\ufe0f\u20e36\ufe0f\u20e3-H<\/a><\/strong><\/small><br><small> <strong><a href=\"http:\/\/0-zz.com\/i\">4\ufe0f\u20e31\ufe0f\u20e3-I<\/a> |<a href=\"http:\/\/0-zz.com\/j\">4\ufe0f\u20e32\ufe0f\u20e3-J<\/a> |<a href=\"http:\/\/0-zz.com\/k\">4\ufe0f\u20e33\ufe0f\u20e3-K<\/a> |<a href=\"http:\/\/0-zz.com\/l\">4\ufe0f\u20e34\ufe0f\u20e3-L<\/a> |<a href=\"http:\/\/0-zz.com\/m\">4\ufe0f\u20e35\ufe0f\u20e3-M<\/a> |<a href=\"http:\/\/0-zz.com\/n\">4\ufe0f\u20e36\ufe0f\u20e3-N<\/a><\/strong><\/small><br><small> <strong><a href=\"http:\/\/0-zz.com\/o\">5\ufe0f\u20e31\ufe0f\u20e3-O<\/a> |<a href=\"http:\/\/0-zz.com\/p\">5\ufe0f\u20e32\ufe0f\u20e3-P<\/a> |<a href=\"http:\/\/0-zz.com\/q\">5\ufe0f\u20e33\ufe0f\u20e3-Q<\/a> |<a href=\"http:\/\/0-zz.com\/r\">5\ufe0f\u20e34\ufe0f\u20e3-R<\/a> |<a href=\"http:\/\/0-zz.com\/s\">5\ufe0f\u20e35\ufe0f\u20e3-S<\/a> |<a href=\"http:\/\/0-zz.com\/t\">5\ufe0f\u20e36\ufe0f\u20e3-T<\/a><\/strong><\/small><br><small> <strong><a href=\"http:\/\/0-zz.com\/u\">6\ufe0f\u20e31\ufe0f\u20e3-U<\/a> |<a href=\"http:\/\/0-zz.com\/v\">6\ufe0f\u20e32\ufe0f\u20e3-V<\/a> |<a href=\"http:\/\/0-zz.com\/w\">6\ufe0f\u20e33\ufe0f\u20e3-W<\/a> |<a href=\"http:\/\/0-zz.com\/x\">6\ufe0f\u20e34\ufe0f\u20e3-X<\/a> |<a href=\"http:\/\/0-zz.com\/y\">6\ufe0f\u20e35\ufe0f\u20e3-Y<\/a> |<a href=\"http:\/\/0-zz.com\/z\">6\ufe0f\u20e36\ufe0f\u20e3-Z<\/a><\/strong><\/small><\/p>\n\n\n\n<p>Roll 2 dice ?? 1\ufe0f\u20e32\ufe0f\u20e33\ufe0f\u20e34\ufe0f\u20e35\ufe0f\u20e36\ufe0f\u20e3<\/p>\n\n\n\n<p><a href=\"https:\/\/www.random.org\/dice\/\">https:\/\/www.random.org\/dice\/<\/a><\/p>\n\n\n\n<p><a href=\"https:\/\/www.google.com\/search?q=dice+roller\">https:\/\/www.google.com\/search?q=dice+roller<\/a><\/p>\n\n\n\n<hr class=\"wp-block-separator\"\/>\n\n\n\n<p><a href=\"https:\/\/12r.pl\/ea\/\">12r.pl\/ea<\/a>&nbsp;-&gt;&nbsp;<a href=\"https:\/\/12r.uk\/ea\/\">12r.uk\/ea<\/a>&nbsp;-&gt;&nbsp;<a href=\"https:\/\/7hi7.com\/ea\/\">7hi7.com\/ea<\/a><\/p>\n\n\n\n<p>Wikipedia.org &#8211; Play game &#8211; portals, categories, states, cities, capital cities<\/p>\n","protected":false},"excerpt":{"rendered":"<p>2 &#8211; 00\/2 &#8211; 002 ZAKOPOWER &#8211; Boso (Official Video) 7.6M views&nbsp;\u00b7&nbsp;10 years ago KayaxTV SUBSCRIBED 331K subscribers https:\/\/m.youtube.com\/channel\/UCEKf3LX2AP3RaT_MG6-ApgQ Nieu\u017cyty frak, dziurawy p\u0142aszczZnoszony butZapomniany szal zaszy\u0142 si\u0119 w k\u0105tNiemodny ju\u017c Ka\u017cda rzecz o czym\u015b \u015bniOdstawionaJeszcze chce modna by\u0107Zanim cicho skona I dopiero gdy zawo\u0142a B\u00f3gTo po\u017cegnam wszystkie te rzeczy i zn\u00f3wP\u00f3jd\u0119 boso, p\u00f3jd\u0119 bosoP\u00f3jd\u0119 boso, [&hellip;]<\/p>\n","protected":false},"author":1,"featured_media":0,"parent":0,"menu_order":0,"comment_status":"closed","ping_status":"closed","template":"","meta":{"footnotes":""},"class_list":["post-24","page","type-page","status-publish","hentry"],"_links":{"self":[{"href":"https:\/\/0-zz.com\/00\/wp-json\/wp\/v2\/pages\/24","targetHints":{"allow":["GET"]}}],"collection":[{"href":"https:\/\/0-zz.com\/00\/wp-json\/wp\/v2\/pages"}],"about":[{"href":"https:\/\/0-zz.com\/00\/wp-json\/wp\/v2\/types\/page"}],"author":[{"embeddable":true,"href":"https:\/\/0-zz.com\/00\/wp-json\/wp\/v2\/users\/1"}],"replies":[{"embeddable":true,"href":"https:\/\/0-zz.com\/00\/wp-json\/wp\/v2\/comments?post=24"}],"version-history":[{"count":5,"href":"https:\/\/0-zz.com\/00\/wp-json\/wp\/v2\/pages\/24\/revisions"}],"predecessor-version":[{"id":275,"href":"https:\/\/0-zz.com\/00\/wp-json\/wp\/v2\/pages\/24\/revisions\/275"}],"wp:attachment":[{"href":"https:\/\/0-zz.com\/00\/wp-json\/wp\/v2\/media?parent=24"}],"curies":[{"name":"wp","href":"https:\/\/api.w.org\/{rel}","templated":true}]}}